{"id":10380,"date":"2023-06-30T10:03:43","date_gmt":"2023-06-30T08:03:43","guid":{"rendered":"https:\/\/www.tegos-group.com\/?page_id=10380"},"modified":"2025-04-22T13:24:10","modified_gmt":"2025-04-22T11:24:10","slug":"terms-and-conditions","status":"publish","type":"page","link":"https:\/\/tegos-group.com\/en\/terms-and-conditions\/","title":{"rendered":"Terms and Conditions"},"content":{"rendered":"\n  <section class=\"section section--no-padding bg hero\">\n      \n    <div class=\"swiper-container slider\">\n      <div class=\"swiper-wrapper\">\n\n                  \n            <div class=\"swiper-slide slider__slide hero__slide bg bg--blue bg--gradient\">\n              <div class=\"container\">\n\n                <div class=\"hero__slide-content\">\n                  \n                                      <h2 class=\"h1 hero__title text--display\">Terms and Conditions<\/h2>\n                  \n                  \n                                  <\/div>\n\n                \n\n<div class=\"jar jar--1 \">\n  <div class=\"jar__pickle \">\n      <\/div>\n\n  <div class=\"jar__pickle\"><\/div>\n  <div class=\"jar__pickle\"><\/div>\n  <div class=\"jar__pickle\"><\/div>\n<\/div>\n              <\/div><!-- slide-content -->\n            <\/div>\n                  \n      <\/div><!-- swiper-wrapper -->\n      \n                        <\/div><!-- swiper-container -->\n    \n  <\/section>\n\n\n\n\n  \n    <section class=\"section downloads \">\n      <div class=\"container\">\n\n                  <div class=\"downloads__filters filters\">\n                              <a class=\"downloads__filter filter filter--show scroll-link\" href=\"#general-terms-and-conditions\">\n                    General Terms and Conditions                  <\/a>\n                                            <a class=\"downloads__filter filter filter--show scroll-link\" href=\"#general-terms-and-conditions-tsl\">\n                    General Terms and Conditions TSL                  <\/a>\n                                            <a class=\"downloads__filter filter filter--show scroll-link\" href=\"#special-conditions\">\n                    Special Conditions                  <\/a>\n                                    <\/div>\n        \n        <div class=\"downloads__wrapper\">\n          \n            <div class=\"downloads__downloads\" id=\"general-terms-and-conditions\">\n                              <h3 class=\"downloads__section-title h2\">General Terms and Conditions<\/h3>\n              \n                              \n                                                      <a href=\"https:\/\/tegos-group.com\/wp-content\/uploads\/2024\/06\/General-Terms-and-Conditions-5.pdf\" class=\"downloads__download\" title=\"Datei downloaden\" download>\n                      <p class=\"downloads__title\">\n                        General Terms and Conditions                      <\/p>\n                    <\/a>\n                                                            <\/div>\n\n          \n            <div class=\"downloads__downloads\" id=\"general-terms-and-conditions-tsl\">\n                              <h3 class=\"downloads__section-title h2\">General Terms and Conditions TSL<\/h3>\n              \n                              \n                                                      <a href=\"https:\/\/tegos-group.com\/wp-content\/uploads\/2025\/04\/General-Terms-and-Conditions-TSL.pdf\" class=\"downloads__download\" title=\"Datei downloaden\" download>\n                      <p class=\"downloads__title\">\n                        General Terms and Conditions TSL                      <\/p>\n                    <\/a>\n                                                            <\/div>\n\n          \n            <div class=\"downloads__downloads\" id=\"special-conditions\">\n                              <h3 class=\"downloads__section-title h2\">Special Conditions<\/h3>\n              \n                              \n                                                      <a href=\"https:\/\/tegos-group.com\/wp-content\/uploads\/2024\/06\/Special-Conditions-for-Cloud-Computing-tegosgroup.pdf\" class=\"downloads__download\" title=\"Datei downloaden\" download>\n                      <p class=\"downloads__title\">\n                        Special Conditions for Cloud Computing &#8211; tegosgroup                      <\/p>\n                    <\/a>\n                                                                \n                                                      <a href=\"https:\/\/tegos-group.com\/wp-content\/uploads\/2024\/06\/Special-Conditions-for-License-Purchase-tegosgroup.pdf\" class=\"downloads__download\" title=\"Datei downloaden\" download>\n                      <p class=\"downloads__title\">\n                        Special Conditions for License Purchase &#8211; tegosgroup                      <\/p>\n                    <\/a>\n                                                                \n                                                      <a href=\"https:\/\/tegos-group.com\/wp-content\/uploads\/2024\/06\/Special-Conditions-for-License-Rental-tegosgroup-2.pdf\" class=\"downloads__download\" title=\"Datei downloaden\" download>\n                      <p class=\"downloads__title\">\n                        Special Conditions for License Rental &#8211; tegosgroup                      <\/p>\n                    <\/a>\n                                                                \n                                                      <a href=\"https:\/\/tegos-group.com\/wp-content\/uploads\/2024\/06\/Special-Conditions-for-Project-Contracts-Professional-Services-and-Consulting-Services-tegosgroup-2.pdf\" class=\"downloads__download\" title=\"Datei downloaden\" download>\n                      <p class=\"downloads__title\">\n                        Special Conditions for Project Contracts, Professional Services and Consulting Services &#8211; tegosgroup                      <\/p>\n                    <\/a>\n                                                                \n                                                      <a href=\"https:\/\/tegos-group.com\/wp-content\/uploads\/2024\/06\/Special-Conditions-for-Maintenance-and-Support-tegosgroup-.pdf\" class=\"downloads__download\" title=\"Datei downloaden\" download>\n                      <p class=\"downloads__title\">\n                        Special Conditions for Maintenance and Support &#8211; tegosgroup                      <\/p>\n                    <\/a>\n                                                            <\/div>\n\n                  <\/div>\n\n      <\/div>\n    <\/section>\n\n  \n","protected":false},"excerpt":{"rendered":"","protected":false},"author":12,"featured_media":0,"parent":0,"menu_order":0,"comment_status":"closed","ping_status":"closed","template":"","meta":{"_acf_changed":false,"footnotes":""},"class_list":["post-10380","page","type-page","status-publish","hentry"],"acf":[],"yoast_head":"<!-- This site is optimized with the Yoast SEO plugin v27.5 - https:\/\/yoast.com\/product\/yoast-seo-wordpress\/ -->\n<title>Terms and Conditions - tegosgroup: Experten f\u00fcr Abfallwirtschaft, Entsorgung &amp; Recycling Software<\/title>\n<meta name=\"robots\" content=\"index, follow, max-snippet:-1, max-image-preview:large, max-video-preview:-1\" \/>\n<link rel=\"canonical\" href=\"https:\/\/tegos-group.com\/en\/terms-and-conditions\/\" \/>\n<meta property=\"og:locale\" content=\"en_US\" \/>\n<meta property=\"og:type\" content=\"article\" \/>\n<meta property=\"og:title\" content=\"Terms and Conditions - tegosgroup: Experten f\u00fcr Abfallwirtschaft, Entsorgung &amp; Recycling Software\" \/>\n<meta property=\"og:url\" content=\"https:\/\/tegos-group.com\/en\/terms-and-conditions\/\" \/>\n<meta property=\"og:site_name\" content=\"tegosgroup: Experten f\u00fcr Abfallwirtschaft, Entsorgung &amp; Recycling Software\" \/>\n<meta property=\"article:modified_time\" content=\"2025-04-22T11:24:10+00:00\" \/>\n<meta name=\"twitter:card\" content=\"summary_large_image\" \/>\n<script type=\"application\/ld+json\" class=\"yoast-schema-graph\">{\"@context\":\"https:\\\/\\\/schema.org\",\"@graph\":[{\"@type\":\"WebPage\",\"@id\":\"https:\\\/\\\/tegos-group.com\\\/en\\\/terms-and-conditions\\\/\",\"url\":\"https:\\\/\\\/tegos-group.com\\\/en\\\/terms-and-conditions\\\/\",\"name\":\"Terms and Conditions - tegosgroup: Experten f\u00fcr Abfallwirtschaft, Entsorgung &amp; Recycling Software\",\"isPartOf\":{\"@id\":\"https:\\\/\\\/tegos-group.com\\\/en\\\/#website\"},\"datePublished\":\"2023-06-30T08:03:43+00:00\",\"dateModified\":\"2025-04-22T11:24:10+00:00\",\"breadcrumb\":{\"@id\":\"https:\\\/\\\/tegos-group.com\\\/en\\\/terms-and-conditions\\\/#breadcrumb\"},\"inLanguage\":\"en-US\",\"potentialAction\":[{\"@type\":\"ReadAction\",\"target\":[\"https:\\\/\\\/tegos-group.com\\\/en\\\/terms-and-conditions\\\/\"]}]},{\"@type\":\"BreadcrumbList\",\"@id\":\"https:\\\/\\\/tegos-group.com\\\/en\\\/terms-and-conditions\\\/#breadcrumb\",\"itemListElement\":[{\"@type\":\"ListItem\",\"position\":1,\"name\":\"Home\",\"item\":\"https:\\\/\\\/tegos-group.com\\\/en\\\/\"},{\"@type\":\"ListItem\",\"position\":2,\"name\":\"Terms and Conditions\"}]},{\"@type\":\"WebSite\",\"@id\":\"https:\\\/\\\/tegos-group.com\\\/en\\\/#website\",\"url\":\"https:\\\/\\\/tegos-group.com\\\/en\\\/\",\"name\":\"tegosgroup: Experten f\u00fcr Abfallwirtschaft, Entsorgung &amp; Recycling Software\",\"description\":\"Ma\u00dfgeschneiderte L\u00f6sungen f\u00fcr Abfallmanagement, EANV &amp; Schrotthandel\",\"potentialAction\":[{\"@type\":\"SearchAction\",\"target\":{\"@type\":\"EntryPoint\",\"urlTemplate\":\"https:\\\/\\\/tegos-group.com\\\/en\\\/?s={search_term_string}\"},\"query-input\":{\"@type\":\"PropertyValueSpecification\",\"valueRequired\":true,\"valueName\":\"search_term_string\"}}],\"inLanguage\":\"en-US\"}]}<\/script>\n<!-- \/ Yoast SEO plugin. -->","yoast_head_json":{"title":"Terms and Conditions - tegosgroup: Experten f\u00fcr Abfallwirtschaft, Entsorgung &amp; Recycling Software","robots":{"index":"index","follow":"follow","max-snippet":"max-snippet:-1","max-image-preview":"max-image-preview:large","max-video-preview":"max-video-preview:-1"},"canonical":"https:\/\/tegos-group.com\/en\/terms-and-conditions\/","og_locale":"en_US","og_type":"article","og_title":"Terms and Conditions - tegosgroup: Experten f\u00fcr Abfallwirtschaft, Entsorgung &amp; Recycling Software","og_url":"https:\/\/tegos-group.com\/en\/terms-and-conditions\/","og_site_name":"tegosgroup: Experten f\u00fcr Abfallwirtschaft, Entsorgung &amp; Recycling Software","article_modified_time":"2025-04-22T11:24:10+00:00","twitter_card":"summary_large_image","schema":{"@context":"https:\/\/schema.org","@graph":[{"@type":"WebPage","@id":"https:\/\/tegos-group.com\/en\/terms-and-conditions\/","url":"https:\/\/tegos-group.com\/en\/terms-and-conditions\/","name":"Terms and Conditions - tegosgroup: Experten f\u00fcr Abfallwirtschaft, Entsorgung &amp; Recycling Software","isPartOf":{"@id":"https:\/\/tegos-group.com\/en\/#website"},"datePublished":"2023-06-30T08:03:43+00:00","dateModified":"2025-04-22T11:24:10+00:00","breadcrumb":{"@id":"https:\/\/tegos-group.com\/en\/terms-and-conditions\/#breadcrumb"},"inLanguage":"en-US","potentialAction":[{"@type":"ReadAction","target":["https:\/\/tegos-group.com\/en\/terms-and-conditions\/"]}]},{"@type":"BreadcrumbList","@id":"https:\/\/tegos-group.com\/en\/terms-and-conditions\/#breadcrumb","itemListElement":[{"@type":"ListItem","position":1,"name":"Home","item":"https:\/\/tegos-group.com\/en\/"},{"@type":"ListItem","position":2,"name":"Terms and Conditions"}]},{"@type":"WebSite","@id":"https:\/\/tegos-group.com\/en\/#website","url":"https:\/\/tegos-group.com\/en\/","name":"tegosgroup: Experten f\u00fcr Abfallwirtschaft, Entsorgung &amp; Recycling Software","description":"Ma\u00dfgeschneiderte L\u00f6sungen f\u00fcr Abfallmanagement, EANV &amp; Schrotthandel","potentialAction":[{"@type":"SearchAction","target":{"@type":"EntryPoint","urlTemplate":"https:\/\/tegos-group.com\/en\/?s={search_term_string}"},"query-input":{"@type":"PropertyValueSpecification","valueRequired":true,"valueName":"search_term_string"}}],"inLanguage":"en-US"}]}},"_links":{"self":[{"href":"https:\/\/tegos-group.com\/en\/wp-json\/wp\/v2\/pages\/10380","targetHints":{"allow":["GET"]}}],"collection":[{"href":"https:\/\/tegos-group.com\/en\/wp-json\/wp\/v2\/pages"}],"about":[{"href":"https:\/\/tegos-group.com\/en\/wp-json\/wp\/v2\/types\/page"}],"author":[{"embeddable":true,"href":"https:\/\/tegos-group.com\/en\/wp-json\/wp\/v2\/users\/12"}],"replies":[{"embeddable":true,"href":"https:\/\/tegos-group.com\/en\/wp-json\/wp\/v2\/comments?post=10380"}],"version-history":[{"count":33,"href":"https:\/\/tegos-group.com\/en\/wp-json\/wp\/v2\/pages\/10380\/revisions"}],"predecessor-version":[{"id":13979,"href":"https:\/\/tegos-group.com\/en\/wp-json\/wp\/v2\/pages\/10380\/revisions\/13979"}],"wp:attachment":[{"href":"https:\/\/tegos-group.com\/en\/wp-json\/wp\/v2\/media?parent=10380"}],"curies":[{"name":"wp","href":"https:\/\/api.w.org\/{rel}","templated":true}]}}