{"id":4519,"date":"2023-05-02T11:55:31","date_gmt":"2023-05-02T09:55:31","guid":{"rendered":"https:\/\/www.tegos-group.com\/?page_id=4519"},"modified":"2025-07-30T15:08:57","modified_gmt":"2025-07-30T13:08:57","slug":"process","status":"publish","type":"page","link":"https:\/\/tegos-group.com\/en\/solutions\/process\/","title":{"rendered":"Process"},"content":{"rendered":"\n  <section class=\"section section--no-padding bg hero\">\n      \n    <div class=\"swiper-container slider\">\n      <div class=\"swiper-wrapper\">\n\n                  \n            <div class=\"swiper-slide slider__slide hero__slide bg bg--dark-blue bg--gradient\">\n              <div class=\"container\">\n\n                <div class=\"hero__slide-content\">\n                  \n                                      <h2 class=\"h1 hero__title text--display\">The path to the perfect business solution<\/h2>\n                  \n                                      <p class=\"hero__description\">We accompany you step by step to success with our professional services.<\/p>\n                  \n                  \n                    <a class=\"button\" href=\"\/en\/support\/\" target=\"_self\">\n                      Contact us                    <\/a>\n                                  <\/div>\n\n                \n\n<div class=\"jar jar--5 \">\n  <div class=\"jar__pickle \">\n      <\/div>\n\n  <div class=\"jar__pickle\"><\/div>\n  <div class=\"jar__pickle\"><\/div>\n  <div class=\"jar__pickle\"><\/div>\n<\/div>\n              <\/div><!-- slide-content -->\n            <\/div>\n                  \n      <\/div><!-- swiper-wrapper -->\n      \n                        <\/div><!-- swiper-container -->\n    \n  <\/section>\n\n\n\n\n  <section class=\"section timeline-vertical\">\n    <div class=\"container\">\n\n      \n      \n      \n        <div class=\"timeline-vertical__steps\">\n          <div class=\"timeline-vertical__line\">\n            <div class=\"timeline-vertical__line__vector\">\n              <div class=\"timeline-vertical__line__progress\"><\/div>\n            <\/div>\n          <\/div>\n\n          \n            <div class=\"timeline-vertical__step\">\n              <div class=\"timeline-vertical__step__container\">\n\n                                  <h3 class=\"h3 timeline-vertical__step__heading\">Change Management<\/h3>\n                \n                                  <div class=\"timeline-vertical__step__content paragraph\"><p>We believe that effective change management is key to the successful implementation of any organisational project. Our first step is therefore always to ensure that all agencies are on board when it comes to charting the course for the future of the organisation.<\/p>\n<\/div>\n                \n                              <\/div>\n\n                              <div class=\"timeline-vertical__step__image\">\n                  <div class=\"image image--horizontal\">\n                    <img loading=\"lazy\" data-src=\"https:\/\/tegos-group.com\/wp-content\/uploads\/2023\/05\/Geschnitten3-1024x562.jpg\" data-srcset=\"https:\/\/tegos-group.com\/wp-content\/uploads\/2023\/05\/Geschnitten3-1920x1054.jpg 1920w, https:\/\/tegos-group.com\/wp-content\/uploads\/2023\/05\/Geschnitten3-1600x879.jpg 1600w, https:\/\/tegos-group.com\/wp-content\/uploads\/2023\/05\/Geschnitten3-1366x750.jpg 1366w, https:\/\/tegos-group.com\/wp-content\/uploads\/2023\/05\/Geschnitten3-1024x562.jpg 1024w, https:\/\/tegos-group.com\/wp-content\/uploads\/2023\/05\/Geschnitten3-768x422.jpg 768w, https:\/\/tegos-group.com\/wp-content\/uploads\/2023\/05\/Geschnitten3-550x302.jpg 550w\" class=\"\" alt=\"Team tegos an mehreren Bildschirmen\"  width=\"1024\"  height=\"562\">                  <\/div>\n                <\/div>\n                          <\/div>\n\n          \n            <div class=\"timeline-vertical__step\">\n              <div class=\"timeline-vertical__step__container\">\n\n                                  <h3 class=\"h3 timeline-vertical__step__heading\">Onboarding<\/h3>\n                \n                                  <div class=\"timeline-vertical__step__content paragraph\"><p>The joint onboarding workshop plays a central role in ensuring that you can use the full capacity of tegossuite. tegossuite can be extended almost on a modular basis by partners and specific Microsoft add-ons, such as the Power Platform. During the onboarding workshop, we will guide you through the available options and work with you to select the appropriate building blocks for your specific requirements. <\/p>\n<\/div>\n                \n                                  <div class=\"timeline-vertical__step__button\">\n                    <a class=\"button button--hover-outline\" href=\"\/en\/support\/\" target=\"_self\">\n                      Arrange a workshop now                    <\/a>\n                  <\/div>\n                              <\/div>\n\n                              <div class=\"timeline-vertical__step__image\">\n                  <div class=\"image image--horizontal\">\n                    <img loading=\"lazy\" data-src=\"https:\/\/tegos-group.com\/wp-content\/uploads\/2023\/05\/DSC8527-1024x683.jpg\" data-srcset=\"https:\/\/tegos-group.com\/wp-content\/uploads\/2023\/05\/DSC8527-1619x1080.jpg 1920w, https:\/\/tegos-group.com\/wp-content\/uploads\/2023\/05\/DSC8527-1349x900.jpg 1600w, https:\/\/tegos-group.com\/wp-content\/uploads\/2023\/05\/DSC8527-1151x768.jpg 1366w, https:\/\/tegos-group.com\/wp-content\/uploads\/2023\/05\/DSC8527-864x576.jpg 1024w, https:\/\/tegos-group.com\/wp-content\/uploads\/2023\/05\/DSC8527-648x432.jpg 768w, https:\/\/tegos-group.com\/wp-content\/uploads\/2023\/05\/DSC8527-463x309.jpg 550w\" class=\"\" alt=\"tegos Kollegen bei der Arbeit\"  width=\"1024\"  height=\"683\">                  <\/div>\n                <\/div>\n                          <\/div>\n\n          \n            <div class=\"timeline-vertical__step\">\n              <div class=\"timeline-vertical__step__container\">\n\n                                  <h3 class=\"h3 timeline-vertical__step__heading\">Customised Offer<\/h3>\n                \n                                  <div class=\"timeline-vertical__step__content paragraph\"><p>Every business has different requirements, so our goal is to create the optimal offer for you. We offer a comprehensive analysis and consultation to understand your specific needs and develop a customised solution for you. We take your individual requirements into account to ensure you get the solution that is right for your business.<\/p>\n<p>Contact us and let us work together to find an individual solution for your business.<\/p>\n<\/div>\n                \n                                  <div class=\"timeline-vertical__step__button\">\n                    <a class=\"button button--hover-outline\" href=\"\/en\/support\/\" target=\"_self\">\n                      Contact us                    <\/a>\n                  <\/div>\n                              <\/div>\n\n                              <div class=\"timeline-vertical__step__image\">\n                  <div class=\"image image--horizontal\">\n                    <img loading=\"lazy\" data-src=\"https:\/\/tegos-group.com\/wp-content\/uploads\/2023\/05\/T8A2216-3-1024x683.jpg\" data-srcset=\"https:\/\/tegos-group.com\/wp-content\/uploads\/2023\/05\/T8A2216-3-1619x1080.jpg 1920w, https:\/\/tegos-group.com\/wp-content\/uploads\/2023\/05\/T8A2216-3-1349x900.jpg 1600w, https:\/\/tegos-group.com\/wp-content\/uploads\/2023\/05\/T8A2216-3-1151x768.jpg 1366w, https:\/\/tegos-group.com\/wp-content\/uploads\/2023\/05\/T8A2216-3-864x576.jpg 1024w, https:\/\/tegos-group.com\/wp-content\/uploads\/2023\/05\/T8A2216-3-648x432.jpg 768w, https:\/\/tegos-group.com\/wp-content\/uploads\/2023\/05\/T8A2216-3-463x309.jpg 550w\" class=\"\" alt=\"Zuh\u00f6render tegos Mitarbeiter \"  width=\"1024\"  height=\"683\">                  <\/div>\n                <\/div>\n                          <\/div>\n\n          \n            <div class=\"timeline-vertical__step\">\n              <div class=\"timeline-vertical__step__container\">\n\n                                  <h3 class=\"h3 timeline-vertical__step__heading\">Project Management<\/h3>\n                \n                                  <div class=\"timeline-vertical__step__content paragraph\"><p>The project start for the introduction of an industry solution requires reliable planning and intensive exchange with customers in order to identify possible project stumbling blocks, interface challenges or resource limits at an early stage. The integration of the customer and the focus on their customer benefits are key to successful project management. <\/p>\n<p>The proven Microsoft Dynamics Sure-Step methodology is used as a basis.<\/p>\n<\/div>\n                \n                                  <div class=\"timeline-vertical__step__button\">\n                    <a class=\"button button--hover-outline\" href=\"\/en\/services\/\" target=\"_self\">\n                      Learn more                    <\/a>\n                  <\/div>\n                              <\/div>\n\n                              <div class=\"timeline-vertical__step__image\">\n                  <div class=\"image image--horizontal\">\n                    <img loading=\"lazy\" data-src=\"https:\/\/tegos-group.com\/wp-content\/uploads\/2024\/11\/DSC05851-1024x684.jpg\" data-srcset=\"https:\/\/tegos-group.com\/wp-content\/uploads\/2024\/11\/DSC05851-1617x1080.jpg 1920w, https:\/\/tegos-group.com\/wp-content\/uploads\/2024\/11\/DSC05851-1347x900.jpg 1600w, https:\/\/tegos-group.com\/wp-content\/uploads\/2024\/11\/DSC05851-1150x768.jpg 1366w, https:\/\/tegos-group.com\/wp-content\/uploads\/2024\/11\/DSC05851-862x576.jpg 1024w, https:\/\/tegos-group.com\/wp-content\/uploads\/2024\/11\/DSC05851-647x432.jpg 768w, https:\/\/tegos-group.com\/wp-content\/uploads\/2024\/11\/DSC05851-463x309.jpg 550w\" class=\"\" alt=\"\"  width=\"1024\"  height=\"684\">                  <\/div>\n                <\/div>\n                          <\/div>\n\n          \n            <div class=\"timeline-vertical__step\">\n              <div class=\"timeline-vertical__step__container\">\n\n                                  <h3 class=\"h3 timeline-vertical__step__heading\">Go Live<\/h3>\n                \n                                  <div class=\"timeline-vertical__step__content paragraph\"><p>After all defined processes have been successfully tested, we carry out a joint system acceptance in order to prepare the smooth real start with tegossuite. For this, we are at your side on site as well as online and ensure the success of the go-live with our experts.<\/p>\n<\/div>\n                \n                              <\/div>\n\n                              <div class=\"timeline-vertical__step__image\">\n                  <div class=\"image image--horizontal\">\n                    <img loading=\"lazy\" data-src=\"https:\/\/tegos-group.com\/wp-content\/uploads\/2023\/05\/DSC8435-1024x683.jpg\" data-srcset=\"https:\/\/tegos-group.com\/wp-content\/uploads\/2023\/05\/DSC8435-1619x1080.jpg 1920w, https:\/\/tegos-group.com\/wp-content\/uploads\/2023\/05\/DSC8435-1349x900.jpg 1600w, https:\/\/tegos-group.com\/wp-content\/uploads\/2023\/05\/DSC8435-1151x768.jpg 1366w, https:\/\/tegos-group.com\/wp-content\/uploads\/2023\/05\/DSC8435-864x576.jpg 1024w, https:\/\/tegos-group.com\/wp-content\/uploads\/2023\/05\/DSC8435-648x432.jpg 768w, https:\/\/tegos-group.com\/wp-content\/uploads\/2023\/05\/DSC8435-463x309.jpg 550w\" class=\"\" alt=\"tegos Mitarbeiter im Office\"  width=\"1024\"  height=\"683\">                  <\/div>\n                <\/div>\n                          <\/div>\n\n          \n            <div class=\"timeline-vertical__step\">\n              <div class=\"timeline-vertical__step__container\">\n\n                                  <h3 class=\"h3 timeline-vertical__step__heading\">Customer Service<\/h3>\n                \n                                  <div class=\"timeline-vertical__step__content paragraph\"><p>After the successful implementation of tegossuite and your final project acceptance, our customer service is available to assist you with any questions or concerns. Whether it&#8217;s support enquiries, workshops, training, customisation programming, or larger projects, our team accompanies you continuously and supports the growth of your business. Our goal is to ensure that you maximise the potential of your solution and continuously achieve added value for your company.<\/p>\n<\/div>\n                \n                                  <div class=\"timeline-vertical__step__button\">\n                    <a class=\"button button--hover-outline\" href=\"\/en\/support\/\" target=\"_self\">\n                      Contact us                    <\/a>\n                  <\/div>\n                              <\/div>\n\n                              <div class=\"timeline-vertical__step__image\">\n                  <div class=\"image image--horizontal\">\n                    <img loading=\"lazy\" data-src=\"https:\/\/tegos-group.com\/wp-content\/uploads\/2023\/05\/T8A4288-1024x683.jpg\" data-srcset=\"https:\/\/tegos-group.com\/wp-content\/uploads\/2023\/05\/T8A4288-1619x1080.jpg 1920w, https:\/\/tegos-group.com\/wp-content\/uploads\/2023\/05\/T8A4288-1349x900.jpg 1600w, https:\/\/tegos-group.com\/wp-content\/uploads\/2023\/05\/T8A4288-1151x768.jpg 1366w, https:\/\/tegos-group.com\/wp-content\/uploads\/2023\/05\/T8A4288-864x576.jpg 1024w, https:\/\/tegos-group.com\/wp-content\/uploads\/2023\/05\/T8A4288-648x432.jpg 768w, https:\/\/tegos-group.com\/wp-content\/uploads\/2023\/05\/T8A4288-463x309.jpg 550w\" class=\"\" alt=\"Fokussierung auf den Kunden und deren Problematik\"  width=\"1024\"  height=\"683\">                  <\/div>\n                <\/div>\n                          <\/div>\n\n                  <\/div>\n\n          <\/div>\n  <\/section>\n\n\n\n\n  \n    <section class=\"section statistics \">\n      <div class=\"container\">\n\n        \n        <div class=\"statistics__content\">\n          \n            <div class=\"statistics__item launimation slideBottom bg bg--dark-blue\">\n                              <p class=\"statistics__number\">\n                  400                <\/p>\n              \n                              <p class=\"statistics__text\">\n                  Projects                <\/p>\n                          <\/div>\n\n          \n            <div class=\"statistics__item launimation slideBottom bg bg--dark-blue\">\n                              <p class=\"statistics__number\">\n                  650                <\/p>\n              \n                              <p class=\"statistics__text\">\n                  Workshops                <\/p>\n                          <\/div>\n\n          \n            <div class=\"statistics__item launimation slideBottom bg bg--dark-blue\">\n                              <p class=\"statistics__number\">\n                  650                <\/p>\n              \n                              <p class=\"statistics__text\">\n                  Go Lives                <\/p>\n                          <\/div>\n\n                  <\/div>\n\n      <\/div>\n    <\/section>\n\n  \n\n\n\n  <section class=\"section cta cta--image \">\n    <div class=\"container\">\n\n      <div class=\"cta__wrapper launimation slideBottom\">\n\n                  <div class=\"cta__image\">\n            <img loading=\"lazy\" data-src=\"https:\/\/tegos-group.com\/wp-content\/uploads\/2023\/05\/flipped-1024x591.jpg\" data-srcset=\"https:\/\/tegos-group.com\/wp-content\/uploads\/2023\/05\/flipped-1871x1080.jpg 1920w, https:\/\/tegos-group.com\/wp-content\/uploads\/2023\/05\/flipped-1559x900.jpg 1600w, https:\/\/tegos-group.com\/wp-content\/uploads\/2023\/05\/flipped-1331x768.jpg 1366w, https:\/\/tegos-group.com\/wp-content\/uploads\/2023\/05\/flipped-998x576.jpg 1024w, https:\/\/tegos-group.com\/wp-content\/uploads\/2023\/05\/flipped-748x432.jpg 768w, https:\/\/tegos-group.com\/wp-content\/uploads\/2023\/05\/flipped-535x309.jpg 550w\" class=\"\" alt=\"Teammitglied Headset\"  width=\"1024\"  height=\"591\">          <\/div>\n        \n        <div class=\"cta__content bg bg--dark-blue \">\n                      <h2 class=\"cta__title text--display\">Configure tegossuite now<\/h2>\n          \n                      <p class=\"cta__description\">Discover the diverse possibilities that both tegossuite and the Microsoft platform have in store for you.<br \/>\r\n<br \/>\r\n<\/p>\n          \n                      <a href=\"\/en\/support\/\"  class=\"cta__button button button--arrow\" >\n              Book a demo            <\/a>\n          \n                  <\/div>\n\n      <\/div>\n\n    <\/div>\n  <\/section>\n\n","protected":false},"excerpt":{"rendered":"","protected":false},"author":9,"featured_media":0,"parent":4509,"menu_order":0,"comment_status":"closed","ping_status":"closed","template":"","meta":{"_acf_changed":false,"footnotes":""},"class_list":["post-4519","page","type-page","status-publish","hentry"],"acf":[],"yoast_head":"<!-- This site is optimized with the Yoast SEO plugin v27.3 - https:\/\/yoast.com\/product\/yoast-seo-wordpress\/ -->\n<title>Process - tegosgroup: Experten f\u00fcr Abfallwirtschaft, Entsorgung &amp; Recycling Software<\/title>\n<meta name=\"robots\" content=\"index, follow, max-snippet:-1, max-image-preview:large, max-video-preview:-1\" \/>\n<link rel=\"canonical\" href=\"https:\/\/tegos-group.com\/en\/solutions\/process\/\" \/>\n<meta property=\"og:locale\" content=\"en_US\" \/>\n<meta property=\"og:type\" content=\"article\" \/>\n<meta property=\"og:title\" content=\"Process - tegosgroup: Experten f\u00fcr Abfallwirtschaft, Entsorgung &amp; Recycling Software\" \/>\n<meta property=\"og:url\" content=\"https:\/\/tegos-group.com\/en\/solutions\/process\/\" \/>\n<meta property=\"og:site_name\" content=\"tegosgroup: Experten f\u00fcr Abfallwirtschaft, Entsorgung &amp; Recycling Software\" \/>\n<meta property=\"article:modified_time\" content=\"2025-07-30T13:08:57+00:00\" \/>\n<meta name=\"twitter:card\" content=\"summary_large_image\" \/>\n<script type=\"application\/ld+json\" class=\"yoast-schema-graph\">{\"@context\":\"https:\\\/\\\/schema.org\",\"@graph\":[{\"@type\":\"WebPage\",\"@id\":\"https:\\\/\\\/tegos-group.com\\\/en\\\/solutions\\\/process\\\/\",\"url\":\"https:\\\/\\\/tegos-group.com\\\/en\\\/solutions\\\/process\\\/\",\"name\":\"Process - tegosgroup: Experten f\u00fcr Abfallwirtschaft, Entsorgung &amp; Recycling Software\",\"isPartOf\":{\"@id\":\"https:\\\/\\\/tegos-group.com\\\/en\\\/#website\"},\"datePublished\":\"2023-05-02T09:55:31+00:00\",\"dateModified\":\"2025-07-30T13:08:57+00:00\",\"breadcrumb\":{\"@id\":\"https:\\\/\\\/tegos-group.com\\\/en\\\/solutions\\\/process\\\/#breadcrumb\"},\"inLanguage\":\"en-US\",\"potentialAction\":[{\"@type\":\"ReadAction\",\"target\":[\"https:\\\/\\\/tegos-group.com\\\/en\\\/solutions\\\/process\\\/\"]}]},{\"@type\":\"BreadcrumbList\",\"@id\":\"https:\\\/\\\/tegos-group.com\\\/en\\\/solutions\\\/process\\\/#breadcrumb\",\"itemListElement\":[{\"@type\":\"ListItem\",\"position\":1,\"name\":\"Home\",\"item\":\"https:\\\/\\\/tegos-group.com\\\/en\\\/\"},{\"@type\":\"ListItem\",\"position\":2,\"name\":\"Solutions\",\"item\":\"https:\\\/\\\/tegos-group.com\\\/en\\\/?page_id=4509\"},{\"@type\":\"ListItem\",\"position\":3,\"name\":\"Process\"}]},{\"@type\":\"WebSite\",\"@id\":\"https:\\\/\\\/tegos-group.com\\\/en\\\/#website\",\"url\":\"https:\\\/\\\/tegos-group.com\\\/en\\\/\",\"name\":\"tegosgroup: Experten f\u00fcr Abfallwirtschaft, Entsorgung &amp; Recycling Software\",\"description\":\"Ma\u00dfgeschneiderte L\u00f6sungen f\u00fcr Abfallmanagement, EANV &amp; Schrotthandel\",\"potentialAction\":[{\"@type\":\"SearchAction\",\"target\":{\"@type\":\"EntryPoint\",\"urlTemplate\":\"https:\\\/\\\/tegos-group.com\\\/en\\\/?s={search_term_string}\"},\"query-input\":{\"@type\":\"PropertyValueSpecification\",\"valueRequired\":true,\"valueName\":\"search_term_string\"}}],\"inLanguage\":\"en-US\"}]}<\/script>\n<!-- \/ Yoast SEO plugin. -->","yoast_head_json":{"title":"Process - tegosgroup: Experten f\u00fcr Abfallwirtschaft, Entsorgung &amp; Recycling Software","robots":{"index":"index","follow":"follow","max-snippet":"max-snippet:-1","max-image-preview":"max-image-preview:large","max-video-preview":"max-video-preview:-1"},"canonical":"https:\/\/tegos-group.com\/en\/solutions\/process\/","og_locale":"en_US","og_type":"article","og_title":"Process - tegosgroup: Experten f\u00fcr Abfallwirtschaft, Entsorgung &amp; Recycling Software","og_url":"https:\/\/tegos-group.com\/en\/solutions\/process\/","og_site_name":"tegosgroup: Experten f\u00fcr Abfallwirtschaft, Entsorgung &amp; Recycling Software","article_modified_time":"2025-07-30T13:08:57+00:00","twitter_card":"summary_large_image","schema":{"@context":"https:\/\/schema.org","@graph":[{"@type":"WebPage","@id":"https:\/\/tegos-group.com\/en\/solutions\/process\/","url":"https:\/\/tegos-group.com\/en\/solutions\/process\/","name":"Process - tegosgroup: Experten f\u00fcr Abfallwirtschaft, Entsorgung &amp; Recycling Software","isPartOf":{"@id":"https:\/\/tegos-group.com\/en\/#website"},"datePublished":"2023-05-02T09:55:31+00:00","dateModified":"2025-07-30T13:08:57+00:00","breadcrumb":{"@id":"https:\/\/tegos-group.com\/en\/solutions\/process\/#breadcrumb"},"inLanguage":"en-US","potentialAction":[{"@type":"ReadAction","target":["https:\/\/tegos-group.com\/en\/solutions\/process\/"]}]},{"@type":"BreadcrumbList","@id":"https:\/\/tegos-group.com\/en\/solutions\/process\/#breadcrumb","itemListElement":[{"@type":"ListItem","position":1,"name":"Home","item":"https:\/\/tegos-group.com\/en\/"},{"@type":"ListItem","position":2,"name":"Solutions","item":"https:\/\/tegos-group.com\/en\/?page_id=4509"},{"@type":"ListItem","position":3,"name":"Process"}]},{"@type":"WebSite","@id":"https:\/\/tegos-group.com\/en\/#website","url":"https:\/\/tegos-group.com\/en\/","name":"tegosgroup: Experten f\u00fcr Abfallwirtschaft, Entsorgung &amp; Recycling Software","description":"Ma\u00dfgeschneiderte L\u00f6sungen f\u00fcr Abfallmanagement, EANV &amp; Schrotthandel","potentialAction":[{"@type":"SearchAction","target":{"@type":"EntryPoint","urlTemplate":"https:\/\/tegos-group.com\/en\/?s={search_term_string}"},"query-input":{"@type":"PropertyValueSpecification","valueRequired":true,"valueName":"search_term_string"}}],"inLanguage":"en-US"}]}},"_links":{"self":[{"href":"https:\/\/tegos-group.com\/en\/wp-json\/wp\/v2\/pages\/4519","targetHints":{"allow":["GET"]}}],"collection":[{"href":"https:\/\/tegos-group.com\/en\/wp-json\/wp\/v2\/pages"}],"about":[{"href":"https:\/\/tegos-group.com\/en\/wp-json\/wp\/v2\/types\/page"}],"author":[{"embeddable":true,"href":"https:\/\/tegos-group.com\/en\/wp-json\/wp\/v2\/users\/9"}],"replies":[{"embeddable":true,"href":"https:\/\/tegos-group.com\/en\/wp-json\/wp\/v2\/comments?post=4519"}],"version-history":[{"count":40,"href":"https:\/\/tegos-group.com\/en\/wp-json\/wp\/v2\/pages\/4519\/revisions"}],"predecessor-version":[{"id":14289,"href":"https:\/\/tegos-group.com\/en\/wp-json\/wp\/v2\/pages\/4519\/revisions\/14289"}],"up":[{"embeddable":true,"href":"https:\/\/tegos-group.com\/en\/wp-json\/wp\/v2\/pages\/4509"}],"wp:attachment":[{"href":"https:\/\/tegos-group.com\/en\/wp-json\/wp\/v2\/media?parent=4519"}],"curies":[{"name":"wp","href":"https:\/\/api.w.org\/{rel}","templated":true}]}}