{"id":4606,"date":"2023-05-03T15:18:20","date_gmt":"2023-05-03T13:18:20","guid":{"rendered":"https:\/\/www.tegos-group.com\/?page_id=4606"},"modified":"2023-12-20T14:08:13","modified_gmt":"2023-12-20T13:08:13","slug":"jobs","status":"publish","type":"page","link":"https:\/\/tegos-group.com\/en\/jobs\/","title":{"rendered":"Job offers"},"content":{"rendered":"\n  <section class=\"section section--no-padding bg hero\">\n      \n    <div class=\"swiper-container slider\">\n      <div class=\"swiper-wrapper\">\n\n                  \n            <div class=\"swiper-slide slider__slide hero__slide bg bg--dark-blue bg--gradient\">\n              <div class=\"container\">\n\n                <div class=\"hero__slide-content\">\n                  \n                                      <h2 class=\"h1 hero__title text--display\">We offer personal responsibility, no steep hierarchies<\/h2>\n                  \n                                      <p class=\"hero__description\">Your entry into a company with a clear mission: #dothingsdifferently<\/p>\n                  \n                                  <\/div>\n\n                \n\n<div class=\"jar jar--1 \">\n  <div class=\"jar__pickle \">\n      <\/div>\n\n  <div class=\"jar__pickle\"><\/div>\n  <div class=\"jar__pickle\"><\/div>\n  <div class=\"jar__pickle\"><\/div>\n<\/div>\n              <\/div><!-- slide-content -->\n            <\/div>\n                  \n      <\/div><!-- swiper-wrapper -->\n      \n                        <\/div><!-- swiper-container -->\n    \n  <\/section>\n\n\n\n\n  \n    <section class=\"section jobs \">\n      <div class=\"container\">\n\n        \n        \n        <div class=\"jobs__filters filters\">\n          <button class=\"jobs__filter filter filter--active\" data-value=\"all\">\n            All          <\/button>\n\n                                                    <button class=\"jobs__filter filter\" data-value=\"dortmund-hybrid\">\n                  Dortmund (hybrid)                <\/button>\n                              <button class=\"jobs__filter filter\" data-value=\"dortmund-mobiles-arbeiten\">\n                  Dortmund (mobiles Arbeiten)                <\/button>\n                              <button class=\"jobs__filter filter\" data-value=\"dortmund\">\n                  Dortmund                <\/button>\n                              <button class=\"jobs__filter filter\" data-value=\"berlin-hybrid\">\n                  Berlin (hybrid)                <\/button>\n                              <button class=\"jobs__filter filter\" data-value=\"remote-netherlands\">\n                  Remote (Netherlands)                <\/button>\n                                                                              <button class=\"jobs__filter filter\" data-value=\"ausbildung\">\n                  Ausbildung                <\/button>\n                              <button class=\"jobs__filter filter\" data-value=\"consulting\">\n                  Consulting                <\/button>\n                              <button class=\"jobs__filter filter\" data-value=\"customer-service\">\n                  Customer Service                <\/button>\n                              <button class=\"jobs__filter filter\" data-value=\"development\">\n                  Development                <\/button>\n                              <button class=\"jobs__filter filter\" data-value=\"marketing-sales\">\n                  Marketing &amp; Sales                <\/button>\n                              <button class=\"jobs__filter filter\" data-value=\"sonstiges\">\n                  Sonstiges                <\/button>\n                                            <\/div>\n\n        <div class=\"jobs__wrapper\">\n                      \n            <div class=\"jobs__cat\">\n              <h2>Ausbildung<\/h2>\n\n              <div class=\"jobs__jobs\">\n                \n                  <a href=\"https:\/\/tegos-group.com\/en\/jobs\/ausbildung-kaufmann-kauffrau-fuer-it-system-management-m-w-d-2026\/\" class=\"jobs__job jobs__job--active jobs__job--all jobs__job--dortmund jobs__job--ausbildung\" title=\"Zum Job\">\n                    <h3 class=\"jobs__title h4\">Ausbildung Kaufmann\/Kauffrau f\u00fcr IT-System Management (m\/w\/d) &#8211; 2026<\/h3>\n                    <p class=\"jobs__office\">\n                      Vollzeit \u2013\n                      Dortmund                    <\/p>\n                  <\/a>\n\n                  \n              <\/div>\n            <\/div>\n\n                      \n            <div class=\"jobs__cat\">\n              <h2>Consulting<\/h2>\n\n              <div class=\"jobs__jobs\">\n                \n                  <a href=\"https:\/\/tegos-group.com\/en\/jobs\/senior-consultant-finance-microsoft-dynamics-365-business-central-m-w-d\/\" class=\"jobs__job jobs__job--active jobs__job--all jobs__job--dortmund-hybrid jobs__job--consulting\" title=\"Zum Job\">\n                    <h3 class=\"jobs__title h4\">Senior Consultant Finance \u2013 Microsoft Dynamics 365 Business Central (m\/w\/d)<\/h3>\n                    <p class=\"jobs__office\">\n                      Vollzeit \u2013\n                      Dortmund (hybrid)                    <\/p>\n                  <\/a>\n\n                \n                  <a href=\"https:\/\/tegos-group.com\/en\/jobs\/junior-consultant-m-f-x-at-a-microsoft-solutions-partner-netherlands\/\" class=\"jobs__job jobs__job--active jobs__job--all jobs__job--remote-netherlands jobs__job--consulting\" title=\"Zum Job\">\n                    <h3 class=\"jobs__title h4\">(Junior) Consultant (m\/f\/x) at a Microsoft Solutions Partner &#8211; Netherlands<\/h3>\n                    <p class=\"jobs__office\">\n                      Vollzeit \u2013\n                      Remote (Netherlands)                    <\/p>\n                  <\/a>\n\n                  \n              <\/div>\n            <\/div>\n\n                      \n            <div class=\"jobs__cat\">\n              <h2>Customer Service<\/h2>\n\n              <div class=\"jobs__jobs\">\n                \n                  <a href=\"https:\/\/tegos-group.com\/en\/jobs\/support-specialist-ms-dynamics-365-business-central-m-w-d\/\" class=\"jobs__job jobs__job--active jobs__job--all jobs__job--dortmund-hybrid jobs__job--customer-service\" title=\"Zum Job\">\n                    <h3 class=\"jobs__title h4\">Support Specialist &#8211; Customer Service (m\/w\/d)<\/h3>\n                    <p class=\"jobs__office\">\n                      Vollzeit \u2013\n                      Dortmund (hybrid)                    <\/p>\n                  <\/a>\n\n                  \n              <\/div>\n            <\/div>\n\n                      \n            <div class=\"jobs__cat\">\n              <h2>Development<\/h2>\n\n              <div class=\"jobs__jobs\">\n                \n                  <a href=\"https:\/\/tegos-group.com\/en\/jobs\/senior-developer-m-w-d-microsoft-dynamics-365-business-central\/\" class=\"jobs__job jobs__job--active jobs__job--all jobs__job--dortmund-hybrid jobs__job--development\" title=\"Zum Job\">\n                    <h3 class=\"jobs__title h4\">Senior Developer (m\/w\/d) Microsoft Dynamics 365 Business Central<\/h3>\n                    <p class=\"jobs__office\">\n                      Vollzeit \u2013\n                      Dortmund (hybrid)                    <\/p>\n                  <\/a>\n\n                  \n              <\/div>\n            <\/div>\n\n                      \n            <div class=\"jobs__cat\">\n              <h2>Marketing &amp; Sales<\/h2>\n\n              <div class=\"jobs__jobs\">\n                \n                  <a href=\"https:\/\/tegos-group.com\/en\/jobs\/senior-marketing-manager-b2b-m-w-d-content-campaigns\/\" class=\"jobs__job jobs__job--active jobs__job--all jobs__job--berlin-hybrid jobs__job--marketing-sales\" title=\"Zum Job\">\n                    <h3 class=\"jobs__title h4\">(Senior) Marketing Manager (B2B) (m\/w\/d) &#8211;  Content &amp; Campaigns<\/h3>\n                    <p class=\"jobs__office\">\n                      Vollzeit \u2013\n                      Berlin (hybrid)                    <\/p>\n                  <\/a>\n\n                  \n              <\/div>\n            <\/div>\n\n                      \n            <div class=\"jobs__cat\">\n              <h2>Sonstiges<\/h2>\n\n              <div class=\"jobs__jobs\">\n                \n                  <a href=\"https:\/\/tegos-group.com\/en\/jobs\/initiativbewerbung\/\" class=\"jobs__job jobs__job--active jobs__job--all jobs__job--dortmund-mobiles-arbeiten jobs__job--sonstiges\" title=\"Zum Job\">\n                    <h3 class=\"jobs__title h4\">Initiativbewerbung<\/h3>\n                    <p class=\"jobs__office\">\n                      Voll- oder Teilzeit \u2013\n                      Dortmund (mobiles Arbeiten)                    <\/p>\n                  <\/a>\n\n                  \n              <\/div>\n            <\/div>\n\n                  <\/div>\n\n      <\/div>\n    <\/section>\n\n  \n\n\n\n  <section class=\"section cta  \">\n    <div class=\"container\">\n\n      <div class=\"cta__wrapper launimation slideBottom\">\n\n        \n        <div class=\"cta__content bg bg--dark-green \">\n                      <h2 class=\"cta__title text--display\">You haven&#039;t found anything suitable? Apply proactively!<\/h2>\n          \n                      <p class=\"cta__description\">You haven&#8217;t found what you were looking for &#8211; no problem! Take the opportunity to show your potential. <\/p>\n          \n                      <a href=\"\/en\/recruiting-support\/\"  class=\"cta__button button button--arrow\" >\n              Submit unsolicited application            <\/a>\n          \n                      <div class=\"cta__pickles\">\n              \n\n<div class=\"jar jar--1 \">\n  <div class=\"jar__pickle \">\n      <\/div>\n\n  <div class=\"jar__pickle\"><\/div>\n  <div class=\"jar__pickle\"><\/div>\n  <div class=\"jar__pickle\"><\/div>\n<\/div>            <\/div>\n                  <\/div>\n\n      <\/div>\n\n    <\/div>\n  <\/section>\n\n","protected":false},"excerpt":{"rendered":"","protected":false},"author":1,"featured_media":0,"parent":0,"menu_order":0,"comment_status":"closed","ping_status":"closed","template":"","meta":{"_acf_changed":false,"footnotes":""},"class_list":["post-4606","page","type-page","status-publish","hentry"],"acf":[],"yoast_head":"<!-- This site is optimized with the Yoast SEO plugin v27.4 - https:\/\/yoast.com\/product\/yoast-seo-wordpress\/ -->\n<title>Job offers - tegosgroup: Experten f\u00fcr Abfallwirtschaft, Entsorgung &amp; Recycling Software<\/title>\n<meta name=\"robots\" content=\"index, follow, max-snippet:-1, max-image-preview:large, max-video-preview:-1\" \/>\n<link rel=\"canonical\" href=\"https:\/\/tegos-group.com\/en\/jobs\/\" \/>\n<meta property=\"og:locale\" content=\"en_US\" \/>\n<meta property=\"og:type\" content=\"article\" \/>\n<meta property=\"og:title\" content=\"Job offers - tegosgroup: Experten f\u00fcr Abfallwirtschaft, Entsorgung &amp; Recycling Software\" \/>\n<meta property=\"og:url\" content=\"https:\/\/tegos-group.com\/en\/jobs\/\" \/>\n<meta property=\"og:site_name\" content=\"tegosgroup: Experten f\u00fcr Abfallwirtschaft, Entsorgung &amp; Recycling Software\" \/>\n<meta property=\"article:modified_time\" content=\"2023-12-20T13:08:13+00:00\" \/>\n<meta name=\"twitter:card\" content=\"summary_large_image\" \/>\n<script type=\"application\/ld+json\" class=\"yoast-schema-graph\">{\"@context\":\"https:\\\/\\\/schema.org\",\"@graph\":[{\"@type\":\"WebPage\",\"@id\":\"https:\\\/\\\/tegos-group.com\\\/en\\\/jobs\\\/\",\"url\":\"https:\\\/\\\/tegos-group.com\\\/en\\\/jobs\\\/\",\"name\":\"Job offers - tegosgroup: Experten f\u00fcr Abfallwirtschaft, Entsorgung &amp; Recycling Software\",\"isPartOf\":{\"@id\":\"https:\\\/\\\/tegos-group.com\\\/en\\\/#website\"},\"datePublished\":\"2023-05-03T13:18:20+00:00\",\"dateModified\":\"2023-12-20T13:08:13+00:00\",\"breadcrumb\":{\"@id\":\"https:\\\/\\\/tegos-group.com\\\/en\\\/jobs\\\/#breadcrumb\"},\"inLanguage\":\"en-US\",\"potentialAction\":[{\"@type\":\"ReadAction\",\"target\":[\"https:\\\/\\\/tegos-group.com\\\/en\\\/jobs\\\/\"]}]},{\"@type\":\"BreadcrumbList\",\"@id\":\"https:\\\/\\\/tegos-group.com\\\/en\\\/jobs\\\/#breadcrumb\",\"itemListElement\":[{\"@type\":\"ListItem\",\"position\":1,\"name\":\"Home\",\"item\":\"https:\\\/\\\/tegos-group.com\\\/en\\\/\"},{\"@type\":\"ListItem\",\"position\":2,\"name\":\"Job offers\"}]},{\"@type\":\"WebSite\",\"@id\":\"https:\\\/\\\/tegos-group.com\\\/en\\\/#website\",\"url\":\"https:\\\/\\\/tegos-group.com\\\/en\\\/\",\"name\":\"tegosgroup: Experten f\u00fcr Abfallwirtschaft, Entsorgung &amp; Recycling Software\",\"description\":\"Ma\u00dfgeschneiderte L\u00f6sungen f\u00fcr Abfallmanagement, EANV &amp; Schrotthandel\",\"potentialAction\":[{\"@type\":\"SearchAction\",\"target\":{\"@type\":\"EntryPoint\",\"urlTemplate\":\"https:\\\/\\\/tegos-group.com\\\/en\\\/?s={search_term_string}\"},\"query-input\":{\"@type\":\"PropertyValueSpecification\",\"valueRequired\":true,\"valueName\":\"search_term_string\"}}],\"inLanguage\":\"en-US\"}]}<\/script>\n<!-- \/ Yoast SEO plugin. -->","yoast_head_json":{"title":"Job offers - tegosgroup: Experten f\u00fcr Abfallwirtschaft, Entsorgung &amp; Recycling Software","robots":{"index":"index","follow":"follow","max-snippet":"max-snippet:-1","max-image-preview":"max-image-preview:large","max-video-preview":"max-video-preview:-1"},"canonical":"https:\/\/tegos-group.com\/en\/jobs\/","og_locale":"en_US","og_type":"article","og_title":"Job offers - tegosgroup: Experten f\u00fcr Abfallwirtschaft, Entsorgung &amp; Recycling Software","og_url":"https:\/\/tegos-group.com\/en\/jobs\/","og_site_name":"tegosgroup: Experten f\u00fcr Abfallwirtschaft, Entsorgung &amp; Recycling Software","article_modified_time":"2023-12-20T13:08:13+00:00","twitter_card":"summary_large_image","schema":{"@context":"https:\/\/schema.org","@graph":[{"@type":"WebPage","@id":"https:\/\/tegos-group.com\/en\/jobs\/","url":"https:\/\/tegos-group.com\/en\/jobs\/","name":"Job offers - tegosgroup: Experten f\u00fcr Abfallwirtschaft, Entsorgung &amp; Recycling Software","isPartOf":{"@id":"https:\/\/tegos-group.com\/en\/#website"},"datePublished":"2023-05-03T13:18:20+00:00","dateModified":"2023-12-20T13:08:13+00:00","breadcrumb":{"@id":"https:\/\/tegos-group.com\/en\/jobs\/#breadcrumb"},"inLanguage":"en-US","potentialAction":[{"@type":"ReadAction","target":["https:\/\/tegos-group.com\/en\/jobs\/"]}]},{"@type":"BreadcrumbList","@id":"https:\/\/tegos-group.com\/en\/jobs\/#breadcrumb","itemListElement":[{"@type":"ListItem","position":1,"name":"Home","item":"https:\/\/tegos-group.com\/en\/"},{"@type":"ListItem","position":2,"name":"Job offers"}]},{"@type":"WebSite","@id":"https:\/\/tegos-group.com\/en\/#website","url":"https:\/\/tegos-group.com\/en\/","name":"tegosgroup: Experten f\u00fcr Abfallwirtschaft, Entsorgung &amp; Recycling Software","description":"Ma\u00dfgeschneiderte L\u00f6sungen f\u00fcr Abfallmanagement, EANV &amp; Schrotthandel","potentialAction":[{"@type":"SearchAction","target":{"@type":"EntryPoint","urlTemplate":"https:\/\/tegos-group.com\/en\/?s={search_term_string}"},"query-input":{"@type":"PropertyValueSpecification","valueRequired":true,"valueName":"search_term_string"}}],"inLanguage":"en-US"}]}},"_links":{"self":[{"href":"https:\/\/tegos-group.com\/en\/wp-json\/wp\/v2\/pages\/4606","targetHints":{"allow":["GET"]}}],"collection":[{"href":"https:\/\/tegos-group.com\/en\/wp-json\/wp\/v2\/pages"}],"about":[{"href":"https:\/\/tegos-group.com\/en\/wp-json\/wp\/v2\/types\/page"}],"author":[{"embeddable":true,"href":"https:\/\/tegos-group.com\/en\/wp-json\/wp\/v2\/users\/1"}],"replies":[{"embeddable":true,"href":"https:\/\/tegos-group.com\/en\/wp-json\/wp\/v2\/comments?post=4606"}],"version-history":[{"count":16,"href":"https:\/\/tegos-group.com\/en\/wp-json\/wp\/v2\/pages\/4606\/revisions"}],"predecessor-version":[{"id":11557,"href":"https:\/\/tegos-group.com\/en\/wp-json\/wp\/v2\/pages\/4606\/revisions\/11557"}],"wp:attachment":[{"href":"https:\/\/tegos-group.com\/en\/wp-json\/wp\/v2\/media?parent=4606"}],"curies":[{"name":"wp","href":"https:\/\/api.w.org\/{rel}","templated":true}]}}