{"id":4963,"date":"2023-05-03T15:12:38","date_gmt":"2023-05-03T13:12:38","guid":{"rendered":"https:\/\/www.tegos-group.com\/?page_id=4963"},"modified":"2023-07-20T10:19:50","modified_gmt":"2023-07-20T08:19:50","slug":"career","status":"publish","type":"page","link":"https:\/\/tegos-group.com\/en\/career\/","title":{"rendered":"Careers"},"content":{"rendered":"\n  \n    <section class=\"section timeline-horizontal bg bg-- bg-gradient--\">\n      <div class=\"container container--wide\">\n\n                  <h2 class=\"timeline-horizontal__heading text--center\">Dein Weg zu uns<\/h2>\n        \n        <div class=\"timeline-horizontal__steps\">\n          \n            <div class=\"timeline-horizontal__step\">\n                              <div class=\"timeline-horizontal__icon-container\">\n                  <img loading=\"lazy\" data-src=\"https:\/\/tegos-group.com\/wp-content\/uploads\/2023\/04\/phone.svg\" data-srcset=\"https:\/\/tegos-group.com\/wp-content\/uploads\/2023\/04\/phone.svg 1920w, https:\/\/tegos-group.com\/wp-content\/uploads\/2023\/04\/phone.svg 1600w, https:\/\/tegos-group.com\/wp-content\/uploads\/2023\/04\/phone.svg 1366w, https:\/\/tegos-group.com\/wp-content\/uploads\/2023\/04\/phone.svg 1024w, https:\/\/tegos-group.com\/wp-content\/uploads\/2023\/04\/phone.svg 768w, https:\/\/tegos-group.com\/wp-content\/uploads\/2023\/04\/phone.svg 550w\" class=\"timeline-horizontal__icon\" alt=\"\"  width=\"1\"  height=\"1\">                  <div class=\"timeline-horizontal__dash\"><\/div>\n                <\/div>\n              \n              <div class=\"timeline-horizontal__content\">\n                                  <h3 class=\"timeline-horizontal__title h4\">\n                    Kontaktaufnahme &amp; Bewerbung                  <\/h3>\n                \n                                  <p class=\"timeline-horizontal__desc\">\n                    Du hast Interesse an der tegosgroup als Arbeitgeber oder an einer konkreten Stelle? Dann tritt mit uns in Kontakt oder bewirb dich direkt!                  <\/p>\n                              <\/div>\n            <\/div>\n            \n          \n            <div class=\"timeline-horizontal__step\">\n                              <div class=\"timeline-horizontal__icon-container\">\n                  <img loading=\"lazy\" data-src=\"https:\/\/tegos-group.com\/wp-content\/uploads\/2023\/04\/clipboard-list.svg\" data-srcset=\"https:\/\/tegos-group.com\/wp-content\/uploads\/2023\/04\/clipboard-list.svg 1920w, https:\/\/tegos-group.com\/wp-content\/uploads\/2023\/04\/clipboard-list.svg 1600w, https:\/\/tegos-group.com\/wp-content\/uploads\/2023\/04\/clipboard-list.svg 1366w, https:\/\/tegos-group.com\/wp-content\/uploads\/2023\/04\/clipboard-list.svg 1024w, https:\/\/tegos-group.com\/wp-content\/uploads\/2023\/04\/clipboard-list.svg 768w, https:\/\/tegos-group.com\/wp-content\/uploads\/2023\/04\/clipboard-list.svg 550w\" class=\"timeline-horizontal__icon\" alt=\"\"  width=\"1\"  height=\"1\">                  <div class=\"timeline-horizontal__dash\"><\/div>\n                <\/div>\n              \n              <div class=\"timeline-horizontal__content\">\n                                  <h3 class=\"timeline-horizontal__title h4\">\n                    Test                  <\/h3>\n                \n                                  <p class=\"timeline-horizontal__desc\">\n                    Test Test Test                  <\/p>\n                              <\/div>\n            <\/div>\n            \n          \n            <div class=\"timeline-horizontal__step\">\n                              <div class=\"timeline-horizontal__icon-container\">\n                  <img loading=\"lazy\" data-src=\"https:\/\/tegos-group.com\/wp-content\/uploads\/2023\/04\/heart-handshake.svg\" data-srcset=\"https:\/\/tegos-group.com\/wp-content\/uploads\/2023\/04\/heart-handshake.svg 1920w, https:\/\/tegos-group.com\/wp-content\/uploads\/2023\/04\/heart-handshake.svg 1600w, https:\/\/tegos-group.com\/wp-content\/uploads\/2023\/04\/heart-handshake.svg 1366w, https:\/\/tegos-group.com\/wp-content\/uploads\/2023\/04\/heart-handshake.svg 1024w, https:\/\/tegos-group.com\/wp-content\/uploads\/2023\/04\/heart-handshake.svg 768w, https:\/\/tegos-group.com\/wp-content\/uploads\/2023\/04\/heart-handshake.svg 550w\" class=\"timeline-horizontal__icon\" alt=\"\"  width=\"1\"  height=\"1\">                  <div class=\"timeline-horizontal__dash\"><\/div>\n                <\/div>\n              \n              <div class=\"timeline-horizontal__content\">\n                                  <h3 class=\"timeline-horizontal__title h4\">\n                    Onboarding &amp; Einarbeitung                  <\/h3>\n                \n                                  <p class=\"timeline-horizontal__desc\">\n                    Dein Onboarding beginnt mit einer grunds\u00e4tzlichen Einf\u00fchrung in \u2026\u2026.. Danach erfolgt deine Stellen (-oder Aufgaben-)spezifische Einarbeitung                  <\/p>\n                              <\/div>\n            <\/div>\n            \n                  <\/div>\n\n      <\/div>\n    <\/section>\n\n  \n\n\n\n  \n    <section class=\"section timeline-horizontal bg bg-- bg-gradient--\">\n      <div class=\"container container--wide\">\n\n                  <h2 class=\"timeline-horizontal__heading text--center\">Dein Weg zu uns<\/h2>\n        \n        <div class=\"timeline-horizontal__steps\">\n          \n            <div class=\"timeline-horizontal__step\">\n                              <div class=\"timeline-horizontal__icon-container\">\n                  <img loading=\"lazy\" data-src=\"https:\/\/tegos-group.com\/wp-content\/uploads\/2023\/04\/phone.svg\" data-srcset=\"https:\/\/tegos-group.com\/wp-content\/uploads\/2023\/04\/phone.svg 1920w, https:\/\/tegos-group.com\/wp-content\/uploads\/2023\/04\/phone.svg 1600w, https:\/\/tegos-group.com\/wp-content\/uploads\/2023\/04\/phone.svg 1366w, https:\/\/tegos-group.com\/wp-content\/uploads\/2023\/04\/phone.svg 1024w, https:\/\/tegos-group.com\/wp-content\/uploads\/2023\/04\/phone.svg 768w, https:\/\/tegos-group.com\/wp-content\/uploads\/2023\/04\/phone.svg 550w\" class=\"timeline-horizontal__icon\" alt=\"\"  width=\"1\"  height=\"1\">                  <div class=\"timeline-horizontal__dash\"><\/div>\n                <\/div>\n              \n              <div class=\"timeline-horizontal__content\">\n                                  <h3 class=\"timeline-horizontal__title h4\">\n                    Kontaktaufnahme &amp; Bewerbung                  <\/h3>\n                \n                                  <p class=\"timeline-horizontal__desc\">\n                    Du hast Interesse an der tegosgroup als Arbeitgeber oder an einer konkreten Stelle? Dann tritt mit uns in Kontakt oder bewirb dich direkt!                  <\/p>\n                              <\/div>\n            <\/div>\n            \n          \n            <div class=\"timeline-horizontal__step\">\n                              <div class=\"timeline-horizontal__icon-container\">\n                  <img loading=\"lazy\" data-src=\"https:\/\/tegos-group.com\/wp-content\/uploads\/2023\/04\/clipboard-list.svg\" data-srcset=\"https:\/\/tegos-group.com\/wp-content\/uploads\/2023\/04\/clipboard-list.svg 1920w, https:\/\/tegos-group.com\/wp-content\/uploads\/2023\/04\/clipboard-list.svg 1600w, https:\/\/tegos-group.com\/wp-content\/uploads\/2023\/04\/clipboard-list.svg 1366w, https:\/\/tegos-group.com\/wp-content\/uploads\/2023\/04\/clipboard-list.svg 1024w, https:\/\/tegos-group.com\/wp-content\/uploads\/2023\/04\/clipboard-list.svg 768w, https:\/\/tegos-group.com\/wp-content\/uploads\/2023\/04\/clipboard-list.svg 550w\" class=\"timeline-horizontal__icon\" alt=\"\"  width=\"1\"  height=\"1\">                  <div class=\"timeline-horizontal__dash\"><\/div>\n                <\/div>\n              \n              <div class=\"timeline-horizontal__content\">\n                                  <h3 class=\"timeline-horizontal__title h4\">\n                    tegos Feedback                  <\/h3>\n                \n                                  <p class=\"timeline-horizontal__desc\">\n                    Sobald wir deine Bewerbung erhalten haben, melden wir uns baldm\u00f6glichst bei dir zur\u00fcck.  Wir legen gro\u00dfen Wert auf kurze Wege und einen schnellen Prozess.                  <\/p>\n                              <\/div>\n            <\/div>\n            \n          \n            <div class=\"timeline-horizontal__step\">\n                              <div class=\"timeline-horizontal__icon-container\">\n                  <img loading=\"lazy\" data-src=\"https:\/\/tegos-group.com\/wp-content\/uploads\/2023\/04\/heart-handshake.svg\" data-srcset=\"https:\/\/tegos-group.com\/wp-content\/uploads\/2023\/04\/heart-handshake.svg 1920w, https:\/\/tegos-group.com\/wp-content\/uploads\/2023\/04\/heart-handshake.svg 1600w, https:\/\/tegos-group.com\/wp-content\/uploads\/2023\/04\/heart-handshake.svg 1366w, https:\/\/tegos-group.com\/wp-content\/uploads\/2023\/04\/heart-handshake.svg 1024w, https:\/\/tegos-group.com\/wp-content\/uploads\/2023\/04\/heart-handshake.svg 768w, https:\/\/tegos-group.com\/wp-content\/uploads\/2023\/04\/heart-handshake.svg 550w\" class=\"timeline-horizontal__icon\" alt=\"\"  width=\"1\"  height=\"1\">                  <div class=\"timeline-horizontal__dash\"><\/div>\n                <\/div>\n              \n              <div class=\"timeline-horizontal__content\">\n                                  <h3 class=\"timeline-horizontal__title h4\">\n                    Onboarding &amp; Einarbeitung                  <\/h3>\n                \n                                  <p class=\"timeline-horizontal__desc\">\n                    Dein Onboarding beginnt mit einer grunds\u00e4tzlichen Einf\u00fchrung in \u2026\u2026.. Danach erfolgt deine Stellen (-oder Aufgaben-)spezifische Einarbeitung                  <\/p>\n                              <\/div>\n            <\/div>\n            \n                  <\/div>\n\n      <\/div>\n    <\/section>\n\n  \n\n\n\n  \n    <section class=\"section timeline-horizontal bg bg-- bg-gradient--\">\n      <div class=\"container container--wide\">\n\n                  <h2 class=\"timeline-horizontal__heading text--center\">Dein Weg zu uns<\/h2>\n        \n        <div class=\"timeline-horizontal__steps\">\n          \n            <div class=\"timeline-horizontal__step\">\n                              <div class=\"timeline-horizontal__icon-container\">\n                  <img loading=\"lazy\" data-src=\"https:\/\/tegos-group.com\/wp-content\/uploads\/2023\/04\/phone.svg\" data-srcset=\"https:\/\/tegos-group.com\/wp-content\/uploads\/2023\/04\/phone.svg 1920w, https:\/\/tegos-group.com\/wp-content\/uploads\/2023\/04\/phone.svg 1600w, https:\/\/tegos-group.com\/wp-content\/uploads\/2023\/04\/phone.svg 1366w, https:\/\/tegos-group.com\/wp-content\/uploads\/2023\/04\/phone.svg 1024w, https:\/\/tegos-group.com\/wp-content\/uploads\/2023\/04\/phone.svg 768w, https:\/\/tegos-group.com\/wp-content\/uploads\/2023\/04\/phone.svg 550w\" class=\"timeline-horizontal__icon\" alt=\"\"  width=\"1\"  height=\"1\">                  <div class=\"timeline-horizontal__dash\"><\/div>\n                <\/div>\n              \n              <div class=\"timeline-horizontal__content\">\n                                  <h3 class=\"timeline-horizontal__title h4\">\n                    Kontaktaufnahme &amp; Bewerbung                  <\/h3>\n                \n                                  <p class=\"timeline-horizontal__desc\">\n                    Du interessierst dich f\u00fcr die tegosgroup als Arbeitgeber oder hast eine passende Stelle gefunden? Durchsuche unsere aktuellen Stellenanzeigen oder nimm direkt Kontakt mit uns auf. Bewirb dich einfach und unkompliziert f\u00fcr deine Wunschposition.                  <\/p>\n                              <\/div>\n            <\/div>\n            \n          \n            <div class=\"timeline-horizontal__step\">\n                              <div class=\"timeline-horizontal__icon-container\">\n                  <img loading=\"lazy\" data-src=\"https:\/\/tegos-group.com\/wp-content\/uploads\/2023\/04\/clipboard-list.svg\" data-srcset=\"https:\/\/tegos-group.com\/wp-content\/uploads\/2023\/04\/clipboard-list.svg 1920w, https:\/\/tegos-group.com\/wp-content\/uploads\/2023\/04\/clipboard-list.svg 1600w, https:\/\/tegos-group.com\/wp-content\/uploads\/2023\/04\/clipboard-list.svg 1366w, https:\/\/tegos-group.com\/wp-content\/uploads\/2023\/04\/clipboard-list.svg 1024w, https:\/\/tegos-group.com\/wp-content\/uploads\/2023\/04\/clipboard-list.svg 768w, https:\/\/tegos-group.com\/wp-content\/uploads\/2023\/04\/clipboard-list.svg 550w\" class=\"timeline-horizontal__icon\" alt=\"\"  width=\"1\"  height=\"1\">                  <div class=\"timeline-horizontal__dash\"><\/div>\n                <\/div>\n              \n              <div class=\"timeline-horizontal__content\">\n                                  <h3 class=\"timeline-horizontal__title h4\">\n                    tegos Feedback                  <\/h3>\n                \n                                  <p class=\"timeline-horizontal__desc\">\n                    Nachdem wir deine Bewerbung erhalten haben, werden wir uns zeitnah bei dir melden. Wir legen gro\u00dfen Wert darauf, den Bewerbungsprozess unkompliziert und z\u00fcgig zu gestalten, um schnellstm\u00f6glich miteinander ins Gespr\u00e4ch zu kommen.                  <\/p>\n                              <\/div>\n            <\/div>\n            \n          \n            <div class=\"timeline-horizontal__step\">\n                              <div class=\"timeline-horizontal__icon-container\">\n                  <img loading=\"lazy\" data-src=\"https:\/\/tegos-group.com\/wp-content\/uploads\/2023\/04\/laptop-2.svg\" data-srcset=\"https:\/\/tegos-group.com\/wp-content\/uploads\/2023\/04\/laptop-2.svg 1920w, https:\/\/tegos-group.com\/wp-content\/uploads\/2023\/04\/laptop-2.svg 1600w, https:\/\/tegos-group.com\/wp-content\/uploads\/2023\/04\/laptop-2.svg 1366w, https:\/\/tegos-group.com\/wp-content\/uploads\/2023\/04\/laptop-2.svg 1024w, https:\/\/tegos-group.com\/wp-content\/uploads\/2023\/04\/laptop-2.svg 768w, https:\/\/tegos-group.com\/wp-content\/uploads\/2023\/04\/laptop-2.svg 550w\" class=\"timeline-horizontal__icon\" alt=\"\"  width=\"1\"  height=\"1\">                  <div class=\"timeline-horizontal__dash\"><\/div>\n                <\/div>\n              \n              <div class=\"timeline-horizontal__content\">\n                                  <h3 class=\"timeline-horizontal__title h4\">\n                    Interview                  <\/h3>\n                \n                                  <p class=\"timeline-horizontal__desc\">\n                    Wir legen Wert darauf, dich im Bewerbungsgespr\u00e4ch pers\u00f6nlich und auf Augenh\u00f6he kennenzulernen. Unser Ziel ist es, den Menschen hinter der Bewerbung zu verstehen und das perfekte Match f\u00fcr beide Seiten zu finden. Gemeinsam wollen wir erfolgreich sein und unsere Ziele erreichen.                  <\/p>\n                              <\/div>\n            <\/div>\n            \n          \n            <div class=\"timeline-horizontal__step\">\n                              <div class=\"timeline-horizontal__icon-container\">\n                  <img loading=\"lazy\" data-src=\"https:\/\/tegos-group.com\/wp-content\/uploads\/2023\/04\/heart-handshake.svg\" data-srcset=\"https:\/\/tegos-group.com\/wp-content\/uploads\/2023\/04\/heart-handshake.svg 1920w, https:\/\/tegos-group.com\/wp-content\/uploads\/2023\/04\/heart-handshake.svg 1600w, https:\/\/tegos-group.com\/wp-content\/uploads\/2023\/04\/heart-handshake.svg 1366w, https:\/\/tegos-group.com\/wp-content\/uploads\/2023\/04\/heart-handshake.svg 1024w, https:\/\/tegos-group.com\/wp-content\/uploads\/2023\/04\/heart-handshake.svg 768w, https:\/\/tegos-group.com\/wp-content\/uploads\/2023\/04\/heart-handshake.svg 550w\" class=\"timeline-horizontal__icon\" alt=\"\"  width=\"1\"  height=\"1\">                  <div class=\"timeline-horizontal__dash\"><\/div>\n                <\/div>\n              \n              <div class=\"timeline-horizontal__content\">\n                                  <h3 class=\"timeline-horizontal__title h4\">\n                    Onboarding                  <\/h3>\n                \n                                  <p class=\"timeline-horizontal__desc\">\n                    Sobald wir zueinander gefunden haben, startet dein Onboarding-Prozess. Wir pr\u00e4sentieren dir nicht nur unsere Vision, Mission und Werte, sondern leben diese auch aktiv vor. Nach der allgemeinen Einf\u00fchrung erfolgt deine spezifische Einarbeitung, damit du bestens in dein neues Arbeitsumfeld integriert wirst.                  <\/p>\n                              <\/div>\n            <\/div>\n            \n                  <\/div>\n\n      <\/div>\n    <\/section>\n\n  \n","protected":false},"excerpt":{"rendered":"","protected":false},"author":9,"featured_media":0,"parent":0,"menu_order":0,"comment_status":"closed","ping_status":"closed","template":"","meta":{"_acf_changed":false,"footnotes":""},"class_list":["post-4963","page","type-page","status-publish","hentry"],"acf":[],"yoast_head":"<!-- This site is optimized with the Yoast SEO plugin v27.4 - https:\/\/yoast.com\/product\/yoast-seo-wordpress\/ -->\n<title>Careers - tegosgroup: Experten f\u00fcr Abfallwirtschaft, Entsorgung &amp; Recycling Software<\/title>\n<meta name=\"robots\" content=\"index, follow, max-snippet:-1, max-image-preview:large, max-video-preview:-1\" \/>\n<link rel=\"canonical\" href=\"https:\/\/tegos-group.com\/en\/career\/\" \/>\n<meta property=\"og:locale\" content=\"en_US\" \/>\n<meta property=\"og:type\" content=\"article\" \/>\n<meta property=\"og:title\" content=\"Careers - tegosgroup: Experten f\u00fcr Abfallwirtschaft, Entsorgung &amp; Recycling Software\" \/>\n<meta property=\"og:url\" content=\"https:\/\/tegos-group.com\/en\/career\/\" \/>\n<meta property=\"og:site_name\" content=\"tegosgroup: Experten f\u00fcr Abfallwirtschaft, Entsorgung &amp; Recycling Software\" \/>\n<meta property=\"article:modified_time\" content=\"2023-07-20T08:19:50+00:00\" \/>\n<meta name=\"twitter:card\" content=\"summary_large_image\" \/>\n<script type=\"application\/ld+json\" class=\"yoast-schema-graph\">{\"@context\":\"https:\\\/\\\/schema.org\",\"@graph\":[{\"@type\":\"WebPage\",\"@id\":\"https:\\\/\\\/tegos-group.com\\\/en\\\/career\\\/\",\"url\":\"https:\\\/\\\/tegos-group.com\\\/en\\\/career\\\/\",\"name\":\"Careers - tegosgroup: Experten f\u00fcr Abfallwirtschaft, Entsorgung &amp; Recycling Software\",\"isPartOf\":{\"@id\":\"https:\\\/\\\/tegos-group.com\\\/en\\\/#website\"},\"datePublished\":\"2023-05-03T13:12:38+00:00\",\"dateModified\":\"2023-07-20T08:19:50+00:00\",\"breadcrumb\":{\"@id\":\"https:\\\/\\\/tegos-group.com\\\/en\\\/career\\\/#breadcrumb\"},\"inLanguage\":\"en-US\",\"potentialAction\":[{\"@type\":\"ReadAction\",\"target\":[\"https:\\\/\\\/tegos-group.com\\\/en\\\/career\\\/\"]}]},{\"@type\":\"BreadcrumbList\",\"@id\":\"https:\\\/\\\/tegos-group.com\\\/en\\\/career\\\/#breadcrumb\",\"itemListElement\":[{\"@type\":\"ListItem\",\"position\":1,\"name\":\"Home\",\"item\":\"https:\\\/\\\/tegos-group.com\\\/en\\\/\"},{\"@type\":\"ListItem\",\"position\":2,\"name\":\"Careers\"}]},{\"@type\":\"WebSite\",\"@id\":\"https:\\\/\\\/tegos-group.com\\\/en\\\/#website\",\"url\":\"https:\\\/\\\/tegos-group.com\\\/en\\\/\",\"name\":\"tegosgroup: Experten f\u00fcr Abfallwirtschaft, Entsorgung &amp; Recycling Software\",\"description\":\"Ma\u00dfgeschneiderte L\u00f6sungen f\u00fcr Abfallmanagement, EANV &amp; Schrotthandel\",\"potentialAction\":[{\"@type\":\"SearchAction\",\"target\":{\"@type\":\"EntryPoint\",\"urlTemplate\":\"https:\\\/\\\/tegos-group.com\\\/en\\\/?s={search_term_string}\"},\"query-input\":{\"@type\":\"PropertyValueSpecification\",\"valueRequired\":true,\"valueName\":\"search_term_string\"}}],\"inLanguage\":\"en-US\"}]}<\/script>\n<!-- \/ Yoast SEO plugin. -->","yoast_head_json":{"title":"Careers - tegosgroup: Experten f\u00fcr Abfallwirtschaft, Entsorgung &amp; Recycling Software","robots":{"index":"index","follow":"follow","max-snippet":"max-snippet:-1","max-image-preview":"max-image-preview:large","max-video-preview":"max-video-preview:-1"},"canonical":"https:\/\/tegos-group.com\/en\/career\/","og_locale":"en_US","og_type":"article","og_title":"Careers - tegosgroup: Experten f\u00fcr Abfallwirtschaft, Entsorgung &amp; Recycling Software","og_url":"https:\/\/tegos-group.com\/en\/career\/","og_site_name":"tegosgroup: Experten f\u00fcr Abfallwirtschaft, Entsorgung &amp; Recycling Software","article_modified_time":"2023-07-20T08:19:50+00:00","twitter_card":"summary_large_image","schema":{"@context":"https:\/\/schema.org","@graph":[{"@type":"WebPage","@id":"https:\/\/tegos-group.com\/en\/career\/","url":"https:\/\/tegos-group.com\/en\/career\/","name":"Careers - tegosgroup: Experten f\u00fcr Abfallwirtschaft, Entsorgung &amp; Recycling Software","isPartOf":{"@id":"https:\/\/tegos-group.com\/en\/#website"},"datePublished":"2023-05-03T13:12:38+00:00","dateModified":"2023-07-20T08:19:50+00:00","breadcrumb":{"@id":"https:\/\/tegos-group.com\/en\/career\/#breadcrumb"},"inLanguage":"en-US","potentialAction":[{"@type":"ReadAction","target":["https:\/\/tegos-group.com\/en\/career\/"]}]},{"@type":"BreadcrumbList","@id":"https:\/\/tegos-group.com\/en\/career\/#breadcrumb","itemListElement":[{"@type":"ListItem","position":1,"name":"Home","item":"https:\/\/tegos-group.com\/en\/"},{"@type":"ListItem","position":2,"name":"Careers"}]},{"@type":"WebSite","@id":"https:\/\/tegos-group.com\/en\/#website","url":"https:\/\/tegos-group.com\/en\/","name":"tegosgroup: Experten f\u00fcr Abfallwirtschaft, Entsorgung &amp; Recycling Software","description":"Ma\u00dfgeschneiderte L\u00f6sungen f\u00fcr Abfallmanagement, EANV &amp; Schrotthandel","potentialAction":[{"@type":"SearchAction","target":{"@type":"EntryPoint","urlTemplate":"https:\/\/tegos-group.com\/en\/?s={search_term_string}"},"query-input":{"@type":"PropertyValueSpecification","valueRequired":true,"valueName":"search_term_string"}}],"inLanguage":"en-US"}]}},"_links":{"self":[{"href":"https:\/\/tegos-group.com\/en\/wp-json\/wp\/v2\/pages\/4963","targetHints":{"allow":["GET"]}}],"collection":[{"href":"https:\/\/tegos-group.com\/en\/wp-json\/wp\/v2\/pages"}],"about":[{"href":"https:\/\/tegos-group.com\/en\/wp-json\/wp\/v2\/types\/page"}],"author":[{"embeddable":true,"href":"https:\/\/tegos-group.com\/en\/wp-json\/wp\/v2\/users\/9"}],"replies":[{"embeddable":true,"href":"https:\/\/tegos-group.com\/en\/wp-json\/wp\/v2\/comments?post=4963"}],"version-history":[{"count":2,"href":"https:\/\/tegos-group.com\/en\/wp-json\/wp\/v2\/pages\/4963\/revisions"}],"predecessor-version":[{"id":5330,"href":"https:\/\/tegos-group.com\/en\/wp-json\/wp\/v2\/pages\/4963\/revisions\/5330"}],"wp:attachment":[{"href":"https:\/\/tegos-group.com\/en\/wp-json\/wp\/v2\/media?parent=4963"}],"curies":[{"name":"wp","href":"https:\/\/api.w.org\/{rel}","templated":true}]}}