{"id":4967,"date":"2023-05-03T15:16:52","date_gmt":"2023-05-03T13:16:52","guid":{"rendered":"https:\/\/www.tegos-group.com\/?page_id=4967"},"modified":"2025-07-30T15:03:23","modified_gmt":"2025-07-30T13:03:23","slug":"who-we-look-for","status":"publish","type":"page","link":"https:\/\/tegos-group.com\/en\/who-we-look-for\/","title":{"rendered":"Who we are looking for"},"content":{"rendered":"\n  <section class=\"section section--no-padding bg hero\">\n      \n    <div class=\"swiper-container slider\">\n      <div class=\"swiper-wrapper\">\n\n                  \n            <div class=\"swiper-slide slider__slide hero__slide bg bg--turquoise bg--gradient\">\n              <div class=\"container\">\n\n                <div class=\"hero__slide-content\">\n                  \n                                      <h2 class=\"h1 hero__title text--display\"> Ready for new challenges?<\/h2>\n                  \n                                      <p class=\"hero__description\">Shape a sustainable future with us<\/p>\n                  \n                  \n                    <a class=\"button\" href=\"\/en\/who-we-look-for\/\" target=\"_self\">\n                      All open positions                    <\/a>\n                                  <\/div>\n\n                \n\n<div class=\"jar jar--1 \">\n  <div class=\"jar__pickle \">\n      <\/div>\n\n  <div class=\"jar__pickle\"><\/div>\n  <div class=\"jar__pickle\"><\/div>\n  <div class=\"jar__pickle\"><\/div>\n<\/div>\n              <\/div><!-- slide-content -->\n            <\/div>\n                  \n      <\/div><!-- swiper-wrapper -->\n      \n                        <\/div><!-- swiper-container -->\n    \n  <\/section>\n\n\n\n\n<section class=\"section hero-text \">\n  <div class=\"container\">\n\n          <h2>What matters at tegos<\/h2>\n    \n          <p>At tegosgroup, what matters is your motivation, your desire for self-responsibility, and a strong team spirit. We can provide the necessary expertise, whether you are a student, professional, or (career) changer.<\/p>\n    \n  <\/div>\n<\/section>\n\n\n\n<section class=\"section tiles-grid tiles-grid--custom tiles-grid--distorted tiles-grid--two-cols\">\n  <div class=\"container\">\n      \n          <div class=\"tiles-grid__tiles\">\n    \n      \n  <div class=\"tiles-grid__tile bg bg--warm-grey \">\n\n  <div class=\"tiles-grid__tile__container\">\n    <div class=\"tiles-grid__tile__image\">\n              <img loading=\"lazy\" data-src=\"https:\/\/tegos-group.com\/wp-content\/uploads\/2025\/07\/DSC06138-684x1024.jpg\" data-srcset=\"https:\/\/tegos-group.com\/wp-content\/uploads\/2025\/07\/DSC06138.jpg 1920w, https:\/\/tegos-group.com\/wp-content\/uploads\/2025\/07\/DSC06138-1600x2395.jpg 1600w, https:\/\/tegos-group.com\/wp-content\/uploads\/2025\/07\/DSC06138-1366x2045.jpg 1366w, https:\/\/tegos-group.com\/wp-content\/uploads\/2025\/07\/DSC06138-1024x1533.jpg 1024w, https:\/\/tegos-group.com\/wp-content\/uploads\/2025\/07\/DSC06138-768x1150.jpg 768w, https:\/\/tegos-group.com\/wp-content\/uploads\/2025\/07\/DSC06138-550x823.jpg 550w\" class=\"\" alt=\"\"  width=\"684\"  height=\"1024\">          <\/div>\n\n    <div class=\"tiles-grid__tile__content bg--warm-grey \">\n              <h3 class=\"tiles-grid__tile__title h3\">\n          Pupils        <\/h3>\n            \n      \n              <div class=\"tiles-grid__tile__description\">\n          For students, tegos offers a promising apprenticeship or challenging dual studies in the digital future field. Regardless of school grades and certificates.        <\/div>\n      \n              <div class=\"tiles-grid__tile__button\">\n          <a href=\"\/en\/who-we-look-for\/\" target=\"\" class=\"button\">\n            Job Openings          <\/a>\n        <\/div>\n      \n    <\/div><!-- content -->\n  <\/div><!-- masonry-item -->\n\n  <\/div>\n\n  <div class=\"tiles-grid__tile bg bg--blue \">\n\n  <div class=\"tiles-grid__tile__container\">\n    <div class=\"tiles-grid__tile__image\">\n              <img loading=\"lazy\" data-src=\"https:\/\/tegos-group.com\/wp-content\/uploads\/2023\/05\/DSC8435-1-1024x683.jpg\" data-srcset=\"https:\/\/tegos-group.com\/wp-content\/uploads\/2023\/05\/DSC8435-1-1619x1080.jpg 1920w, https:\/\/tegos-group.com\/wp-content\/uploads\/2023\/05\/DSC8435-1-1349x900.jpg 1600w, https:\/\/tegos-group.com\/wp-content\/uploads\/2023\/05\/DSC8435-1-1151x768.jpg 1366w, https:\/\/tegos-group.com\/wp-content\/uploads\/2023\/05\/DSC8435-1-864x576.jpg 1024w, https:\/\/tegos-group.com\/wp-content\/uploads\/2023\/05\/DSC8435-1-648x432.jpg 768w, https:\/\/tegos-group.com\/wp-content\/uploads\/2023\/05\/DSC8435-1-463x309.jpg 550w\" class=\"\" alt=\"\"  width=\"1024\"  height=\"683\">          <\/div>\n\n    <div class=\"tiles-grid__tile__content bg--blue \">\n              <h3 class=\"tiles-grid__tile__title h3\">\n          Students        <\/h3>\n            \n      \n              <div class=\"tiles-grid__tile__description\">\n          We offer students the opportunity to complete internships, dissertations and working student jobs in the environment of business and technology and to gain professional experience.        <\/div>\n      \n              <div class=\"tiles-grid__tile__button\">\n          <a href=\"\/en\/who-we-look-for\/\" target=\"\" class=\"button\">\n            Job Openings          <\/a>\n        <\/div>\n      \n    <\/div><!-- content -->\n  <\/div><!-- masonry-item -->\n\n  <\/div>\n\n  <div class=\"tiles-grid__tile bg bg--turquoise \">\n\n  <div class=\"tiles-grid__tile__container\">\n    <div class=\"tiles-grid__tile__image\">\n              <img loading=\"lazy\" data-src=\"https:\/\/tegos-group.com\/wp-content\/uploads\/2023\/05\/DSC8407-1-1024x683.jpg\" data-srcset=\"https:\/\/tegos-group.com\/wp-content\/uploads\/2023\/05\/DSC8407-1-1619x1080.jpg 1920w, https:\/\/tegos-group.com\/wp-content\/uploads\/2023\/05\/DSC8407-1-1349x900.jpg 1600w, https:\/\/tegos-group.com\/wp-content\/uploads\/2023\/05\/DSC8407-1-1151x768.jpg 1366w, https:\/\/tegos-group.com\/wp-content\/uploads\/2023\/05\/DSC8407-1-864x576.jpg 1024w, https:\/\/tegos-group.com\/wp-content\/uploads\/2023\/05\/DSC8407-1-648x432.jpg 768w, https:\/\/tegos-group.com\/wp-content\/uploads\/2023\/05\/DSC8407-1-463x309.jpg 550w\" class=\"\" alt=\"\"  width=\"1024\"  height=\"683\">          <\/div>\n\n    <div class=\"tiles-grid__tile__content bg--turquoise \">\n              <h3 class=\"tiles-grid__tile__title h3\">\n          Professionals        <\/h3>\n            \n      \n              <div class=\"tiles-grid__tile__description\">\n          At tegosgroup, talented and ambitious professionals have the opportunity to move an entire industry and realize their full potential with a first-class team.        <\/div>\n      \n              <div class=\"tiles-grid__tile__button\">\n          <a href=\"\/en\/who-we-look-for\/\" target=\"\" class=\"button\">\n            Job Openings          <\/a>\n        <\/div>\n      \n    <\/div><!-- content -->\n  <\/div><!-- masonry-item -->\n\n  <\/div>\n\n  <div class=\"tiles-grid__tile bg bg--green \">\n\n  <div class=\"tiles-grid__tile__container\">\n    <div class=\"tiles-grid__tile__image\">\n              <img loading=\"lazy\" data-src=\"https:\/\/tegos-group.com\/wp-content\/uploads\/2023\/05\/DSC8310-1-1024x683.jpg\" data-srcset=\"https:\/\/tegos-group.com\/wp-content\/uploads\/2023\/05\/DSC8310-1-1619x1080.jpg 1920w, https:\/\/tegos-group.com\/wp-content\/uploads\/2023\/05\/DSC8310-1-1349x900.jpg 1600w, https:\/\/tegos-group.com\/wp-content\/uploads\/2023\/05\/DSC8310-1-1151x768.jpg 1366w, https:\/\/tegos-group.com\/wp-content\/uploads\/2023\/05\/DSC8310-1-864x576.jpg 1024w, https:\/\/tegos-group.com\/wp-content\/uploads\/2023\/05\/DSC8310-1-648x432.jpg 768w, https:\/\/tegos-group.com\/wp-content\/uploads\/2023\/05\/DSC8310-1-463x309.jpg 550w\" class=\"\" alt=\"\"  width=\"1024\"  height=\"683\">          <\/div>\n\n    <div class=\"tiles-grid__tile__content bg--green \">\n              <h3 class=\"tiles-grid__tile__title h3\">\n          (Cross)beginners        <\/h3>\n            \n      \n              <div class=\"tiles-grid__tile__description\">\n          With the appropriate affinity as well as previous knowledge in the IT world, we enable an uncomplicated entry into the industry of the future with our 18-month internal training program.        <\/div>\n      \n              <div class=\"tiles-grid__tile__button\">\n          <a href=\"\/en\/who-we-look-for\/\" target=\"\" class=\"button\">\n            Job Openings          <\/a>\n        <\/div>\n      \n    <\/div><!-- content -->\n  <\/div><!-- masonry-item -->\n\n  <\/div>\n\n          <\/div><!-- tiles-grid__tiles -->\n    \n  <\/div><!-- container -->\n<\/section>\n\n\n\n\n\n  <section class=\"section cta  \">\n    <div class=\"container\">\n\n      <div class=\"cta__wrapper launimation slideBottom\">\n\n        \n        <div class=\"cta__content bg bg--sand \">\n                      <h2 class=\"cta__title text--display\">Become part of tegos<\/h2>\n          \n                      <p class=\"cta__description\">We are looking for ambitious talents who are passionate about our mission and want to make a difference &#8211; not only for our customers, but also for our environment.<\/p>\n          \n                      <a href=\"\/en\/jobs\/\"  class=\"cta__button button button--arrow\" >\n              Apply now            <\/a>\n          \n                      <div class=\"cta__pickles\">\n              \n\n<div class=\"jar jar--1 \">\n  <div class=\"jar__pickle \">\n      <\/div>\n\n  <div class=\"jar__pickle\"><\/div>\n  <div class=\"jar__pickle\"><\/div>\n  <div class=\"jar__pickle\"><\/div>\n<\/div>            <\/div>\n                  <\/div>\n\n      <\/div>\n\n    <\/div>\n  <\/section>\n\n\n\n\n<p><\/p>\n","protected":false},"excerpt":{"rendered":"","protected":false},"author":9,"featured_media":0,"parent":0,"menu_order":0,"comment_status":"closed","ping_status":"closed","template":"","meta":{"_acf_changed":false,"footnotes":""},"class_list":["post-4967","page","type-page","status-publish","hentry"],"acf":[],"yoast_head":"<!-- This site is optimized with the Yoast SEO plugin v27.3 - https:\/\/yoast.com\/product\/yoast-seo-wordpress\/ -->\n<title>Who we are looking for - tegosgroup: Experten f\u00fcr Abfallwirtschaft, Entsorgung &amp; Recycling Software<\/title>\n<meta name=\"robots\" content=\"index, follow, max-snippet:-1, max-image-preview:large, max-video-preview:-1\" \/>\n<link rel=\"canonical\" href=\"https:\/\/tegos-group.com\/en\/who-we-look-for\/\" \/>\n<meta property=\"og:locale\" content=\"en_US\" \/>\n<meta property=\"og:type\" content=\"article\" \/>\n<meta property=\"og:title\" content=\"Who we are looking for - tegosgroup: Experten f\u00fcr Abfallwirtschaft, Entsorgung &amp; Recycling Software\" \/>\n<meta property=\"og:url\" content=\"https:\/\/tegos-group.com\/en\/who-we-look-for\/\" \/>\n<meta property=\"og:site_name\" content=\"tegosgroup: Experten f\u00fcr Abfallwirtschaft, Entsorgung &amp; Recycling Software\" \/>\n<meta property=\"article:modified_time\" content=\"2025-07-30T13:03:23+00:00\" \/>\n<meta name=\"twitter:card\" content=\"summary_large_image\" \/>\n<script type=\"application\/ld+json\" class=\"yoast-schema-graph\">{\"@context\":\"https:\\\/\\\/schema.org\",\"@graph\":[{\"@type\":\"WebPage\",\"@id\":\"https:\\\/\\\/tegos-group.com\\\/en\\\/who-we-look-for\\\/\",\"url\":\"https:\\\/\\\/tegos-group.com\\\/en\\\/who-we-look-for\\\/\",\"name\":\"Who we are looking for - tegosgroup: Experten f\u00fcr Abfallwirtschaft, Entsorgung &amp; Recycling Software\",\"isPartOf\":{\"@id\":\"https:\\\/\\\/tegos-group.com\\\/en\\\/#website\"},\"datePublished\":\"2023-05-03T13:16:52+00:00\",\"dateModified\":\"2025-07-30T13:03:23+00:00\",\"breadcrumb\":{\"@id\":\"https:\\\/\\\/tegos-group.com\\\/en\\\/who-we-look-for\\\/#breadcrumb\"},\"inLanguage\":\"en-US\",\"potentialAction\":[{\"@type\":\"ReadAction\",\"target\":[\"https:\\\/\\\/tegos-group.com\\\/en\\\/who-we-look-for\\\/\"]}]},{\"@type\":\"BreadcrumbList\",\"@id\":\"https:\\\/\\\/tegos-group.com\\\/en\\\/who-we-look-for\\\/#breadcrumb\",\"itemListElement\":[{\"@type\":\"ListItem\",\"position\":1,\"name\":\"Home\",\"item\":\"https:\\\/\\\/tegos-group.com\\\/en\\\/\"},{\"@type\":\"ListItem\",\"position\":2,\"name\":\"Who we are looking for\"}]},{\"@type\":\"WebSite\",\"@id\":\"https:\\\/\\\/tegos-group.com\\\/en\\\/#website\",\"url\":\"https:\\\/\\\/tegos-group.com\\\/en\\\/\",\"name\":\"tegosgroup: Experten f\u00fcr Abfallwirtschaft, Entsorgung &amp; Recycling Software\",\"description\":\"Ma\u00dfgeschneiderte L\u00f6sungen f\u00fcr Abfallmanagement, EANV &amp; Schrotthandel\",\"potentialAction\":[{\"@type\":\"SearchAction\",\"target\":{\"@type\":\"EntryPoint\",\"urlTemplate\":\"https:\\\/\\\/tegos-group.com\\\/en\\\/?s={search_term_string}\"},\"query-input\":{\"@type\":\"PropertyValueSpecification\",\"valueRequired\":true,\"valueName\":\"search_term_string\"}}],\"inLanguage\":\"en-US\"}]}<\/script>\n<!-- \/ Yoast SEO plugin. -->","yoast_head_json":{"title":"Who we are looking for - tegosgroup: Experten f\u00fcr Abfallwirtschaft, Entsorgung &amp; Recycling Software","robots":{"index":"index","follow":"follow","max-snippet":"max-snippet:-1","max-image-preview":"max-image-preview:large","max-video-preview":"max-video-preview:-1"},"canonical":"https:\/\/tegos-group.com\/en\/who-we-look-for\/","og_locale":"en_US","og_type":"article","og_title":"Who we are looking for - tegosgroup: Experten f\u00fcr Abfallwirtschaft, Entsorgung &amp; Recycling Software","og_url":"https:\/\/tegos-group.com\/en\/who-we-look-for\/","og_site_name":"tegosgroup: Experten f\u00fcr Abfallwirtschaft, Entsorgung &amp; Recycling Software","article_modified_time":"2025-07-30T13:03:23+00:00","twitter_card":"summary_large_image","schema":{"@context":"https:\/\/schema.org","@graph":[{"@type":"WebPage","@id":"https:\/\/tegos-group.com\/en\/who-we-look-for\/","url":"https:\/\/tegos-group.com\/en\/who-we-look-for\/","name":"Who we are looking for - tegosgroup: Experten f\u00fcr Abfallwirtschaft, Entsorgung &amp; Recycling Software","isPartOf":{"@id":"https:\/\/tegos-group.com\/en\/#website"},"datePublished":"2023-05-03T13:16:52+00:00","dateModified":"2025-07-30T13:03:23+00:00","breadcrumb":{"@id":"https:\/\/tegos-group.com\/en\/who-we-look-for\/#breadcrumb"},"inLanguage":"en-US","potentialAction":[{"@type":"ReadAction","target":["https:\/\/tegos-group.com\/en\/who-we-look-for\/"]}]},{"@type":"BreadcrumbList","@id":"https:\/\/tegos-group.com\/en\/who-we-look-for\/#breadcrumb","itemListElement":[{"@type":"ListItem","position":1,"name":"Home","item":"https:\/\/tegos-group.com\/en\/"},{"@type":"ListItem","position":2,"name":"Who we are looking for"}]},{"@type":"WebSite","@id":"https:\/\/tegos-group.com\/en\/#website","url":"https:\/\/tegos-group.com\/en\/","name":"tegosgroup: Experten f\u00fcr Abfallwirtschaft, Entsorgung &amp; Recycling Software","description":"Ma\u00dfgeschneiderte L\u00f6sungen f\u00fcr Abfallmanagement, EANV &amp; Schrotthandel","potentialAction":[{"@type":"SearchAction","target":{"@type":"EntryPoint","urlTemplate":"https:\/\/tegos-group.com\/en\/?s={search_term_string}"},"query-input":{"@type":"PropertyValueSpecification","valueRequired":true,"valueName":"search_term_string"}}],"inLanguage":"en-US"}]}},"_links":{"self":[{"href":"https:\/\/tegos-group.com\/en\/wp-json\/wp\/v2\/pages\/4967","targetHints":{"allow":["GET"]}}],"collection":[{"href":"https:\/\/tegos-group.com\/en\/wp-json\/wp\/v2\/pages"}],"about":[{"href":"https:\/\/tegos-group.com\/en\/wp-json\/wp\/v2\/types\/page"}],"author":[{"embeddable":true,"href":"https:\/\/tegos-group.com\/en\/wp-json\/wp\/v2\/users\/9"}],"replies":[{"embeddable":true,"href":"https:\/\/tegos-group.com\/en\/wp-json\/wp\/v2\/comments?post=4967"}],"version-history":[{"count":25,"href":"https:\/\/tegos-group.com\/en\/wp-json\/wp\/v2\/pages\/4967\/revisions"}],"predecessor-version":[{"id":14283,"href":"https:\/\/tegos-group.com\/en\/wp-json\/wp\/v2\/pages\/4967\/revisions\/14283"}],"wp:attachment":[{"href":"https:\/\/tegos-group.com\/en\/wp-json\/wp\/v2\/media?parent=4967"}],"curies":[{"name":"wp","href":"https:\/\/api.w.org\/{rel}","templated":true}]}}