{"id":4994,"date":"2023-05-03T15:28:29","date_gmt":"2023-05-03T13:28:29","guid":{"rendered":"https:\/\/www.tegos-group.com\/?page_id=4994"},"modified":"2025-02-26T16:15:27","modified_gmt":"2025-02-26T15:15:27","slug":"about-tegosgroup","status":"publish","type":"page","link":"https:\/\/tegos-group.com\/en\/about-us\/about-tegosgroup\/","title":{"rendered":"About tegosgroup"},"content":{"rendered":"\n  <section class=\"section section--no-padding bg hero\">\n      \n    <div class=\"swiper-container slider\">\n      <div class=\"swiper-wrapper\">\n\n                  \n            <div class=\"swiper-slide slider__slide hero__slide bg bg--blue bg--gradient\">\n              <div class=\"container\">\n\n                <div class=\"hero__slide-content\">\n                  \n                                      <h2 class=\"h1 hero__title text--display\">Pioneers into the digital future: tegosgroup<\/h2>\n                  \n                                      <p class=\"hero__description\">#SimplyMoreEfficient<\/p>\n                  \n                                  <\/div>\n\n                \n\n<div class=\"jar jar--5 \">\n  <div class=\"jar__pickle \">\n      <\/div>\n\n  <div class=\"jar__pickle\"><\/div>\n  <div class=\"jar__pickle\"><\/div>\n  <div class=\"jar__pickle\"><\/div>\n<\/div>\n              <\/div><!-- slide-content -->\n            <\/div>\n                  \n      <\/div><!-- swiper-wrapper -->\n      \n                        <\/div><!-- swiper-container -->\n    \n  <\/section>\n\n\n\n\n\n  <section class=\"section image-link-text  \">\n    <div class=\"container\">\n      <div class=\"image-link-text__slider\">\n        <div class=\"swiper-wrapper\">\n    \n          \n            <div class=\"image-link-text__slide swiper-slide image-link-text__slide--60 \">\n              <div class=\"image-link-text__side image-link-text__content-wrapper\">\n                <div class=\"image-link-text__content launimation slideBottom\">\n\n                    \n                    <h2 class=\"image-link-text__title\">One way, one future &#8211; One tegos!<\/h2>                    <p>Under the term &#8220;One-tegos&#8221;, we unite more than 150 employees company-wide, countless ideas for innovative business solutions and a great deal of industry expertise. For more than 20 years, our IT solutions have ensured the competitiveness of our customers in the waste disposal and recycling industry as well as the metal and scrap metal trade.<\/p>\n<p>Based on our many years of experience in the industry, we work together with you, our customers, to develop customized solutions that will help you master the challenges of tomorrow &#8211; increasing documentation requirements, fluctuating raw material prices, international market interdependencies, and much more.<\/p>\n                    \n                    \n                <\/div><!-- content -->\n              <\/div><!-- side 1 -->\n\n              <div class=\"image-link-text__side image-link-text__image-wrapper launimation slideBottom\">\n                                  \n                    <img loading=\"lazy\" data-src=\"https:\/\/tegos-group.com\/wp-content\/uploads\/2023\/05\/2023-05-05_16h00_27-1024x600.png\" data-srcset=\"https:\/\/tegos-group.com\/wp-content\/uploads\/2023\/05\/2023-05-05_16h00_27.png 1920w, https:\/\/tegos-group.com\/wp-content\/uploads\/2023\/05\/2023-05-05_16h00_27.png 1600w, https:\/\/tegos-group.com\/wp-content\/uploads\/2023\/05\/2023-05-05_16h00_27-1311x768.png 1366w, https:\/\/tegos-group.com\/wp-content\/uploads\/2023\/05\/2023-05-05_16h00_27-983x576.png 1024w, https:\/\/tegos-group.com\/wp-content\/uploads\/2023\/05\/2023-05-05_16h00_27-737x432.png 768w, https:\/\/tegos-group.com\/wp-content\/uploads\/2023\/05\/2023-05-05_16h00_27-527x309.png 550w\" class=\"image-link-text__image\" alt=\"\"  width=\"1024\"  height=\"600\">\n                                  \n                <div class=\"slider__pagination slider__pagination--relative slider__pagination--colored image-link-text__pagination\"><\/div>\n              <\/div><!-- side 2 -->\n            <\/div><!-- slide -->\n                \n        <\/div><!-- swiper-wrapper -->\n      <\/div><!-- slider -->\n\n          <\/div><!-- container -->\n  <\/section>\n\n\n\n\n\n\n  <section class=\"section image-link-text  \">\n    <div class=\"container\">\n      <div class=\"image-link-text__slider\">\n        <div class=\"swiper-wrapper\">\n    \n          \n            <div class=\"image-link-text__slide swiper-slide image-link-text__slide--60 image-link-text__slide--reversed\">\n              <div class=\"image-link-text__side image-link-text__content-wrapper\">\n                <div class=\"image-link-text__content launimation slideBottom\">\n\n                    \n                    <h2 class=\"image-link-text__title\">Together #dothingsdifferently<\/h2>                    <p>350 customers in 25 countries count on our software solutions &#8211; based on the future-proof technology of Microsoft Dynamics 365 Business Central. <\/p>\n<p>Whether at the scales, in accounting, in quality control or in logistics: for more than 8900 users, the use of our industry solutions enwis and comotor has decisively changed their working lives and simplified many things. Practical add-ons (e.g. clever scheduling solutions) and innovative apps, such as the Trader app for metal traders, round off our service portfolio.<\/p>\n                    \n                    \n                <\/div><!-- content -->\n              <\/div><!-- side 1 -->\n\n              <div class=\"image-link-text__side image-link-text__image-wrapper launimation slideBottom\">\n                                  \n                    <img loading=\"lazy\" data-src=\"https:\/\/tegos-group.com\/wp-content\/uploads\/2023\/05\/2023-05-05_16h00_52.png\" data-srcset=\"https:\/\/tegos-group.com\/wp-content\/uploads\/2023\/05\/2023-05-05_16h00_52.png 1920w, https:\/\/tegos-group.com\/wp-content\/uploads\/2023\/05\/2023-05-05_16h00_52.png 1600w, https:\/\/tegos-group.com\/wp-content\/uploads\/2023\/05\/2023-05-05_16h00_52.png 1366w, https:\/\/tegos-group.com\/wp-content\/uploads\/2023\/05\/2023-05-05_16h00_52.png 1024w, https:\/\/tegos-group.com\/wp-content\/uploads\/2023\/05\/2023-05-05_16h00_52-671x432.png 768w, https:\/\/tegos-group.com\/wp-content\/uploads\/2023\/05\/2023-05-05_16h00_52-480x309.png 550w\" class=\"image-link-text__image\" alt=\"\"  width=\"862\"  height=\"555\">\n                                  \n                <div class=\"slider__pagination slider__pagination--relative slider__pagination--colored image-link-text__pagination\"><\/div>\n              <\/div><!-- side 2 -->\n            <\/div><!-- slide -->\n                \n        <\/div><!-- swiper-wrapper -->\n      <\/div><!-- slider -->\n\n          <\/div><!-- container -->\n  <\/section>\n\n\n\n\n\n<section class=\"section hero-text \">\n  <div class=\"container\">\n\n          <h2>Mission Statement<\/h2>\n    \n          <p>We empower organizations worldwide to protect our environment more efficiently. As the leading digitalizer of an entire industry, we enable companies in the circular economy to be more productive and efficient.<\/p>\n    \n  <\/div>\n<\/section>\n\n\n\n\n  \n    <section class=\"section values \">\n      <div class=\"container\">\n\n                  <h2 class=\"values__heading text--center\">Our Values<\/h2>\n        \n        <div class=\"values__container\">\n\n          <div class=\"values__items\">\n            \n              <div class=\"values__item-wrapper\">\n                <div class=\"values__item bg bg--blue\">\n\n                  <button class=\"values__title text--center\">\n                    <h3>Exellence<\/h3>\n                  <\/button>\n\n                  <div class=\"values__text-container\">\n                    <div class=\"values__text paragraph\">\n                      <ul>\n<li>Innovation<\/li>\n<li>Efficiency<\/li>\n<li>Quality<\/li>\n<li>Sustainability<\/li>\n<\/ul>\n                    <\/div>\n                  <\/div>\n\n                <\/div>\n              <\/div>\n\n            \n              <div class=\"values__item-wrapper\">\n                <div class=\"values__item bg bg--blue\">\n\n                  <button class=\"values__title text--center\">\n                    <h3>Appreciation<\/h3>\n                  <\/button>\n\n                  <div class=\"values__text-container\">\n                    <div class=\"values__text paragraph\">\n                      <ul>\n<li>Trust<\/li>\n<li>Fairness<\/li>\n<li>Error culture<\/li>\n<li>Loyalty<\/li>\n<li>Reliability<\/li>\n<\/ul>\n                    <\/div>\n                  <\/div>\n\n                <\/div>\n              <\/div>\n\n            \n              <div class=\"values__item-wrapper\">\n                <div class=\"values__item bg bg--blue\">\n\n                  <button class=\"values__title text--center\">\n                    <h3>Pioneer spirit<\/h3>\n                  <\/button>\n\n                  <div class=\"values__text-container\">\n                    <div class=\"values__text paragraph\">\n                      <ul>\n<li>Curiosity<\/li>\n<li>Courage<\/li>\n<li>Openness<\/li>\n<li>Passion<\/li>\n<\/ul>\n                    <\/div>\n                  <\/div>\n\n                <\/div>\n              <\/div>\n\n            \n              <div class=\"values__item-wrapper\">\n                <div class=\"values__item bg bg--blue\">\n\n                  <button class=\"values__title text--center\">\n                    <h3>Responsibilty<\/h3>\n                  <\/button>\n\n                  <div class=\"values__text-container\">\n                    <div class=\"values__text paragraph\">\n                      <ul>\n<li>Self-responsibility<\/li>\n<li>Self-organization<\/li>\n<li>Support<\/li>\n<\/ul>\n                    <\/div>\n                  <\/div>\n\n                <\/div>\n              <\/div>\n\n                      <\/div><!-- values__content -->\n\n        <\/div><!-- values__container -->\n\n      <\/div>\n    <\/section>\n\n  \n\n\n\n  <section class=\"section video    \">\n    <div class=\"container\">\n            \n      <div class=\"video__wrapper\">\n                              <img loading=\"lazy\" decoding=\"async\" class=\"video__embed-poster\" size=\"fullscreen\" src=\"https:\/\/img.youtube.com\/vi\/s7oqtk9OfuY\/maxresdefault.jpg\" width=\"1280\"  height=\"720\">\n                    \n          <div class=\"video__fullscreen\">\n            <div class=\"video__fullscreen-wrapper\">\n              <iframe loading=\"lazy\" title=\"\ud835\ude01\ud835\uddf2\ud835\uddf4\ud835\uddfc\ud835\ude00group EN\" width=\"500\" height=\"281\" src=\"about:blank\" data-lazysrc=\"https:\/\/www.youtube.com\/embed\/s7oqtk9OfuY\" frameborder=\"0\" allow=\"accelerometer; autoplay; clipboard-write; encrypted-media; gyroscope; picture-in-picture; web-share\" referrerpolicy=\"strict-origin-when-cross-origin\" allowfullscreen><\/iframe>            <\/div>\n\n            <button class=\"video__close\">\n              <span>Schlie\u00dfen<\/span>\n            <\/button>\n          <\/div>\n          \n        \n        <button class=\"video__play\">\n          <span>Abspielen<\/span>\n        <\/button>\n      <\/div>\n\n    <\/div>\n  <\/section>\n\n","protected":false},"excerpt":{"rendered":"","protected":false},"author":9,"featured_media":0,"parent":4990,"menu_order":0,"comment_status":"closed","ping_status":"closed","template":"","meta":{"_acf_changed":false,"footnotes":""},"class_list":["post-4994","page","type-page","status-publish","hentry"],"acf":[],"yoast_head":"<!-- This site is optimized with the Yoast SEO plugin v27.3 - https:\/\/yoast.com\/product\/yoast-seo-wordpress\/ -->\n<title>About tegosgroup - tegosgroup: Experten f\u00fcr Abfallwirtschaft, Entsorgung &amp; Recycling Software<\/title>\n<meta name=\"robots\" content=\"index, follow, max-snippet:-1, max-image-preview:large, max-video-preview:-1\" \/>\n<link rel=\"canonical\" href=\"https:\/\/tegos-group.com\/en\/about-us\/about-tegosgroup\/\" \/>\n<meta property=\"og:locale\" content=\"en_US\" \/>\n<meta property=\"og:type\" content=\"article\" \/>\n<meta property=\"og:title\" content=\"About tegosgroup - tegosgroup: Experten f\u00fcr Abfallwirtschaft, Entsorgung &amp; Recycling Software\" \/>\n<meta property=\"og:url\" content=\"https:\/\/tegos-group.com\/en\/about-us\/about-tegosgroup\/\" \/>\n<meta property=\"og:site_name\" content=\"tegosgroup: Experten f\u00fcr Abfallwirtschaft, Entsorgung &amp; Recycling Software\" \/>\n<meta property=\"article:modified_time\" content=\"2025-02-26T15:15:27+00:00\" \/>\n<meta name=\"twitter:card\" content=\"summary_large_image\" \/>\n<script type=\"application\/ld+json\" class=\"yoast-schema-graph\">{\"@context\":\"https:\\\/\\\/schema.org\",\"@graph\":[{\"@type\":\"WebPage\",\"@id\":\"https:\\\/\\\/tegos-group.com\\\/en\\\/about-us\\\/about-tegosgroup\\\/\",\"url\":\"https:\\\/\\\/tegos-group.com\\\/en\\\/about-us\\\/about-tegosgroup\\\/\",\"name\":\"About tegosgroup - tegosgroup: Experten f\u00fcr Abfallwirtschaft, Entsorgung &amp; Recycling Software\",\"isPartOf\":{\"@id\":\"https:\\\/\\\/tegos-group.com\\\/en\\\/#website\"},\"datePublished\":\"2023-05-03T13:28:29+00:00\",\"dateModified\":\"2025-02-26T15:15:27+00:00\",\"breadcrumb\":{\"@id\":\"https:\\\/\\\/tegos-group.com\\\/en\\\/about-us\\\/about-tegosgroup\\\/#breadcrumb\"},\"inLanguage\":\"en-US\",\"potentialAction\":[{\"@type\":\"ReadAction\",\"target\":[\"https:\\\/\\\/tegos-group.com\\\/en\\\/about-us\\\/about-tegosgroup\\\/\"]}]},{\"@type\":\"BreadcrumbList\",\"@id\":\"https:\\\/\\\/tegos-group.com\\\/en\\\/about-us\\\/about-tegosgroup\\\/#breadcrumb\",\"itemListElement\":[{\"@type\":\"ListItem\",\"position\":1,\"name\":\"Home\",\"item\":\"https:\\\/\\\/tegos-group.com\\\/en\\\/\"},{\"@type\":\"ListItem\",\"position\":2,\"name\":\"About us\",\"item\":\"https:\\\/\\\/tegos-group.com\\\/en\\\/about-us\\\/\"},{\"@type\":\"ListItem\",\"position\":3,\"name\":\"About tegosgroup\"}]},{\"@type\":\"WebSite\",\"@id\":\"https:\\\/\\\/tegos-group.com\\\/en\\\/#website\",\"url\":\"https:\\\/\\\/tegos-group.com\\\/en\\\/\",\"name\":\"tegosgroup: Experten f\u00fcr Abfallwirtschaft, Entsorgung &amp; Recycling Software\",\"description\":\"Ma\u00dfgeschneiderte L\u00f6sungen f\u00fcr Abfallmanagement, EANV &amp; Schrotthandel\",\"potentialAction\":[{\"@type\":\"SearchAction\",\"target\":{\"@type\":\"EntryPoint\",\"urlTemplate\":\"https:\\\/\\\/tegos-group.com\\\/en\\\/?s={search_term_string}\"},\"query-input\":{\"@type\":\"PropertyValueSpecification\",\"valueRequired\":true,\"valueName\":\"search_term_string\"}}],\"inLanguage\":\"en-US\"}]}<\/script>\n<!-- \/ Yoast SEO plugin. -->","yoast_head_json":{"title":"About tegosgroup - tegosgroup: Experten f\u00fcr Abfallwirtschaft, Entsorgung &amp; Recycling Software","robots":{"index":"index","follow":"follow","max-snippet":"max-snippet:-1","max-image-preview":"max-image-preview:large","max-video-preview":"max-video-preview:-1"},"canonical":"https:\/\/tegos-group.com\/en\/about-us\/about-tegosgroup\/","og_locale":"en_US","og_type":"article","og_title":"About tegosgroup - tegosgroup: Experten f\u00fcr Abfallwirtschaft, Entsorgung &amp; Recycling Software","og_url":"https:\/\/tegos-group.com\/en\/about-us\/about-tegosgroup\/","og_site_name":"tegosgroup: Experten f\u00fcr Abfallwirtschaft, Entsorgung &amp; Recycling Software","article_modified_time":"2025-02-26T15:15:27+00:00","twitter_card":"summary_large_image","schema":{"@context":"https:\/\/schema.org","@graph":[{"@type":"WebPage","@id":"https:\/\/tegos-group.com\/en\/about-us\/about-tegosgroup\/","url":"https:\/\/tegos-group.com\/en\/about-us\/about-tegosgroup\/","name":"About tegosgroup - tegosgroup: Experten f\u00fcr Abfallwirtschaft, Entsorgung &amp; Recycling Software","isPartOf":{"@id":"https:\/\/tegos-group.com\/en\/#website"},"datePublished":"2023-05-03T13:28:29+00:00","dateModified":"2025-02-26T15:15:27+00:00","breadcrumb":{"@id":"https:\/\/tegos-group.com\/en\/about-us\/about-tegosgroup\/#breadcrumb"},"inLanguage":"en-US","potentialAction":[{"@type":"ReadAction","target":["https:\/\/tegos-group.com\/en\/about-us\/about-tegosgroup\/"]}]},{"@type":"BreadcrumbList","@id":"https:\/\/tegos-group.com\/en\/about-us\/about-tegosgroup\/#breadcrumb","itemListElement":[{"@type":"ListItem","position":1,"name":"Home","item":"https:\/\/tegos-group.com\/en\/"},{"@type":"ListItem","position":2,"name":"About us","item":"https:\/\/tegos-group.com\/en\/about-us\/"},{"@type":"ListItem","position":3,"name":"About tegosgroup"}]},{"@type":"WebSite","@id":"https:\/\/tegos-group.com\/en\/#website","url":"https:\/\/tegos-group.com\/en\/","name":"tegosgroup: Experten f\u00fcr Abfallwirtschaft, Entsorgung &amp; Recycling Software","description":"Ma\u00dfgeschneiderte L\u00f6sungen f\u00fcr Abfallmanagement, EANV &amp; Schrotthandel","potentialAction":[{"@type":"SearchAction","target":{"@type":"EntryPoint","urlTemplate":"https:\/\/tegos-group.com\/en\/?s={search_term_string}"},"query-input":{"@type":"PropertyValueSpecification","valueRequired":true,"valueName":"search_term_string"}}],"inLanguage":"en-US"}]}},"_links":{"self":[{"href":"https:\/\/tegos-group.com\/en\/wp-json\/wp\/v2\/pages\/4994","targetHints":{"allow":["GET"]}}],"collection":[{"href":"https:\/\/tegos-group.com\/en\/wp-json\/wp\/v2\/pages"}],"about":[{"href":"https:\/\/tegos-group.com\/en\/wp-json\/wp\/v2\/types\/page"}],"author":[{"embeddable":true,"href":"https:\/\/tegos-group.com\/en\/wp-json\/wp\/v2\/users\/9"}],"replies":[{"embeddable":true,"href":"https:\/\/tegos-group.com\/en\/wp-json\/wp\/v2\/comments?post=4994"}],"version-history":[{"count":27,"href":"https:\/\/tegos-group.com\/en\/wp-json\/wp\/v2\/pages\/4994\/revisions"}],"predecessor-version":[{"id":13642,"href":"https:\/\/tegos-group.com\/en\/wp-json\/wp\/v2\/pages\/4994\/revisions\/13642"}],"up":[{"embeddable":true,"href":"https:\/\/tegos-group.com\/en\/wp-json\/wp\/v2\/pages\/4990"}],"wp:attachment":[{"href":"https:\/\/tegos-group.com\/en\/wp-json\/wp\/v2\/media?parent=4994"}],"curies":[{"name":"wp","href":"https:\/\/api.w.org\/{rel}","templated":true}]}}