{"id":5030,"date":"2023-05-31T10:35:59","date_gmt":"2023-05-31T08:35:59","guid":{"rendered":"https:\/\/www.tegos-group.com\/?page_id=5030"},"modified":"2025-10-21T16:43:19","modified_gmt":"2025-10-21T14:43:19","slug":"legal-notice","status":"publish","type":"page","link":"https:\/\/tegos-group.com\/en\/legal-notice\/","title":{"rendered":"Legal Notice"},"content":{"rendered":"\n<h2 class=\"wp-block-heading\">Imprint<\/h2>\n\n\n\n<p>tegos GmbH<br>Oslostra\u00dfe 2 \u00b7 D-44269 Dortmund<\/p>\n\n\n\n<p>Fon +49 231 31776-200<br>Fax +49 231 31776-199<br>E-Mail <a href=\"mailto:info@tegos.eu\">info@tegos.eu<\/a><\/p>\n\n\n\n<p>CEO:<br>Andreas Kullmann, Ralf Linnemann<\/p>\n\n\n\n<p>Registration Court: Amtsgericht Dortmund<br>HRB 12306 | USt.-ID-Nr. DE 203205467<\/p>\n\n\n\n<p><strong>This imprint also applies to our Facebook, Xing, LinkedIn and YouTube page<\/strong><\/p>\n\n\n\n<h4 class=\"wp-block-heading\">Picture Credits<\/h4>\n\n\n\n<ul class=\"wp-block-list\">\n<li>\u00a9 Willrow Hood |&nbsp;<a href=\"https:\/\/www.shutterstock.com\/de\/\" target=\"_blank\" rel=\"noreferrer noopener\">shutterstock<\/a><\/li>\n\n\n\n<li>\u00a9 mini_citizens |&nbsp;<a href=\"https:\/\/www.shutterstock.com\/de\/\" target=\"_blank\" rel=\"noreferrer noopener\">shutterstock<\/a><\/li>\n\n\n\n<li>\u00a9 AM-STUDiO |&nbsp;<a href=\"https:\/\/www.shutterstock.com\/de\/\" target=\"_blank\" rel=\"noreferrer noopener\">shutterstock<\/a><\/li>\n\n\n\n<li>\u00a9 Yuri Turkov |&nbsp;<a href=\"https:\/\/www.shutterstock.com\/de\/\" target=\"_blank\" rel=\"noreferrer noopener\">shutterstock<\/a><\/li>\n\n\n\n<li>\u00a9 Fevt |&nbsp;<a href=\"https:\/\/www.shutterstock.com\/de\/\" target=\"_blank\" rel=\"noreferrer noopener\">shutterstock<\/a><\/li>\n\n\n\n<li>\u00a9 Ba dins |&nbsp;<a href=\"https:\/\/www.shutterstock.com\/de\/\" target=\"_blank\" rel=\"noreferrer noopener\">shutterstock<\/a><\/li>\n\n\n\n<li>\u00a9 zaidi razak |&nbsp;<a href=\"https:\/\/www.shutterstock.com\/de\/\" target=\"_blank\" rel=\"noreferrer noopener\">shutterstock<\/a><\/li>\n\n\n\n<li>\u00a9 Mopic |&nbsp;<a href=\"https:\/\/www.shutterstock.com\/de\/\" target=\"_blank\" rel=\"noreferrer noopener\">shutterstock<\/a><\/li>\n\n\n\n<li>\u00a9 MeskPhotography |&nbsp;<a href=\"https:\/\/www.shutterstock.com\/de\/\" target=\"_blank\" rel=\"noreferrer noopener\">shutterstock<\/a><\/li>\n\n\n\n<li>\u00a9 Tupungato |&nbsp;<a href=\"https:\/\/www.shutterstock.com\/de\/\" target=\"_blank\" rel=\"noreferrer noopener\">shutterstock<\/a><\/li>\n\n\n\n<li>\u00a9 Shahid Khan |&nbsp;<a href=\"https:\/\/www.shutterstock.com\/de\/\" target=\"_blank\" rel=\"noreferrer noopener\">shutterstock<\/a><\/li>\n\n\n\n<li>\u00a9 ESB Professional |&nbsp;<a href=\"https:\/\/www.shutterstock.com\/de\/\" target=\"_blank\" rel=\"noreferrer noopener\">shutterstock<\/a><\/li>\n\n\n\n<li>\u00a9 Bubbers BB |&nbsp;<a href=\"https:\/\/www.shutterstock.com\/de\/\" target=\"_blank\" rel=\"noreferrer noopener\">shutterstock<\/a><\/li>\n\n\n\n<li>\u00a9 Rawpixel.com |&nbsp;<a href=\"https:\/\/www.shutterstock.com\/de\/\" target=\"_blank\" rel=\"noreferrer noopener\">shutterstock<\/a><\/li>\n\n\n\n<li>\u00a9 GaudiLab |&nbsp;<a href=\"https:\/\/www.shutterstock.com\/de\/\" target=\"_blank\" rel=\"noreferrer noopener\">shutterstock<\/a><\/li>\n\n\n\n<li>\u00a9 Narith Thongphasuk |&nbsp;<a href=\"https:\/\/www.shutterstock.com\/de\/\" target=\"_blank\" rel=\"noreferrer noopener\">shutterstock<\/a><\/li>\n\n\n\n<li>\u00a9 AKKHARAT JARUSILAWONG |&nbsp;<a href=\"https:\/\/www.shutterstock.com\/de\/\" target=\"_blank\" rel=\"noreferrer noopener\">shutterstock<\/a><\/li>\n<\/ul>\n\n\n\n<p><strong>Conception, design and development<\/strong><\/p>\n\n\n\n<p>The Berlin design agency LAUDO creates outstanding ecosystems, identities and websites for digital products and concise <a href=\"https:\/\/lau.do\/en\/branding-agency\/\">brandings<\/a> for leading brands. The services of the <a href=\"https:\/\/lau.do\/en\/webdesign-berlin\/\">web design agency<\/a> range from in-depth <a href=\"https:\/\/lau.do\/en\/seo-consulting-berlin\/\">SEO consulting<\/a> and <a href=\"https:\/\/lau.do\/en\/website-relaunch-workshop\/\">website relaunch workshops<\/a> to the realization of professional and unique <a href=\"https:\/\/lau.do\/en\/branding-workshop\/\">corporate presences<\/a><\/p>\n\n\n\n<p>LAUDO Design Agency GmbH<br>Erkelenzdamm 59-61<br>10999 Berlin<br><a href=\"https:\/\/www.lau.do\">www.lau.do<\/a><\/p>\n\n\n\n<h4 class=\"wp-block-heading\">Dispute resolution proceedings in front of a consumer arbitration board<\/h4>\n\n\n\n<p>We are not willing or obliged to participate in dispute resolution proceedings in front of a consumer arbitration board.<\/p>\n","protected":false},"excerpt":{"rendered":"<p>Imprint tegos GmbHOslostra\u00dfe 2 \u00b7 D-44269 Dortmund Fon +49 231 31776-200Fax +49 231 31776-199E-Mail info@tegos.eu CEO:Andreas Kullmann, Ralf Linnemann Registration Court: Amtsgericht DortmundHRB 12306 | USt.-ID-Nr. DE 203205467 This imprint also applies to our Facebook, Xing, LinkedIn and YouTube page Picture Credits Conception, design and development The Berlin design agency&#8230;<\/p>\n","protected":false},"author":1,"featured_media":0,"parent":0,"menu_order":0,"comment_status":"closed","ping_status":"closed","template":"","meta":{"_acf_changed":false,"footnotes":""},"class_list":["post-5030","page","type-page","status-publish","hentry"],"acf":[],"yoast_head":"<!-- This site is optimized with the Yoast SEO plugin v27.4 - https:\/\/yoast.com\/product\/yoast-seo-wordpress\/ -->\n<title>Legal Notice - tegosgroup: Experten f\u00fcr Abfallwirtschaft, Entsorgung &amp; Recycling Software<\/title>\n<meta name=\"robots\" content=\"index, follow, max-snippet:-1, max-image-preview:large, max-video-preview:-1\" \/>\n<link rel=\"canonical\" href=\"https:\/\/tegos-group.com\/en\/legal-notice\/\" \/>\n<meta property=\"og:locale\" content=\"en_US\" \/>\n<meta property=\"og:type\" content=\"article\" \/>\n<meta property=\"og:title\" content=\"Legal Notice - tegosgroup: Experten f\u00fcr Abfallwirtschaft, Entsorgung &amp; Recycling Software\" \/>\n<meta property=\"og:description\" content=\"Imprint tegos GmbHOslostra\u00dfe 2 \u00b7 D-44269 Dortmund Fon +49 231 31776-200Fax +49 231 31776-199E-Mail info@tegos.eu CEO:Andreas Kullmann, Ralf Linnemann Registration Court: Amtsgericht DortmundHRB 12306 | USt.-ID-Nr. DE 203205467 This imprint also applies to our Facebook, Xing, LinkedIn and YouTube page Picture Credits Conception, design and development The Berlin design agency...\" \/>\n<meta property=\"og:url\" content=\"https:\/\/tegos-group.com\/en\/legal-notice\/\" \/>\n<meta property=\"og:site_name\" content=\"tegosgroup: Experten f\u00fcr Abfallwirtschaft, Entsorgung &amp; Recycling Software\" \/>\n<meta property=\"article:modified_time\" content=\"2025-10-21T14:43:19+00:00\" \/>\n<meta name=\"twitter:card\" content=\"summary_large_image\" \/>\n<meta name=\"twitter:label1\" content=\"Est. reading time\" \/>\n\t<meta name=\"twitter:data1\" content=\"2 minutes\" \/>\n<script type=\"application\/ld+json\" class=\"yoast-schema-graph\">{\"@context\":\"https:\\\/\\\/schema.org\",\"@graph\":[{\"@type\":\"WebPage\",\"@id\":\"https:\\\/\\\/tegos-group.com\\\/en\\\/legal-notice\\\/\",\"url\":\"https:\\\/\\\/tegos-group.com\\\/en\\\/legal-notice\\\/\",\"name\":\"Legal Notice - tegosgroup: Experten f\u00fcr Abfallwirtschaft, Entsorgung &amp; Recycling Software\",\"isPartOf\":{\"@id\":\"https:\\\/\\\/tegos-group.com\\\/en\\\/#website\"},\"datePublished\":\"2023-05-31T08:35:59+00:00\",\"dateModified\":\"2025-10-21T14:43:19+00:00\",\"breadcrumb\":{\"@id\":\"https:\\\/\\\/tegos-group.com\\\/en\\\/legal-notice\\\/#breadcrumb\"},\"inLanguage\":\"en-US\",\"potentialAction\":[{\"@type\":\"ReadAction\",\"target\":[\"https:\\\/\\\/tegos-group.com\\\/en\\\/legal-notice\\\/\"]}]},{\"@type\":\"BreadcrumbList\",\"@id\":\"https:\\\/\\\/tegos-group.com\\\/en\\\/legal-notice\\\/#breadcrumb\",\"itemListElement\":[{\"@type\":\"ListItem\",\"position\":1,\"name\":\"Home\",\"item\":\"https:\\\/\\\/tegos-group.com\\\/en\\\/\"},{\"@type\":\"ListItem\",\"position\":2,\"name\":\"Legal Notice\"}]},{\"@type\":\"WebSite\",\"@id\":\"https:\\\/\\\/tegos-group.com\\\/en\\\/#website\",\"url\":\"https:\\\/\\\/tegos-group.com\\\/en\\\/\",\"name\":\"tegosgroup: Experten f\u00fcr Abfallwirtschaft, Entsorgung &amp; Recycling Software\",\"description\":\"Ma\u00dfgeschneiderte L\u00f6sungen f\u00fcr Abfallmanagement, EANV &amp; Schrotthandel\",\"potentialAction\":[{\"@type\":\"SearchAction\",\"target\":{\"@type\":\"EntryPoint\",\"urlTemplate\":\"https:\\\/\\\/tegos-group.com\\\/en\\\/?s={search_term_string}\"},\"query-input\":{\"@type\":\"PropertyValueSpecification\",\"valueRequired\":true,\"valueName\":\"search_term_string\"}}],\"inLanguage\":\"en-US\"}]}<\/script>\n<!-- \/ Yoast SEO plugin. -->","yoast_head_json":{"title":"Legal Notice - tegosgroup: Experten f\u00fcr Abfallwirtschaft, Entsorgung &amp; Recycling Software","robots":{"index":"index","follow":"follow","max-snippet":"max-snippet:-1","max-image-preview":"max-image-preview:large","max-video-preview":"max-video-preview:-1"},"canonical":"https:\/\/tegos-group.com\/en\/legal-notice\/","og_locale":"en_US","og_type":"article","og_title":"Legal Notice - tegosgroup: Experten f\u00fcr Abfallwirtschaft, Entsorgung &amp; Recycling Software","og_description":"Imprint tegos GmbHOslostra\u00dfe 2 \u00b7 D-44269 Dortmund Fon +49 231 31776-200Fax +49 231 31776-199E-Mail info@tegos.eu CEO:Andreas Kullmann, Ralf Linnemann Registration Court: Amtsgericht DortmundHRB 12306 | USt.-ID-Nr. DE 203205467 This imprint also applies to our Facebook, Xing, LinkedIn and YouTube page Picture Credits Conception, design and development The Berlin design agency...","og_url":"https:\/\/tegos-group.com\/en\/legal-notice\/","og_site_name":"tegosgroup: Experten f\u00fcr Abfallwirtschaft, Entsorgung &amp; Recycling Software","article_modified_time":"2025-10-21T14:43:19+00:00","twitter_card":"summary_large_image","twitter_misc":{"Est. reading time":"2 minutes"},"schema":{"@context":"https:\/\/schema.org","@graph":[{"@type":"WebPage","@id":"https:\/\/tegos-group.com\/en\/legal-notice\/","url":"https:\/\/tegos-group.com\/en\/legal-notice\/","name":"Legal Notice - tegosgroup: Experten f\u00fcr Abfallwirtschaft, Entsorgung &amp; Recycling Software","isPartOf":{"@id":"https:\/\/tegos-group.com\/en\/#website"},"datePublished":"2023-05-31T08:35:59+00:00","dateModified":"2025-10-21T14:43:19+00:00","breadcrumb":{"@id":"https:\/\/tegos-group.com\/en\/legal-notice\/#breadcrumb"},"inLanguage":"en-US","potentialAction":[{"@type":"ReadAction","target":["https:\/\/tegos-group.com\/en\/legal-notice\/"]}]},{"@type":"BreadcrumbList","@id":"https:\/\/tegos-group.com\/en\/legal-notice\/#breadcrumb","itemListElement":[{"@type":"ListItem","position":1,"name":"Home","item":"https:\/\/tegos-group.com\/en\/"},{"@type":"ListItem","position":2,"name":"Legal Notice"}]},{"@type":"WebSite","@id":"https:\/\/tegos-group.com\/en\/#website","url":"https:\/\/tegos-group.com\/en\/","name":"tegosgroup: Experten f\u00fcr Abfallwirtschaft, Entsorgung &amp; Recycling Software","description":"Ma\u00dfgeschneiderte L\u00f6sungen f\u00fcr Abfallmanagement, EANV &amp; Schrotthandel","potentialAction":[{"@type":"SearchAction","target":{"@type":"EntryPoint","urlTemplate":"https:\/\/tegos-group.com\/en\/?s={search_term_string}"},"query-input":{"@type":"PropertyValueSpecification","valueRequired":true,"valueName":"search_term_string"}}],"inLanguage":"en-US"}]}},"_links":{"self":[{"href":"https:\/\/tegos-group.com\/en\/wp-json\/wp\/v2\/pages\/5030","targetHints":{"allow":["GET"]}}],"collection":[{"href":"https:\/\/tegos-group.com\/en\/wp-json\/wp\/v2\/pages"}],"about":[{"href":"https:\/\/tegos-group.com\/en\/wp-json\/wp\/v2\/types\/page"}],"author":[{"embeddable":true,"href":"https:\/\/tegos-group.com\/en\/wp-json\/wp\/v2\/users\/1"}],"replies":[{"embeddable":true,"href":"https:\/\/tegos-group.com\/en\/wp-json\/wp\/v2\/comments?post=5030"}],"version-history":[{"count":8,"href":"https:\/\/tegos-group.com\/en\/wp-json\/wp\/v2\/pages\/5030\/revisions"}],"predecessor-version":[{"id":14322,"href":"https:\/\/tegos-group.com\/en\/wp-json\/wp\/v2\/pages\/5030\/revisions\/14322"}],"wp:attachment":[{"href":"https:\/\/tegos-group.com\/en\/wp-json\/wp\/v2\/media?parent=5030"}],"curies":[{"name":"wp","href":"https:\/\/api.w.org\/{rel}","templated":true}]}}