{"id":6826,"date":"2023-06-13T12:04:51","date_gmt":"2023-06-13T10:04:51","guid":{"rendered":"https:\/\/www.tegos-group.com\/?page_id=6826"},"modified":"2024-07-03T14:12:53","modified_gmt":"2024-07-03T12:12:53","slug":"downloads","status":"publish","type":"page","link":"https:\/\/tegos-group.com\/en\/downloads\/","title":{"rendered":"Downloads"},"content":{"rendered":"\n  <section class=\"section section--no-padding bg hero\">\n      \n    <div class=\"swiper-container slider\">\n      <div class=\"swiper-wrapper\">\n\n                  \n            <div class=\"swiper-slide slider__slide hero__slide bg bg--sand bg--gradient\">\n              <div class=\"container\">\n\n                <div class=\"hero__slide-content\">\n                  \n                                      <h2 class=\"h1 hero__title text--display\">Knowledge Library<\/h2>\n                  \n                                      <p class=\"hero__description\">Factsheets and testimonials about our products and success stories<\/p>\n                  \n                                  <\/div>\n\n                \n\n<div class=\"jar jar--4 \">\n  <div class=\"jar__pickle \">\n      <\/div>\n\n  <div class=\"jar__pickle\"><\/div>\n  <div class=\"jar__pickle\"><\/div>\n  <div class=\"jar__pickle\"><\/div>\n<\/div>\n              <\/div><!-- slide-content -->\n            <\/div>\n                  \n      <\/div><!-- swiper-wrapper -->\n      \n                        <\/div><!-- swiper-container -->\n    \n  <\/section>\n\n\n\n\n  \n    <section class=\"section downloads \">\n      <div class=\"container\">\n\n                  <div class=\"downloads__filters filters\">\n                              <a class=\"downloads__filter filter filter--show scroll-link\" href=\"#tegosgroup\">\n                    tegosgroup                  <\/a>\n                                            <a class=\"downloads__filter filter filter--show scroll-link\" href=\"#enwis\">\n                    enwis                  <\/a>\n                                            <a class=\"downloads__filter filter filter--show scroll-link\" href=\"#comotor\">\n                    comotor                  <\/a>\n                                    <\/div>\n        \n        <div class=\"downloads__wrapper\">\n          \n            <div class=\"downloads__downloads\" id=\"tegosgroup\">\n                              <h3 class=\"downloads__section-title h2\">tegosgroup<\/h3>\n              \n                                                <h4 class=\"downloads__subsection-title\">Everything at a glance: Here\u2019s where you can find brochures and fact sheets about the tegos Group \u2013 our company, how we work, and much more.<\/h4>\n                \n                                                      <a href=\"https:\/\/tegos-group.com\/wp-content\/uploads\/2024\/07\/White-Paper_4IR-2024.pdf\" class=\"downloads__download\" title=\"Datei downloaden\" download>\n                      <p class=\"downloads__title\">\n                        White Paper_4IR- Customer Day 2024                      <\/p>\n                    <\/a>\n                                      <a href=\"https:\/\/tegos-group.com\/wp-content\/uploads\/2023\/06\/CircularIT-event-White-paper-1.pdf\" class=\"downloads__download\" title=\"Datei downloaden\" download>\n                      <p class=\"downloads__title\">\n                        CircularIT event &#8211; White paper                      <\/p>\n                    <\/a>\n                                      <a href=\"https:\/\/tegos-group.com\/wp-content\/uploads\/2023\/06\/Microsoft-Dynamics-Product-Overview-and-Capability-Guide-1.pdf\" class=\"downloads__download\" title=\"Datei downloaden\" download>\n                      <p class=\"downloads__title\">\n                        Microsoft-Dynamics Product Overview and Capability Guide                      <\/p>\n                    <\/a>\n                                      <a href=\"https:\/\/tegos-group.com\/wp-content\/uploads\/2023\/06\/Business-Solutions-Simply.-More.-Efficient-1.pdf\" class=\"downloads__download\" title=\"Datei downloaden\" download>\n                      <p class=\"downloads__title\">\n                        Business Solutions Simply. More. Efficient.                      <\/p>\n                    <\/a>\n                                      <a href=\"https:\/\/tegos-group.com\/wp-content\/uploads\/2023\/06\/Legally-compliant-archiving-with-DMS-by-Simova-1.pdf\" class=\"downloads__download\" title=\"Datei downloaden\" download>\n                      <p class=\"downloads__title\">\n                        Legally compliant archiving with DMS by Simova                      <\/p>\n                    <\/a>\n                                      <a href=\"https:\/\/tegos-group.com\/wp-content\/uploads\/2023\/06\/Power-BI-2.pdf\" class=\"downloads__download\" title=\"Datei downloaden\" download>\n                      <p class=\"downloads__title\">\n                        Power BI                      <\/p>\n                    <\/a>\n                                                            <\/div>\n\n          \n            <div class=\"downloads__downloads\" id=\"enwis\">\n                              <h3 class=\"downloads__section-title h2\">enwis<\/h3>\n              \n                                                <h4 class=\"downloads__subsection-title\">This is where you can find all the brochures, fact sheets and reference reports about enwis \u2013 our solution for the waste disposal and recycling industry.<\/h4>\n                \n                                                      <a href=\"https:\/\/tegos-group.com\/wp-content\/uploads\/2023\/06\/enwis-solution-for-digital-waste-management.pdf\" class=\"downloads__download\" title=\"Datei downloaden\" download>\n                      <p class=\"downloads__title\">\n                        enwis &#8211; solution for digital waste management                      <\/p>\n                    <\/a>\n                                      <a href=\"https:\/\/tegos-group.com\/wp-content\/uploads\/2023\/06\/enwis-Factsheet.pdf\" class=\"downloads__download\" title=\"Datei downloaden\" download>\n                      <p class=\"downloads__title\">\n                        enwis Factsheet                      <\/p>\n                    <\/a>\n                                      <a href=\"https:\/\/tegos-group.com\/wp-content\/uploads\/2023\/06\/Telematics-at-environmental-services-Nord-GmbH.pdf\" class=\"downloads__download\" title=\"Datei downloaden\" download>\n                      <p class=\"downloads__title\">\n                        Telematics at environmental services Nord GmbH                      <\/p>\n                    <\/a>\n                                      <a href=\"https:\/\/tegos-group.com\/wp-content\/uploads\/2023\/06\/DK-Recycling-Experience-Report.pdf\" class=\"downloads__download\" title=\"Datei downloaden\" download>\n                      <p class=\"downloads__title\">\n                        DK Recycling Experience Report                      <\/p>\n                    <\/a>\n                                      <a href=\"https:\/\/tegos-group.com\/wp-content\/uploads\/2023\/06\/Nehlsen-Reference-Report.pdf\" class=\"downloads__download\" title=\"Datei downloaden\" download>\n                      <p class=\"downloads__title\">\n                        Nehlsen Reference Report                      <\/p>\n                    <\/a>\n                                                            <\/div>\n\n          \n            <div class=\"downloads__downloads\" id=\"comotor\">\n                              <h3 class=\"downloads__section-title h2\">comotor<\/h3>\n              \n                                                <h4 class=\"downloads__subsection-title\">Want more information about comotor \u2013 the solution for the metals trading industry? This is where you can find and download all the brochures, fact sheets and reference reports you want.<\/h4>\n                \n                                                      <a href=\"https:\/\/tegos-group.com\/wp-content\/uploads\/2023\/06\/Software-for-Scrap-and-Metal-Trading.pdf\" class=\"downloads__download\" title=\"Datei downloaden\" download>\n                      <p class=\"downloads__title\">\n                        Software for Scrap and Metal Trading                      <\/p>\n                    <\/a>\n                                      <a href=\"https:\/\/tegos-group.com\/wp-content\/uploads\/2023\/06\/Roba-Experience-Report.pdf\" class=\"downloads__download\" title=\"Datei downloaden\" download>\n                      <p class=\"downloads__title\">\n                        Roba Experience Report                      <\/p>\n                    <\/a>\n                                      <a href=\"https:\/\/tegos-group.com\/wp-content\/uploads\/2023\/06\/KMR-Stainless-Experience-Report.pdf\" class=\"downloads__download\" title=\"Datei downloaden\" download>\n                      <p class=\"downloads__title\">\n                        KMR Stainless Experience Report                      <\/p>\n                    <\/a>\n                                      <a href=\"https:\/\/tegos-group.com\/wp-content\/uploads\/2023\/06\/comotor-Contract-Deposit.pdf\" class=\"downloads__download\" title=\"Datei downloaden\" download>\n                      <p class=\"downloads__title\">\n                        comotor Contract Deposit                      <\/p>\n                    <\/a>\n                                      <a href=\"https:\/\/tegos-group.com\/wp-content\/uploads\/2023\/06\/comotor-forklift-system.pdf\" class=\"downloads__download\" title=\"Datei downloaden\" download>\n                      <p class=\"downloads__title\">\n                        comotor forklift system                      <\/p>\n                    <\/a>\n                                      <a href=\"https:\/\/tegos-group.com\/wp-content\/uploads\/2023\/06\/comotor-transport-module.pdf\" class=\"downloads__download\" title=\"Datei downloaden\" download>\n                      <p class=\"downloads__title\">\n                        comotor transport module                      <\/p>\n                    <\/a>\n                                      <a href=\"https:\/\/tegos-group.com\/wp-content\/uploads\/2023\/06\/Chemical-Analysis-in-comotor.pdf\" class=\"downloads__download\" title=\"Datei downloaden\" download>\n                      <p class=\"downloads__title\">\n                        Chemical Analysis in comotor                      <\/p>\n                    <\/a>\n                                                            <\/div>\n\n                  <\/div>\n\n      <\/div>\n    <\/section>\n\n  \n\n\n\n  <section class=\"section cta  \">\n    <div class=\"container\">\n\n      <div class=\"cta__wrapper launimation slideBottom\">\n\n        \n        <div class=\"cta__content bg bg--dark-green \">\n                      <h2 class=\"cta__title text--display\">Take the Next Step<\/h2>\n          \n                      <p class=\"cta__description\">Enrich your knowledge through our downloads, or contact us for personalized advice.<\/p>\n          \n                      <a href=\"\/en\/support\/\"  class=\"cta__button button button--arrow\" >\n              Contact us            <\/a>\n          \n                      <div class=\"cta__pickles\">\n              \n\n<div class=\"jar jar--4 \">\n  <div class=\"jar__pickle \">\n      <\/div>\n\n  <div class=\"jar__pickle\"><\/div>\n  <div class=\"jar__pickle\"><\/div>\n  <div class=\"jar__pickle\"><\/div>\n<\/div>            <\/div>\n                  <\/div>\n\n      <\/div>\n\n    <\/div>\n  <\/section>\n\n","protected":false},"excerpt":{"rendered":"","protected":false},"author":9,"featured_media":0,"parent":0,"menu_order":0,"comment_status":"closed","ping_status":"closed","template":"","meta":{"_acf_changed":false,"footnotes":""},"class_list":["post-6826","page","type-page","status-publish","hentry"],"acf":[],"yoast_head":"<!-- This site is optimized with the Yoast SEO plugin v27.4 - https:\/\/yoast.com\/product\/yoast-seo-wordpress\/ -->\n<title>Downloads - tegosgroup: Experten f\u00fcr Abfallwirtschaft, Entsorgung &amp; Recycling Software<\/title>\n<meta name=\"robots\" content=\"index, follow, max-snippet:-1, max-image-preview:large, max-video-preview:-1\" \/>\n<link rel=\"canonical\" href=\"https:\/\/tegos-group.com\/en\/downloads\/\" \/>\n<meta property=\"og:locale\" content=\"en_US\" \/>\n<meta property=\"og:type\" content=\"article\" \/>\n<meta property=\"og:title\" content=\"Downloads - tegosgroup: Experten f\u00fcr Abfallwirtschaft, Entsorgung &amp; Recycling Software\" \/>\n<meta property=\"og:url\" content=\"https:\/\/tegos-group.com\/en\/downloads\/\" \/>\n<meta property=\"og:site_name\" content=\"tegosgroup: Experten f\u00fcr Abfallwirtschaft, Entsorgung &amp; Recycling Software\" \/>\n<meta property=\"article:modified_time\" content=\"2024-07-03T12:12:53+00:00\" \/>\n<meta name=\"twitter:card\" content=\"summary_large_image\" \/>\n<script type=\"application\/ld+json\" class=\"yoast-schema-graph\">{\"@context\":\"https:\\\/\\\/schema.org\",\"@graph\":[{\"@type\":\"WebPage\",\"@id\":\"https:\\\/\\\/tegos-group.com\\\/en\\\/downloads\\\/\",\"url\":\"https:\\\/\\\/tegos-group.com\\\/en\\\/downloads\\\/\",\"name\":\"Downloads - tegosgroup: Experten f\u00fcr Abfallwirtschaft, Entsorgung &amp; Recycling Software\",\"isPartOf\":{\"@id\":\"https:\\\/\\\/tegos-group.com\\\/en\\\/#website\"},\"datePublished\":\"2023-06-13T10:04:51+00:00\",\"dateModified\":\"2024-07-03T12:12:53+00:00\",\"breadcrumb\":{\"@id\":\"https:\\\/\\\/tegos-group.com\\\/en\\\/downloads\\\/#breadcrumb\"},\"inLanguage\":\"en-US\",\"potentialAction\":[{\"@type\":\"ReadAction\",\"target\":[\"https:\\\/\\\/tegos-group.com\\\/en\\\/downloads\\\/\"]}]},{\"@type\":\"BreadcrumbList\",\"@id\":\"https:\\\/\\\/tegos-group.com\\\/en\\\/downloads\\\/#breadcrumb\",\"itemListElement\":[{\"@type\":\"ListItem\",\"position\":1,\"name\":\"Home\",\"item\":\"https:\\\/\\\/tegos-group.com\\\/en\\\/\"},{\"@type\":\"ListItem\",\"position\":2,\"name\":\"Downloads\"}]},{\"@type\":\"WebSite\",\"@id\":\"https:\\\/\\\/tegos-group.com\\\/en\\\/#website\",\"url\":\"https:\\\/\\\/tegos-group.com\\\/en\\\/\",\"name\":\"tegosgroup: Experten f\u00fcr Abfallwirtschaft, Entsorgung &amp; Recycling Software\",\"description\":\"Ma\u00dfgeschneiderte L\u00f6sungen f\u00fcr Abfallmanagement, EANV &amp; Schrotthandel\",\"potentialAction\":[{\"@type\":\"SearchAction\",\"target\":{\"@type\":\"EntryPoint\",\"urlTemplate\":\"https:\\\/\\\/tegos-group.com\\\/en\\\/?s={search_term_string}\"},\"query-input\":{\"@type\":\"PropertyValueSpecification\",\"valueRequired\":true,\"valueName\":\"search_term_string\"}}],\"inLanguage\":\"en-US\"}]}<\/script>\n<!-- \/ Yoast SEO plugin. -->","yoast_head_json":{"title":"Downloads - tegosgroup: Experten f\u00fcr Abfallwirtschaft, Entsorgung &amp; Recycling Software","robots":{"index":"index","follow":"follow","max-snippet":"max-snippet:-1","max-image-preview":"max-image-preview:large","max-video-preview":"max-video-preview:-1"},"canonical":"https:\/\/tegos-group.com\/en\/downloads\/","og_locale":"en_US","og_type":"article","og_title":"Downloads - tegosgroup: Experten f\u00fcr Abfallwirtschaft, Entsorgung &amp; Recycling Software","og_url":"https:\/\/tegos-group.com\/en\/downloads\/","og_site_name":"tegosgroup: Experten f\u00fcr Abfallwirtschaft, Entsorgung &amp; Recycling Software","article_modified_time":"2024-07-03T12:12:53+00:00","twitter_card":"summary_large_image","schema":{"@context":"https:\/\/schema.org","@graph":[{"@type":"WebPage","@id":"https:\/\/tegos-group.com\/en\/downloads\/","url":"https:\/\/tegos-group.com\/en\/downloads\/","name":"Downloads - tegosgroup: Experten f\u00fcr Abfallwirtschaft, Entsorgung &amp; Recycling Software","isPartOf":{"@id":"https:\/\/tegos-group.com\/en\/#website"},"datePublished":"2023-06-13T10:04:51+00:00","dateModified":"2024-07-03T12:12:53+00:00","breadcrumb":{"@id":"https:\/\/tegos-group.com\/en\/downloads\/#breadcrumb"},"inLanguage":"en-US","potentialAction":[{"@type":"ReadAction","target":["https:\/\/tegos-group.com\/en\/downloads\/"]}]},{"@type":"BreadcrumbList","@id":"https:\/\/tegos-group.com\/en\/downloads\/#breadcrumb","itemListElement":[{"@type":"ListItem","position":1,"name":"Home","item":"https:\/\/tegos-group.com\/en\/"},{"@type":"ListItem","position":2,"name":"Downloads"}]},{"@type":"WebSite","@id":"https:\/\/tegos-group.com\/en\/#website","url":"https:\/\/tegos-group.com\/en\/","name":"tegosgroup: Experten f\u00fcr Abfallwirtschaft, Entsorgung &amp; Recycling Software","description":"Ma\u00dfgeschneiderte L\u00f6sungen f\u00fcr Abfallmanagement, EANV &amp; Schrotthandel","potentialAction":[{"@type":"SearchAction","target":{"@type":"EntryPoint","urlTemplate":"https:\/\/tegos-group.com\/en\/?s={search_term_string}"},"query-input":{"@type":"PropertyValueSpecification","valueRequired":true,"valueName":"search_term_string"}}],"inLanguage":"en-US"}]}},"_links":{"self":[{"href":"https:\/\/tegos-group.com\/en\/wp-json\/wp\/v2\/pages\/6826","targetHints":{"allow":["GET"]}}],"collection":[{"href":"https:\/\/tegos-group.com\/en\/wp-json\/wp\/v2\/pages"}],"about":[{"href":"https:\/\/tegos-group.com\/en\/wp-json\/wp\/v2\/types\/page"}],"author":[{"embeddable":true,"href":"https:\/\/tegos-group.com\/en\/wp-json\/wp\/v2\/users\/9"}],"replies":[{"embeddable":true,"href":"https:\/\/tegos-group.com\/en\/wp-json\/wp\/v2\/comments?post=6826"}],"version-history":[{"count":21,"href":"https:\/\/tegos-group.com\/en\/wp-json\/wp\/v2\/pages\/6826\/revisions"}],"predecessor-version":[{"id":12515,"href":"https:\/\/tegos-group.com\/en\/wp-json\/wp\/v2\/pages\/6826\/revisions\/12515"}],"wp:attachment":[{"href":"https:\/\/tegos-group.com\/en\/wp-json\/wp\/v2\/media?parent=6826"}],"curies":[{"name":"wp","href":"https:\/\/api.w.org\/{rel}","templated":true}]}}