{"id":9238,"date":"2023-05-03T15:19:00","date_gmt":"2023-05-03T13:19:00","guid":{"rendered":"https:\/\/www.tegos-group.com\/?page_id=9238"},"modified":"2023-12-20T14:24:53","modified_gmt":"2023-12-20T13:24:53","slug":"tegos-stories","status":"publish","type":"page","link":"https:\/\/tegos-group.com\/en\/tegos-stories\/","title":{"rendered":"tegos Stories"},"content":{"rendered":"\n  <section class=\"section section--no-padding bg hero\">\n      \n    <div class=\"swiper-container slider\">\n      <div class=\"swiper-wrapper\">\n\n                  \n            <div class=\"swiper-slide slider__slide hero__slide bg bg--sand bg--gradient\">\n              <div class=\"container\">\n\n                <div class=\"hero__slide-content\">\n                  \n                                      <h2 class=\"h1 hero__title text--display\">tegos Stories<\/h2>\n                  \n                                      <p class=\"hero__description\">Learn more about the spirit of us <\/p>\n                  \n                  \n                    <a class=\"button\" href=\"\/en\/jobs\/\" target=\"_self\">\n                      All open positions                    <\/a>\n                                  <\/div>\n\n                \n\n<div class=\"jar jar--2 \">\n  <div class=\"jar__pickle \">\n      <\/div>\n\n  <div class=\"jar__pickle\"><\/div>\n  <div class=\"jar__pickle\"><\/div>\n  <div class=\"jar__pickle\"><\/div>\n<\/div>\n              <\/div><!-- slide-content -->\n            <\/div>\n                  \n      <\/div><!-- swiper-wrapper -->\n      \n                        <\/div><!-- swiper-container -->\n    \n  <\/section>\n\n\n\n\n<section class=\"section hero-text \">\n  <div class=\"container\">\n\n          <h2>Welcome to our tegos Stories<\/h2>\n    \n          <p>We will introduce you to our everyday life from various perspectives: You can expect personal experience reports from tegosians who tell you about their tasks and projects. Get to know the tegos Group better and find out what we do differently.<\/p>\n    \n  <\/div>\n<\/section>\n\n\n\n\n  <section class=\"section post-loop tiles-grid tiles-grid--custom tiles-grid--normal\">\n    <div class=\"container\">\n      \n            \n              <div class=\"post-loop__tiles tiles-grid__tiles\">\n\n          \n  <div class=\"tiles-grid__tile bg bg--sand tiles-grid__tile--color-preset \">\n\n  <div class=\"tiles-grid__tile__container\">\n    <div class=\"tiles-grid__tile__image\">\n              <img loading=\"lazy\" data-src=\"https:\/\/tegos-group.com\/wp-content\/uploads\/2023\/06\/IMG_7948-e1617871722852-1024x512.jpeg\" data-srcset=\"https:\/\/tegos-group.com\/wp-content\/uploads\/2023\/06\/IMG_7948-e1617871722852.jpeg 1920w, https:\/\/tegos-group.com\/wp-content\/uploads\/2023\/06\/IMG_7948-e1617871722852.jpeg 1600w, https:\/\/tegos-group.com\/wp-content\/uploads\/2023\/06\/IMG_7948-e1617871722852-1366x683.jpeg 1366w, https:\/\/tegos-group.com\/wp-content\/uploads\/2023\/06\/IMG_7948-e1617871722852-1024x512.jpeg 1024w, https:\/\/tegos-group.com\/wp-content\/uploads\/2023\/06\/IMG_7948-e1617871722852-768x384.jpeg 768w, https:\/\/tegos-group.com\/wp-content\/uploads\/2023\/06\/IMG_7948-e1617871722852-550x275.jpeg 550w\" class=\"\" alt=\"\"  width=\"1024\"  height=\"512\">          <\/div>\n\n    <div class=\"tiles-grid__tile__content  \">\n              <h3 class=\"tiles-grid__tile__title h3\">\n          My tegos story: Johannes        <\/h3>\n            \n              <div class=\"tiles-grid__tile__meta\">\n          26. April 2021 \u2014\n          Tobias Kullmann        <\/div>\n      \n              <div class=\"tiles-grid__tile__description\">\n          Today, we introduce our co-worker Johannes. His story is another example of the tegos approach of not leaving its workers on the first career path they choose and instead actively assisting them in being able to develop in accordance with their individual wishes. Since when have you been a tegosian?&#8230;        <\/div>\n      \n              <div class=\"tiles-grid__tile__button\">\n          <a href=\"https:\/\/tegos-group.com\/en\/stories\/my-tegos-story-johannes\/\" target=\"_self\" class=\"button\">\n            Read more          <\/a>\n        <\/div>\n      \n    <\/div><!-- content -->\n  <\/div><!-- masonry-item -->\n\n  <\/div>\n\n          \n  <div class=\"tiles-grid__tile bg bg--sand tiles-grid__tile--color-preset \">\n\n  <div class=\"tiles-grid__tile__container\">\n    <div class=\"tiles-grid__tile__image\">\n              <img loading=\"lazy\" data-src=\"https:\/\/tegos-group.com\/wp-content\/uploads\/2023\/06\/IMG_0431-_Stefan-Wortmann-2-1024x682.jpg\" data-srcset=\"https:\/\/tegos-group.com\/wp-content\/uploads\/2023\/06\/IMG_0431-_Stefan-Wortmann-2-1621x1080.jpg 1920w, https:\/\/tegos-group.com\/wp-content\/uploads\/2023\/06\/IMG_0431-_Stefan-Wortmann-2-1351x900.jpg 1600w, https:\/\/tegos-group.com\/wp-content\/uploads\/2023\/06\/IMG_0431-_Stefan-Wortmann-2-1153x768.jpg 1366w, https:\/\/tegos-group.com\/wp-content\/uploads\/2023\/06\/IMG_0431-_Stefan-Wortmann-2-864x576.jpg 1024w, https:\/\/tegos-group.com\/wp-content\/uploads\/2023\/06\/IMG_0431-_Stefan-Wortmann-2-648x432.jpg 768w, https:\/\/tegos-group.com\/wp-content\/uploads\/2023\/06\/IMG_0431-_Stefan-Wortmann-2-464x309.jpg 550w\" class=\"\" alt=\"\"  width=\"1024\"  height=\"682\">          <\/div>\n\n    <div class=\"tiles-grid__tile__content  \">\n              <h3 class=\"tiles-grid__tile__title h3\">\n          My tegos story: Stefan        <\/h3>\n            \n              <div class=\"tiles-grid__tile__meta\">\n          19. February 2021 \u2014\n          Tobias Kullmann        <\/div>\n      \n              <div class=\"tiles-grid__tile__description\">\n          Our congenial colleague Stefan is the perfect example of how you can really take off with tegos. In just 18 months with us, he worked his way from an apprentice to a solution developer with superb prospects. His four-legged friend Maya isn\u2019t the only one who would like to congratulate&#8230;        <\/div>\n      \n              <div class=\"tiles-grid__tile__button\">\n          <a href=\"https:\/\/tegos-group.com\/en\/stories\/my-tegos-story-stefan\/\" target=\"_self\" class=\"button\">\n            Read more          <\/a>\n        <\/div>\n      \n    <\/div><!-- content -->\n  <\/div><!-- masonry-item -->\n\n  <\/div>\n\n          \n  <div class=\"tiles-grid__tile bg bg--sand tiles-grid__tile--color-preset \">\n\n  <div class=\"tiles-grid__tile__container\">\n    <div class=\"tiles-grid__tile__image\">\n              <img loading=\"lazy\" data-src=\"https:\/\/tegos-group.com\/wp-content\/uploads\/2023\/06\/Final_Virtuelle-Weihnachtsfeier-tegos-2020-1024x487.jpg\" data-srcset=\"https:\/\/tegos-group.com\/wp-content\/uploads\/2023\/06\/Final_Virtuelle-Weihnachtsfeier-tegos-2020-1920x913.jpg 1920w, https:\/\/tegos-group.com\/wp-content\/uploads\/2023\/06\/Final_Virtuelle-Weihnachtsfeier-tegos-2020-1600x761.jpg 1600w, https:\/\/tegos-group.com\/wp-content\/uploads\/2023\/06\/Final_Virtuelle-Weihnachtsfeier-tegos-2020-1366x650.jpg 1366w, https:\/\/tegos-group.com\/wp-content\/uploads\/2023\/06\/Final_Virtuelle-Weihnachtsfeier-tegos-2020-1024x487.jpg 1024w, https:\/\/tegos-group.com\/wp-content\/uploads\/2023\/06\/Final_Virtuelle-Weihnachtsfeier-tegos-2020-768x365.jpg 768w, https:\/\/tegos-group.com\/wp-content\/uploads\/2023\/06\/Final_Virtuelle-Weihnachtsfeier-tegos-2020-550x262.jpg 550w\" class=\"\" alt=\"\"  width=\"1024\"  height=\"487\">          <\/div>\n\n    <div class=\"tiles-grid__tile__content  \">\n              <h3 class=\"tiles-grid__tile__title h3\">\n          A Christmas party in these times? How the hell is that supposed to work? #DIFFERENT!        <\/h3>\n            \n              <div class=\"tiles-grid__tile__meta\">\n          22. December 2020 \u2014\n          Tobias Kullmann        <\/div>\n      \n              <div class=\"tiles-grid__tile__description\">\n          Last Friday was the day &#8211; our Christmas party 2020 in virtual form took place. We were all very excited to see what this #DIFFERENT celebration would be like. And what can we say: it was super fun!\u00a0Of course, it would have been better if we could have sat and&#8230;        <\/div>\n      \n              <div class=\"tiles-grid__tile__button\">\n          <a href=\"https:\/\/tegos-group.com\/en\/stories\/a-christmas-party-in-these-times-how-the-hell-is-that-supposed-to-work-different\/\" target=\"_self\" class=\"button\">\n            Read more          <\/a>\n        <\/div>\n      \n    <\/div><!-- content -->\n  <\/div><!-- masonry-item -->\n\n  <\/div>\n\n          \n  <div class=\"tiles-grid__tile bg bg--sand tiles-grid__tile--color-preset \">\n\n  <div class=\"tiles-grid__tile__container\">\n    <div class=\"tiles-grid__tile__image\">\n              <img loading=\"lazy\" data-src=\"https:\/\/tegos-group.com\/wp-content\/uploads\/2023\/06\/alena-obermueller-1.jpg\" data-srcset=\"https:\/\/tegos-group.com\/wp-content\/uploads\/2023\/06\/alena-obermueller-1.jpg 1920w, https:\/\/tegos-group.com\/wp-content\/uploads\/2023\/06\/alena-obermueller-1.jpg 1600w, https:\/\/tegos-group.com\/wp-content\/uploads\/2023\/06\/alena-obermueller-1.jpg 1366w, https:\/\/tegos-group.com\/wp-content\/uploads\/2023\/06\/alena-obermueller-1-768x576.jpg 1024w, https:\/\/tegos-group.com\/wp-content\/uploads\/2023\/06\/alena-obermueller-1-576x432.jpg 768w, https:\/\/tegos-group.com\/wp-content\/uploads\/2023\/06\/alena-obermueller-1-412x309.jpg 550w\" class=\"\" alt=\"\"  width=\"1024\"  height=\"768\">          <\/div>\n\n    <div class=\"tiles-grid__tile__content  \">\n              <h3 class=\"tiles-grid__tile__title h3\">\n          My tegos story: Alena        <\/h3>\n            \n              <div class=\"tiles-grid__tile__meta\">\n          15. October 2020 \u2014\n          Tobias Kullmann        <\/div>\n      \n              <div class=\"tiles-grid__tile__description\">\n          Software developer and family manager with full passion \u2013 Alena, it\u2019s nice to have you here at tegos, sharing your story with us today.\u00a0\u00a0 What\u2019s your position at tegos? \u00a0Solution developer. Since when have you been a tegosian? \u00a0Since January 2012. What does your job involve? Please describe it in&#8230;        <\/div>\n      \n              <div class=\"tiles-grid__tile__button\">\n          <a href=\"https:\/\/tegos-group.com\/en\/stories\/my-tegos-story-alena\/\" target=\"_self\" class=\"button\">\n            Read more          <\/a>\n        <\/div>\n      \n    <\/div><!-- content -->\n  <\/div><!-- masonry-item -->\n\n  <\/div>\n\n          \n  <div class=\"tiles-grid__tile bg bg--sand tiles-grid__tile--color-preset \">\n\n  <div class=\"tiles-grid__tile__container\">\n    <div class=\"tiles-grid__tile__image\">\n              <div class=\"jar-holder\">\n          \n\n<div class=\"jar jar--4 \">\n  <div class=\"jar__pickle \">\n      <\/div>\n\n  <div class=\"jar__pickle\"><\/div>\n  <div class=\"jar__pickle\"><\/div>\n  <div class=\"jar__pickle\"><\/div>\n<\/div>        <\/div>\n          <\/div>\n\n    <div class=\"tiles-grid__tile__content  \">\n              <h3 class=\"tiles-grid__tile__title h3\">\n          Small town, big talent:  tegos supports first Code+Design Camp for young people in Altenburg        <\/h3>\n            \n              <div class=\"tiles-grid__tile__meta\">\n          21. September 2020 \u2014\n          Tobias Kullmann        <\/div>\n      \n              <div class=\"tiles-grid__tile__description\">\n          The non-profit Code+Design initiative aims to attract young people to careers in digital technology. They run Code+Design camps all over Germany in which participants discover over several days the diversity the IT sector has to offer, as well as learning how to code and write apps and games, and enjoy&#8230;        <\/div>\n      \n              <div class=\"tiles-grid__tile__button\">\n          <a href=\"https:\/\/tegos-group.com\/en\/stories\/small-town-big-talent-tegos-supports-first-codedesign-camp-for-young-people-in-altenburg\/\" target=\"_self\" class=\"button\">\n            Read more          <\/a>\n        <\/div>\n      \n    <\/div><!-- content -->\n  <\/div><!-- masonry-item -->\n\n  <\/div>\n\n          \n        <\/div>\n\n                  <\/div>\n  <\/section>\n\n\n\n\n  <section class=\"section cta  \">\n    <div class=\"container\">\n\n      <div class=\"cta__wrapper launimation slideBottom\">\n\n        \n        <div class=\"cta__content bg bg--dark-blue \">\n                      <h2 class=\"cta__title text--display\">Contact us!<\/h2>\n          \n                      <p class=\"cta__description\">Do you have any questions about the career opportunities offered by tegosgroup?<br \/>\r\nJust send us a short message! We are looking forward to your questions!<\/p>\n          \n                      <a href=\"\/en\/recruiting-support\/\"  class=\"cta__button button button--arrow\" >\n              Contact us            <\/a>\n          \n                      <div class=\"cta__pickles\">\n              \n\n<div class=\"jar jar--1 \">\n  <div class=\"jar__pickle \">\n      <\/div>\n\n  <div class=\"jar__pickle\"><\/div>\n  <div class=\"jar__pickle\"><\/div>\n  <div class=\"jar__pickle\"><\/div>\n<\/div>            <\/div>\n                  <\/div>\n\n      <\/div>\n\n    <\/div>\n  <\/section>\n\n","protected":false},"excerpt":{"rendered":"","protected":false},"author":9,"featured_media":0,"parent":0,"menu_order":0,"comment_status":"closed","ping_status":"closed","template":"","meta":{"_acf_changed":false,"footnotes":""},"class_list":["post-9238","page","type-page","status-publish","hentry"],"acf":[],"yoast_head":"<!-- This site is optimized with the Yoast SEO plugin v27.3 - https:\/\/yoast.com\/product\/yoast-seo-wordpress\/ -->\n<title>tegos Stories - tegosgroup: Experten f\u00fcr Abfallwirtschaft, Entsorgung &amp; Recycling Software<\/title>\n<meta name=\"robots\" content=\"index, follow, max-snippet:-1, max-image-preview:large, max-video-preview:-1\" \/>\n<link rel=\"canonical\" href=\"https:\/\/tegos-group.com\/en\/tegos-stories\/\" \/>\n<meta property=\"og:locale\" content=\"en_US\" \/>\n<meta property=\"og:type\" content=\"article\" \/>\n<meta property=\"og:title\" content=\"tegos Stories - tegosgroup: Experten f\u00fcr Abfallwirtschaft, Entsorgung &amp; Recycling Software\" \/>\n<meta property=\"og:url\" content=\"https:\/\/tegos-group.com\/en\/tegos-stories\/\" \/>\n<meta property=\"og:site_name\" content=\"tegosgroup: Experten f\u00fcr Abfallwirtschaft, Entsorgung &amp; Recycling Software\" \/>\n<meta property=\"article:modified_time\" content=\"2023-12-20T13:24:53+00:00\" \/>\n<meta name=\"twitter:card\" content=\"summary_large_image\" \/>\n<script type=\"application\/ld+json\" class=\"yoast-schema-graph\">{\"@context\":\"https:\\\/\\\/schema.org\",\"@graph\":[{\"@type\":\"WebPage\",\"@id\":\"https:\\\/\\\/tegos-group.com\\\/en\\\/tegos-stories\\\/\",\"url\":\"https:\\\/\\\/tegos-group.com\\\/en\\\/tegos-stories\\\/\",\"name\":\"tegos Stories - tegosgroup: Experten f\u00fcr Abfallwirtschaft, Entsorgung &amp; Recycling Software\",\"isPartOf\":{\"@id\":\"https:\\\/\\\/tegos-group.com\\\/en\\\/#website\"},\"datePublished\":\"2023-05-03T13:19:00+00:00\",\"dateModified\":\"2023-12-20T13:24:53+00:00\",\"breadcrumb\":{\"@id\":\"https:\\\/\\\/tegos-group.com\\\/en\\\/tegos-stories\\\/#breadcrumb\"},\"inLanguage\":\"en-US\",\"potentialAction\":[{\"@type\":\"ReadAction\",\"target\":[\"https:\\\/\\\/tegos-group.com\\\/en\\\/tegos-stories\\\/\"]}]},{\"@type\":\"BreadcrumbList\",\"@id\":\"https:\\\/\\\/tegos-group.com\\\/en\\\/tegos-stories\\\/#breadcrumb\",\"itemListElement\":[{\"@type\":\"ListItem\",\"position\":1,\"name\":\"Home\",\"item\":\"https:\\\/\\\/tegos-group.com\\\/en\\\/\"},{\"@type\":\"ListItem\",\"position\":2,\"name\":\"tegos Stories\"}]},{\"@type\":\"WebSite\",\"@id\":\"https:\\\/\\\/tegos-group.com\\\/en\\\/#website\",\"url\":\"https:\\\/\\\/tegos-group.com\\\/en\\\/\",\"name\":\"tegosgroup: Experten f\u00fcr Abfallwirtschaft, Entsorgung &amp; Recycling Software\",\"description\":\"Ma\u00dfgeschneiderte L\u00f6sungen f\u00fcr Abfallmanagement, EANV &amp; Schrotthandel\",\"potentialAction\":[{\"@type\":\"SearchAction\",\"target\":{\"@type\":\"EntryPoint\",\"urlTemplate\":\"https:\\\/\\\/tegos-group.com\\\/en\\\/?s={search_term_string}\"},\"query-input\":{\"@type\":\"PropertyValueSpecification\",\"valueRequired\":true,\"valueName\":\"search_term_string\"}}],\"inLanguage\":\"en-US\"}]}<\/script>\n<!-- \/ Yoast SEO plugin. -->","yoast_head_json":{"title":"tegos Stories - tegosgroup: Experten f\u00fcr Abfallwirtschaft, Entsorgung &amp; Recycling Software","robots":{"index":"index","follow":"follow","max-snippet":"max-snippet:-1","max-image-preview":"max-image-preview:large","max-video-preview":"max-video-preview:-1"},"canonical":"https:\/\/tegos-group.com\/en\/tegos-stories\/","og_locale":"en_US","og_type":"article","og_title":"tegos Stories - tegosgroup: Experten f\u00fcr Abfallwirtschaft, Entsorgung &amp; Recycling Software","og_url":"https:\/\/tegos-group.com\/en\/tegos-stories\/","og_site_name":"tegosgroup: Experten f\u00fcr Abfallwirtschaft, Entsorgung &amp; Recycling Software","article_modified_time":"2023-12-20T13:24:53+00:00","twitter_card":"summary_large_image","schema":{"@context":"https:\/\/schema.org","@graph":[{"@type":"WebPage","@id":"https:\/\/tegos-group.com\/en\/tegos-stories\/","url":"https:\/\/tegos-group.com\/en\/tegos-stories\/","name":"tegos Stories - tegosgroup: Experten f\u00fcr Abfallwirtschaft, Entsorgung &amp; Recycling Software","isPartOf":{"@id":"https:\/\/tegos-group.com\/en\/#website"},"datePublished":"2023-05-03T13:19:00+00:00","dateModified":"2023-12-20T13:24:53+00:00","breadcrumb":{"@id":"https:\/\/tegos-group.com\/en\/tegos-stories\/#breadcrumb"},"inLanguage":"en-US","potentialAction":[{"@type":"ReadAction","target":["https:\/\/tegos-group.com\/en\/tegos-stories\/"]}]},{"@type":"BreadcrumbList","@id":"https:\/\/tegos-group.com\/en\/tegos-stories\/#breadcrumb","itemListElement":[{"@type":"ListItem","position":1,"name":"Home","item":"https:\/\/tegos-group.com\/en\/"},{"@type":"ListItem","position":2,"name":"tegos Stories"}]},{"@type":"WebSite","@id":"https:\/\/tegos-group.com\/en\/#website","url":"https:\/\/tegos-group.com\/en\/","name":"tegosgroup: Experten f\u00fcr Abfallwirtschaft, Entsorgung &amp; Recycling Software","description":"Ma\u00dfgeschneiderte L\u00f6sungen f\u00fcr Abfallmanagement, EANV &amp; Schrotthandel","potentialAction":[{"@type":"SearchAction","target":{"@type":"EntryPoint","urlTemplate":"https:\/\/tegos-group.com\/en\/?s={search_term_string}"},"query-input":{"@type":"PropertyValueSpecification","valueRequired":true,"valueName":"search_term_string"}}],"inLanguage":"en-US"}]}},"_links":{"self":[{"href":"https:\/\/tegos-group.com\/en\/wp-json\/wp\/v2\/pages\/9238","targetHints":{"allow":["GET"]}}],"collection":[{"href":"https:\/\/tegos-group.com\/en\/wp-json\/wp\/v2\/pages"}],"about":[{"href":"https:\/\/tegos-group.com\/en\/wp-json\/wp\/v2\/types\/page"}],"author":[{"embeddable":true,"href":"https:\/\/tegos-group.com\/en\/wp-json\/wp\/v2\/users\/9"}],"replies":[{"embeddable":true,"href":"https:\/\/tegos-group.com\/en\/wp-json\/wp\/v2\/comments?post=9238"}],"version-history":[{"count":5,"href":"https:\/\/tegos-group.com\/en\/wp-json\/wp\/v2\/pages\/9238\/revisions"}],"predecessor-version":[{"id":11575,"href":"https:\/\/tegos-group.com\/en\/wp-json\/wp\/v2\/pages\/9238\/revisions\/11575"}],"wp:attachment":[{"href":"https:\/\/tegos-group.com\/en\/wp-json\/wp\/v2\/media?parent=9238"}],"curies":[{"name":"wp","href":"https:\/\/api.w.org\/{rel}","templated":true}]}}