{"id":5356,"date":"2023-05-31T10:35:59","date_gmt":"2023-05-31T08:35:59","guid":{"rendered":"https:\/\/www.tegos-group.com\/?page_id=5356"},"modified":"2023-06-12T14:24:18","modified_gmt":"2023-06-12T14:24:18","slug":"mentions-legales","status":"publish","type":"page","link":"https:\/\/tegos-group.com\/fr\/mentions-legales\/","title":{"rendered":"Mentions l\u00e9gales"},"content":{"rendered":"\n<h2 class=\"wp-block-heading\">Mentions l\u00e9gales<\/h2>\n\n\n\n<p>tegos GmbH<br>Oslostra\u00dfe 2 \u00b7 D-44269 Dortmund<\/p>\n\n\n\n<p>Fon +49 231 31776-200<br>Fax +49 231 31776-199<br>Courrier \u00e9lectronique&nbsp;<a href=\"mailto:info@tegos.eu\">info@tegos.eu<\/a><\/p>\n\n\n\n<p>Directeur g\u00e9n\u00e9ral :<br>Andreas Kullmann, Ralf Linnemann<\/p>\n\n\n\n<p>Tribunal d&rsquo;enregistrement : Tribunal d&rsquo;instance de Dortmund<br>HRB 12306 | USt.-ID-Nr. DE 203205467<\/p>\n\n\n\n<p><strong>Ces mentions l\u00e9gales sont \u00e9galement valables pour nos pages Facebook, Xing, LinkedIn et YouTube.<\/strong><\/p>\n\n\n\n<h4 class=\"wp-block-heading\">Bildnachweise<\/h4>\n\n\n\n<ul class=\"wp-block-list\">\n<li>\u00a9 Willrow Hood |&nbsp;<a href=\"https:\/\/www.shutterstock.com\/de\/\" target=\"_blank\" rel=\"noreferrer noopener\">shutterstock<\/a><\/li>\n\n\n\n<li>\u00a9 mini_citizens |&nbsp;<a href=\"https:\/\/www.shutterstock.com\/de\/\" target=\"_blank\" rel=\"noreferrer noopener\">shutterstock<\/a><\/li>\n\n\n\n<li>\u00a9 AM-STUDiO |&nbsp;<a href=\"https:\/\/www.shutterstock.com\/de\/\" target=\"_blank\" rel=\"noreferrer noopener\">shutterstock<\/a><\/li>\n\n\n\n<li>\u00a9 Yuri Turkov |&nbsp;<a href=\"https:\/\/www.shutterstock.com\/de\/\" target=\"_blank\" rel=\"noreferrer noopener\">shutterstock<\/a><\/li>\n\n\n\n<li>\u00a9 Fevt |&nbsp;<a href=\"https:\/\/www.shutterstock.com\/de\/\" target=\"_blank\" rel=\"noreferrer noopener\">shutterstock<\/a><\/li>\n\n\n\n<li>\u00a9 Ba dins |&nbsp;<a href=\"https:\/\/www.shutterstock.com\/de\/\" target=\"_blank\" rel=\"noreferrer noopener\">shutterstock<\/a><\/li>\n\n\n\n<li>\u00a9 zaidi razak |&nbsp;<a href=\"https:\/\/www.shutterstock.com\/de\/\" target=\"_blank\" rel=\"noreferrer noopener\">shutterstock<\/a><\/li>\n\n\n\n<li>\u00a9 Mopic |&nbsp;<a href=\"https:\/\/www.shutterstock.com\/de\/\" target=\"_blank\" rel=\"noreferrer noopener\">shutterstock<\/a><\/li>\n\n\n\n<li>\u00a9 MeskPhotography |&nbsp;<a href=\"https:\/\/www.shutterstock.com\/de\/\" target=\"_blank\" rel=\"noreferrer noopener\">shutterstock<\/a><\/li>\n\n\n\n<li>\u00a9 Tupungato |&nbsp;<a href=\"https:\/\/www.shutterstock.com\/de\/\" target=\"_blank\" rel=\"noreferrer noopener\">shutterstock<\/a><\/li>\n\n\n\n<li>\u00a9 Shahid Khan |&nbsp;<a href=\"https:\/\/www.shutterstock.com\/de\/\" target=\"_blank\" rel=\"noreferrer noopener\">shutterstock<\/a><\/li>\n\n\n\n<li>\u00a9 ESB Professional |&nbsp;<a href=\"https:\/\/www.shutterstock.com\/de\/\" target=\"_blank\" rel=\"noreferrer noopener\">shutterstock<\/a><\/li>\n\n\n\n<li>\u00a9 Bubbers BB |&nbsp;<a href=\"https:\/\/www.shutterstock.com\/de\/\" target=\"_blank\" rel=\"noreferrer noopener\">shutterstock<\/a><\/li>\n\n\n\n<li>\u00a9 Rawpixel.com |&nbsp;<a href=\"https:\/\/www.shutterstock.com\/de\/\" target=\"_blank\" rel=\"noreferrer noopener\">shutterstock<\/a><\/li>\n\n\n\n<li>\u00a9 GaudiLab |&nbsp;<a href=\"https:\/\/www.shutterstock.com\/de\/\" target=\"_blank\" rel=\"noreferrer noopener\">shutterstock<\/a><\/li>\n\n\n\n<li>\u00a9 Narith Thongphasuk |&nbsp;<a href=\"https:\/\/www.shutterstock.com\/de\/\" target=\"_blank\" rel=\"noreferrer noopener\">shutterstock<\/a><\/li>\n\n\n\n<li>\u00a9 AKKHARAT JARUSILAWONG |&nbsp;<a href=\"https:\/\/www.shutterstock.com\/de\/\" target=\"_blank\" rel=\"noreferrer noopener\">shutterstock<\/a><\/li>\n<\/ul>\n","protected":false},"excerpt":{"rendered":"<p>Mentions l\u00e9gales tegos GmbHOslostra\u00dfe 2 \u00b7 D-44269 Dortmund Fon +49 231 31776-200Fax +49 231 31776-199Courrier \u00e9lectronique&nbsp;info@tegos.eu Directeur g\u00e9n\u00e9ral :Andreas Kullmann, Ralf Linnemann Tribunal d&rsquo;enregistrement : Tribunal d&rsquo;instance de DortmundHRB 12306 | USt.-ID-Nr. DE 203205467 Ces mentions l\u00e9gales sont \u00e9galement valables pour nos pages Facebook, Xing, LinkedIn et YouTube. Bildnachweise<\/p>\n","protected":false},"author":106,"featured_media":0,"parent":0,"menu_order":0,"comment_status":"closed","ping_status":"closed","template":"","meta":{"_acf_changed":false,"footnotes":""},"class_list":["post-5356","page","type-page","status-publish","hentry"],"acf":[],"yoast_head":"<!-- This site is optimized with the Yoast SEO plugin v27.3 - https:\/\/yoast.com\/product\/yoast-seo-wordpress\/ -->\n<title>Mentions l\u00e9gales - tegosgroup: Experten f\u00fcr Abfallwirtschaft, Entsorgung &amp; Recycling Software<\/title>\n<meta name=\"robots\" content=\"index, follow, max-snippet:-1, max-image-preview:large, max-video-preview:-1\" \/>\n<link rel=\"canonical\" href=\"https:\/\/tegos-group.com\/fr\/mentions-legales\/\" \/>\n<meta property=\"og:locale\" content=\"fr_FR\" \/>\n<meta property=\"og:type\" content=\"article\" \/>\n<meta property=\"og:title\" content=\"Mentions l\u00e9gales - tegosgroup: Experten f\u00fcr Abfallwirtschaft, Entsorgung &amp; Recycling Software\" \/>\n<meta property=\"og:description\" content=\"Mentions l\u00e9gales tegos GmbHOslostra\u00dfe 2 \u00b7 D-44269 Dortmund Fon +49 231 31776-200Fax +49 231 31776-199Courrier \u00e9lectronique&nbsp;info@tegos.eu Directeur g\u00e9n\u00e9ral :Andreas Kullmann, Ralf Linnemann Tribunal d&rsquo;enregistrement : Tribunal d&rsquo;instance de DortmundHRB 12306 | USt.-ID-Nr. DE 203205467 Ces mentions l\u00e9gales sont \u00e9galement valables pour nos pages Facebook, Xing, LinkedIn et YouTube. Bildnachweise\" \/>\n<meta property=\"og:url\" content=\"https:\/\/tegos-group.com\/fr\/mentions-legales\/\" \/>\n<meta property=\"og:site_name\" content=\"tegosgroup: Experten f\u00fcr Abfallwirtschaft, Entsorgung &amp; Recycling Software\" \/>\n<meta property=\"article:modified_time\" content=\"2023-06-12T14:24:18+00:00\" \/>\n<meta name=\"twitter:card\" content=\"summary_large_image\" \/>\n<meta name=\"twitter:label1\" content=\"Dur\u00e9e de lecture estim\u00e9e\" \/>\n\t<meta name=\"twitter:data1\" content=\"1 minute\" \/>\n<script type=\"application\/ld+json\" class=\"yoast-schema-graph\">{\"@context\":\"https:\\\/\\\/schema.org\",\"@graph\":[{\"@type\":\"WebPage\",\"@id\":\"https:\\\/\\\/tegos-group.com\\\/fr\\\/mentions-legales\\\/\",\"url\":\"https:\\\/\\\/tegos-group.com\\\/fr\\\/mentions-legales\\\/\",\"name\":\"Mentions l\u00e9gales - tegosgroup: Experten f\u00fcr Abfallwirtschaft, Entsorgung &amp; Recycling Software\",\"isPartOf\":{\"@id\":\"https:\\\/\\\/tegos-group.com\\\/fr\\\/#website\"},\"datePublished\":\"2023-05-31T08:35:59+00:00\",\"dateModified\":\"2023-06-12T14:24:18+00:00\",\"breadcrumb\":{\"@id\":\"https:\\\/\\\/tegos-group.com\\\/fr\\\/mentions-legales\\\/#breadcrumb\"},\"inLanguage\":\"fr-FR\",\"potentialAction\":[{\"@type\":\"ReadAction\",\"target\":[\"https:\\\/\\\/tegos-group.com\\\/fr\\\/mentions-legales\\\/\"]}]},{\"@type\":\"BreadcrumbList\",\"@id\":\"https:\\\/\\\/tegos-group.com\\\/fr\\\/mentions-legales\\\/#breadcrumb\",\"itemListElement\":[{\"@type\":\"ListItem\",\"position\":1,\"name\":\"Home\",\"item\":\"https:\\\/\\\/tegos-group.com\\\/fr\\\/\"},{\"@type\":\"ListItem\",\"position\":2,\"name\":\"Mentions l\u00e9gales\"}]},{\"@type\":\"WebSite\",\"@id\":\"https:\\\/\\\/tegos-group.com\\\/fr\\\/#website\",\"url\":\"https:\\\/\\\/tegos-group.com\\\/fr\\\/\",\"name\":\"tegosgroup: Experten f\u00fcr Abfallwirtschaft, Entsorgung &amp; Recycling Software\",\"description\":\"Ma\u00dfgeschneiderte L\u00f6sungen f\u00fcr Abfallmanagement, EANV &amp; Schrotthandel\",\"potentialAction\":[{\"@type\":\"SearchAction\",\"target\":{\"@type\":\"EntryPoint\",\"urlTemplate\":\"https:\\\/\\\/tegos-group.com\\\/fr\\\/?s={search_term_string}\"},\"query-input\":{\"@type\":\"PropertyValueSpecification\",\"valueRequired\":true,\"valueName\":\"search_term_string\"}}],\"inLanguage\":\"fr-FR\"}]}<\/script>\n<!-- \/ Yoast SEO plugin. -->","yoast_head_json":{"title":"Mentions l\u00e9gales - tegosgroup: Experten f\u00fcr Abfallwirtschaft, Entsorgung &amp; Recycling Software","robots":{"index":"index","follow":"follow","max-snippet":"max-snippet:-1","max-image-preview":"max-image-preview:large","max-video-preview":"max-video-preview:-1"},"canonical":"https:\/\/tegos-group.com\/fr\/mentions-legales\/","og_locale":"fr_FR","og_type":"article","og_title":"Mentions l\u00e9gales - tegosgroup: Experten f\u00fcr Abfallwirtschaft, Entsorgung &amp; Recycling Software","og_description":"Mentions l\u00e9gales tegos GmbHOslostra\u00dfe 2 \u00b7 D-44269 Dortmund Fon +49 231 31776-200Fax +49 231 31776-199Courrier \u00e9lectronique&nbsp;info@tegos.eu Directeur g\u00e9n\u00e9ral :Andreas Kullmann, Ralf Linnemann Tribunal d&rsquo;enregistrement : Tribunal d&rsquo;instance de DortmundHRB 12306 | USt.-ID-Nr. DE 203205467 Ces mentions l\u00e9gales sont \u00e9galement valables pour nos pages Facebook, Xing, LinkedIn et YouTube. Bildnachweise","og_url":"https:\/\/tegos-group.com\/fr\/mentions-legales\/","og_site_name":"tegosgroup: Experten f\u00fcr Abfallwirtschaft, Entsorgung &amp; Recycling Software","article_modified_time":"2023-06-12T14:24:18+00:00","twitter_card":"summary_large_image","twitter_misc":{"Dur\u00e9e de lecture estim\u00e9e":"1 minute"},"schema":{"@context":"https:\/\/schema.org","@graph":[{"@type":"WebPage","@id":"https:\/\/tegos-group.com\/fr\/mentions-legales\/","url":"https:\/\/tegos-group.com\/fr\/mentions-legales\/","name":"Mentions l\u00e9gales - tegosgroup: Experten f\u00fcr Abfallwirtschaft, Entsorgung &amp; Recycling Software","isPartOf":{"@id":"https:\/\/tegos-group.com\/fr\/#website"},"datePublished":"2023-05-31T08:35:59+00:00","dateModified":"2023-06-12T14:24:18+00:00","breadcrumb":{"@id":"https:\/\/tegos-group.com\/fr\/mentions-legales\/#breadcrumb"},"inLanguage":"fr-FR","potentialAction":[{"@type":"ReadAction","target":["https:\/\/tegos-group.com\/fr\/mentions-legales\/"]}]},{"@type":"BreadcrumbList","@id":"https:\/\/tegos-group.com\/fr\/mentions-legales\/#breadcrumb","itemListElement":[{"@type":"ListItem","position":1,"name":"Home","item":"https:\/\/tegos-group.com\/fr\/"},{"@type":"ListItem","position":2,"name":"Mentions l\u00e9gales"}]},{"@type":"WebSite","@id":"https:\/\/tegos-group.com\/fr\/#website","url":"https:\/\/tegos-group.com\/fr\/","name":"tegosgroup: Experten f\u00fcr Abfallwirtschaft, Entsorgung &amp; Recycling Software","description":"Ma\u00dfgeschneiderte L\u00f6sungen f\u00fcr Abfallmanagement, EANV &amp; Schrotthandel","potentialAction":[{"@type":"SearchAction","target":{"@type":"EntryPoint","urlTemplate":"https:\/\/tegos-group.com\/fr\/?s={search_term_string}"},"query-input":{"@type":"PropertyValueSpecification","valueRequired":true,"valueName":"search_term_string"}}],"inLanguage":"fr-FR"}]}},"_links":{"self":[{"href":"https:\/\/tegos-group.com\/fr\/wp-json\/wp\/v2\/pages\/5356","targetHints":{"allow":["GET"]}}],"collection":[{"href":"https:\/\/tegos-group.com\/fr\/wp-json\/wp\/v2\/pages"}],"about":[{"href":"https:\/\/tegos-group.com\/fr\/wp-json\/wp\/v2\/types\/page"}],"author":[{"embeddable":true,"href":"https:\/\/tegos-group.com\/fr\/wp-json\/wp\/v2\/users\/106"}],"replies":[{"embeddable":true,"href":"https:\/\/tegos-group.com\/fr\/wp-json\/wp\/v2\/comments?post=5356"}],"version-history":[{"count":2,"href":"https:\/\/tegos-group.com\/fr\/wp-json\/wp\/v2\/pages\/5356\/revisions"}],"predecessor-version":[{"id":5980,"href":"https:\/\/tegos-group.com\/fr\/wp-json\/wp\/v2\/pages\/5356\/revisions\/5980"}],"wp:attachment":[{"href":"https:\/\/tegos-group.com\/fr\/wp-json\/wp\/v2\/media?parent=5356"}],"curies":[{"name":"wp","href":"https:\/\/api.w.org\/{rel}","templated":true}]}}