{"id":5358,"date":"2023-05-03T15:18:20","date_gmt":"2023-05-03T13:18:20","guid":{"rendered":"https:\/\/www.tegos-group.com\/?page_id=5358"},"modified":"2023-12-20T15:43:25","modified_gmt":"2023-12-20T14:43:25","slug":"stellenangebote","status":"publish","type":"page","link":"https:\/\/tegos-group.com\/fr\/stellenangebote\/","title":{"rendered":"Offres d&#8217;emploi"},"content":{"rendered":"\n  <section class=\"section section--no-padding bg hero\">\n      \n    <div class=\"swiper-container slider\">\n      <div class=\"swiper-wrapper\">\n\n                  \n            <div class=\"swiper-slide slider__slide hero__slide bg bg--dark-blue bg--gradient\">\n              <div class=\"container\">\n\n                <div class=\"hero__slide-content\">\n                  \n                                      <h2 class=\"h1 hero__title text--display\">Nous offrons des responsabilit\u00e9s personnelles, pas de hi\u00e9rarchie abrupte<\/h2>\n                  \n                                      <p class=\"hero__description\">Ton entr\u00e9e dans une entreprise qui a une mission claire : #faireautrement<\/p>\n                  \n                                  <\/div>\n\n                \n\n<div class=\"jar jar--1 \">\n  <div class=\"jar__pickle \">\n      <\/div>\n\n  <div class=\"jar__pickle\"><\/div>\n  <div class=\"jar__pickle\"><\/div>\n  <div class=\"jar__pickle\"><\/div>\n<\/div>\n              <\/div><!-- slide-content -->\n            <\/div>\n                  \n      <\/div><!-- swiper-wrapper -->\n      \n                        <\/div><!-- swiper-container -->\n    \n  <\/section>\n\n\n\n\n  \n    <section class=\"section jobs \">\n      <div class=\"container\">\n\n        \n        \n        <div class=\"jobs__filters filters\">\n          <button class=\"jobs__filter filter filter--active\" data-value=\"all\">\n            Tous          <\/button>\n\n                                                    <button class=\"jobs__filter filter\" data-value=\"dortmund-mobiles-arbeiten\">\n                  Dortmund (mobiles Arbeiten)                <\/button>\n                              <button class=\"jobs__filter filter\" data-value=\"dortmund\">\n                  Dortmund                <\/button>\n                              <button class=\"jobs__filter filter\" data-value=\"berlin-hybrid\">\n                  Berlin (hybrid)                <\/button>\n                              <button class=\"jobs__filter filter\" data-value=\"dortmund-hybrid\">\n                  Dortmund (hybrid)                <\/button>\n                              <button class=\"jobs__filter filter\" data-value=\"remote-netherlands\">\n                  Remote (Netherlands)                <\/button>\n                                                                              <button class=\"jobs__filter filter\" data-value=\"ausbildung\">\n                  Ausbildung                <\/button>\n                              <button class=\"jobs__filter filter\" data-value=\"consulting\">\n                  Consulting                <\/button>\n                              <button class=\"jobs__filter filter\" data-value=\"customer-service\">\n                  Customer Service                <\/button>\n                              <button class=\"jobs__filter filter\" data-value=\"development\">\n                  Development                <\/button>\n                              <button class=\"jobs__filter filter\" data-value=\"marketing-sales\">\n                  Marketing &amp; Sales                <\/button>\n                              <button class=\"jobs__filter filter\" data-value=\"sonstiges\">\n                  Sonstiges                <\/button>\n                                            <\/div>\n\n        <div class=\"jobs__wrapper\">\n                      \n            <div class=\"jobs__cat\">\n              <h2>Ausbildung<\/h2>\n\n              <div class=\"jobs__jobs\">\n                \n                  <a href=\"https:\/\/tegos-group.com\/fr\/jobs\/ausbildung-kaufmann-kauffrau-fuer-it-system-management-m-w-d-2026\/\" class=\"jobs__job jobs__job--active jobs__job--all jobs__job--dortmund jobs__job--ausbildung\" title=\"Zum Job\">\n                    <h3 class=\"jobs__title h4\">Ausbildung Kaufmann\/Kauffrau f\u00fcr IT-System Management (m\/w\/d) &#8211; 2026<\/h3>\n                    <p class=\"jobs__office\">\n                      Vollzeit \u2013\n                      Dortmund                    <\/p>\n                  <\/a>\n\n                  \n              <\/div>\n            <\/div>\n\n                      \n            <div class=\"jobs__cat\">\n              <h2>Consulting<\/h2>\n\n              <div class=\"jobs__jobs\">\n                \n                  <a href=\"https:\/\/tegos-group.com\/fr\/jobs\/junior-consultant-m-f-x-at-a-microsoft-solutions-partner-netherlands\/\" class=\"jobs__job jobs__job--active jobs__job--all jobs__job--remote-netherlands jobs__job--consulting\" title=\"Zum Job\">\n                    <h3 class=\"jobs__title h4\">(Junior) Consultant (m\/f\/x) at a Microsoft Solutions Partner &#8211; Netherlands<\/h3>\n                    <p class=\"jobs__office\">\n                      Vollzeit \u2013\n                      Remote (Netherlands)                    <\/p>\n                  <\/a>\n\n                  \n              <\/div>\n            <\/div>\n\n                      \n            <div class=\"jobs__cat\">\n              <h2>Customer Service<\/h2>\n\n              <div class=\"jobs__jobs\">\n                \n                  <a href=\"https:\/\/tegos-group.com\/fr\/jobs\/support-specialist-ms-dynamics-365-business-central-m-w-d\/\" class=\"jobs__job jobs__job--active jobs__job--all jobs__job--dortmund-hybrid jobs__job--customer-service\" title=\"Zum Job\">\n                    <h3 class=\"jobs__title h4\">Support Specialist &#8211; Customer Service (m\/w\/d)<\/h3>\n                    <p class=\"jobs__office\">\n                      Vollzeit \u2013\n                      Dortmund (hybrid)                    <\/p>\n                  <\/a>\n\n                  \n              <\/div>\n            <\/div>\n\n                      \n            <div class=\"jobs__cat\">\n              <h2>Development<\/h2>\n\n              <div class=\"jobs__jobs\">\n                \n                  <a href=\"https:\/\/tegos-group.com\/fr\/jobs\/senior-developer-m-w-d-microsoft-dynamics-365-business-central\/\" class=\"jobs__job jobs__job--active jobs__job--all jobs__job--dortmund-hybrid jobs__job--development\" title=\"Zum Job\">\n                    <h3 class=\"jobs__title h4\">Senior Developer (m\/w\/d) Microsoft Dynamics 365 Business Central<\/h3>\n                    <p class=\"jobs__office\">\n                      Vollzeit \u2013\n                      Dortmund (hybrid)                    <\/p>\n                  <\/a>\n\n                  \n              <\/div>\n            <\/div>\n\n                      \n            <div class=\"jobs__cat\">\n              <h2>Marketing &amp; Sales<\/h2>\n\n              <div class=\"jobs__jobs\">\n                \n                  <a href=\"https:\/\/tegos-group.com\/fr\/jobs\/senior-marketing-manager-b2b-m-w-d-content-campaigns\/\" class=\"jobs__job jobs__job--active jobs__job--all jobs__job--berlin-hybrid jobs__job--marketing-sales\" title=\"Zum Job\">\n                    <h3 class=\"jobs__title h4\">(Senior) Marketing Manager (B2B) (m\/w\/d) &#8211;  Content &amp; Campaigns<\/h3>\n                    <p class=\"jobs__office\">\n                      Vollzeit \u2013\n                      Berlin (hybrid)                    <\/p>\n                  <\/a>\n\n                  \n              <\/div>\n            <\/div>\n\n                      \n            <div class=\"jobs__cat\">\n              <h2>Sonstiges<\/h2>\n\n              <div class=\"jobs__jobs\">\n                \n                  <a href=\"https:\/\/tegos-group.com\/fr\/jobs\/initiativbewerbung\/\" class=\"jobs__job jobs__job--active jobs__job--all jobs__job--dortmund-mobiles-arbeiten jobs__job--sonstiges\" title=\"Zum Job\">\n                    <h3 class=\"jobs__title h4\">Initiativbewerbung<\/h3>\n                    <p class=\"jobs__office\">\n                      Voll- oder Teilzeit \u2013\n                      Dortmund (mobiles Arbeiten)                    <\/p>\n                  <\/a>\n\n                  \n              <\/div>\n            <\/div>\n\n                  <\/div>\n\n      <\/div>\n    <\/section>\n\n  \n\n\n\n  <section class=\"section cta  \">\n    <div class=\"container\">\n\n      <div class=\"cta__wrapper launimation slideBottom\">\n\n        \n        <div class=\"cta__content bg bg--dark-green \">\n                      <h2 class=\"cta__title text--display\">Tu ne trouves pas ce que tu cherches ? Postulez spontan\u00e9ment !<\/h2>\n          \n                      <p class=\"cta__description\">Tu n&rsquo;as pas trouv\u00e9 ce que tu cherchais ? Pas de probl\u00e8me ! Profite de l&rsquo;occasion pour montrer ton potentiel. Envoi d&rsquo;une candidature spontan\u00e9e \u00e0 karriere@tegos.eu<\/p>\n          \n                      <a href=\"\/fr\/recruiting-support\/\"  class=\"cta__button button button--arrow\" >\n              Envoyer une candidature spontan\u00e9e            <\/a>\n          \n                      <div class=\"cta__pickles\">\n              \n\n<div class=\"jar jar--1 \">\n  <div class=\"jar__pickle \">\n      <\/div>\n\n  <div class=\"jar__pickle\"><\/div>\n  <div class=\"jar__pickle\"><\/div>\n  <div class=\"jar__pickle\"><\/div>\n<\/div>            <\/div>\n                  <\/div>\n\n      <\/div>\n\n    <\/div>\n  <\/section>\n\n","protected":false},"excerpt":{"rendered":"","protected":false},"author":106,"featured_media":0,"parent":0,"menu_order":0,"comment_status":"closed","ping_status":"closed","template":"","meta":{"_acf_changed":false,"footnotes":""},"class_list":["post-5358","page","type-page","status-publish","hentry"],"acf":[],"yoast_head":"<!-- This site is optimized with the Yoast SEO plugin v27.3 - https:\/\/yoast.com\/product\/yoast-seo-wordpress\/ -->\n<title>Offres d&#039;emploi - tegosgroup: Experten f\u00fcr Abfallwirtschaft, Entsorgung &amp; Recycling Software<\/title>\n<meta name=\"robots\" content=\"index, follow, max-snippet:-1, max-image-preview:large, max-video-preview:-1\" \/>\n<link rel=\"canonical\" href=\"https:\/\/tegos-group.com\/fr\/stellenangebote\/\" \/>\n<meta property=\"og:locale\" content=\"fr_FR\" \/>\n<meta property=\"og:type\" content=\"article\" \/>\n<meta property=\"og:title\" content=\"Offres d&#039;emploi - tegosgroup: Experten f\u00fcr Abfallwirtschaft, Entsorgung &amp; Recycling Software\" \/>\n<meta property=\"og:url\" content=\"https:\/\/tegos-group.com\/fr\/stellenangebote\/\" \/>\n<meta property=\"og:site_name\" content=\"tegosgroup: Experten f\u00fcr Abfallwirtschaft, Entsorgung &amp; Recycling Software\" \/>\n<meta property=\"article:modified_time\" content=\"2023-12-20T14:43:25+00:00\" \/>\n<meta name=\"twitter:card\" content=\"summary_large_image\" \/>\n<script type=\"application\/ld+json\" class=\"yoast-schema-graph\">{\"@context\":\"https:\\\/\\\/schema.org\",\"@graph\":[{\"@type\":\"WebPage\",\"@id\":\"https:\\\/\\\/tegos-group.com\\\/fr\\\/stellenangebote\\\/\",\"url\":\"https:\\\/\\\/tegos-group.com\\\/fr\\\/stellenangebote\\\/\",\"name\":\"Offres d'emploi - tegosgroup: Experten f\u00fcr Abfallwirtschaft, Entsorgung &amp; Recycling Software\",\"isPartOf\":{\"@id\":\"https:\\\/\\\/tegos-group.com\\\/fr\\\/#website\"},\"datePublished\":\"2023-05-03T13:18:20+00:00\",\"dateModified\":\"2023-12-20T14:43:25+00:00\",\"breadcrumb\":{\"@id\":\"https:\\\/\\\/tegos-group.com\\\/fr\\\/stellenangebote\\\/#breadcrumb\"},\"inLanguage\":\"fr-FR\",\"potentialAction\":[{\"@type\":\"ReadAction\",\"target\":[\"https:\\\/\\\/tegos-group.com\\\/fr\\\/stellenangebote\\\/\"]}]},{\"@type\":\"BreadcrumbList\",\"@id\":\"https:\\\/\\\/tegos-group.com\\\/fr\\\/stellenangebote\\\/#breadcrumb\",\"itemListElement\":[{\"@type\":\"ListItem\",\"position\":1,\"name\":\"Home\",\"item\":\"https:\\\/\\\/tegos-group.com\\\/fr\\\/\"},{\"@type\":\"ListItem\",\"position\":2,\"name\":\"Offres d&#8217;emploi\"}]},{\"@type\":\"WebSite\",\"@id\":\"https:\\\/\\\/tegos-group.com\\\/fr\\\/#website\",\"url\":\"https:\\\/\\\/tegos-group.com\\\/fr\\\/\",\"name\":\"tegosgroup: Experten f\u00fcr Abfallwirtschaft, Entsorgung &amp; Recycling Software\",\"description\":\"Ma\u00dfgeschneiderte L\u00f6sungen f\u00fcr Abfallmanagement, EANV &amp; Schrotthandel\",\"potentialAction\":[{\"@type\":\"SearchAction\",\"target\":{\"@type\":\"EntryPoint\",\"urlTemplate\":\"https:\\\/\\\/tegos-group.com\\\/fr\\\/?s={search_term_string}\"},\"query-input\":{\"@type\":\"PropertyValueSpecification\",\"valueRequired\":true,\"valueName\":\"search_term_string\"}}],\"inLanguage\":\"fr-FR\"}]}<\/script>\n<!-- \/ Yoast SEO plugin. -->","yoast_head_json":{"title":"Offres d'emploi - tegosgroup: Experten f\u00fcr Abfallwirtschaft, Entsorgung &amp; Recycling Software","robots":{"index":"index","follow":"follow","max-snippet":"max-snippet:-1","max-image-preview":"max-image-preview:large","max-video-preview":"max-video-preview:-1"},"canonical":"https:\/\/tegos-group.com\/fr\/stellenangebote\/","og_locale":"fr_FR","og_type":"article","og_title":"Offres d'emploi - tegosgroup: Experten f\u00fcr Abfallwirtschaft, Entsorgung &amp; Recycling Software","og_url":"https:\/\/tegos-group.com\/fr\/stellenangebote\/","og_site_name":"tegosgroup: Experten f\u00fcr Abfallwirtschaft, Entsorgung &amp; Recycling Software","article_modified_time":"2023-12-20T14:43:25+00:00","twitter_card":"summary_large_image","schema":{"@context":"https:\/\/schema.org","@graph":[{"@type":"WebPage","@id":"https:\/\/tegos-group.com\/fr\/stellenangebote\/","url":"https:\/\/tegos-group.com\/fr\/stellenangebote\/","name":"Offres d'emploi - tegosgroup: Experten f\u00fcr Abfallwirtschaft, Entsorgung &amp; Recycling Software","isPartOf":{"@id":"https:\/\/tegos-group.com\/fr\/#website"},"datePublished":"2023-05-03T13:18:20+00:00","dateModified":"2023-12-20T14:43:25+00:00","breadcrumb":{"@id":"https:\/\/tegos-group.com\/fr\/stellenangebote\/#breadcrumb"},"inLanguage":"fr-FR","potentialAction":[{"@type":"ReadAction","target":["https:\/\/tegos-group.com\/fr\/stellenangebote\/"]}]},{"@type":"BreadcrumbList","@id":"https:\/\/tegos-group.com\/fr\/stellenangebote\/#breadcrumb","itemListElement":[{"@type":"ListItem","position":1,"name":"Home","item":"https:\/\/tegos-group.com\/fr\/"},{"@type":"ListItem","position":2,"name":"Offres d&#8217;emploi"}]},{"@type":"WebSite","@id":"https:\/\/tegos-group.com\/fr\/#website","url":"https:\/\/tegos-group.com\/fr\/","name":"tegosgroup: Experten f\u00fcr Abfallwirtschaft, Entsorgung &amp; Recycling Software","description":"Ma\u00dfgeschneiderte L\u00f6sungen f\u00fcr Abfallmanagement, EANV &amp; Schrotthandel","potentialAction":[{"@type":"SearchAction","target":{"@type":"EntryPoint","urlTemplate":"https:\/\/tegos-group.com\/fr\/?s={search_term_string}"},"query-input":{"@type":"PropertyValueSpecification","valueRequired":true,"valueName":"search_term_string"}}],"inLanguage":"fr-FR"}]}},"_links":{"self":[{"href":"https:\/\/tegos-group.com\/fr\/wp-json\/wp\/v2\/pages\/5358","targetHints":{"allow":["GET"]}}],"collection":[{"href":"https:\/\/tegos-group.com\/fr\/wp-json\/wp\/v2\/pages"}],"about":[{"href":"https:\/\/tegos-group.com\/fr\/wp-json\/wp\/v2\/types\/page"}],"author":[{"embeddable":true,"href":"https:\/\/tegos-group.com\/fr\/wp-json\/wp\/v2\/users\/106"}],"replies":[{"embeddable":true,"href":"https:\/\/tegos-group.com\/fr\/wp-json\/wp\/v2\/comments?post=5358"}],"version-history":[{"count":9,"href":"https:\/\/tegos-group.com\/fr\/wp-json\/wp\/v2\/pages\/5358\/revisions"}],"predecessor-version":[{"id":11611,"href":"https:\/\/tegos-group.com\/fr\/wp-json\/wp\/v2\/pages\/5358\/revisions\/11611"}],"wp:attachment":[{"href":"https:\/\/tegos-group.com\/fr\/wp-json\/wp\/v2\/media?parent=5358"}],"curies":[{"name":"wp","href":"https:\/\/api.w.org\/{rel}","templated":true}]}}