{"id":5359,"date":"2023-05-03T15:19:00","date_gmt":"2023-05-03T13:19:00","guid":{"rendered":"https:\/\/www.tegos-group.com\/?page_id=5359"},"modified":"2023-12-20T16:23:30","modified_gmt":"2023-12-20T15:23:30","slug":"tegos-stories","status":"publish","type":"page","link":"https:\/\/tegos-group.com\/fr\/tegos-stories\/","title":{"rendered":"tegos Stories"},"content":{"rendered":"\n  <section class=\"section section--no-padding bg hero\">\n      \n    <div class=\"swiper-container slider\">\n      <div class=\"swiper-wrapper\">\n\n                  \n            <div class=\"swiper-slide slider__slide hero__slide bg bg--sand bg--gradient\">\n              <div class=\"container\">\n\n                <div class=\"hero__slide-content\">\n                  \n                                      <h2 class=\"h1 hero__title text--display\">tegos Stories<\/h2>\n                  \n                                      <p class=\"hero__description\">En savoir plus sur l&rsquo;esprit de nous, les T\u00e9gosiens.<\/p>\n                  \n                  \n                    <a class=\"button\" href=\"\/fr\/stellenangebote\/\" target=\"_self\">\n                      Tous les postes vacants                    <\/a>\n                                  <\/div>\n\n                \n\n<div class=\"jar jar--2 \">\n  <div class=\"jar__pickle \">\n      <\/div>\n\n  <div class=\"jar__pickle\"><\/div>\n  <div class=\"jar__pickle\"><\/div>\n  <div class=\"jar__pickle\"><\/div>\n<\/div>\n              <\/div><!-- slide-content -->\n            <\/div>\n                  \n      <\/div><!-- swiper-wrapper -->\n      \n                        <\/div><!-- swiper-container -->\n    \n  <\/section>\n\n\n\n\n<p><\/p>\n\n\n\n<h2 class=\"wp-block-heading has-text-align-center\">Bienvenue dans nos tegos stories<\/h2>\n\n\n\n<p class=\"has-text-align-center\">Nous te pr\u00e9sentons notre quotidien sous les angles les plus divers : Des t\u00e9moignages personnels de tegosiens* t&rsquo;attendent, qui te parlent de leurs t\u00e2ches et de leurs projets. Apprends \u00e0 mieux conna\u00eetre le groupe tegos et d\u00e9couvre ce que nous faisons #autrement.<\/p>\n\n\n\n<p><\/p>\n","protected":false},"excerpt":{"rendered":"<p>Bienvenue dans nos tegos stories Nous te pr\u00e9sentons notre quotidien sous les angles les plus divers : Des t\u00e9moignages personnels de tegosiens* t&rsquo;attendent, qui te parlent de leurs t\u00e2ches et de leurs projets. Apprends \u00e0 mieux conna\u00eetre le groupe tegos et d\u00e9couvre ce que nous faisons #autrement.<\/p>\n","protected":false},"author":106,"featured_media":0,"parent":0,"menu_order":0,"comment_status":"closed","ping_status":"closed","template":"","meta":{"_acf_changed":false,"footnotes":""},"class_list":["post-5359","page","type-page","status-publish","hentry"],"acf":[],"yoast_head":"<!-- This site is optimized with the Yoast SEO plugin v27.3 - https:\/\/yoast.com\/product\/yoast-seo-wordpress\/ -->\n<title>tegos Stories - tegosgroup: Experten f\u00fcr Abfallwirtschaft, Entsorgung &amp; Recycling Software<\/title>\n<meta name=\"robots\" content=\"index, follow, max-snippet:-1, max-image-preview:large, max-video-preview:-1\" \/>\n<link rel=\"canonical\" href=\"https:\/\/tegos-group.com\/fr\/tegos-stories\/\" \/>\n<meta property=\"og:locale\" content=\"fr_FR\" \/>\n<meta property=\"og:type\" content=\"article\" \/>\n<meta property=\"og:title\" content=\"tegos Stories - tegosgroup: Experten f\u00fcr Abfallwirtschaft, Entsorgung &amp; Recycling Software\" \/>\n<meta property=\"og:description\" content=\"Bienvenue dans nos tegos stories Nous te pr\u00e9sentons notre quotidien sous les angles les plus divers : Des t\u00e9moignages personnels de tegosiens* t&rsquo;attendent, qui te parlent de leurs t\u00e2ches et de leurs projets. Apprends \u00e0 mieux conna\u00eetre le groupe tegos et d\u00e9couvre ce que nous faisons #autrement.\" \/>\n<meta property=\"og:url\" content=\"https:\/\/tegos-group.com\/fr\/tegos-stories\/\" \/>\n<meta property=\"og:site_name\" content=\"tegosgroup: Experten f\u00fcr Abfallwirtschaft, Entsorgung &amp; Recycling Software\" \/>\n<meta property=\"article:modified_time\" content=\"2023-12-20T15:23:30+00:00\" \/>\n<meta name=\"twitter:card\" content=\"summary_large_image\" \/>\n<meta name=\"twitter:label1\" content=\"Dur\u00e9e de lecture estim\u00e9e\" \/>\n\t<meta name=\"twitter:data1\" content=\"1 minute\" \/>\n<script type=\"application\/ld+json\" class=\"yoast-schema-graph\">{\"@context\":\"https:\\\/\\\/schema.org\",\"@graph\":[{\"@type\":\"WebPage\",\"@id\":\"https:\\\/\\\/tegos-group.com\\\/fr\\\/tegos-stories\\\/\",\"url\":\"https:\\\/\\\/tegos-group.com\\\/fr\\\/tegos-stories\\\/\",\"name\":\"tegos Stories - tegosgroup: Experten f\u00fcr Abfallwirtschaft, Entsorgung &amp; Recycling Software\",\"isPartOf\":{\"@id\":\"https:\\\/\\\/tegos-group.com\\\/fr\\\/#website\"},\"datePublished\":\"2023-05-03T13:19:00+00:00\",\"dateModified\":\"2023-12-20T15:23:30+00:00\",\"breadcrumb\":{\"@id\":\"https:\\\/\\\/tegos-group.com\\\/fr\\\/tegos-stories\\\/#breadcrumb\"},\"inLanguage\":\"fr-FR\",\"potentialAction\":[{\"@type\":\"ReadAction\",\"target\":[\"https:\\\/\\\/tegos-group.com\\\/fr\\\/tegos-stories\\\/\"]}]},{\"@type\":\"BreadcrumbList\",\"@id\":\"https:\\\/\\\/tegos-group.com\\\/fr\\\/tegos-stories\\\/#breadcrumb\",\"itemListElement\":[{\"@type\":\"ListItem\",\"position\":1,\"name\":\"Home\",\"item\":\"https:\\\/\\\/tegos-group.com\\\/fr\\\/\"},{\"@type\":\"ListItem\",\"position\":2,\"name\":\"tegos Stories\"}]},{\"@type\":\"WebSite\",\"@id\":\"https:\\\/\\\/tegos-group.com\\\/fr\\\/#website\",\"url\":\"https:\\\/\\\/tegos-group.com\\\/fr\\\/\",\"name\":\"tegosgroup: Experten f\u00fcr Abfallwirtschaft, Entsorgung &amp; Recycling Software\",\"description\":\"Ma\u00dfgeschneiderte L\u00f6sungen f\u00fcr Abfallmanagement, EANV &amp; Schrotthandel\",\"potentialAction\":[{\"@type\":\"SearchAction\",\"target\":{\"@type\":\"EntryPoint\",\"urlTemplate\":\"https:\\\/\\\/tegos-group.com\\\/fr\\\/?s={search_term_string}\"},\"query-input\":{\"@type\":\"PropertyValueSpecification\",\"valueRequired\":true,\"valueName\":\"search_term_string\"}}],\"inLanguage\":\"fr-FR\"}]}<\/script>\n<!-- \/ Yoast SEO plugin. -->","yoast_head_json":{"title":"tegos Stories - tegosgroup: Experten f\u00fcr Abfallwirtschaft, Entsorgung &amp; Recycling Software","robots":{"index":"index","follow":"follow","max-snippet":"max-snippet:-1","max-image-preview":"max-image-preview:large","max-video-preview":"max-video-preview:-1"},"canonical":"https:\/\/tegos-group.com\/fr\/tegos-stories\/","og_locale":"fr_FR","og_type":"article","og_title":"tegos Stories - tegosgroup: Experten f\u00fcr Abfallwirtschaft, Entsorgung &amp; Recycling Software","og_description":"Bienvenue dans nos tegos stories Nous te pr\u00e9sentons notre quotidien sous les angles les plus divers : Des t\u00e9moignages personnels de tegosiens* t&rsquo;attendent, qui te parlent de leurs t\u00e2ches et de leurs projets. Apprends \u00e0 mieux conna\u00eetre le groupe tegos et d\u00e9couvre ce que nous faisons #autrement.","og_url":"https:\/\/tegos-group.com\/fr\/tegos-stories\/","og_site_name":"tegosgroup: Experten f\u00fcr Abfallwirtschaft, Entsorgung &amp; Recycling Software","article_modified_time":"2023-12-20T15:23:30+00:00","twitter_card":"summary_large_image","twitter_misc":{"Dur\u00e9e de lecture estim\u00e9e":"1 minute"},"schema":{"@context":"https:\/\/schema.org","@graph":[{"@type":"WebPage","@id":"https:\/\/tegos-group.com\/fr\/tegos-stories\/","url":"https:\/\/tegos-group.com\/fr\/tegos-stories\/","name":"tegos Stories - tegosgroup: Experten f\u00fcr Abfallwirtschaft, Entsorgung &amp; Recycling Software","isPartOf":{"@id":"https:\/\/tegos-group.com\/fr\/#website"},"datePublished":"2023-05-03T13:19:00+00:00","dateModified":"2023-12-20T15:23:30+00:00","breadcrumb":{"@id":"https:\/\/tegos-group.com\/fr\/tegos-stories\/#breadcrumb"},"inLanguage":"fr-FR","potentialAction":[{"@type":"ReadAction","target":["https:\/\/tegos-group.com\/fr\/tegos-stories\/"]}]},{"@type":"BreadcrumbList","@id":"https:\/\/tegos-group.com\/fr\/tegos-stories\/#breadcrumb","itemListElement":[{"@type":"ListItem","position":1,"name":"Home","item":"https:\/\/tegos-group.com\/fr\/"},{"@type":"ListItem","position":2,"name":"tegos Stories"}]},{"@type":"WebSite","@id":"https:\/\/tegos-group.com\/fr\/#website","url":"https:\/\/tegos-group.com\/fr\/","name":"tegosgroup: Experten f\u00fcr Abfallwirtschaft, Entsorgung &amp; Recycling Software","description":"Ma\u00dfgeschneiderte L\u00f6sungen f\u00fcr Abfallmanagement, EANV &amp; Schrotthandel","potentialAction":[{"@type":"SearchAction","target":{"@type":"EntryPoint","urlTemplate":"https:\/\/tegos-group.com\/fr\/?s={search_term_string}"},"query-input":{"@type":"PropertyValueSpecification","valueRequired":true,"valueName":"search_term_string"}}],"inLanguage":"fr-FR"}]}},"_links":{"self":[{"href":"https:\/\/tegos-group.com\/fr\/wp-json\/wp\/v2\/pages\/5359","targetHints":{"allow":["GET"]}}],"collection":[{"href":"https:\/\/tegos-group.com\/fr\/wp-json\/wp\/v2\/pages"}],"about":[{"href":"https:\/\/tegos-group.com\/fr\/wp-json\/wp\/v2\/types\/page"}],"author":[{"embeddable":true,"href":"https:\/\/tegos-group.com\/fr\/wp-json\/wp\/v2\/users\/106"}],"replies":[{"embeddable":true,"href":"https:\/\/tegos-group.com\/fr\/wp-json\/wp\/v2\/comments?post=5359"}],"version-history":[{"count":6,"href":"https:\/\/tegos-group.com\/fr\/wp-json\/wp\/v2\/pages\/5359\/revisions"}],"predecessor-version":[{"id":11635,"href":"https:\/\/tegos-group.com\/fr\/wp-json\/wp\/v2\/pages\/5359\/revisions\/11635"}],"wp:attachment":[{"href":"https:\/\/tegos-group.com\/fr\/wp-json\/wp\/v2\/media?parent=5359"}],"curies":[{"name":"wp","href":"https:\/\/api.w.org\/{rel}","templated":true}]}}