{"id":5369,"date":"2023-05-03T15:12:38","date_gmt":"2023-05-03T13:12:38","guid":{"rendered":"https:\/\/www.tegos-group.com\/?page_id=5369"},"modified":"2023-06-16T12:35:12","modified_gmt":"2023-06-16T12:35:12","slug":"karriere","status":"publish","type":"page","link":"https:\/\/tegos-group.com\/fr\/karriere\/","title":{"rendered":"Carri\u00e8re"},"content":{"rendered":"\n  \n    <section class=\"section timeline-horizontal bg bg--dark-blue bg-gradient--dark-blue\">\n      <div class=\"container container--wide\">\n\n                  <h2 class=\"timeline-horizontal__heading text--center\">Ton chemin vers nous<\/h2>\n        \n        <div class=\"timeline-horizontal__steps\">\n          \n            <div class=\"timeline-horizontal__step\">\n                              <div class=\"timeline-horizontal__icon-container\">\n                  <img loading=\"lazy\" data-src=\"https:\/\/tegos-group.com\/wp-content\/uploads\/2023\/04\/phone.svg\" data-srcset=\"https:\/\/tegos-group.com\/wp-content\/uploads\/2023\/04\/phone.svg 1920w, https:\/\/tegos-group.com\/wp-content\/uploads\/2023\/04\/phone.svg 1600w, https:\/\/tegos-group.com\/wp-content\/uploads\/2023\/04\/phone.svg 1366w, https:\/\/tegos-group.com\/wp-content\/uploads\/2023\/04\/phone.svg 1024w, https:\/\/tegos-group.com\/wp-content\/uploads\/2023\/04\/phone.svg 768w, https:\/\/tegos-group.com\/wp-content\/uploads\/2023\/04\/phone.svg 550w\" class=\"timeline-horizontal__icon\" alt=\"\"  width=\"1\"  height=\"1\">                  <div class=\"timeline-horizontal__dash\"><\/div>\n                <\/div>\n              \n              <div class=\"timeline-horizontal__content\">\n                                  <h3 class=\"timeline-horizontal__title h4\">\n                    Prise de contact &amp; candidature                  <\/h3>\n                \n                                  <p class=\"timeline-horizontal__desc\">\n                    Tu es int\u00e9ress\u00e9 par tegosgroup en tant qu&#039;employeur ou par un poste concret? Alors prends contact avec nous ou pose directement ta candidature!                  <\/p>\n                              <\/div>\n            <\/div>\n            \n          \n            <div class=\"timeline-horizontal__step\">\n                              <div class=\"timeline-horizontal__icon-container\">\n                  <img loading=\"lazy\" data-src=\"https:\/\/tegos-group.com\/wp-content\/uploads\/2023\/04\/clipboard-list.svg\" data-srcset=\"https:\/\/tegos-group.com\/wp-content\/uploads\/2023\/04\/clipboard-list.svg 1920w, https:\/\/tegos-group.com\/wp-content\/uploads\/2023\/04\/clipboard-list.svg 1600w, https:\/\/tegos-group.com\/wp-content\/uploads\/2023\/04\/clipboard-list.svg 1366w, https:\/\/tegos-group.com\/wp-content\/uploads\/2023\/04\/clipboard-list.svg 1024w, https:\/\/tegos-group.com\/wp-content\/uploads\/2023\/04\/clipboard-list.svg 768w, https:\/\/tegos-group.com\/wp-content\/uploads\/2023\/04\/clipboard-list.svg 550w\" class=\"timeline-horizontal__icon\" alt=\"\"  width=\"1\"  height=\"1\">                  <div class=\"timeline-horizontal__dash\"><\/div>\n                <\/div>\n              \n              <div class=\"timeline-horizontal__content\">\n                                  <h3 class=\"timeline-horizontal__title h4\">\n                    Test                  <\/h3>\n                \n                                  <p class=\"timeline-horizontal__desc\">\n                    Test Test Test                  <\/p>\n                              <\/div>\n            <\/div>\n            \n          \n            <div class=\"timeline-horizontal__step\">\n                              <div class=\"timeline-horizontal__icon-container\">\n                  <img loading=\"lazy\" data-src=\"https:\/\/tegos-group.com\/wp-content\/uploads\/2023\/04\/heart-handshake.svg\" data-srcset=\"https:\/\/tegos-group.com\/wp-content\/uploads\/2023\/04\/heart-handshake.svg 1920w, https:\/\/tegos-group.com\/wp-content\/uploads\/2023\/04\/heart-handshake.svg 1600w, https:\/\/tegos-group.com\/wp-content\/uploads\/2023\/04\/heart-handshake.svg 1366w, https:\/\/tegos-group.com\/wp-content\/uploads\/2023\/04\/heart-handshake.svg 1024w, https:\/\/tegos-group.com\/wp-content\/uploads\/2023\/04\/heart-handshake.svg 768w, https:\/\/tegos-group.com\/wp-content\/uploads\/2023\/04\/heart-handshake.svg 550w\" class=\"timeline-horizontal__icon\" alt=\"\"  width=\"1\"  height=\"1\">                  <div class=\"timeline-horizontal__dash\"><\/div>\n                <\/div>\n              \n              <div class=\"timeline-horizontal__content\">\n                                  <h3 class=\"timeline-horizontal__title h4\">\n                    Onboarding &amp; int\u00e9gration                  <\/h3>\n                \n                                  <p class=\"timeline-horizontal__desc\">\n                    Ton onboarding commence par une introduction de base \u00e0 &#8230;&#8230;.. Ensuite, tu re\u00e7ois une formation sp\u00e9cifique \u00e0 ton poste (ou \u00e0 tes t\u00e2ches).                  <\/p>\n                              <\/div>\n            <\/div>\n            \n                  <\/div>\n\n      <\/div>\n    <\/section>\n\n  \n\n\n\n  \n    <section class=\"section timeline-horizontal bg bg--dark-blue bg-gradient--dark-blue\">\n      <div class=\"container container--wide\">\n\n                  <h2 class=\"timeline-horizontal__heading text--center\">Ton chemin vers nous<\/h2>\n        \n        <div class=\"timeline-horizontal__steps\">\n          \n            <div class=\"timeline-horizontal__step\">\n                              <div class=\"timeline-horizontal__icon-container\">\n                  <img loading=\"lazy\" data-src=\"https:\/\/tegos-group.com\/wp-content\/uploads\/2023\/04\/phone.svg\" data-srcset=\"https:\/\/tegos-group.com\/wp-content\/uploads\/2023\/04\/phone.svg 1920w, https:\/\/tegos-group.com\/wp-content\/uploads\/2023\/04\/phone.svg 1600w, https:\/\/tegos-group.com\/wp-content\/uploads\/2023\/04\/phone.svg 1366w, https:\/\/tegos-group.com\/wp-content\/uploads\/2023\/04\/phone.svg 1024w, https:\/\/tegos-group.com\/wp-content\/uploads\/2023\/04\/phone.svg 768w, https:\/\/tegos-group.com\/wp-content\/uploads\/2023\/04\/phone.svg 550w\" class=\"timeline-horizontal__icon\" alt=\"\"  width=\"1\"  height=\"1\">                  <div class=\"timeline-horizontal__dash\"><\/div>\n                <\/div>\n              \n              <div class=\"timeline-horizontal__content\">\n                                  <h3 class=\"timeline-horizontal__title h4\">\n                    Prise de contact &amp; candidature                  <\/h3>\n                \n                                  <p class=\"timeline-horizontal__desc\">\n                    Tu es int\u00e9ress\u00e9 par tegosgroup en tant qu&#039;employeur ou par un poste concret? Alors prends contact avec nous ou pose directement ta candidature!                  <\/p>\n                              <\/div>\n            <\/div>\n            \n          \n            <div class=\"timeline-horizontal__step\">\n                              <div class=\"timeline-horizontal__icon-container\">\n                  <img loading=\"lazy\" data-src=\"https:\/\/tegos-group.com\/wp-content\/uploads\/2023\/04\/clipboard-list.svg\" data-srcset=\"https:\/\/tegos-group.com\/wp-content\/uploads\/2023\/04\/clipboard-list.svg 1920w, https:\/\/tegos-group.com\/wp-content\/uploads\/2023\/04\/clipboard-list.svg 1600w, https:\/\/tegos-group.com\/wp-content\/uploads\/2023\/04\/clipboard-list.svg 1366w, https:\/\/tegos-group.com\/wp-content\/uploads\/2023\/04\/clipboard-list.svg 1024w, https:\/\/tegos-group.com\/wp-content\/uploads\/2023\/04\/clipboard-list.svg 768w, https:\/\/tegos-group.com\/wp-content\/uploads\/2023\/04\/clipboard-list.svg 550w\" class=\"timeline-horizontal__icon\" alt=\"\"  width=\"1\"  height=\"1\">                  <div class=\"timeline-horizontal__dash\"><\/div>\n                <\/div>\n              \n              <div class=\"timeline-horizontal__content\">\n                                  <h3 class=\"timeline-horizontal__title h4\">\n                    tegos Feedback                  <\/h3>\n                \n                                  <p class=\"timeline-horizontal__desc\">\n                    D\u00e8s que nous aurons re\u00e7u ta candidature, nous te recontacterons dans les plus brefs d\u00e9lais.  Nous attachons une grande importance \u00e0 la rapidit\u00e9 du processus.                  <\/p>\n                              <\/div>\n            <\/div>\n            \n          \n            <div class=\"timeline-horizontal__step\">\n                              <div class=\"timeline-horizontal__icon-container\">\n                  <img loading=\"lazy\" data-src=\"https:\/\/tegos-group.com\/wp-content\/uploads\/2023\/04\/heart-handshake.svg\" data-srcset=\"https:\/\/tegos-group.com\/wp-content\/uploads\/2023\/04\/heart-handshake.svg 1920w, https:\/\/tegos-group.com\/wp-content\/uploads\/2023\/04\/heart-handshake.svg 1600w, https:\/\/tegos-group.com\/wp-content\/uploads\/2023\/04\/heart-handshake.svg 1366w, https:\/\/tegos-group.com\/wp-content\/uploads\/2023\/04\/heart-handshake.svg 1024w, https:\/\/tegos-group.com\/wp-content\/uploads\/2023\/04\/heart-handshake.svg 768w, https:\/\/tegos-group.com\/wp-content\/uploads\/2023\/04\/heart-handshake.svg 550w\" class=\"timeline-horizontal__icon\" alt=\"\"  width=\"1\"  height=\"1\">                  <div class=\"timeline-horizontal__dash\"><\/div>\n                <\/div>\n              \n              <div class=\"timeline-horizontal__content\">\n                                  <h3 class=\"timeline-horizontal__title h4\">\n                    Onboarding &amp; int\u00e9gration                  <\/h3>\n                \n                                  <p class=\"timeline-horizontal__desc\">\n                    Ton onboarding commence par une introduction de base \u00e0 &#8230;&#8230;.. Ensuite, tu re\u00e7ois une formation sp\u00e9cifique \u00e0 ton poste (ou \u00e0 tes t\u00e2ches).                  <\/p>\n                              <\/div>\n            <\/div>\n            \n                  <\/div>\n\n      <\/div>\n    <\/section>\n\n  \n\n\n\n  \n    <section class=\"section timeline-horizontal bg bg--dark-blue bg-gradient--dark-blue\">\n      <div class=\"container container--wide\">\n\n                  <h2 class=\"timeline-horizontal__heading text--center\">Ton chemin vers nous<\/h2>\n        \n        <div class=\"timeline-horizontal__steps\">\n          \n            <div class=\"timeline-horizontal__step\">\n                              <div class=\"timeline-horizontal__icon-container\">\n                  <img loading=\"lazy\" data-src=\"https:\/\/tegos-group.com\/wp-content\/uploads\/2023\/04\/phone.svg\" data-srcset=\"https:\/\/tegos-group.com\/wp-content\/uploads\/2023\/04\/phone.svg 1920w, https:\/\/tegos-group.com\/wp-content\/uploads\/2023\/04\/phone.svg 1600w, https:\/\/tegos-group.com\/wp-content\/uploads\/2023\/04\/phone.svg 1366w, https:\/\/tegos-group.com\/wp-content\/uploads\/2023\/04\/phone.svg 1024w, https:\/\/tegos-group.com\/wp-content\/uploads\/2023\/04\/phone.svg 768w, https:\/\/tegos-group.com\/wp-content\/uploads\/2023\/04\/phone.svg 550w\" class=\"timeline-horizontal__icon\" alt=\"\"  width=\"1\"  height=\"1\">                  <div class=\"timeline-horizontal__dash\"><\/div>\n                <\/div>\n              \n              <div class=\"timeline-horizontal__content\">\n                                  <h3 class=\"timeline-horizontal__title h4\">\n                    Prise de contact &amp; candidature                  <\/h3>\n                \n                                  <p class=\"timeline-horizontal__desc\">\n                    Tu t&#039;int\u00e9resses \u00e0 tegosgroup en tant qu&#039;employeur ou tu as trouv\u00e9 un poste qui te convient ? Consulte nos offres d&#039;emploi actuelles ou prends directement contact avec nous. Postule simplement et facilement pour le poste de ton choix.                  <\/p>\n                              <\/div>\n            <\/div>\n            \n          \n            <div class=\"timeline-horizontal__step\">\n                              <div class=\"timeline-horizontal__icon-container\">\n                  <img loading=\"lazy\" data-src=\"https:\/\/tegos-group.com\/wp-content\/uploads\/2023\/04\/clipboard-list.svg\" data-srcset=\"https:\/\/tegos-group.com\/wp-content\/uploads\/2023\/04\/clipboard-list.svg 1920w, https:\/\/tegos-group.com\/wp-content\/uploads\/2023\/04\/clipboard-list.svg 1600w, https:\/\/tegos-group.com\/wp-content\/uploads\/2023\/04\/clipboard-list.svg 1366w, https:\/\/tegos-group.com\/wp-content\/uploads\/2023\/04\/clipboard-list.svg 1024w, https:\/\/tegos-group.com\/wp-content\/uploads\/2023\/04\/clipboard-list.svg 768w, https:\/\/tegos-group.com\/wp-content\/uploads\/2023\/04\/clipboard-list.svg 550w\" class=\"timeline-horizontal__icon\" alt=\"\"  width=\"1\"  height=\"1\">                  <div class=\"timeline-horizontal__dash\"><\/div>\n                <\/div>\n              \n              <div class=\"timeline-horizontal__content\">\n                                  <h3 class=\"timeline-horizontal__title h4\">\n                    tegos Feedback                  <\/h3>\n                \n                                  <p class=\"timeline-horizontal__desc\">\n                    Apr\u00e8s avoir re\u00e7u ta candidature, nous te contacterons rapidement. Nous attachons une grande importance \u00e0 la simplicit\u00e9 et \u00e0 la rapidit\u00e9 du processus de candidature afin de pouvoir nous entretenir le plus rapidement possible.                  <\/p>\n                              <\/div>\n            <\/div>\n            \n          \n            <div class=\"timeline-horizontal__step\">\n                              <div class=\"timeline-horizontal__icon-container\">\n                  <img loading=\"lazy\" data-src=\"https:\/\/tegos-group.com\/wp-content\/uploads\/2023\/04\/laptop-2.svg\" data-srcset=\"https:\/\/tegos-group.com\/wp-content\/uploads\/2023\/04\/laptop-2.svg 1920w, https:\/\/tegos-group.com\/wp-content\/uploads\/2023\/04\/laptop-2.svg 1600w, https:\/\/tegos-group.com\/wp-content\/uploads\/2023\/04\/laptop-2.svg 1366w, https:\/\/tegos-group.com\/wp-content\/uploads\/2023\/04\/laptop-2.svg 1024w, https:\/\/tegos-group.com\/wp-content\/uploads\/2023\/04\/laptop-2.svg 768w, https:\/\/tegos-group.com\/wp-content\/uploads\/2023\/04\/laptop-2.svg 550w\" class=\"timeline-horizontal__icon\" alt=\"\"  width=\"1\"  height=\"1\">                  <div class=\"timeline-horizontal__dash\"><\/div>\n                <\/div>\n              \n              <div class=\"timeline-horizontal__content\">\n                                  <h3 class=\"timeline-horizontal__title h4\">\n                    Interview                  <\/h3>\n                \n                                  <p class=\"timeline-horizontal__desc\">\n                    Nous attachons une grande importance \u00e0 te rencontrer personnellement et d&#039;\u00e9gal \u00e0 \u00e9gal lors de l&#039;entretien d&#039;embauche. Notre objectif est de comprendre la personne qui se cache derri\u00e8re la candidature et de trouver le match parfait pour les deux parties. Ensemble, nous voulons r\u00e9ussir et atteindre nos objectifs.                  <\/p>\n                              <\/div>\n            <\/div>\n            \n          \n            <div class=\"timeline-horizontal__step\">\n                              <div class=\"timeline-horizontal__icon-container\">\n                  <img loading=\"lazy\" data-src=\"https:\/\/tegos-group.com\/wp-content\/uploads\/2023\/04\/heart-handshake.svg\" data-srcset=\"https:\/\/tegos-group.com\/wp-content\/uploads\/2023\/04\/heart-handshake.svg 1920w, https:\/\/tegos-group.com\/wp-content\/uploads\/2023\/04\/heart-handshake.svg 1600w, https:\/\/tegos-group.com\/wp-content\/uploads\/2023\/04\/heart-handshake.svg 1366w, https:\/\/tegos-group.com\/wp-content\/uploads\/2023\/04\/heart-handshake.svg 1024w, https:\/\/tegos-group.com\/wp-content\/uploads\/2023\/04\/heart-handshake.svg 768w, https:\/\/tegos-group.com\/wp-content\/uploads\/2023\/04\/heart-handshake.svg 550w\" class=\"timeline-horizontal__icon\" alt=\"\"  width=\"1\"  height=\"1\">                  <div class=\"timeline-horizontal__dash\"><\/div>\n                <\/div>\n              \n              <div class=\"timeline-horizontal__content\">\n                                  <h3 class=\"timeline-horizontal__title h4\">\n                    Onboarding                  <\/h3>\n                \n                                  <p class=\"timeline-horizontal__desc\">\n                    D\u00e8s que nous nous sommes trouv\u00e9s, ton processus d&#039;onboarding d\u00e9marre. Nous ne te pr\u00e9sentons pas seulement notre vision, notre mission et nos valeurs, mais nous les mettons aussi activement en pratique. Apr\u00e8s l&#039;introduction g\u00e9n\u00e9rale, tu suivras une formation sp\u00e9cifique afin de t&#039;int\u00e9grer au mieux dans ton nouvel environnement de travail.                  <\/p>\n                              <\/div>\n            <\/div>\n            \n                  <\/div>\n\n      <\/div>\n    <\/section>\n\n  \n","protected":false},"excerpt":{"rendered":"","protected":false},"author":106,"featured_media":0,"parent":0,"menu_order":0,"comment_status":"closed","ping_status":"closed","template":"","meta":{"_acf_changed":false,"footnotes":""},"class_list":["post-5369","page","type-page","status-publish","hentry"],"acf":[],"yoast_head":"<!-- This site is optimized with the Yoast SEO plugin v27.4 - https:\/\/yoast.com\/product\/yoast-seo-wordpress\/ -->\n<title>Carri\u00e8re - tegosgroup: Experten f\u00fcr Abfallwirtschaft, Entsorgung &amp; Recycling Software<\/title>\n<meta name=\"robots\" content=\"index, follow, max-snippet:-1, max-image-preview:large, max-video-preview:-1\" \/>\n<link rel=\"canonical\" href=\"https:\/\/tegos-group.com\/fr\/karriere\/\" \/>\n<meta property=\"og:locale\" content=\"fr_FR\" \/>\n<meta property=\"og:type\" content=\"article\" \/>\n<meta property=\"og:title\" content=\"Carri\u00e8re - tegosgroup: Experten f\u00fcr Abfallwirtschaft, Entsorgung &amp; Recycling Software\" \/>\n<meta property=\"og:url\" content=\"https:\/\/tegos-group.com\/fr\/karriere\/\" \/>\n<meta property=\"og:site_name\" content=\"tegosgroup: Experten f\u00fcr Abfallwirtschaft, Entsorgung &amp; Recycling Software\" \/>\n<meta property=\"article:modified_time\" content=\"2023-06-16T12:35:12+00:00\" \/>\n<meta name=\"twitter:card\" content=\"summary_large_image\" \/>\n<script type=\"application\/ld+json\" class=\"yoast-schema-graph\">{\"@context\":\"https:\\\/\\\/schema.org\",\"@graph\":[{\"@type\":\"WebPage\",\"@id\":\"https:\\\/\\\/tegos-group.com\\\/fr\\\/karriere\\\/\",\"url\":\"https:\\\/\\\/tegos-group.com\\\/fr\\\/karriere\\\/\",\"name\":\"Carri\u00e8re - tegosgroup: Experten f\u00fcr Abfallwirtschaft, Entsorgung &amp; Recycling Software\",\"isPartOf\":{\"@id\":\"https:\\\/\\\/tegos-group.com\\\/fr\\\/#website\"},\"datePublished\":\"2023-05-03T13:12:38+00:00\",\"dateModified\":\"2023-06-16T12:35:12+00:00\",\"breadcrumb\":{\"@id\":\"https:\\\/\\\/tegos-group.com\\\/fr\\\/karriere\\\/#breadcrumb\"},\"inLanguage\":\"fr-FR\",\"potentialAction\":[{\"@type\":\"ReadAction\",\"target\":[\"https:\\\/\\\/tegos-group.com\\\/fr\\\/karriere\\\/\"]}]},{\"@type\":\"BreadcrumbList\",\"@id\":\"https:\\\/\\\/tegos-group.com\\\/fr\\\/karriere\\\/#breadcrumb\",\"itemListElement\":[{\"@type\":\"ListItem\",\"position\":1,\"name\":\"Home\",\"item\":\"https:\\\/\\\/tegos-group.com\\\/fr\\\/\"},{\"@type\":\"ListItem\",\"position\":2,\"name\":\"Carri\u00e8re\"}]},{\"@type\":\"WebSite\",\"@id\":\"https:\\\/\\\/tegos-group.com\\\/fr\\\/#website\",\"url\":\"https:\\\/\\\/tegos-group.com\\\/fr\\\/\",\"name\":\"tegosgroup: Experten f\u00fcr Abfallwirtschaft, Entsorgung &amp; Recycling Software\",\"description\":\"Ma\u00dfgeschneiderte L\u00f6sungen f\u00fcr Abfallmanagement, EANV &amp; Schrotthandel\",\"potentialAction\":[{\"@type\":\"SearchAction\",\"target\":{\"@type\":\"EntryPoint\",\"urlTemplate\":\"https:\\\/\\\/tegos-group.com\\\/fr\\\/?s={search_term_string}\"},\"query-input\":{\"@type\":\"PropertyValueSpecification\",\"valueRequired\":true,\"valueName\":\"search_term_string\"}}],\"inLanguage\":\"fr-FR\"}]}<\/script>\n<!-- \/ Yoast SEO plugin. -->","yoast_head_json":{"title":"Carri\u00e8re - tegosgroup: Experten f\u00fcr Abfallwirtschaft, Entsorgung &amp; Recycling Software","robots":{"index":"index","follow":"follow","max-snippet":"max-snippet:-1","max-image-preview":"max-image-preview:large","max-video-preview":"max-video-preview:-1"},"canonical":"https:\/\/tegos-group.com\/fr\/karriere\/","og_locale":"fr_FR","og_type":"article","og_title":"Carri\u00e8re - tegosgroup: Experten f\u00fcr Abfallwirtschaft, Entsorgung &amp; Recycling Software","og_url":"https:\/\/tegos-group.com\/fr\/karriere\/","og_site_name":"tegosgroup: Experten f\u00fcr Abfallwirtschaft, Entsorgung &amp; Recycling Software","article_modified_time":"2023-06-16T12:35:12+00:00","twitter_card":"summary_large_image","schema":{"@context":"https:\/\/schema.org","@graph":[{"@type":"WebPage","@id":"https:\/\/tegos-group.com\/fr\/karriere\/","url":"https:\/\/tegos-group.com\/fr\/karriere\/","name":"Carri\u00e8re - tegosgroup: Experten f\u00fcr Abfallwirtschaft, Entsorgung &amp; Recycling Software","isPartOf":{"@id":"https:\/\/tegos-group.com\/fr\/#website"},"datePublished":"2023-05-03T13:12:38+00:00","dateModified":"2023-06-16T12:35:12+00:00","breadcrumb":{"@id":"https:\/\/tegos-group.com\/fr\/karriere\/#breadcrumb"},"inLanguage":"fr-FR","potentialAction":[{"@type":"ReadAction","target":["https:\/\/tegos-group.com\/fr\/karriere\/"]}]},{"@type":"BreadcrumbList","@id":"https:\/\/tegos-group.com\/fr\/karriere\/#breadcrumb","itemListElement":[{"@type":"ListItem","position":1,"name":"Home","item":"https:\/\/tegos-group.com\/fr\/"},{"@type":"ListItem","position":2,"name":"Carri\u00e8re"}]},{"@type":"WebSite","@id":"https:\/\/tegos-group.com\/fr\/#website","url":"https:\/\/tegos-group.com\/fr\/","name":"tegosgroup: Experten f\u00fcr Abfallwirtschaft, Entsorgung &amp; Recycling Software","description":"Ma\u00dfgeschneiderte L\u00f6sungen f\u00fcr Abfallmanagement, EANV &amp; Schrotthandel","potentialAction":[{"@type":"SearchAction","target":{"@type":"EntryPoint","urlTemplate":"https:\/\/tegos-group.com\/fr\/?s={search_term_string}"},"query-input":{"@type":"PropertyValueSpecification","valueRequired":true,"valueName":"search_term_string"}}],"inLanguage":"fr-FR"}]}},"_links":{"self":[{"href":"https:\/\/tegos-group.com\/fr\/wp-json\/wp\/v2\/pages\/5369","targetHints":{"allow":["GET"]}}],"collection":[{"href":"https:\/\/tegos-group.com\/fr\/wp-json\/wp\/v2\/pages"}],"about":[{"href":"https:\/\/tegos-group.com\/fr\/wp-json\/wp\/v2\/types\/page"}],"author":[{"embeddable":true,"href":"https:\/\/tegos-group.com\/fr\/wp-json\/wp\/v2\/users\/106"}],"replies":[{"embeddable":true,"href":"https:\/\/tegos-group.com\/fr\/wp-json\/wp\/v2\/comments?post=5369"}],"version-history":[{"count":3,"href":"https:\/\/tegos-group.com\/fr\/wp-json\/wp\/v2\/pages\/5369\/revisions"}],"predecessor-version":[{"id":8573,"href":"https:\/\/tegos-group.com\/fr\/wp-json\/wp\/v2\/pages\/5369\/revisions\/8573"}],"wp:attachment":[{"href":"https:\/\/tegos-group.com\/fr\/wp-json\/wp\/v2\/media?parent=5369"}],"curies":[{"name":"wp","href":"https:\/\/api.w.org\/{rel}","templated":true}]}}