{"id":5370,"date":"2023-05-03T15:16:52","date_gmt":"2023-05-03T13:16:52","guid":{"rendered":"https:\/\/www.tegos-group.com\/?page_id=5370"},"modified":"2025-07-30T15:04:05","modified_gmt":"2025-07-30T13:04:05","slug":"qui-recherchons-nous","status":"publish","type":"page","link":"https:\/\/tegos-group.com\/fr\/qui-recherchons-nous\/","title":{"rendered":"Qui recherchons-nous?"},"content":{"rendered":"\n  <section class=\"section section--no-padding bg hero\">\n      \n    <div class=\"swiper-container slider\">\n      <div class=\"swiper-wrapper\">\n\n                  \n            <div class=\"swiper-slide slider__slide hero__slide bg bg--turquoise bg--gradient\">\n              <div class=\"container\">\n\n                <div class=\"hero__slide-content\">\n                  \n                                      <h2 class=\"h1 hero__title text--display\">Pr\u00eat \u00e0 relever de nouveaux d\u00e9fis?<\/h2>\n                  \n                                      <p class=\"hero__description\">Construis avec nous un avenir durable<\/p>\n                  \n                  \n                    <a class=\"button\" href=\"\/fr\/stellenangebote\/\" target=\"_self\">\n                      Tous les postes vacants                    <\/a>\n                                  <\/div>\n\n                \n\n<div class=\"jar jar--1 \">\n  <div class=\"jar__pickle \">\n      <\/div>\n\n  <div class=\"jar__pickle\"><\/div>\n  <div class=\"jar__pickle\"><\/div>\n  <div class=\"jar__pickle\"><\/div>\n<\/div>\n              <\/div><!-- slide-content -->\n            <\/div>\n                  \n      <\/div><!-- swiper-wrapper -->\n      \n                        <\/div><!-- swiper-container -->\n    \n  <\/section>\n\n\n\n\n<section class=\"section hero-text \">\n  <div class=\"container\">\n\n          <h2>Ce qui compte chez tegos<\/h2>\n    \n          <p>Chez tegosgroup, ce qui compte, c&rsquo;est ta motivation, ton envie de prendre des responsabilit\u00e9s et un esprit d&rsquo;\u00e9quipe prononc\u00e9. Nous pouvons te transmettre les connaissances techniques n\u00e9cessaires, que tu sois \u00e9tudiant, professionnel ou d\u00e9butant.<\/p>\n    \n  <\/div>\n<\/section>\n\n\n\n<section class=\"section tiles-grid tiles-grid--custom tiles-grid--distorted tiles-grid--two-cols\">\n  <div class=\"container\">\n      \n          <div class=\"tiles-grid__tiles\">\n    \n      \n  <div class=\"tiles-grid__tile bg bg--sand tiles-grid__tile--color-preset \">\n\n  <div class=\"tiles-grid__tile__container\">\n    <div class=\"tiles-grid__tile__image\">\n              <img loading=\"lazy\" data-src=\"https:\/\/tegos-group.com\/wp-content\/uploads\/2025\/07\/DSC06138-684x1024.jpg\" data-srcset=\"https:\/\/tegos-group.com\/wp-content\/uploads\/2025\/07\/DSC06138.jpg 1920w, https:\/\/tegos-group.com\/wp-content\/uploads\/2025\/07\/DSC06138-1600x2395.jpg 1600w, https:\/\/tegos-group.com\/wp-content\/uploads\/2025\/07\/DSC06138-1366x2045.jpg 1366w, https:\/\/tegos-group.com\/wp-content\/uploads\/2025\/07\/DSC06138-1024x1533.jpg 1024w, https:\/\/tegos-group.com\/wp-content\/uploads\/2025\/07\/DSC06138-768x1150.jpg 768w, https:\/\/tegos-group.com\/wp-content\/uploads\/2025\/07\/DSC06138-550x823.jpg 550w\" class=\"\" alt=\"\"  width=\"684\"  height=\"1024\">          <\/div>\n\n    <div class=\"tiles-grid__tile__content  \">\n              <h3 class=\"tiles-grid__tile__title h3\">\n          \u00c9tudiants        <\/h3>\n            \n      \n              <div class=\"tiles-grid__tile__description\">\n          Chez tegos, une formation prometteuse ou des \u00e9tudes en alternance exigeantes dans le domaine du num\u00e9rique attendent les \u00e9l\u00e8ves*. Ind\u00e9pendamment des notes et des bulletins scolaires.        <\/div>\n      \n              <div class=\"tiles-grid__tile__button\">\n          <a href=\"\/fr\/stellenangebote\/\" target=\"\" class=\"button\">\n            Offres d&#039;emploi          <\/a>\n        <\/div>\n      \n    <\/div><!-- content -->\n  <\/div><!-- masonry-item -->\n\n  <\/div>\n\n  <div class=\"tiles-grid__tile bg bg--sand tiles-grid__tile--color-preset \">\n\n  <div class=\"tiles-grid__tile__container\">\n    <div class=\"tiles-grid__tile__image\">\n              <img loading=\"lazy\" data-src=\"https:\/\/tegos-group.com\/wp-content\/uploads\/2023\/05\/DSC8435-1-1024x683.jpg\" data-srcset=\"https:\/\/tegos-group.com\/wp-content\/uploads\/2023\/05\/DSC8435-1-1619x1080.jpg 1920w, https:\/\/tegos-group.com\/wp-content\/uploads\/2023\/05\/DSC8435-1-1349x900.jpg 1600w, https:\/\/tegos-group.com\/wp-content\/uploads\/2023\/05\/DSC8435-1-1151x768.jpg 1366w, https:\/\/tegos-group.com\/wp-content\/uploads\/2023\/05\/DSC8435-1-864x576.jpg 1024w, https:\/\/tegos-group.com\/wp-content\/uploads\/2023\/05\/DSC8435-1-648x432.jpg 768w, https:\/\/tegos-group.com\/wp-content\/uploads\/2023\/05\/DSC8435-1-463x309.jpg 550w\" class=\"\" alt=\"\"  width=\"1024\"  height=\"683\">          <\/div>\n\n    <div class=\"tiles-grid__tile__content  \">\n              <h3 class=\"tiles-grid__tile__title h3\">\n          \u00c9tudiants        <\/h3>\n            \n      \n              <div class=\"tiles-grid__tile__description\">\n          Nous offrons aux \u00e9tudiants la possibilit\u00e9 d&rsquo;effectuer des stages, des m\u00e9moires de fin d&rsquo;\u00e9tudes et des travaux d&rsquo;\u00e9tudiants dans l&rsquo;environnement de l&rsquo;\u00e9conomie et de la technologie et d&rsquo;acqu\u00e9rir une exp\u00e9rience professionnelle.        <\/div>\n      \n              <div class=\"tiles-grid__tile__button\">\n          <a href=\"\/fr\/stellenangebote\/\" target=\"\" class=\"button\">\n            Offres d&#039;emploi          <\/a>\n        <\/div>\n      \n    <\/div><!-- content -->\n  <\/div><!-- masonry-item -->\n\n  <\/div>\n\n  <div class=\"tiles-grid__tile bg bg--sand tiles-grid__tile--color-preset \">\n\n  <div class=\"tiles-grid__tile__container\">\n    <div class=\"tiles-grid__tile__image\">\n              <img loading=\"lazy\" data-src=\"https:\/\/tegos-group.com\/wp-content\/uploads\/2023\/05\/DSC8407-1-1024x683.jpg\" data-srcset=\"https:\/\/tegos-group.com\/wp-content\/uploads\/2023\/05\/DSC8407-1-1619x1080.jpg 1920w, https:\/\/tegos-group.com\/wp-content\/uploads\/2023\/05\/DSC8407-1-1349x900.jpg 1600w, https:\/\/tegos-group.com\/wp-content\/uploads\/2023\/05\/DSC8407-1-1151x768.jpg 1366w, https:\/\/tegos-group.com\/wp-content\/uploads\/2023\/05\/DSC8407-1-864x576.jpg 1024w, https:\/\/tegos-group.com\/wp-content\/uploads\/2023\/05\/DSC8407-1-648x432.jpg 768w, https:\/\/tegos-group.com\/wp-content\/uploads\/2023\/05\/DSC8407-1-463x309.jpg 550w\" class=\"\" alt=\"\"  width=\"1024\"  height=\"683\">          <\/div>\n\n    <div class=\"tiles-grid__tile__content  \">\n              <h3 class=\"tiles-grid__tile__title h3\">\n          Professionnels        <\/h3>\n            \n      \n              <div class=\"tiles-grid__tile__description\">\n          Chez tegosgroup, les professionnels talentueux et ambitieux ont la chance de faire bouger tout un secteur et d&rsquo;exploiter pleinement leur potentiel avec une \u00e9quipe de premier ordre.        <\/div>\n      \n              <div class=\"tiles-grid__tile__button\">\n          <a href=\"\/fr\/stellenangebote\/\" target=\"\" class=\"button\">\n            Offres d&#039;emploi          <\/a>\n        <\/div>\n      \n    <\/div><!-- content -->\n  <\/div><!-- masonry-item -->\n\n  <\/div>\n\n  <div class=\"tiles-grid__tile bg bg--sand tiles-grid__tile--color-preset \">\n\n  <div class=\"tiles-grid__tile__container\">\n    <div class=\"tiles-grid__tile__image\">\n              <img loading=\"lazy\" data-src=\"https:\/\/tegos-group.com\/wp-content\/uploads\/2023\/05\/DSC8310-1-1024x683.jpg\" data-srcset=\"https:\/\/tegos-group.com\/wp-content\/uploads\/2023\/05\/DSC8310-1-1619x1080.jpg 1920w, https:\/\/tegos-group.com\/wp-content\/uploads\/2023\/05\/DSC8310-1-1349x900.jpg 1600w, https:\/\/tegos-group.com\/wp-content\/uploads\/2023\/05\/DSC8310-1-1151x768.jpg 1366w, https:\/\/tegos-group.com\/wp-content\/uploads\/2023\/05\/DSC8310-1-864x576.jpg 1024w, https:\/\/tegos-group.com\/wp-content\/uploads\/2023\/05\/DSC8310-1-648x432.jpg 768w, https:\/\/tegos-group.com\/wp-content\/uploads\/2023\/05\/DSC8310-1-463x309.jpg 550w\" class=\"\" alt=\"\"  width=\"1024\"  height=\"683\">          <\/div>\n\n    <div class=\"tiles-grid__tile__content  \">\n              <h3 class=\"tiles-grid__tile__title h3\">\n          D\u00e9butants (transversaux)        <\/h3>\n            \n      \n              <div class=\"tiles-grid__tile__description\">\n          Si vous avez des affinit\u00e9s et des connaissances pr\u00e9alables dans le monde de l&rsquo;informatique, notre programme de formation interne de 18 mois vous permet d&rsquo;entrer facilement dans le secteur de l&rsquo;avenir.        <\/div>\n      \n              <div class=\"tiles-grid__tile__button\">\n          <a href=\"\/fr\/stellenangebote\/\" target=\"\" class=\"button\">\n            Offres d&#039;emploi          <\/a>\n        <\/div>\n      \n    <\/div><!-- content -->\n  <\/div><!-- masonry-item -->\n\n  <\/div>\n\n          <\/div><!-- tiles-grid__tiles -->\n    \n  <\/div><!-- container -->\n<\/section>\n\n\n\n\n\n  <section class=\"section cta  \">\n    <div class=\"container\">\n\n      <div class=\"cta__wrapper launimation slideBottom\">\n\n        \n        <div class=\"cta__content bg bg--sand \">\n                      <h2 class=\"cta__title text--display\">Fais partie de tegos<\/h2>\n          \n                      <p class=\"cta__description\">Nous recherchons des talents ambitieux, passionn\u00e9s par notre mission et d\u00e9sireux de faire une diff\u00e9rence d\u00e9cisive, non seulement pour nos clients, mais aussi pour notre environnement.<\/p>\n          \n                      <a href=\"\/fr\/stellenangebote\/\"  class=\"cta__button button button--arrow\" >\n              Postuler maintenant            <\/a>\n          \n                      <div class=\"cta__pickles\">\n              \n\n<div class=\"jar jar--1 \">\n  <div class=\"jar__pickle \">\n      <\/div>\n\n  <div class=\"jar__pickle\"><\/div>\n  <div class=\"jar__pickle\"><\/div>\n  <div class=\"jar__pickle\"><\/div>\n<\/div>            <\/div>\n                  <\/div>\n\n      <\/div>\n\n    <\/div>\n  <\/section>\n\n\n\n\n<p><\/p>\n","protected":false},"excerpt":{"rendered":"","protected":false},"author":106,"featured_media":0,"parent":0,"menu_order":0,"comment_status":"closed","ping_status":"closed","template":"","meta":{"_acf_changed":false,"footnotes":""},"class_list":["post-5370","page","type-page","status-publish","hentry"],"acf":[],"yoast_head":"<!-- This site is optimized with the Yoast SEO plugin v27.3 - https:\/\/yoast.com\/product\/yoast-seo-wordpress\/ -->\n<title>Qui recherchons-nous? - tegosgroup: Experten f\u00fcr Abfallwirtschaft, Entsorgung &amp; Recycling Software<\/title>\n<meta name=\"robots\" content=\"index, follow, max-snippet:-1, max-image-preview:large, max-video-preview:-1\" \/>\n<link rel=\"canonical\" href=\"https:\/\/tegos-group.com\/fr\/qui-recherchons-nous\/\" \/>\n<meta property=\"og:locale\" content=\"fr_FR\" \/>\n<meta property=\"og:type\" content=\"article\" \/>\n<meta property=\"og:title\" content=\"Qui recherchons-nous? - tegosgroup: Experten f\u00fcr Abfallwirtschaft, Entsorgung &amp; Recycling Software\" \/>\n<meta property=\"og:url\" content=\"https:\/\/tegos-group.com\/fr\/qui-recherchons-nous\/\" \/>\n<meta property=\"og:site_name\" content=\"tegosgroup: Experten f\u00fcr Abfallwirtschaft, Entsorgung &amp; Recycling Software\" \/>\n<meta property=\"article:modified_time\" content=\"2025-07-30T13:04:05+00:00\" \/>\n<meta name=\"twitter:card\" content=\"summary_large_image\" \/>\n<script type=\"application\/ld+json\" class=\"yoast-schema-graph\">{\"@context\":\"https:\\\/\\\/schema.org\",\"@graph\":[{\"@type\":\"WebPage\",\"@id\":\"https:\\\/\\\/tegos-group.com\\\/fr\\\/qui-recherchons-nous\\\/\",\"url\":\"https:\\\/\\\/tegos-group.com\\\/fr\\\/qui-recherchons-nous\\\/\",\"name\":\"Qui recherchons-nous? - tegosgroup: Experten f\u00fcr Abfallwirtschaft, Entsorgung &amp; Recycling Software\",\"isPartOf\":{\"@id\":\"https:\\\/\\\/tegos-group.com\\\/fr\\\/#website\"},\"datePublished\":\"2023-05-03T13:16:52+00:00\",\"dateModified\":\"2025-07-30T13:04:05+00:00\",\"breadcrumb\":{\"@id\":\"https:\\\/\\\/tegos-group.com\\\/fr\\\/qui-recherchons-nous\\\/#breadcrumb\"},\"inLanguage\":\"fr-FR\",\"potentialAction\":[{\"@type\":\"ReadAction\",\"target\":[\"https:\\\/\\\/tegos-group.com\\\/fr\\\/qui-recherchons-nous\\\/\"]}]},{\"@type\":\"BreadcrumbList\",\"@id\":\"https:\\\/\\\/tegos-group.com\\\/fr\\\/qui-recherchons-nous\\\/#breadcrumb\",\"itemListElement\":[{\"@type\":\"ListItem\",\"position\":1,\"name\":\"Home\",\"item\":\"https:\\\/\\\/tegos-group.com\\\/fr\\\/\"},{\"@type\":\"ListItem\",\"position\":2,\"name\":\"Qui recherchons-nous?\"}]},{\"@type\":\"WebSite\",\"@id\":\"https:\\\/\\\/tegos-group.com\\\/fr\\\/#website\",\"url\":\"https:\\\/\\\/tegos-group.com\\\/fr\\\/\",\"name\":\"tegosgroup: Experten f\u00fcr Abfallwirtschaft, Entsorgung &amp; Recycling Software\",\"description\":\"Ma\u00dfgeschneiderte L\u00f6sungen f\u00fcr Abfallmanagement, EANV &amp; Schrotthandel\",\"potentialAction\":[{\"@type\":\"SearchAction\",\"target\":{\"@type\":\"EntryPoint\",\"urlTemplate\":\"https:\\\/\\\/tegos-group.com\\\/fr\\\/?s={search_term_string}\"},\"query-input\":{\"@type\":\"PropertyValueSpecification\",\"valueRequired\":true,\"valueName\":\"search_term_string\"}}],\"inLanguage\":\"fr-FR\"}]}<\/script>\n<!-- \/ Yoast SEO plugin. -->","yoast_head_json":{"title":"Qui recherchons-nous? - tegosgroup: Experten f\u00fcr Abfallwirtschaft, Entsorgung &amp; Recycling Software","robots":{"index":"index","follow":"follow","max-snippet":"max-snippet:-1","max-image-preview":"max-image-preview:large","max-video-preview":"max-video-preview:-1"},"canonical":"https:\/\/tegos-group.com\/fr\/qui-recherchons-nous\/","og_locale":"fr_FR","og_type":"article","og_title":"Qui recherchons-nous? - tegosgroup: Experten f\u00fcr Abfallwirtschaft, Entsorgung &amp; Recycling Software","og_url":"https:\/\/tegos-group.com\/fr\/qui-recherchons-nous\/","og_site_name":"tegosgroup: Experten f\u00fcr Abfallwirtschaft, Entsorgung &amp; Recycling Software","article_modified_time":"2025-07-30T13:04:05+00:00","twitter_card":"summary_large_image","schema":{"@context":"https:\/\/schema.org","@graph":[{"@type":"WebPage","@id":"https:\/\/tegos-group.com\/fr\/qui-recherchons-nous\/","url":"https:\/\/tegos-group.com\/fr\/qui-recherchons-nous\/","name":"Qui recherchons-nous? - tegosgroup: Experten f\u00fcr Abfallwirtschaft, Entsorgung &amp; Recycling Software","isPartOf":{"@id":"https:\/\/tegos-group.com\/fr\/#website"},"datePublished":"2023-05-03T13:16:52+00:00","dateModified":"2025-07-30T13:04:05+00:00","breadcrumb":{"@id":"https:\/\/tegos-group.com\/fr\/qui-recherchons-nous\/#breadcrumb"},"inLanguage":"fr-FR","potentialAction":[{"@type":"ReadAction","target":["https:\/\/tegos-group.com\/fr\/qui-recherchons-nous\/"]}]},{"@type":"BreadcrumbList","@id":"https:\/\/tegos-group.com\/fr\/qui-recherchons-nous\/#breadcrumb","itemListElement":[{"@type":"ListItem","position":1,"name":"Home","item":"https:\/\/tegos-group.com\/fr\/"},{"@type":"ListItem","position":2,"name":"Qui recherchons-nous?"}]},{"@type":"WebSite","@id":"https:\/\/tegos-group.com\/fr\/#website","url":"https:\/\/tegos-group.com\/fr\/","name":"tegosgroup: Experten f\u00fcr Abfallwirtschaft, Entsorgung &amp; Recycling Software","description":"Ma\u00dfgeschneiderte L\u00f6sungen f\u00fcr Abfallmanagement, EANV &amp; Schrotthandel","potentialAction":[{"@type":"SearchAction","target":{"@type":"EntryPoint","urlTemplate":"https:\/\/tegos-group.com\/fr\/?s={search_term_string}"},"query-input":{"@type":"PropertyValueSpecification","valueRequired":true,"valueName":"search_term_string"}}],"inLanguage":"fr-FR"}]}},"_links":{"self":[{"href":"https:\/\/tegos-group.com\/fr\/wp-json\/wp\/v2\/pages\/5370","targetHints":{"allow":["GET"]}}],"collection":[{"href":"https:\/\/tegos-group.com\/fr\/wp-json\/wp\/v2\/pages"}],"about":[{"href":"https:\/\/tegos-group.com\/fr\/wp-json\/wp\/v2\/types\/page"}],"author":[{"embeddable":true,"href":"https:\/\/tegos-group.com\/fr\/wp-json\/wp\/v2\/users\/106"}],"replies":[{"embeddable":true,"href":"https:\/\/tegos-group.com\/fr\/wp-json\/wp\/v2\/comments?post=5370"}],"version-history":[{"count":14,"href":"https:\/\/tegos-group.com\/fr\/wp-json\/wp\/v2\/pages\/5370\/revisions"}],"predecessor-version":[{"id":14284,"href":"https:\/\/tegos-group.com\/fr\/wp-json\/wp\/v2\/pages\/5370\/revisions\/14284"}],"wp:attachment":[{"href":"https:\/\/tegos-group.com\/fr\/wp-json\/wp\/v2\/media?parent=5370"}],"curies":[{"name":"wp","href":"https:\/\/api.w.org\/{rel}","templated":true}]}}