{"id":5496,"date":"2023-04-27T15:29:33","date_gmt":"2023-04-27T13:29:33","guid":{"rendered":"https:\/\/www.tegos-group.com\/?page_id=5496"},"modified":"2023-06-05T11:32:15","modified_gmt":"2023-06-05T11:32:15","slug":"solutions","status":"publish","type":"page","link":"https:\/\/tegos-group.com\/fr\/solutions\/","title":{"rendered":"Solutions"},"content":{"rendered":"\n  <section class=\"section section--no-padding bg hero\">\n      \n    <div class=\"swiper-container slider\">\n      <div class=\"swiper-wrapper\">\n\n                  \n            <div class=\"swiper-slide slider__slide hero__slide bg bg--sand bg--gradient\">\n              <div class=\"container\">\n\n                <div class=\"hero__slide-content\">\n                                      <p class=\"hero__subheading subheading\">tegossuite<\/p>\n                  \n                                      <h2 class=\"h1 hero__title text--display\">La solution de plateforme cloud pour l&#039;\u00e9conomie circulaire<\/h2>\n                  \n                  \n                                  <\/div>\n\n                \n\n<div class=\"jar jar--1 \">\n  <div class=\"jar__pickle \">\n      <\/div>\n\n  <div class=\"jar__pickle\"><\/div>\n  <div class=\"jar__pickle\"><\/div>\n  <div class=\"jar__pickle\"><\/div>\n<\/div>\n              <\/div><!-- slide-content -->\n            <\/div>\n                  \n      <\/div><!-- swiper-wrapper -->\n      \n                        <\/div><!-- swiper-container -->\n    \n  <\/section>\n\n\n\n\n  <section class=\"section video    video--controls\">\n    <div class=\"container\">\n            \n      <div class=\"video__wrapper\">\n                  <video class=\"video__video lazy\" preload=\"none\" loop  controls muted poster=\"\">\n            <source id=\"mp4\" data-lazysrc=\"https:\/\/tegos-group.com\/wp-content\/uploads\/2023\/04\/Dein-Loft-Film-Tegos.mp4\" type=\"video\/mp4\">\n\n                      <\/video>\n\n        \n        <button class=\"video__play\">\n          <span>Abspielen<\/span>\n        <\/button>\n      <\/div>\n\n    <\/div>\n  <\/section>\n\n\n\n\n<p><\/p>\n\n\n\n<div style=\"height:100px\" aria-hidden=\"true\" class=\"wp-block-spacer\"><\/div>\n\n\n\n  \n    <section class=\"section accordion \">\n      <div class=\"container\">\n\n                  <h2 class=\"text--center\">Caract\u00e9ristiques techniques de tegossuite<\/h2>\n        \n        <div class=\"accordion__content launimation slideBottom\">\n          \n            <div class=\"accordion__item \">\n              <button class=\"accordion__question h4\">\n                La derni\u00e8re mise \u00e0 jour de votre vie              <\/button>\n\n              <div class=\"accordion__answer-container\">\n                <div class=\"accordion__answer paragraph\">\n                  <p>Oubliez les mises \u00e0 jour logicielles co\u00fbteuses &#8211; avec <strong>tegos<\/strong>suite, vous travaillez toujours avec une solution actuelle. Les nouvelles fonctions, les modifications l\u00e9gales ou les modules tels qu&rsquo;une interface AvaL &#8211; tout cela est mis \u00e0 disposition de mani\u00e8re active et continue depuis le cloud, sans processus de mise \u00e0 jour.<\/p>\n\n                                  <\/div>\n              <\/div>\n            <\/div>\n\n          \n            <div class=\"accordion__item \">\n              <button class=\"accordion__question h4\">\n                en toute s\u00e9curit\u00e9              <\/button>\n\n              <div class=\"accordion__answer-container\">\n                <div class=\"accordion__answer paragraph\">\n                  <p><strong>tegos<\/strong>suite utilise les normes de haute s\u00e9curit\u00e9 les plus modernes gr\u00e2ce \u00e0 Microsoft et \u00e0 ses centres de donn\u00e9es nationaux et internationaux. Des m\u00e9thodes telles que l&rsquo;intelligence artificielle et l&rsquo;apprentissage automatique garantissent des r\u00e9ponses rapides et intelligentes aux sc\u00e9narios de menaces. Ainsi, <strong>tegos<\/strong>suite est sup\u00e9rieure \u00e0 de nombreuses solutions de serveur classiques.<\/p>\n\n                                  <\/div>\n              <\/div>\n            <\/div>\n\n          \n            <div class=\"accordion__item \">\n              <button class=\"accordion__question h4\">\n                Calculable              <\/button>\n\n              <div class=\"accordion__answer-container\">\n                <div class=\"accordion__answer paragraph\">\n                  \n                                  <\/div>\n              <\/div>\n            <\/div>\n\n                  <\/div>\n\n        \n      <\/div>\n    <\/section>\n\n  \n","protected":false},"excerpt":{"rendered":"","protected":false},"author":106,"featured_media":0,"parent":0,"menu_order":0,"comment_status":"closed","ping_status":"closed","template":"","meta":{"_acf_changed":false,"footnotes":""},"class_list":["post-5496","page","type-page","status-publish","hentry"],"acf":[],"yoast_head":"<!-- This site is optimized with the Yoast SEO plugin v27.3 - https:\/\/yoast.com\/product\/yoast-seo-wordpress\/ -->\n<title>Solutions - tegosgroup: Experten f\u00fcr Abfallwirtschaft, Entsorgung &amp; Recycling Software<\/title>\n<meta name=\"robots\" content=\"index, follow, max-snippet:-1, max-image-preview:large, max-video-preview:-1\" \/>\n<link rel=\"canonical\" href=\"https:\/\/tegos-group.com\/fr\/solutions\/\" \/>\n<meta property=\"og:locale\" content=\"fr_FR\" \/>\n<meta property=\"og:type\" content=\"article\" \/>\n<meta property=\"og:title\" content=\"Solutions - tegosgroup: Experten f\u00fcr Abfallwirtschaft, Entsorgung &amp; Recycling Software\" \/>\n<meta property=\"og:url\" content=\"https:\/\/tegos-group.com\/fr\/solutions\/\" \/>\n<meta property=\"og:site_name\" content=\"tegosgroup: Experten f\u00fcr Abfallwirtschaft, Entsorgung &amp; Recycling Software\" \/>\n<meta property=\"article:modified_time\" content=\"2023-06-05T11:32:15+00:00\" \/>\n<meta name=\"twitter:card\" content=\"summary_large_image\" \/>\n<script type=\"application\/ld+json\" class=\"yoast-schema-graph\">{\"@context\":\"https:\\\/\\\/schema.org\",\"@graph\":[{\"@type\":\"WebPage\",\"@id\":\"https:\\\/\\\/tegos-group.com\\\/fr\\\/solutions\\\/\",\"url\":\"https:\\\/\\\/tegos-group.com\\\/fr\\\/solutions\\\/\",\"name\":\"Solutions - tegosgroup: Experten f\u00fcr Abfallwirtschaft, Entsorgung &amp; Recycling Software\",\"isPartOf\":{\"@id\":\"https:\\\/\\\/tegos-group.com\\\/fr\\\/#website\"},\"datePublished\":\"2023-04-27T13:29:33+00:00\",\"dateModified\":\"2023-06-05T11:32:15+00:00\",\"breadcrumb\":{\"@id\":\"https:\\\/\\\/tegos-group.com\\\/fr\\\/solutions\\\/#breadcrumb\"},\"inLanguage\":\"fr-FR\",\"potentialAction\":[{\"@type\":\"ReadAction\",\"target\":[\"https:\\\/\\\/tegos-group.com\\\/fr\\\/solutions\\\/\"]}]},{\"@type\":\"BreadcrumbList\",\"@id\":\"https:\\\/\\\/tegos-group.com\\\/fr\\\/solutions\\\/#breadcrumb\",\"itemListElement\":[{\"@type\":\"ListItem\",\"position\":1,\"name\":\"Home\",\"item\":\"https:\\\/\\\/tegos-group.com\\\/fr\\\/\"},{\"@type\":\"ListItem\",\"position\":2,\"name\":\"Solutions\"}]},{\"@type\":\"WebSite\",\"@id\":\"https:\\\/\\\/tegos-group.com\\\/fr\\\/#website\",\"url\":\"https:\\\/\\\/tegos-group.com\\\/fr\\\/\",\"name\":\"tegosgroup: Experten f\u00fcr Abfallwirtschaft, Entsorgung &amp; Recycling Software\",\"description\":\"Ma\u00dfgeschneiderte L\u00f6sungen f\u00fcr Abfallmanagement, EANV &amp; Schrotthandel\",\"potentialAction\":[{\"@type\":\"SearchAction\",\"target\":{\"@type\":\"EntryPoint\",\"urlTemplate\":\"https:\\\/\\\/tegos-group.com\\\/fr\\\/?s={search_term_string}\"},\"query-input\":{\"@type\":\"PropertyValueSpecification\",\"valueRequired\":true,\"valueName\":\"search_term_string\"}}],\"inLanguage\":\"fr-FR\"}]}<\/script>\n<!-- \/ Yoast SEO plugin. -->","yoast_head_json":{"title":"Solutions - tegosgroup: Experten f\u00fcr Abfallwirtschaft, Entsorgung &amp; Recycling Software","robots":{"index":"index","follow":"follow","max-snippet":"max-snippet:-1","max-image-preview":"max-image-preview:large","max-video-preview":"max-video-preview:-1"},"canonical":"https:\/\/tegos-group.com\/fr\/solutions\/","og_locale":"fr_FR","og_type":"article","og_title":"Solutions - tegosgroup: Experten f\u00fcr Abfallwirtschaft, Entsorgung &amp; Recycling Software","og_url":"https:\/\/tegos-group.com\/fr\/solutions\/","og_site_name":"tegosgroup: Experten f\u00fcr Abfallwirtschaft, Entsorgung &amp; Recycling Software","article_modified_time":"2023-06-05T11:32:15+00:00","twitter_card":"summary_large_image","schema":{"@context":"https:\/\/schema.org","@graph":[{"@type":"WebPage","@id":"https:\/\/tegos-group.com\/fr\/solutions\/","url":"https:\/\/tegos-group.com\/fr\/solutions\/","name":"Solutions - tegosgroup: Experten f\u00fcr Abfallwirtschaft, Entsorgung &amp; Recycling Software","isPartOf":{"@id":"https:\/\/tegos-group.com\/fr\/#website"},"datePublished":"2023-04-27T13:29:33+00:00","dateModified":"2023-06-05T11:32:15+00:00","breadcrumb":{"@id":"https:\/\/tegos-group.com\/fr\/solutions\/#breadcrumb"},"inLanguage":"fr-FR","potentialAction":[{"@type":"ReadAction","target":["https:\/\/tegos-group.com\/fr\/solutions\/"]}]},{"@type":"BreadcrumbList","@id":"https:\/\/tegos-group.com\/fr\/solutions\/#breadcrumb","itemListElement":[{"@type":"ListItem","position":1,"name":"Home","item":"https:\/\/tegos-group.com\/fr\/"},{"@type":"ListItem","position":2,"name":"Solutions"}]},{"@type":"WebSite","@id":"https:\/\/tegos-group.com\/fr\/#website","url":"https:\/\/tegos-group.com\/fr\/","name":"tegosgroup: Experten f\u00fcr Abfallwirtschaft, Entsorgung &amp; Recycling Software","description":"Ma\u00dfgeschneiderte L\u00f6sungen f\u00fcr Abfallmanagement, EANV &amp; Schrotthandel","potentialAction":[{"@type":"SearchAction","target":{"@type":"EntryPoint","urlTemplate":"https:\/\/tegos-group.com\/fr\/?s={search_term_string}"},"query-input":{"@type":"PropertyValueSpecification","valueRequired":true,"valueName":"search_term_string"}}],"inLanguage":"fr-FR"}]}},"_links":{"self":[{"href":"https:\/\/tegos-group.com\/fr\/wp-json\/wp\/v2\/pages\/5496","targetHints":{"allow":["GET"]}}],"collection":[{"href":"https:\/\/tegos-group.com\/fr\/wp-json\/wp\/v2\/pages"}],"about":[{"href":"https:\/\/tegos-group.com\/fr\/wp-json\/wp\/v2\/types\/page"}],"author":[{"embeddable":true,"href":"https:\/\/tegos-group.com\/fr\/wp-json\/wp\/v2\/users\/106"}],"replies":[{"embeddable":true,"href":"https:\/\/tegos-group.com\/fr\/wp-json\/wp\/v2\/comments?post=5496"}],"version-history":[{"count":2,"href":"https:\/\/tegos-group.com\/fr\/wp-json\/wp\/v2\/pages\/5496\/revisions"}],"predecessor-version":[{"id":5509,"href":"https:\/\/tegos-group.com\/fr\/wp-json\/wp\/v2\/pages\/5496\/revisions\/5509"}],"wp:attachment":[{"href":"https:\/\/tegos-group.com\/fr\/wp-json\/wp\/v2\/media?parent=5496"}],"curies":[{"name":"wp","href":"https:\/\/api.w.org\/{rel}","templated":true}]}}