{"id":5500,"date":"2023-05-02T11:55:31","date_gmt":"2023-05-02T09:55:31","guid":{"rendered":"https:\/\/www.tegos-group.com\/?page_id=5500"},"modified":"2025-07-30T15:09:38","modified_gmt":"2025-07-30T13:09:38","slug":"processus","status":"publish","type":"page","link":"https:\/\/tegos-group.com\/fr\/solutions\/processus\/","title":{"rendered":"Processus"},"content":{"rendered":"\n  <section class=\"section section--no-padding bg hero\">\n      \n    <div class=\"swiper-container slider\">\n      <div class=\"swiper-wrapper\">\n\n                  \n            <div class=\"swiper-slide slider__slide hero__slide bg bg--dark-blue bg--gradient\">\n              <div class=\"container\">\n\n                <div class=\"hero__slide-content\">\n                  \n                                      <h2 class=\"h1 hero__title text--display\">La voie vers la solution d&#039;entreprise parfaite<\/h2>\n                  \n                                      <p class=\"hero__description\">Nous vous accompagnons pas \u00e0 pas vers le succ\u00e8s avec nos services professionnels<\/p>\n                  \n                  \n                    <a class=\"button\" href=\"\/fr\/assistance\/\" target=\"_self\">\n                      Organiser un entretien de conseil                    <\/a>\n                                  <\/div>\n\n                \n\n<div class=\"jar jar--5 \">\n  <div class=\"jar__pickle \">\n      <\/div>\n\n  <div class=\"jar__pickle\"><\/div>\n  <div class=\"jar__pickle\"><\/div>\n  <div class=\"jar__pickle\"><\/div>\n<\/div>\n              <\/div><!-- slide-content -->\n            <\/div>\n                  \n      <\/div><!-- swiper-wrapper -->\n      \n                        <\/div><!-- swiper-container -->\n    \n  <\/section>\n\n\n\n\n  <section class=\"section timeline-vertical\">\n    <div class=\"container\">\n\n      \n      \n      \n        <div class=\"timeline-vertical__steps\">\n          <div class=\"timeline-vertical__line\">\n            <div class=\"timeline-vertical__line__vector\">\n              <div class=\"timeline-vertical__line__progress\"><\/div>\n            <\/div>\n          <\/div>\n\n          \n            <div class=\"timeline-vertical__step\">\n              <div class=\"timeline-vertical__step__container\">\n\n                                  <h3 class=\"h3 timeline-vertical__step__heading\">Gestion du changement<\/h3>\n                \n                                  <div class=\"timeline-vertical__step__content paragraph\"><p>Nous pensons qu&rsquo;une gestion efficace du changement est la cl\u00e9 de la r\u00e9ussite de tout projet organisationnel. Notre premi\u00e8re \u00e9tape consiste donc toujours \u00e0 nous assurer que tous les services sont impliqu\u00e9s lorsqu&rsquo;il s&rsquo;agit de d\u00e9finir le cap pour l&rsquo;avenir de l&rsquo;organisation.<\/p>\n<\/div>\n                \n                              <\/div>\n\n                              <div class=\"timeline-vertical__step__image\">\n                  <div class=\"image image--horizontal\">\n                    <img loading=\"lazy\" data-src=\"https:\/\/tegos-group.com\/wp-content\/uploads\/2023\/05\/Geschnitten3-1024x562.jpg\" data-srcset=\"https:\/\/tegos-group.com\/wp-content\/uploads\/2023\/05\/Geschnitten3-1920x1054.jpg 1920w, https:\/\/tegos-group.com\/wp-content\/uploads\/2023\/05\/Geschnitten3-1600x879.jpg 1600w, https:\/\/tegos-group.com\/wp-content\/uploads\/2023\/05\/Geschnitten3-1366x750.jpg 1366w, https:\/\/tegos-group.com\/wp-content\/uploads\/2023\/05\/Geschnitten3-1024x562.jpg 1024w, https:\/\/tegos-group.com\/wp-content\/uploads\/2023\/05\/Geschnitten3-768x422.jpg 768w, https:\/\/tegos-group.com\/wp-content\/uploads\/2023\/05\/Geschnitten3-550x302.jpg 550w\" class=\"\" alt=\"Team tegos an mehreren Bildschirmen\"  width=\"1024\"  height=\"562\">                  <\/div>\n                <\/div>\n                          <\/div>\n\n          \n            <div class=\"timeline-vertical__step\">\n              <div class=\"timeline-vertical__step__container\">\n\n                                  <h3 class=\"h3 timeline-vertical__step__heading\">Onboarding<\/h3>\n                \n                                  <div class=\"timeline-vertical__step__content paragraph\"><p>L&rsquo;atelier d&rsquo;int\u00e9gration commun joue un r\u00f4le central pour garantir que vous puissiez utiliser toutes les capacit\u00e9s de tegossuite. La tegossuite peut \u00eatre \u00e9tendue par des partenaires et des add-ons Microsoft sp\u00e9cifiques, comme par exemple la Power Plattform, presque selon le principe modulaire. Pendant l&rsquo;atelier d&#8217;embarquement, nous vous guiderons \u00e0 travers les options disponibles et choisirons avec vous les modules qui r\u00e9pondent \u00e0 vos besoins sp\u00e9cifiques.<\/p>\n<\/div>\n                \n                                  <div class=\"timeline-vertical__step__button\">\n                    <a class=\"button button--hover-outline\" href=\"\/fr\/assistance\/\" target=\"_self\">\n                      Organiser un atelier maintenant                    <\/a>\n                  <\/div>\n                              <\/div>\n\n                              <div class=\"timeline-vertical__step__image\">\n                  <div class=\"image image--horizontal\">\n                    <img loading=\"lazy\" data-src=\"https:\/\/tegos-group.com\/wp-content\/uploads\/2023\/05\/DSC8527-1024x683.jpg\" data-srcset=\"https:\/\/tegos-group.com\/wp-content\/uploads\/2023\/05\/DSC8527-1619x1080.jpg 1920w, https:\/\/tegos-group.com\/wp-content\/uploads\/2023\/05\/DSC8527-1349x900.jpg 1600w, https:\/\/tegos-group.com\/wp-content\/uploads\/2023\/05\/DSC8527-1151x768.jpg 1366w, https:\/\/tegos-group.com\/wp-content\/uploads\/2023\/05\/DSC8527-864x576.jpg 1024w, https:\/\/tegos-group.com\/wp-content\/uploads\/2023\/05\/DSC8527-648x432.jpg 768w, https:\/\/tegos-group.com\/wp-content\/uploads\/2023\/05\/DSC8527-463x309.jpg 550w\" class=\"\" alt=\"tegos Kollegen bei der Arbeit\"  width=\"1024\"  height=\"683\">                  <\/div>\n                <\/div>\n                          <\/div>\n\n          \n            <div class=\"timeline-vertical__step\">\n              <div class=\"timeline-vertical__step__container\">\n\n                                  <h3 class=\"h3 timeline-vertical__step__heading\">Offre personnalis\u00e9e<\/h3>\n                \n                                  <div class=\"timeline-vertical__step__content paragraph\"><p>Chaque entreprise a des besoins diff\u00e9rents, c&rsquo;est pourquoi notre objectif est de cr\u00e9er l&rsquo;offre optimale pour vous. Nous proposons une analyse et des conseils complets afin de comprendre vos besoins sp\u00e9cifiques et de d\u00e9velopper une solution sur mesure pour vous.<\/p>\n<\/div>\n                \n                                  <div class=\"timeline-vertical__step__button\">\n                    <a class=\"button button--hover-outline\" href=\"\/fr\/assistance\/\" target=\"_self\">\n                      Convenir d&#039;un premier entretien                    <\/a>\n                  <\/div>\n                              <\/div>\n\n                              <div class=\"timeline-vertical__step__image\">\n                  <div class=\"image image--horizontal\">\n                    <img loading=\"lazy\" data-src=\"https:\/\/tegos-group.com\/wp-content\/uploads\/2023\/05\/T8A2216-3-1024x683.jpg\" data-srcset=\"https:\/\/tegos-group.com\/wp-content\/uploads\/2023\/05\/T8A2216-3-1619x1080.jpg 1920w, https:\/\/tegos-group.com\/wp-content\/uploads\/2023\/05\/T8A2216-3-1349x900.jpg 1600w, https:\/\/tegos-group.com\/wp-content\/uploads\/2023\/05\/T8A2216-3-1151x768.jpg 1366w, https:\/\/tegos-group.com\/wp-content\/uploads\/2023\/05\/T8A2216-3-864x576.jpg 1024w, https:\/\/tegos-group.com\/wp-content\/uploads\/2023\/05\/T8A2216-3-648x432.jpg 768w, https:\/\/tegos-group.com\/wp-content\/uploads\/2023\/05\/T8A2216-3-463x309.jpg 550w\" class=\"\" alt=\"Zuh\u00f6render tegos Mitarbeiter \"  width=\"1024\"  height=\"683\">                  <\/div>\n                <\/div>\n                          <\/div>\n\n          \n            <div class=\"timeline-vertical__step\">\n              <div class=\"timeline-vertical__step__container\">\n\n                                  <h3 class=\"h3 timeline-vertical__step__heading\">Gestion de projet<\/h3>\n                \n                                  <div class=\"timeline-vertical__step__content paragraph\"><p>Le lancement d&rsquo;un projet lors de l&rsquo;introduction d&rsquo;une solution sectorielle n\u00e9cessite une planification fiable et un \u00e9change intensif avec les clients afin d&rsquo;identifier \u00e0 temps les \u00e9ventuelles pierres d&rsquo;achoppement du projet, les d\u00e9fis li\u00e9s aux interfaces ou les limites des ressources. L&rsquo;int\u00e9gration du client et la focalisation sur ses avantages sont les cl\u00e9s d&rsquo;un d\u00e9roulement r\u00e9ussi du projet. La m\u00e9thodologie \u00e9prouv\u00e9e Microsoft Dynamics Sure-Step est utilis\u00e9e comme base.<\/p>\n<\/div>\n                \n                                  <div class=\"timeline-vertical__step__button\">\n                    <a class=\"button button--hover-outline\" href=\"\/fr\/services\/\" target=\"_self\">\n                      En savoir plus                    <\/a>\n                  <\/div>\n                              <\/div>\n\n                              <div class=\"timeline-vertical__step__image\">\n                  <div class=\"image image--horizontal\">\n                    <img loading=\"lazy\" data-src=\"https:\/\/tegos-group.com\/wp-content\/uploads\/2024\/11\/DSC05851-1024x684.jpg\" data-srcset=\"https:\/\/tegos-group.com\/wp-content\/uploads\/2024\/11\/DSC05851-1617x1080.jpg 1920w, https:\/\/tegos-group.com\/wp-content\/uploads\/2024\/11\/DSC05851-1347x900.jpg 1600w, https:\/\/tegos-group.com\/wp-content\/uploads\/2024\/11\/DSC05851-1150x768.jpg 1366w, https:\/\/tegos-group.com\/wp-content\/uploads\/2024\/11\/DSC05851-862x576.jpg 1024w, https:\/\/tegos-group.com\/wp-content\/uploads\/2024\/11\/DSC05851-647x432.jpg 768w, https:\/\/tegos-group.com\/wp-content\/uploads\/2024\/11\/DSC05851-463x309.jpg 550w\" class=\"\" alt=\"\"  width=\"1024\"  height=\"684\">                  <\/div>\n                <\/div>\n                          <\/div>\n\n          \n            <div class=\"timeline-vertical__step\">\n              <div class=\"timeline-vertical__step__container\">\n\n                                  <h3 class=\"h3 timeline-vertical__step__heading\">Go Live<\/h3>\n                \n                                  <div class=\"timeline-vertical__step__content paragraph\"><p>Une fois que tous les processus d\u00e9finis ont \u00e9t\u00e9 test\u00e9s avec succ\u00e8s, nous effectuons une r\u00e9ception commune du syst\u00e8me afin de pr\u00e9parer un d\u00e9marrage r\u00e9el sans probl\u00e8me avec la tegossuite. Pour ce faire, nous sommes \u00e0 vos c\u00f4t\u00e9s, sur place ou en ligne, et assurons le succ\u00e8s de la mise en service avec nos experts.<\/p>\n<\/div>\n                \n                              <\/div>\n\n                              <div class=\"timeline-vertical__step__image\">\n                  <div class=\"image image--horizontal\">\n                    <img loading=\"lazy\" data-src=\"https:\/\/tegos-group.com\/wp-content\/uploads\/2023\/05\/DSC8435-1024x683.jpg\" data-srcset=\"https:\/\/tegos-group.com\/wp-content\/uploads\/2023\/05\/DSC8435-1619x1080.jpg 1920w, https:\/\/tegos-group.com\/wp-content\/uploads\/2023\/05\/DSC8435-1349x900.jpg 1600w, https:\/\/tegos-group.com\/wp-content\/uploads\/2023\/05\/DSC8435-1151x768.jpg 1366w, https:\/\/tegos-group.com\/wp-content\/uploads\/2023\/05\/DSC8435-864x576.jpg 1024w, https:\/\/tegos-group.com\/wp-content\/uploads\/2023\/05\/DSC8435-648x432.jpg 768w, https:\/\/tegos-group.com\/wp-content\/uploads\/2023\/05\/DSC8435-463x309.jpg 550w\" class=\"\" alt=\"tegos Mitarbeiter im Office\"  width=\"1024\"  height=\"683\">                  <\/div>\n                <\/div>\n                          <\/div>\n\n          \n            <div class=\"timeline-vertical__step\">\n              <div class=\"timeline-vertical__step__container\">\n\n                                  <h3 class=\"h3 timeline-vertical__step__heading\">Service client<\/h3>\n                \n                                  <div class=\"timeline-vertical__step__content paragraph\"><p>Apr\u00e8s la mise en \u0153uvre r\u00e9ussie de tegossuite et la r\u00e9ception finale de votre projet, notre service client est \u00e0 votre disposition pour r\u00e9pondre \u00e0 toutes vos questions et pr\u00e9occupations. Qu&rsquo;il s&rsquo;agisse de demandes d&rsquo;assistance, d&rsquo;ateliers, de formations, de programmation de personnalisation ou de projets plus importants, notre \u00e9quipe vous accompagne de bout en bout et soutient la croissance de votre entreprise. L&rsquo;objectif est de s&rsquo;assurer que vous tirez le meilleur parti de votre solution et que <\/p>\n<\/div>\n                \n                                  <div class=\"timeline-vertical__step__button\">\n                    <a class=\"button button--hover-outline\" href=\"\/fr\/assistance\/\" target=\"_self\">\n                      Contactez-nous                    <\/a>\n                  <\/div>\n                              <\/div>\n\n                              <div class=\"timeline-vertical__step__image\">\n                  <div class=\"image image--horizontal\">\n                    <img loading=\"lazy\" data-src=\"https:\/\/tegos-group.com\/wp-content\/uploads\/2023\/05\/T8A4288-1024x683.jpg\" data-srcset=\"https:\/\/tegos-group.com\/wp-content\/uploads\/2023\/05\/T8A4288-1619x1080.jpg 1920w, https:\/\/tegos-group.com\/wp-content\/uploads\/2023\/05\/T8A4288-1349x900.jpg 1600w, https:\/\/tegos-group.com\/wp-content\/uploads\/2023\/05\/T8A4288-1151x768.jpg 1366w, https:\/\/tegos-group.com\/wp-content\/uploads\/2023\/05\/T8A4288-864x576.jpg 1024w, https:\/\/tegos-group.com\/wp-content\/uploads\/2023\/05\/T8A4288-648x432.jpg 768w, https:\/\/tegos-group.com\/wp-content\/uploads\/2023\/05\/T8A4288-463x309.jpg 550w\" class=\"\" alt=\"Fokussierung auf den Kunden und deren Problematik\"  width=\"1024\"  height=\"683\">                  <\/div>\n                <\/div>\n                          <\/div>\n\n                  <\/div>\n\n          <\/div>\n  <\/section>\n\n\n\n\n  \n    <section class=\"section statistics \">\n      <div class=\"container\">\n\n        \n        <div class=\"statistics__content\">\n          \n            <div class=\"statistics__item launimation slideBottom bg bg--dark-blue\">\n                              <p class=\"statistics__number\">\n                  400                <\/p>\n              \n                              <p class=\"statistics__text\">\n                  Projets                <\/p>\n                          <\/div>\n\n          \n            <div class=\"statistics__item launimation slideBottom bg bg--dark-blue\">\n                              <p class=\"statistics__number\">\n                  650                <\/p>\n              \n                              <p class=\"statistics__text\">\n                  Ateliers                <\/p>\n                          <\/div>\n\n          \n            <div class=\"statistics__item launimation slideBottom bg bg--dark-blue\">\n                              <p class=\"statistics__number\">\n                  650                <\/p>\n              \n                              <p class=\"statistics__text\">\n                  Go Lives                <\/p>\n                          <\/div>\n\n                  <\/div>\n\n      <\/div>\n    <\/section>\n\n  \n\n\n\n  <section class=\"section cta cta--image \">\n    <div class=\"container\">\n\n      <div class=\"cta__wrapper launimation slideBottom\">\n\n                  <div class=\"cta__image\">\n            <img loading=\"lazy\" data-src=\"https:\/\/tegos-group.com\/wp-content\/uploads\/2023\/05\/flipped-1024x591.jpg\" data-srcset=\"https:\/\/tegos-group.com\/wp-content\/uploads\/2023\/05\/flipped-1871x1080.jpg 1920w, https:\/\/tegos-group.com\/wp-content\/uploads\/2023\/05\/flipped-1559x900.jpg 1600w, https:\/\/tegos-group.com\/wp-content\/uploads\/2023\/05\/flipped-1331x768.jpg 1366w, https:\/\/tegos-group.com\/wp-content\/uploads\/2023\/05\/flipped-998x576.jpg 1024w, https:\/\/tegos-group.com\/wp-content\/uploads\/2023\/05\/flipped-748x432.jpg 768w, https:\/\/tegos-group.com\/wp-content\/uploads\/2023\/05\/flipped-535x309.jpg 550w\" class=\"\" alt=\"Teammitglied Headset\"  width=\"1024\"  height=\"591\">          <\/div>\n        \n        <div class=\"cta__content bg bg--dark-blue \">\n                      <h2 class=\"cta__title text--display\">Configurer tegossuite maintenant<\/h2>\n          \n                      <p class=\"cta__description\">D\u00e9couvrez les nombreuses possibilit\u00e9s que tegossuite et la plateforme Microsoft vous offrent. <\/p>\n          \n                      <a href=\"\/fr\/assistance\/\"  class=\"cta__button button button--arrow\" >\n              Organiser une d\u00e9monstration de produit            <\/a>\n          \n                  <\/div>\n\n      <\/div>\n\n    <\/div>\n  <\/section>\n\n","protected":false},"excerpt":{"rendered":"","protected":false},"author":106,"featured_media":0,"parent":5496,"menu_order":0,"comment_status":"closed","ping_status":"closed","template":"","meta":{"_acf_changed":false,"footnotes":""},"class_list":["post-5500","page","type-page","status-publish","hentry"],"acf":[],"yoast_head":"<!-- This site is optimized with the Yoast SEO plugin v27.3 - https:\/\/yoast.com\/product\/yoast-seo-wordpress\/ -->\n<title>Processus - tegosgroup: Experten f\u00fcr Abfallwirtschaft, Entsorgung &amp; Recycling Software<\/title>\n<meta name=\"robots\" content=\"index, follow, max-snippet:-1, max-image-preview:large, max-video-preview:-1\" \/>\n<link rel=\"canonical\" href=\"https:\/\/tegos-group.com\/fr\/solutions\/processus\/\" \/>\n<meta property=\"og:locale\" content=\"fr_FR\" \/>\n<meta property=\"og:type\" content=\"article\" \/>\n<meta property=\"og:title\" content=\"Processus - tegosgroup: Experten f\u00fcr Abfallwirtschaft, Entsorgung &amp; Recycling Software\" \/>\n<meta property=\"og:url\" content=\"https:\/\/tegos-group.com\/fr\/solutions\/processus\/\" \/>\n<meta property=\"og:site_name\" content=\"tegosgroup: Experten f\u00fcr Abfallwirtschaft, Entsorgung &amp; Recycling Software\" \/>\n<meta property=\"article:modified_time\" content=\"2025-07-30T13:09:38+00:00\" \/>\n<meta name=\"twitter:card\" content=\"summary_large_image\" \/>\n<script type=\"application\/ld+json\" class=\"yoast-schema-graph\">{\"@context\":\"https:\\\/\\\/schema.org\",\"@graph\":[{\"@type\":\"WebPage\",\"@id\":\"https:\\\/\\\/tegos-group.com\\\/fr\\\/solutions\\\/processus\\\/\",\"url\":\"https:\\\/\\\/tegos-group.com\\\/fr\\\/solutions\\\/processus\\\/\",\"name\":\"Processus - tegosgroup: Experten f\u00fcr Abfallwirtschaft, Entsorgung &amp; Recycling Software\",\"isPartOf\":{\"@id\":\"https:\\\/\\\/tegos-group.com\\\/fr\\\/#website\"},\"datePublished\":\"2023-05-02T09:55:31+00:00\",\"dateModified\":\"2025-07-30T13:09:38+00:00\",\"breadcrumb\":{\"@id\":\"https:\\\/\\\/tegos-group.com\\\/fr\\\/solutions\\\/processus\\\/#breadcrumb\"},\"inLanguage\":\"fr-FR\",\"potentialAction\":[{\"@type\":\"ReadAction\",\"target\":[\"https:\\\/\\\/tegos-group.com\\\/fr\\\/solutions\\\/processus\\\/\"]}]},{\"@type\":\"BreadcrumbList\",\"@id\":\"https:\\\/\\\/tegos-group.com\\\/fr\\\/solutions\\\/processus\\\/#breadcrumb\",\"itemListElement\":[{\"@type\":\"ListItem\",\"position\":1,\"name\":\"Home\",\"item\":\"https:\\\/\\\/tegos-group.com\\\/fr\\\/\"},{\"@type\":\"ListItem\",\"position\":2,\"name\":\"Solutions\",\"item\":\"https:\\\/\\\/tegos-group.com\\\/fr\\\/solutions\\\/\"},{\"@type\":\"ListItem\",\"position\":3,\"name\":\"Processus\"}]},{\"@type\":\"WebSite\",\"@id\":\"https:\\\/\\\/tegos-group.com\\\/fr\\\/#website\",\"url\":\"https:\\\/\\\/tegos-group.com\\\/fr\\\/\",\"name\":\"tegosgroup: Experten f\u00fcr Abfallwirtschaft, Entsorgung &amp; Recycling Software\",\"description\":\"Ma\u00dfgeschneiderte L\u00f6sungen f\u00fcr Abfallmanagement, EANV &amp; Schrotthandel\",\"potentialAction\":[{\"@type\":\"SearchAction\",\"target\":{\"@type\":\"EntryPoint\",\"urlTemplate\":\"https:\\\/\\\/tegos-group.com\\\/fr\\\/?s={search_term_string}\"},\"query-input\":{\"@type\":\"PropertyValueSpecification\",\"valueRequired\":true,\"valueName\":\"search_term_string\"}}],\"inLanguage\":\"fr-FR\"}]}<\/script>\n<!-- \/ Yoast SEO plugin. -->","yoast_head_json":{"title":"Processus - tegosgroup: Experten f\u00fcr Abfallwirtschaft, Entsorgung &amp; Recycling Software","robots":{"index":"index","follow":"follow","max-snippet":"max-snippet:-1","max-image-preview":"max-image-preview:large","max-video-preview":"max-video-preview:-1"},"canonical":"https:\/\/tegos-group.com\/fr\/solutions\/processus\/","og_locale":"fr_FR","og_type":"article","og_title":"Processus - tegosgroup: Experten f\u00fcr Abfallwirtschaft, Entsorgung &amp; Recycling Software","og_url":"https:\/\/tegos-group.com\/fr\/solutions\/processus\/","og_site_name":"tegosgroup: Experten f\u00fcr Abfallwirtschaft, Entsorgung &amp; Recycling Software","article_modified_time":"2025-07-30T13:09:38+00:00","twitter_card":"summary_large_image","schema":{"@context":"https:\/\/schema.org","@graph":[{"@type":"WebPage","@id":"https:\/\/tegos-group.com\/fr\/solutions\/processus\/","url":"https:\/\/tegos-group.com\/fr\/solutions\/processus\/","name":"Processus - tegosgroup: Experten f\u00fcr Abfallwirtschaft, Entsorgung &amp; Recycling Software","isPartOf":{"@id":"https:\/\/tegos-group.com\/fr\/#website"},"datePublished":"2023-05-02T09:55:31+00:00","dateModified":"2025-07-30T13:09:38+00:00","breadcrumb":{"@id":"https:\/\/tegos-group.com\/fr\/solutions\/processus\/#breadcrumb"},"inLanguage":"fr-FR","potentialAction":[{"@type":"ReadAction","target":["https:\/\/tegos-group.com\/fr\/solutions\/processus\/"]}]},{"@type":"BreadcrumbList","@id":"https:\/\/tegos-group.com\/fr\/solutions\/processus\/#breadcrumb","itemListElement":[{"@type":"ListItem","position":1,"name":"Home","item":"https:\/\/tegos-group.com\/fr\/"},{"@type":"ListItem","position":2,"name":"Solutions","item":"https:\/\/tegos-group.com\/fr\/solutions\/"},{"@type":"ListItem","position":3,"name":"Processus"}]},{"@type":"WebSite","@id":"https:\/\/tegos-group.com\/fr\/#website","url":"https:\/\/tegos-group.com\/fr\/","name":"tegosgroup: Experten f\u00fcr Abfallwirtschaft, Entsorgung &amp; Recycling Software","description":"Ma\u00dfgeschneiderte L\u00f6sungen f\u00fcr Abfallmanagement, EANV &amp; Schrotthandel","potentialAction":[{"@type":"SearchAction","target":{"@type":"EntryPoint","urlTemplate":"https:\/\/tegos-group.com\/fr\/?s={search_term_string}"},"query-input":{"@type":"PropertyValueSpecification","valueRequired":true,"valueName":"search_term_string"}}],"inLanguage":"fr-FR"}]}},"_links":{"self":[{"href":"https:\/\/tegos-group.com\/fr\/wp-json\/wp\/v2\/pages\/5500","targetHints":{"allow":["GET"]}}],"collection":[{"href":"https:\/\/tegos-group.com\/fr\/wp-json\/wp\/v2\/pages"}],"about":[{"href":"https:\/\/tegos-group.com\/fr\/wp-json\/wp\/v2\/types\/page"}],"author":[{"embeddable":true,"href":"https:\/\/tegos-group.com\/fr\/wp-json\/wp\/v2\/users\/106"}],"replies":[{"embeddable":true,"href":"https:\/\/tegos-group.com\/fr\/wp-json\/wp\/v2\/comments?post=5500"}],"version-history":[{"count":15,"href":"https:\/\/tegos-group.com\/fr\/wp-json\/wp\/v2\/pages\/5500\/revisions"}],"predecessor-version":[{"id":14290,"href":"https:\/\/tegos-group.com\/fr\/wp-json\/wp\/v2\/pages\/5500\/revisions\/14290"}],"up":[{"embeddable":true,"href":"https:\/\/tegos-group.com\/fr\/wp-json\/wp\/v2\/pages\/5496"}],"wp:attachment":[{"href":"https:\/\/tegos-group.com\/fr\/wp-json\/wp\/v2\/media?parent=5500"}],"curies":[{"name":"wp","href":"https:\/\/api.w.org\/{rel}","templated":true}]}}