{"id":5503,"date":"2023-05-03T15:28:29","date_gmt":"2023-05-03T13:28:29","guid":{"rendered":"https:\/\/www.tegos-group.com\/?page_id=5503"},"modified":"2024-01-03T14:29:08","modified_gmt":"2024-01-03T13:29:08","slug":"a-propos-de-tegosgroup","status":"publish","type":"page","link":"https:\/\/tegos-group.com\/fr\/a-propos-de-nous\/a-propos-de-tegosgroup\/","title":{"rendered":"\u00c0 propos de tegosgroup"},"content":{"rendered":"\n  <section class=\"section section--no-padding bg hero\">\n      \n    <div class=\"swiper-container slider\">\n      <div class=\"swiper-wrapper\">\n\n                  \n            <div class=\"swiper-slide slider__slide hero__slide bg bg--blue bg--gradient\">\n              <div class=\"container\">\n\n                <div class=\"hero__slide-content\">\n                  \n                                      <h2 class=\"h1 hero__title text--display\">Ouvrir la voie vers un avenir num\u00e9rique : tegosgroup<\/h2>\n                  \n                                      <p class=\"hero__description\">#Simplicit\u00e9ValeurAjout\u00e9e<\/p>\n                  \n                                  <\/div>\n\n                \n\n<div class=\"jar jar--5 \">\n  <div class=\"jar__pickle \">\n      <\/div>\n\n  <div class=\"jar__pickle\"><\/div>\n  <div class=\"jar__pickle\"><\/div>\n  <div class=\"jar__pickle\"><\/div>\n<\/div>\n              <\/div><!-- slide-content -->\n            <\/div>\n                  \n      <\/div><!-- swiper-wrapper -->\n      \n                        <\/div><!-- swiper-container -->\n    \n  <\/section>\n\n\n\n\n\n  <section class=\"section image-link-text  \">\n    <div class=\"container\">\n      <div class=\"image-link-text__slider\">\n        <div class=\"swiper-wrapper\">\n    \n          \n            <div class=\"image-link-text__slide swiper-slide image-link-text__slide--60 \">\n              <div class=\"image-link-text__side image-link-text__content-wrapper\">\n                <div class=\"image-link-text__content launimation slideBottom\">\n\n                    \n                    <h2 class=\"image-link-text__title\">Une voie, un avenir &#8211; One tegos!<\/h2>                    <p>Sous le terme \u00ab\u00a0One-tegos\u00a0\u00bb, nous r\u00e9unissons \u00e0 l&rsquo;\u00e9chelle de l&rsquo;entreprise plus de 150 collaborateurs, d&rsquo;innombrables id\u00e9es pour des solutions commerciales innovantes et une grande expertise du secteur. Depuis plus de 20 ans, nous assurons la comp\u00e9titivit\u00e9 de nos clients issus du secteur de la gestion des d\u00e9chets et du recyclage ainsi que du commerce des m\u00e9taux et des vieux m\u00e9taux gr\u00e2ce \u00e0 nos solutions informatiques.<\/p>\n<p>Sur la base de notre longue exp\u00e9rience dans le secteur, nous \u00e9laborons avec vous, nos clients, des solutions sur mesure qui vous permettront de relever avec brio les d\u00e9fis de demain &#8211; obligations croissantes en mati\u00e8re de documentation, fluctuation des prix des mati\u00e8res premi\u00e8res, interd\u00e9pendance internationale des march\u00e9s, etc.<\/p>\n                    \n                    \n                <\/div><!-- content -->\n              <\/div><!-- side 1 -->\n\n              <div class=\"image-link-text__side image-link-text__image-wrapper launimation slideBottom\">\n                                  \n                    <img loading=\"lazy\" data-src=\"https:\/\/tegos-group.com\/wp-content\/uploads\/2023\/05\/2023-05-05_16h00_27-1024x600.png\" data-srcset=\"https:\/\/tegos-group.com\/wp-content\/uploads\/2023\/05\/2023-05-05_16h00_27.png 1920w, https:\/\/tegos-group.com\/wp-content\/uploads\/2023\/05\/2023-05-05_16h00_27.png 1600w, https:\/\/tegos-group.com\/wp-content\/uploads\/2023\/05\/2023-05-05_16h00_27-1311x768.png 1366w, https:\/\/tegos-group.com\/wp-content\/uploads\/2023\/05\/2023-05-05_16h00_27-983x576.png 1024w, https:\/\/tegos-group.com\/wp-content\/uploads\/2023\/05\/2023-05-05_16h00_27-737x432.png 768w, https:\/\/tegos-group.com\/wp-content\/uploads\/2023\/05\/2023-05-05_16h00_27-527x309.png 550w\" class=\"image-link-text__image\" alt=\"\"  width=\"1024\"  height=\"600\">\n                                  \n                <div class=\"slider__pagination slider__pagination--relative slider__pagination--colored image-link-text__pagination\"><\/div>\n              <\/div><!-- side 2 -->\n            <\/div><!-- slide -->\n                \n        <\/div><!-- swiper-wrapper -->\n      <\/div><!-- slider -->\n\n          <\/div><!-- container -->\n  <\/section>\n\n\n\n\n\n\n  <section class=\"section image-link-text  \">\n    <div class=\"container\">\n      <div class=\"image-link-text__slider\">\n        <div class=\"swiper-wrapper\">\n    \n          \n            <div class=\"image-link-text__slide swiper-slide image-link-text__slide--60 image-link-text__slide--reversed\">\n              <div class=\"image-link-text__side image-link-text__content-wrapper\">\n                <div class=\"image-link-text__content launimation slideBottom\">\n\n                    \n                    <h2 class=\"image-link-text__title\">Ensemble #faireautrement<\/h2>                    <p>350 clients dans 25 pays comptent sur nos solutions logicielles &#8211; bas\u00e9es sur la technologie \u00e0 l&rsquo;\u00e9preuve du temps de Microsoft Dynamics 365 Business Central. <\/p>\n<p>Que ce soit \u00e0 la balance, \u00e0 la comptabilit\u00e9, au contr\u00f4le qualit\u00e9 ou \u00e0 la logistique : pour plus de 8900 utilisateurs, l&rsquo;utilisation de nos solutions sectorielles enwis et comotor a chang\u00e9 la vie professionnelle de mani\u00e8re d\u00e9cisive et simplifi\u00e9 beaucoup de choses. Des add-ons pratiques (p. ex. des solutions de disposition intelligentes) et des apps innovantes, comme l&rsquo;app Trader pour les n\u00e9gociants en m\u00e9taux, compl\u00e8tent notre portefeuille de prestations.<\/p>\n                    \n                    \n                <\/div><!-- content -->\n              <\/div><!-- side 1 -->\n\n              <div class=\"image-link-text__side image-link-text__image-wrapper launimation slideBottom\">\n                                  \n                    <img loading=\"lazy\" data-src=\"https:\/\/tegos-group.com\/wp-content\/uploads\/2023\/05\/2023-05-05_16h00_52.png\" data-srcset=\"https:\/\/tegos-group.com\/wp-content\/uploads\/2023\/05\/2023-05-05_16h00_52.png 1920w, https:\/\/tegos-group.com\/wp-content\/uploads\/2023\/05\/2023-05-05_16h00_52.png 1600w, https:\/\/tegos-group.com\/wp-content\/uploads\/2023\/05\/2023-05-05_16h00_52.png 1366w, https:\/\/tegos-group.com\/wp-content\/uploads\/2023\/05\/2023-05-05_16h00_52.png 1024w, https:\/\/tegos-group.com\/wp-content\/uploads\/2023\/05\/2023-05-05_16h00_52-671x432.png 768w, https:\/\/tegos-group.com\/wp-content\/uploads\/2023\/05\/2023-05-05_16h00_52-480x309.png 550w\" class=\"image-link-text__image\" alt=\"\"  width=\"862\"  height=\"555\">\n                                  \n                <div class=\"slider__pagination slider__pagination--relative slider__pagination--colored image-link-text__pagination\"><\/div>\n              <\/div><!-- side 2 -->\n            <\/div><!-- slide -->\n                \n        <\/div><!-- swiper-wrapper -->\n      <\/div><!-- slider -->\n\n          <\/div><!-- container -->\n  <\/section>\n\n\n\n\n\n  <section class=\"section video    \">\n    <div class=\"container\">\n            \n      <div class=\"video__wrapper\">\n                              <img loading=\"lazy\" decoding=\"async\" class=\"video__embed-poster\" size=\"fullscreen\" src=\"https:\/\/img.youtube.com\/vi\/s7oqtk9OfuY\/maxresdefault.jpg\" width=\"1280\"  height=\"720\">\n                    \n          <div class=\"video__fullscreen\">\n            <div class=\"video__fullscreen-wrapper\">\n              <iframe loading=\"lazy\" title=\"\ud835\ude01\ud835\uddf2\ud835\uddf4\ud835\uddfc\ud835\ude00group EN\" width=\"500\" height=\"281\" src=\"about:blank\" data-lazysrc=\"https:\/\/www.youtube.com\/embed\/s7oqtk9OfuY\" frameborder=\"0\" allow=\"accelerometer; autoplay; clipboard-write; encrypted-media; gyroscope; picture-in-picture; web-share\" referrerpolicy=\"strict-origin-when-cross-origin\" allowfullscreen><\/iframe>            <\/div>\n\n            <button class=\"video__close\">\n              <span>Schlie\u00dfen<\/span>\n            <\/button>\n          <\/div>\n          \n        \n        <button class=\"video__play\">\n          <span>Abspielen<\/span>\n        <\/button>\n      <\/div>\n\n    <\/div>\n  <\/section>\n\n","protected":false},"excerpt":{"rendered":"","protected":false},"author":12,"featured_media":0,"parent":5504,"menu_order":0,"comment_status":"closed","ping_status":"closed","template":"","meta":{"_acf_changed":false,"footnotes":""},"class_list":["post-5503","page","type-page","status-publish","hentry"],"acf":[],"yoast_head":"<!-- This site is optimized with the Yoast SEO plugin v27.3 - https:\/\/yoast.com\/product\/yoast-seo-wordpress\/ -->\n<title>\u00c0 propos de tegosgroup - tegosgroup: Experten f\u00fcr Abfallwirtschaft, Entsorgung &amp; Recycling Software<\/title>\n<meta name=\"robots\" content=\"index, follow, max-snippet:-1, max-image-preview:large, max-video-preview:-1\" \/>\n<link rel=\"canonical\" href=\"https:\/\/tegos-group.com\/fr\/a-propos-de-nous\/a-propos-de-tegosgroup\/\" \/>\n<meta property=\"og:locale\" content=\"fr_FR\" \/>\n<meta property=\"og:type\" content=\"article\" \/>\n<meta property=\"og:title\" content=\"\u00c0 propos de tegosgroup - tegosgroup: Experten f\u00fcr Abfallwirtschaft, Entsorgung &amp; Recycling Software\" \/>\n<meta property=\"og:url\" content=\"https:\/\/tegos-group.com\/fr\/a-propos-de-nous\/a-propos-de-tegosgroup\/\" \/>\n<meta property=\"og:site_name\" content=\"tegosgroup: Experten f\u00fcr Abfallwirtschaft, Entsorgung &amp; Recycling Software\" \/>\n<meta property=\"article:modified_time\" content=\"2024-01-03T13:29:08+00:00\" \/>\n<meta name=\"twitter:card\" content=\"summary_large_image\" \/>\n<script type=\"application\/ld+json\" class=\"yoast-schema-graph\">{\"@context\":\"https:\\\/\\\/schema.org\",\"@graph\":[{\"@type\":\"WebPage\",\"@id\":\"https:\\\/\\\/tegos-group.com\\\/fr\\\/a-propos-de-nous\\\/a-propos-de-tegosgroup\\\/\",\"url\":\"https:\\\/\\\/tegos-group.com\\\/fr\\\/a-propos-de-nous\\\/a-propos-de-tegosgroup\\\/\",\"name\":\"\u00c0 propos de tegosgroup - tegosgroup: Experten f\u00fcr Abfallwirtschaft, Entsorgung &amp; Recycling Software\",\"isPartOf\":{\"@id\":\"https:\\\/\\\/tegos-group.com\\\/fr\\\/#website\"},\"datePublished\":\"2023-05-03T13:28:29+00:00\",\"dateModified\":\"2024-01-03T13:29:08+00:00\",\"breadcrumb\":{\"@id\":\"https:\\\/\\\/tegos-group.com\\\/fr\\\/a-propos-de-nous\\\/a-propos-de-tegosgroup\\\/#breadcrumb\"},\"inLanguage\":\"fr-FR\",\"potentialAction\":[{\"@type\":\"ReadAction\",\"target\":[\"https:\\\/\\\/tegos-group.com\\\/fr\\\/a-propos-de-nous\\\/a-propos-de-tegosgroup\\\/\"]}]},{\"@type\":\"BreadcrumbList\",\"@id\":\"https:\\\/\\\/tegos-group.com\\\/fr\\\/a-propos-de-nous\\\/a-propos-de-tegosgroup\\\/#breadcrumb\",\"itemListElement\":[{\"@type\":\"ListItem\",\"position\":1,\"name\":\"Home\",\"item\":\"https:\\\/\\\/tegos-group.com\\\/fr\\\/\"},{\"@type\":\"ListItem\",\"position\":2,\"name\":\"\u00c0 propos de nous\",\"item\":\"https:\\\/\\\/tegos-group.com\\\/fr\\\/a-propos-de-nous\\\/\"},{\"@type\":\"ListItem\",\"position\":3,\"name\":\"\u00c0 propos de tegosgroup\"}]},{\"@type\":\"WebSite\",\"@id\":\"https:\\\/\\\/tegos-group.com\\\/fr\\\/#website\",\"url\":\"https:\\\/\\\/tegos-group.com\\\/fr\\\/\",\"name\":\"tegosgroup: Experten f\u00fcr Abfallwirtschaft, Entsorgung &amp; Recycling Software\",\"description\":\"Ma\u00dfgeschneiderte L\u00f6sungen f\u00fcr Abfallmanagement, EANV &amp; Schrotthandel\",\"potentialAction\":[{\"@type\":\"SearchAction\",\"target\":{\"@type\":\"EntryPoint\",\"urlTemplate\":\"https:\\\/\\\/tegos-group.com\\\/fr\\\/?s={search_term_string}\"},\"query-input\":{\"@type\":\"PropertyValueSpecification\",\"valueRequired\":true,\"valueName\":\"search_term_string\"}}],\"inLanguage\":\"fr-FR\"}]}<\/script>\n<!-- \/ Yoast SEO plugin. -->","yoast_head_json":{"title":"\u00c0 propos de tegosgroup - tegosgroup: Experten f\u00fcr Abfallwirtschaft, Entsorgung &amp; Recycling Software","robots":{"index":"index","follow":"follow","max-snippet":"max-snippet:-1","max-image-preview":"max-image-preview:large","max-video-preview":"max-video-preview:-1"},"canonical":"https:\/\/tegos-group.com\/fr\/a-propos-de-nous\/a-propos-de-tegosgroup\/","og_locale":"fr_FR","og_type":"article","og_title":"\u00c0 propos de tegosgroup - tegosgroup: Experten f\u00fcr Abfallwirtschaft, Entsorgung &amp; Recycling Software","og_url":"https:\/\/tegos-group.com\/fr\/a-propos-de-nous\/a-propos-de-tegosgroup\/","og_site_name":"tegosgroup: Experten f\u00fcr Abfallwirtschaft, Entsorgung &amp; Recycling Software","article_modified_time":"2024-01-03T13:29:08+00:00","twitter_card":"summary_large_image","schema":{"@context":"https:\/\/schema.org","@graph":[{"@type":"WebPage","@id":"https:\/\/tegos-group.com\/fr\/a-propos-de-nous\/a-propos-de-tegosgroup\/","url":"https:\/\/tegos-group.com\/fr\/a-propos-de-nous\/a-propos-de-tegosgroup\/","name":"\u00c0 propos de tegosgroup - tegosgroup: Experten f\u00fcr Abfallwirtschaft, Entsorgung &amp; Recycling Software","isPartOf":{"@id":"https:\/\/tegos-group.com\/fr\/#website"},"datePublished":"2023-05-03T13:28:29+00:00","dateModified":"2024-01-03T13:29:08+00:00","breadcrumb":{"@id":"https:\/\/tegos-group.com\/fr\/a-propos-de-nous\/a-propos-de-tegosgroup\/#breadcrumb"},"inLanguage":"fr-FR","potentialAction":[{"@type":"ReadAction","target":["https:\/\/tegos-group.com\/fr\/a-propos-de-nous\/a-propos-de-tegosgroup\/"]}]},{"@type":"BreadcrumbList","@id":"https:\/\/tegos-group.com\/fr\/a-propos-de-nous\/a-propos-de-tegosgroup\/#breadcrumb","itemListElement":[{"@type":"ListItem","position":1,"name":"Home","item":"https:\/\/tegos-group.com\/fr\/"},{"@type":"ListItem","position":2,"name":"\u00c0 propos de nous","item":"https:\/\/tegos-group.com\/fr\/a-propos-de-nous\/"},{"@type":"ListItem","position":3,"name":"\u00c0 propos de tegosgroup"}]},{"@type":"WebSite","@id":"https:\/\/tegos-group.com\/fr\/#website","url":"https:\/\/tegos-group.com\/fr\/","name":"tegosgroup: Experten f\u00fcr Abfallwirtschaft, Entsorgung &amp; Recycling Software","description":"Ma\u00dfgeschneiderte L\u00f6sungen f\u00fcr Abfallmanagement, EANV &amp; Schrotthandel","potentialAction":[{"@type":"SearchAction","target":{"@type":"EntryPoint","urlTemplate":"https:\/\/tegos-group.com\/fr\/?s={search_term_string}"},"query-input":{"@type":"PropertyValueSpecification","valueRequired":true,"valueName":"search_term_string"}}],"inLanguage":"fr-FR"}]}},"_links":{"self":[{"href":"https:\/\/tegos-group.com\/fr\/wp-json\/wp\/v2\/pages\/5503","targetHints":{"allow":["GET"]}}],"collection":[{"href":"https:\/\/tegos-group.com\/fr\/wp-json\/wp\/v2\/pages"}],"about":[{"href":"https:\/\/tegos-group.com\/fr\/wp-json\/wp\/v2\/types\/page"}],"author":[{"embeddable":true,"href":"https:\/\/tegos-group.com\/fr\/wp-json\/wp\/v2\/users\/12"}],"replies":[{"embeddable":true,"href":"https:\/\/tegos-group.com\/fr\/wp-json\/wp\/v2\/comments?post=5503"}],"version-history":[{"count":8,"href":"https:\/\/tegos-group.com\/fr\/wp-json\/wp\/v2\/pages\/5503\/revisions"}],"predecessor-version":[{"id":11733,"href":"https:\/\/tegos-group.com\/fr\/wp-json\/wp\/v2\/pages\/5503\/revisions\/11733"}],"up":[{"embeddable":true,"href":"https:\/\/tegos-group.com\/fr\/wp-json\/wp\/v2\/pages\/5504"}],"wp:attachment":[{"href":"https:\/\/tegos-group.com\/fr\/wp-json\/wp\/v2\/media?parent=5503"}],"curies":[{"name":"wp","href":"https:\/\/api.w.org\/{rel}","templated":true}]}}