{"id":9356,"date":"2023-06-19T13:45:28","date_gmt":"2023-06-19T13:45:28","guid":{"rendered":"https:\/\/www.tegos-group.com\/?page_id=9356"},"modified":"2023-06-19T13:54:02","modified_gmt":"2023-06-19T13:54:02","slug":"teamviewer","status":"publish","type":"page","link":"https:\/\/tegos-group.com\/fr\/teamviewer\/","title":{"rendered":"TeamViewer"},"content":{"rendered":"\n  <section class=\"section section--no-padding bg hero\">\n      \n    <div class=\"swiper-container slider\">\n      <div class=\"swiper-wrapper\">\n\n                  \n            <div class=\"swiper-slide slider__slide hero__slide bg bg--blue bg--gradient\">\n              <div class=\"container\">\n\n                <div class=\"hero__slide-content\">\n                  \n                                      <h2 class=\"h1 hero__title text--display\">TeamViewer<\/h2>\n                  \n                  \n                                  <\/div>\n\n                \n\n<div class=\"jar jar--1 \">\n  <div class=\"jar__pickle \">\n      <\/div>\n\n  <div class=\"jar__pickle\"><\/div>\n  <div class=\"jar__pickle\"><\/div>\n  <div class=\"jar__pickle\"><\/div>\n<\/div>\n              <\/div><!-- slide-content -->\n            <\/div>\n                  \n      <\/div><!-- swiper-wrapper -->\n      \n                        <\/div><!-- swiper-container -->\n    \n  <\/section>\n\n\n\n\n<section class=\"section hero-text \">\n  <div class=\"container\">\n\n          <h2>Clause de non-responsabilit\u00e9 lors de l&#039;utilisation de TeamViewer<\/h2>\n    \n          <p>tegos GmbH n&rsquo;assume aucune garantie pour les programmes install\u00e9s sur votre ordinateur, ni pour leurs dispositifs de protection (antivirus ou pare-feu). tegos GmbH n&rsquo;assume aucune responsabilit\u00e9 pour les pannes dont elle n&rsquo;est pas responsable, m\u00eame si elles sont proches dans le temps de l&rsquo;assistance fournie. tegos GmbH vous assure que nos collaborateurs sont suffisamment form\u00e9s et familiaris\u00e9s avec les obligations de confidentialit\u00e9 et de diligence.<br \/>\r\n<br \/>\r\nLa t\u00e9l\u00e9maintenance est effectu\u00e9e conform\u00e9ment au \u00a7 11 BDSG.<br \/>\r\n<br \/>\r\nVeuillez noter que ce service n&rsquo;est disponible que pendant nos heures de bureau, apr\u00e8s accord t\u00e9l\u00e9phonique ou \u00e9crit de nos collaborateurs de support.<br \/>\r\n<br \/>\r\n&#8211; Sans votre accord explicite, le conseiller ne peut pas voir votre PC.<br \/>\r\n&#8211; Sans votre accord explicite, le conseiller ne peut pas travailler avec vous.<br \/>\r\n&#8211; Il n&rsquo;est pas possible de supprimer des donn\u00e9es de votre PC \u00e0 votre insu et sans autorisation.<br \/>\r\n&#8211; Vous pouvez mettre fin \u00e0 la session commune \u00e0 tout moment.<\/p>\n    \n  <\/div>\n<\/section>\n\n\n\n\n  <section class=\"section cta  \">\n    <div class=\"container\">\n\n      <div class=\"cta__wrapper launimation slideBottom\">\n\n        \n        <div class=\"cta__content bg bg--dark-green \">\n                      <h2 class=\"cta__title text--display\">TeamViewer<\/h2>\n          \n                      <p class=\"cta__description\">En lan\u00e7ant le logiciel TeamViewer, vous reconnaissez l&rsquo;exclusion de responsabilit\u00e9 de tegos GmbH lors de l&rsquo;utilisation de TeamViewer.<br \/>\r\n<\/p>\n          \n                      <a href=\"https:\/\/get.teamviewer.com\/tegosgroup\"  class=\"cta__button button button--arrow\" >\n              T\u00e9l\u00e9charger TeamViewer            <\/a>\n          \n                      <div class=\"cta__pickles\">\n              \n\n<div class=\"jar jar--1 \">\n  <div class=\"jar__pickle \">\n      <\/div>\n\n  <div class=\"jar__pickle\"><\/div>\n  <div class=\"jar__pickle\"><\/div>\n  <div class=\"jar__pickle\"><\/div>\n<\/div>            <\/div>\n                  <\/div>\n\n      <\/div>\n\n    <\/div>\n  <\/section>\n\n","protected":false},"excerpt":{"rendered":"","protected":false},"author":12,"featured_media":0,"parent":0,"menu_order":0,"comment_status":"closed","ping_status":"closed","template":"","meta":{"_acf_changed":false,"footnotes":""},"class_list":["post-9356","page","type-page","status-publish","hentry"],"acf":[],"yoast_head":"<!-- This site is optimized with the Yoast SEO plugin v27.4 - https:\/\/yoast.com\/product\/yoast-seo-wordpress\/ -->\n<title>TeamViewer - tegosgroup: Experten f\u00fcr Abfallwirtschaft, Entsorgung &amp; Recycling Software<\/title>\n<meta name=\"robots\" content=\"index, follow, max-snippet:-1, max-image-preview:large, max-video-preview:-1\" \/>\n<link rel=\"canonical\" href=\"https:\/\/tegos-group.com\/fr\/teamviewer\/\" \/>\n<meta property=\"og:locale\" content=\"fr_FR\" \/>\n<meta property=\"og:type\" content=\"article\" \/>\n<meta property=\"og:title\" content=\"TeamViewer - tegosgroup: Experten f\u00fcr Abfallwirtschaft, Entsorgung &amp; Recycling Software\" \/>\n<meta property=\"og:url\" content=\"https:\/\/tegos-group.com\/fr\/teamviewer\/\" \/>\n<meta property=\"og:site_name\" content=\"tegosgroup: Experten f\u00fcr Abfallwirtschaft, Entsorgung &amp; Recycling Software\" \/>\n<meta property=\"article:modified_time\" content=\"2023-06-19T13:54:02+00:00\" \/>\n<meta name=\"twitter:card\" content=\"summary_large_image\" \/>\n<script type=\"application\/ld+json\" class=\"yoast-schema-graph\">{\"@context\":\"https:\\\/\\\/schema.org\",\"@graph\":[{\"@type\":\"WebPage\",\"@id\":\"https:\\\/\\\/tegos-group.com\\\/fr\\\/teamviewer\\\/\",\"url\":\"https:\\\/\\\/tegos-group.com\\\/fr\\\/teamviewer\\\/\",\"name\":\"TeamViewer - tegosgroup: Experten f\u00fcr Abfallwirtschaft, Entsorgung &amp; Recycling Software\",\"isPartOf\":{\"@id\":\"https:\\\/\\\/tegos-group.com\\\/fr\\\/#website\"},\"datePublished\":\"2023-06-19T13:45:28+00:00\",\"dateModified\":\"2023-06-19T13:54:02+00:00\",\"breadcrumb\":{\"@id\":\"https:\\\/\\\/tegos-group.com\\\/fr\\\/teamviewer\\\/#breadcrumb\"},\"inLanguage\":\"fr-FR\",\"potentialAction\":[{\"@type\":\"ReadAction\",\"target\":[\"https:\\\/\\\/tegos-group.com\\\/fr\\\/teamviewer\\\/\"]}]},{\"@type\":\"BreadcrumbList\",\"@id\":\"https:\\\/\\\/tegos-group.com\\\/fr\\\/teamviewer\\\/#breadcrumb\",\"itemListElement\":[{\"@type\":\"ListItem\",\"position\":1,\"name\":\"Home\",\"item\":\"https:\\\/\\\/tegos-group.com\\\/fr\\\/\"},{\"@type\":\"ListItem\",\"position\":2,\"name\":\"TeamViewer\"}]},{\"@type\":\"WebSite\",\"@id\":\"https:\\\/\\\/tegos-group.com\\\/fr\\\/#website\",\"url\":\"https:\\\/\\\/tegos-group.com\\\/fr\\\/\",\"name\":\"tegosgroup: Experten f\u00fcr Abfallwirtschaft, Entsorgung &amp; Recycling Software\",\"description\":\"Ma\u00dfgeschneiderte L\u00f6sungen f\u00fcr Abfallmanagement, EANV &amp; Schrotthandel\",\"potentialAction\":[{\"@type\":\"SearchAction\",\"target\":{\"@type\":\"EntryPoint\",\"urlTemplate\":\"https:\\\/\\\/tegos-group.com\\\/fr\\\/?s={search_term_string}\"},\"query-input\":{\"@type\":\"PropertyValueSpecification\",\"valueRequired\":true,\"valueName\":\"search_term_string\"}}],\"inLanguage\":\"fr-FR\"}]}<\/script>\n<!-- \/ Yoast SEO plugin. -->","yoast_head_json":{"title":"TeamViewer - tegosgroup: Experten f\u00fcr Abfallwirtschaft, Entsorgung &amp; Recycling Software","robots":{"index":"index","follow":"follow","max-snippet":"max-snippet:-1","max-image-preview":"max-image-preview:large","max-video-preview":"max-video-preview:-1"},"canonical":"https:\/\/tegos-group.com\/fr\/teamviewer\/","og_locale":"fr_FR","og_type":"article","og_title":"TeamViewer - tegosgroup: Experten f\u00fcr Abfallwirtschaft, Entsorgung &amp; Recycling Software","og_url":"https:\/\/tegos-group.com\/fr\/teamviewer\/","og_site_name":"tegosgroup: Experten f\u00fcr Abfallwirtschaft, Entsorgung &amp; Recycling Software","article_modified_time":"2023-06-19T13:54:02+00:00","twitter_card":"summary_large_image","schema":{"@context":"https:\/\/schema.org","@graph":[{"@type":"WebPage","@id":"https:\/\/tegos-group.com\/fr\/teamviewer\/","url":"https:\/\/tegos-group.com\/fr\/teamviewer\/","name":"TeamViewer - tegosgroup: Experten f\u00fcr Abfallwirtschaft, Entsorgung &amp; Recycling Software","isPartOf":{"@id":"https:\/\/tegos-group.com\/fr\/#website"},"datePublished":"2023-06-19T13:45:28+00:00","dateModified":"2023-06-19T13:54:02+00:00","breadcrumb":{"@id":"https:\/\/tegos-group.com\/fr\/teamviewer\/#breadcrumb"},"inLanguage":"fr-FR","potentialAction":[{"@type":"ReadAction","target":["https:\/\/tegos-group.com\/fr\/teamviewer\/"]}]},{"@type":"BreadcrumbList","@id":"https:\/\/tegos-group.com\/fr\/teamviewer\/#breadcrumb","itemListElement":[{"@type":"ListItem","position":1,"name":"Home","item":"https:\/\/tegos-group.com\/fr\/"},{"@type":"ListItem","position":2,"name":"TeamViewer"}]},{"@type":"WebSite","@id":"https:\/\/tegos-group.com\/fr\/#website","url":"https:\/\/tegos-group.com\/fr\/","name":"tegosgroup: Experten f\u00fcr Abfallwirtschaft, Entsorgung &amp; Recycling Software","description":"Ma\u00dfgeschneiderte L\u00f6sungen f\u00fcr Abfallmanagement, EANV &amp; Schrotthandel","potentialAction":[{"@type":"SearchAction","target":{"@type":"EntryPoint","urlTemplate":"https:\/\/tegos-group.com\/fr\/?s={search_term_string}"},"query-input":{"@type":"PropertyValueSpecification","valueRequired":true,"valueName":"search_term_string"}}],"inLanguage":"fr-FR"}]}},"_links":{"self":[{"href":"https:\/\/tegos-group.com\/fr\/wp-json\/wp\/v2\/pages\/9356","targetHints":{"allow":["GET"]}}],"collection":[{"href":"https:\/\/tegos-group.com\/fr\/wp-json\/wp\/v2\/pages"}],"about":[{"href":"https:\/\/tegos-group.com\/fr\/wp-json\/wp\/v2\/types\/page"}],"author":[{"embeddable":true,"href":"https:\/\/tegos-group.com\/fr\/wp-json\/wp\/v2\/users\/12"}],"replies":[{"embeddable":true,"href":"https:\/\/tegos-group.com\/fr\/wp-json\/wp\/v2\/comments?post=9356"}],"version-history":[{"count":2,"href":"https:\/\/tegos-group.com\/fr\/wp-json\/wp\/v2\/pages\/9356\/revisions"}],"predecessor-version":[{"id":9358,"href":"https:\/\/tegos-group.com\/fr\/wp-json\/wp\/v2\/pages\/9356\/revisions\/9358"}],"wp:attachment":[{"href":"https:\/\/tegos-group.com\/fr\/wp-json\/wp\/v2\/media?parent=9356"}],"curies":[{"name":"wp","href":"https:\/\/api.w.org\/{rel}","templated":true}]}}