{"id":5600,"date":"2023-05-31T10:35:59","date_gmt":"2023-05-31T08:35:59","guid":{"rendered":"https:\/\/www.tegos-group.com\/?page_id=5600"},"modified":"2023-06-21T12:10:42","modified_gmt":"2023-06-21T12:10:42","slug":"afdruk","status":"publish","type":"page","link":"https:\/\/tegos-group.com\/nl\/afdruk\/","title":{"rendered":"Afdruk"},"content":{"rendered":"\n<h2 class=\"wp-block-heading\">Afdruk<\/h2>\n\n\n\n<p>tegos GmbH<br>Oslostra\u00dfe 2 &#8211; D-44269 Dortmund, Duitsland<\/p>\n\n\n\n<p>Tel +49 231 31776-200<br>Fax +49 231 31776-199<br>E-mail <a href=\"mailto:info@tegos.eu\">info@tegos.eu<\/a><\/p>\n\n\n\n<p>Directeuren:<br>Andreas Kullmann, Ralf Linnemann<\/p>\n\n\n\n<p>Griffie: Rechtbank Dortmund<br>HRB 12306 | BTW-nummer DE 203205467<\/p>\n\n\n\n<p><strong>Dit impressum is ook van toepassing op onze Facebook-, Xing-, LinkedIn- en YouTube-pagina&#8217;s.<\/strong><\/p>\n\n\n\n<h4 class=\"wp-block-heading\">Plaatjes<\/h4>\n\n\n\n<ul class=\"wp-block-list\">\n<li>\u00a9 Willrow Hood |&nbsp;<a href=\"https:\/\/www.shutterstock.com\/de\/\" target=\"_blank\" rel=\"noreferrer noopener\">shutterstock<\/a><\/li>\n\n\n\n<li>\u00a9 mini_citizens |&nbsp;<a href=\"https:\/\/www.shutterstock.com\/de\/\" target=\"_blank\" rel=\"noreferrer noopener\">shutterstock<\/a><\/li>\n\n\n\n<li>\u00a9 AM-STUDiO |&nbsp;<a href=\"https:\/\/www.shutterstock.com\/de\/\" target=\"_blank\" rel=\"noreferrer noopener\">shutterstock<\/a><\/li>\n\n\n\n<li>\u00a9 Yuri Turkov |&nbsp;<a href=\"https:\/\/www.shutterstock.com\/de\/\" target=\"_blank\" rel=\"noreferrer noopener\">shutterstock<\/a><\/li>\n\n\n\n<li>\u00a9 Fevt |&nbsp;<a href=\"https:\/\/www.shutterstock.com\/de\/\" target=\"_blank\" rel=\"noreferrer noopener\">shutterstock<\/a><\/li>\n\n\n\n<li>\u00a9 Ba dins |&nbsp;<a href=\"https:\/\/www.shutterstock.com\/de\/\" target=\"_blank\" rel=\"noreferrer noopener\">shutterstock<\/a><\/li>\n\n\n\n<li>\u00a9 zaidi razak |&nbsp;<a href=\"https:\/\/www.shutterstock.com\/de\/\" target=\"_blank\" rel=\"noreferrer noopener\">shutterstock<\/a><\/li>\n\n\n\n<li>\u00a9 Mopic |&nbsp;<a href=\"https:\/\/www.shutterstock.com\/de\/\" target=\"_blank\" rel=\"noreferrer noopener\">shutterstock<\/a><\/li>\n\n\n\n<li>\u00a9 MeskPhotography |&nbsp;<a href=\"https:\/\/www.shutterstock.com\/de\/\" target=\"_blank\" rel=\"noreferrer noopener\">shutterstock<\/a><\/li>\n\n\n\n<li>\u00a9 Tupungato |&nbsp;<a href=\"https:\/\/www.shutterstock.com\/de\/\" target=\"_blank\" rel=\"noreferrer noopener\">shutterstock<\/a><\/li>\n\n\n\n<li>\u00a9 Shahid Khan |&nbsp;<a href=\"https:\/\/www.shutterstock.com\/de\/\" target=\"_blank\" rel=\"noreferrer noopener\">shutterstock<\/a><\/li>\n\n\n\n<li>\u00a9 ESB Professional |&nbsp;<a href=\"https:\/\/www.shutterstock.com\/de\/\" target=\"_blank\" rel=\"noreferrer noopener\">shutterstock<\/a><\/li>\n\n\n\n<li>\u00a9 Bubbers BB |&nbsp;<a href=\"https:\/\/www.shutterstock.com\/de\/\" target=\"_blank\" rel=\"noreferrer noopener\">shutterstock<\/a><\/li>\n\n\n\n<li>\u00a9 Rawpixel.com |&nbsp;<a href=\"https:\/\/www.shutterstock.com\/de\/\" target=\"_blank\" rel=\"noreferrer noopener\">shutterstock<\/a><\/li>\n\n\n\n<li>\u00a9 GaudiLab |&nbsp;<a href=\"https:\/\/www.shutterstock.com\/de\/\" target=\"_blank\" rel=\"noreferrer noopener\">shutterstock<\/a><\/li>\n\n\n\n<li>\u00a9 Narith Thongphasuk |&nbsp;<a href=\"https:\/\/www.shutterstock.com\/de\/\" target=\"_blank\" rel=\"noreferrer noopener\">shutterstock<\/a><\/li>\n\n\n\n<li>\u00a9 AKKHARAT JARUSILAWONG |&nbsp;<a href=\"https:\/\/www.shutterstock.com\/de\/\" target=\"_blank\" rel=\"noreferrer noopener\">shutterstock<\/a><\/li>\n<\/ul>\n","protected":false},"excerpt":{"rendered":"<p>Afdruk tegos GmbHOslostra\u00dfe 2 &#8211; D-44269 Dortmund, Duitsland Tel +49 231 31776-200Fax +49 231 31776-199E-mail info@tegos.eu Directeuren:Andreas Kullmann, Ralf Linnemann Griffie: Rechtbank DortmundHRB 12306 | BTW-nummer DE 203205467 Dit impressum is ook van toepassing op onze Facebook-, Xing-, LinkedIn- en YouTube-pagina&#8217;s. Plaatjes<\/p>\n","protected":false},"author":12,"featured_media":0,"parent":0,"menu_order":0,"comment_status":"closed","ping_status":"closed","template":"","meta":{"_acf_changed":false,"footnotes":""},"class_list":["post-5600","page","type-page","status-publish","hentry"],"acf":[],"yoast_head":"<!-- This site is optimized with the Yoast SEO plugin v27.3 - https:\/\/yoast.com\/product\/yoast-seo-wordpress\/ -->\n<title>Afdruk - tegosgroup: Experten f\u00fcr Abfallwirtschaft, Entsorgung &amp; Recycling Software<\/title>\n<meta name=\"robots\" content=\"index, follow, max-snippet:-1, max-image-preview:large, max-video-preview:-1\" \/>\n<link rel=\"canonical\" href=\"https:\/\/tegos-group.com\/nl\/afdruk\/\" \/>\n<meta property=\"og:locale\" content=\"nl_NL\" \/>\n<meta property=\"og:type\" content=\"article\" \/>\n<meta property=\"og:title\" content=\"Afdruk - tegosgroup: Experten f\u00fcr Abfallwirtschaft, Entsorgung &amp; Recycling Software\" \/>\n<meta property=\"og:description\" content=\"Afdruk tegos GmbHOslostra\u00dfe 2 &#8211; D-44269 Dortmund, Duitsland Tel +49 231 31776-200Fax +49 231 31776-199E-mail info@tegos.eu Directeuren:Andreas Kullmann, Ralf Linnemann Griffie: Rechtbank DortmundHRB 12306 | BTW-nummer DE 203205467 Dit impressum is ook van toepassing op onze Facebook-, Xing-, LinkedIn- en YouTube-pagina&#8217;s. Plaatjes\" \/>\n<meta property=\"og:url\" content=\"https:\/\/tegos-group.com\/nl\/afdruk\/\" \/>\n<meta property=\"og:site_name\" content=\"tegosgroup: Experten f\u00fcr Abfallwirtschaft, Entsorgung &amp; Recycling Software\" \/>\n<meta property=\"article:modified_time\" content=\"2023-06-21T12:10:42+00:00\" \/>\n<meta name=\"twitter:card\" content=\"summary_large_image\" \/>\n<meta name=\"twitter:label1\" content=\"Geschatte leestijd\" \/>\n\t<meta name=\"twitter:data1\" content=\"1 minuut\" \/>\n<script type=\"application\/ld+json\" class=\"yoast-schema-graph\">{\"@context\":\"https:\\\/\\\/schema.org\",\"@graph\":[{\"@type\":\"WebPage\",\"@id\":\"https:\\\/\\\/tegos-group.com\\\/nl\\\/afdruk\\\/\",\"url\":\"https:\\\/\\\/tegos-group.com\\\/nl\\\/afdruk\\\/\",\"name\":\"Afdruk - tegosgroup: Experten f\u00fcr Abfallwirtschaft, Entsorgung &amp; Recycling Software\",\"isPartOf\":{\"@id\":\"https:\\\/\\\/tegos-group.com\\\/nl\\\/#website\"},\"datePublished\":\"2023-05-31T08:35:59+00:00\",\"dateModified\":\"2023-06-21T12:10:42+00:00\",\"breadcrumb\":{\"@id\":\"https:\\\/\\\/tegos-group.com\\\/nl\\\/afdruk\\\/#breadcrumb\"},\"inLanguage\":\"nl-NL\",\"potentialAction\":[{\"@type\":\"ReadAction\",\"target\":[\"https:\\\/\\\/tegos-group.com\\\/nl\\\/afdruk\\\/\"]}]},{\"@type\":\"BreadcrumbList\",\"@id\":\"https:\\\/\\\/tegos-group.com\\\/nl\\\/afdruk\\\/#breadcrumb\",\"itemListElement\":[{\"@type\":\"ListItem\",\"position\":1,\"name\":\"Home\",\"item\":\"https:\\\/\\\/tegos-group.com\\\/nl\\\/\"},{\"@type\":\"ListItem\",\"position\":2,\"name\":\"Afdruk\"}]},{\"@type\":\"WebSite\",\"@id\":\"https:\\\/\\\/tegos-group.com\\\/nl\\\/#website\",\"url\":\"https:\\\/\\\/tegos-group.com\\\/nl\\\/\",\"name\":\"tegosgroup: Experten f\u00fcr Abfallwirtschaft, Entsorgung &amp; Recycling Software\",\"description\":\"Ma\u00dfgeschneiderte L\u00f6sungen f\u00fcr Abfallmanagement, EANV &amp; Schrotthandel\",\"potentialAction\":[{\"@type\":\"SearchAction\",\"target\":{\"@type\":\"EntryPoint\",\"urlTemplate\":\"https:\\\/\\\/tegos-group.com\\\/nl\\\/?s={search_term_string}\"},\"query-input\":{\"@type\":\"PropertyValueSpecification\",\"valueRequired\":true,\"valueName\":\"search_term_string\"}}],\"inLanguage\":\"nl-NL\"}]}<\/script>\n<!-- \/ Yoast SEO plugin. -->","yoast_head_json":{"title":"Afdruk - tegosgroup: Experten f\u00fcr Abfallwirtschaft, Entsorgung &amp; Recycling Software","robots":{"index":"index","follow":"follow","max-snippet":"max-snippet:-1","max-image-preview":"max-image-preview:large","max-video-preview":"max-video-preview:-1"},"canonical":"https:\/\/tegos-group.com\/nl\/afdruk\/","og_locale":"nl_NL","og_type":"article","og_title":"Afdruk - tegosgroup: Experten f\u00fcr Abfallwirtschaft, Entsorgung &amp; Recycling Software","og_description":"Afdruk tegos GmbHOslostra\u00dfe 2 &#8211; D-44269 Dortmund, Duitsland Tel +49 231 31776-200Fax +49 231 31776-199E-mail info@tegos.eu Directeuren:Andreas Kullmann, Ralf Linnemann Griffie: Rechtbank DortmundHRB 12306 | BTW-nummer DE 203205467 Dit impressum is ook van toepassing op onze Facebook-, Xing-, LinkedIn- en YouTube-pagina&#8217;s. Plaatjes","og_url":"https:\/\/tegos-group.com\/nl\/afdruk\/","og_site_name":"tegosgroup: Experten f\u00fcr Abfallwirtschaft, Entsorgung &amp; Recycling Software","article_modified_time":"2023-06-21T12:10:42+00:00","twitter_card":"summary_large_image","twitter_misc":{"Geschatte leestijd":"1 minuut"},"schema":{"@context":"https:\/\/schema.org","@graph":[{"@type":"WebPage","@id":"https:\/\/tegos-group.com\/nl\/afdruk\/","url":"https:\/\/tegos-group.com\/nl\/afdruk\/","name":"Afdruk - tegosgroup: Experten f\u00fcr Abfallwirtschaft, Entsorgung &amp; Recycling Software","isPartOf":{"@id":"https:\/\/tegos-group.com\/nl\/#website"},"datePublished":"2023-05-31T08:35:59+00:00","dateModified":"2023-06-21T12:10:42+00:00","breadcrumb":{"@id":"https:\/\/tegos-group.com\/nl\/afdruk\/#breadcrumb"},"inLanguage":"nl-NL","potentialAction":[{"@type":"ReadAction","target":["https:\/\/tegos-group.com\/nl\/afdruk\/"]}]},{"@type":"BreadcrumbList","@id":"https:\/\/tegos-group.com\/nl\/afdruk\/#breadcrumb","itemListElement":[{"@type":"ListItem","position":1,"name":"Home","item":"https:\/\/tegos-group.com\/nl\/"},{"@type":"ListItem","position":2,"name":"Afdruk"}]},{"@type":"WebSite","@id":"https:\/\/tegos-group.com\/nl\/#website","url":"https:\/\/tegos-group.com\/nl\/","name":"tegosgroup: Experten f\u00fcr Abfallwirtschaft, Entsorgung &amp; Recycling Software","description":"Ma\u00dfgeschneiderte L\u00f6sungen f\u00fcr Abfallmanagement, EANV &amp; Schrotthandel","potentialAction":[{"@type":"SearchAction","target":{"@type":"EntryPoint","urlTemplate":"https:\/\/tegos-group.com\/nl\/?s={search_term_string}"},"query-input":{"@type":"PropertyValueSpecification","valueRequired":true,"valueName":"search_term_string"}}],"inLanguage":"nl-NL"}]}},"_links":{"self":[{"href":"https:\/\/tegos-group.com\/nl\/wp-json\/wp\/v2\/pages\/5600","targetHints":{"allow":["GET"]}}],"collection":[{"href":"https:\/\/tegos-group.com\/nl\/wp-json\/wp\/v2\/pages"}],"about":[{"href":"https:\/\/tegos-group.com\/nl\/wp-json\/wp\/v2\/types\/page"}],"author":[{"embeddable":true,"href":"https:\/\/tegos-group.com\/nl\/wp-json\/wp\/v2\/users\/12"}],"replies":[{"embeddable":true,"href":"https:\/\/tegos-group.com\/nl\/wp-json\/wp\/v2\/comments?post=5600"}],"version-history":[{"count":3,"href":"https:\/\/tegos-group.com\/nl\/wp-json\/wp\/v2\/pages\/5600\/revisions"}],"predecessor-version":[{"id":10149,"href":"https:\/\/tegos-group.com\/nl\/wp-json\/wp\/v2\/pages\/5600\/revisions\/10149"}],"wp:attachment":[{"href":"https:\/\/tegos-group.com\/nl\/wp-json\/wp\/v2\/media?parent=5600"}],"curies":[{"name":"wp","href":"https:\/\/api.w.org\/{rel}","templated":true}]}}