{"id":5602,"date":"2023-05-03T15:12:38","date_gmt":"2023-05-03T13:12:38","guid":{"rendered":"https:\/\/www.tegos-group.com\/?page_id=5602"},"modified":"2023-06-06T06:41:20","modified_gmt":"2023-06-06T06:41:20","slug":"carriere","status":"publish","type":"page","link":"https:\/\/tegos-group.com\/nl\/carriere\/","title":{"rendered":"Carri\u00e8re"},"content":{"rendered":"\n  \n    <section class=\"section timeline-horizontal bg bg--dark-blue bg-gradient--dark-blue\">\n      <div class=\"container container--wide\">\n\n                  <h2 class=\"timeline-horizontal__heading text--center\">Jouw weg naar ons<\/h2>\n        \n        <div class=\"timeline-horizontal__steps\">\n          \n            <div class=\"timeline-horizontal__step\">\n                              <div class=\"timeline-horizontal__icon-container\">\n                  <img loading=\"lazy\" data-src=\"https:\/\/tegos-group.com\/wp-content\/uploads\/2023\/04\/phone.svg\" data-srcset=\"https:\/\/tegos-group.com\/wp-content\/uploads\/2023\/04\/phone.svg 1920w, https:\/\/tegos-group.com\/wp-content\/uploads\/2023\/04\/phone.svg 1600w, https:\/\/tegos-group.com\/wp-content\/uploads\/2023\/04\/phone.svg 1366w, https:\/\/tegos-group.com\/wp-content\/uploads\/2023\/04\/phone.svg 1024w, https:\/\/tegos-group.com\/wp-content\/uploads\/2023\/04\/phone.svg 768w, https:\/\/tegos-group.com\/wp-content\/uploads\/2023\/04\/phone.svg 550w\" class=\"timeline-horizontal__icon\" alt=\"\"  width=\"1\"  height=\"1\">                  <div class=\"timeline-horizontal__dash\"><\/div>\n                <\/div>\n              \n              <div class=\"timeline-horizontal__content\">\n                                  <h3 class=\"timeline-horizontal__title h4\">\n                    Contact &amp; Toepassing                  <\/h3>\n                \n                                  <p class=\"timeline-horizontal__desc\">\n                    Ben je ge\u00efnteresseerd in de tegosgroup als werkgever of in een specifieke functie? Neem dan contact met ons op of solliciteer direct!                  <\/p>\n                              <\/div>\n            <\/div>\n            \n          \n            <div class=\"timeline-horizontal__step\">\n                              <div class=\"timeline-horizontal__icon-container\">\n                  <img loading=\"lazy\" data-src=\"https:\/\/tegos-group.com\/wp-content\/uploads\/2023\/04\/clipboard-list.svg\" data-srcset=\"https:\/\/tegos-group.com\/wp-content\/uploads\/2023\/04\/clipboard-list.svg 1920w, https:\/\/tegos-group.com\/wp-content\/uploads\/2023\/04\/clipboard-list.svg 1600w, https:\/\/tegos-group.com\/wp-content\/uploads\/2023\/04\/clipboard-list.svg 1366w, https:\/\/tegos-group.com\/wp-content\/uploads\/2023\/04\/clipboard-list.svg 1024w, https:\/\/tegos-group.com\/wp-content\/uploads\/2023\/04\/clipboard-list.svg 768w, https:\/\/tegos-group.com\/wp-content\/uploads\/2023\/04\/clipboard-list.svg 550w\" class=\"timeline-horizontal__icon\" alt=\"\"  width=\"1\"  height=\"1\">                  <div class=\"timeline-horizontal__dash\"><\/div>\n                <\/div>\n              \n              <div class=\"timeline-horizontal__content\">\n                                  <h3 class=\"timeline-horizontal__title h4\">\n                    Test                  <\/h3>\n                \n                                  <p class=\"timeline-horizontal__desc\">\n                    Test Test Test                  <\/p>\n                              <\/div>\n            <\/div>\n            \n          \n            <div class=\"timeline-horizontal__step\">\n                              <div class=\"timeline-horizontal__icon-container\">\n                  <img loading=\"lazy\" data-src=\"https:\/\/tegos-group.com\/wp-content\/uploads\/2023\/04\/heart-handshake.svg\" data-srcset=\"https:\/\/tegos-group.com\/wp-content\/uploads\/2023\/04\/heart-handshake.svg 1920w, https:\/\/tegos-group.com\/wp-content\/uploads\/2023\/04\/heart-handshake.svg 1600w, https:\/\/tegos-group.com\/wp-content\/uploads\/2023\/04\/heart-handshake.svg 1366w, https:\/\/tegos-group.com\/wp-content\/uploads\/2023\/04\/heart-handshake.svg 1024w, https:\/\/tegos-group.com\/wp-content\/uploads\/2023\/04\/heart-handshake.svg 768w, https:\/\/tegos-group.com\/wp-content\/uploads\/2023\/04\/heart-handshake.svg 550w\" class=\"timeline-horizontal__icon\" alt=\"\"  width=\"1\"  height=\"1\">                  <div class=\"timeline-horizontal__dash\"><\/div>\n                <\/div>\n              \n              <div class=\"timeline-horizontal__content\">\n                                  <h3 class=\"timeline-horizontal__title h4\">\n                    Inwerken en vertrouwd raken                  <\/h3>\n                \n                                  <p class=\"timeline-horizontal__desc\">\n                    Je inwerkperiode begint met een basisintroductie in &#8230;&#8230;&#8230; Dit wordt gevolgd door je functie- (of taak-) specifieke training                  <\/p>\n                              <\/div>\n            <\/div>\n            \n                  <\/div>\n\n      <\/div>\n    <\/section>\n\n  \n\n\n\n  \n    <section class=\"section timeline-horizontal bg bg--dark-blue bg-gradient--dark-blue\">\n      <div class=\"container container--wide\">\n\n                  <h2 class=\"timeline-horizontal__heading text--center\">Jouw weg naar ons<\/h2>\n        \n        <div class=\"timeline-horizontal__steps\">\n          \n            <div class=\"timeline-horizontal__step\">\n                              <div class=\"timeline-horizontal__icon-container\">\n                  <img loading=\"lazy\" data-src=\"https:\/\/tegos-group.com\/wp-content\/uploads\/2023\/04\/phone.svg\" data-srcset=\"https:\/\/tegos-group.com\/wp-content\/uploads\/2023\/04\/phone.svg 1920w, https:\/\/tegos-group.com\/wp-content\/uploads\/2023\/04\/phone.svg 1600w, https:\/\/tegos-group.com\/wp-content\/uploads\/2023\/04\/phone.svg 1366w, https:\/\/tegos-group.com\/wp-content\/uploads\/2023\/04\/phone.svg 1024w, https:\/\/tegos-group.com\/wp-content\/uploads\/2023\/04\/phone.svg 768w, https:\/\/tegos-group.com\/wp-content\/uploads\/2023\/04\/phone.svg 550w\" class=\"timeline-horizontal__icon\" alt=\"\"  width=\"1\"  height=\"1\">                  <div class=\"timeline-horizontal__dash\"><\/div>\n                <\/div>\n              \n              <div class=\"timeline-horizontal__content\">\n                                  <h3 class=\"timeline-horizontal__title h4\">\n                    Contact &amp; Toepassing                  <\/h3>\n                \n                                  <p class=\"timeline-horizontal__desc\">\n                    Ben je ge\u00efnteresseerd in de tegosgroup als werkgever of in een specifieke functie? Neem dan contact met ons op of solliciteer direct!                  <\/p>\n                              <\/div>\n            <\/div>\n            \n          \n            <div class=\"timeline-horizontal__step\">\n                              <div class=\"timeline-horizontal__icon-container\">\n                  <img loading=\"lazy\" data-src=\"https:\/\/tegos-group.com\/wp-content\/uploads\/2023\/04\/clipboard-list.svg\" data-srcset=\"https:\/\/tegos-group.com\/wp-content\/uploads\/2023\/04\/clipboard-list.svg 1920w, https:\/\/tegos-group.com\/wp-content\/uploads\/2023\/04\/clipboard-list.svg 1600w, https:\/\/tegos-group.com\/wp-content\/uploads\/2023\/04\/clipboard-list.svg 1366w, https:\/\/tegos-group.com\/wp-content\/uploads\/2023\/04\/clipboard-list.svg 1024w, https:\/\/tegos-group.com\/wp-content\/uploads\/2023\/04\/clipboard-list.svg 768w, https:\/\/tegos-group.com\/wp-content\/uploads\/2023\/04\/clipboard-list.svg 550w\" class=\"timeline-horizontal__icon\" alt=\"\"  width=\"1\"  height=\"1\">                  <div class=\"timeline-horizontal__dash\"><\/div>\n                <\/div>\n              \n              <div class=\"timeline-horizontal__content\">\n                                  <h3 class=\"timeline-horizontal__title h4\">\n                    tegos Feedback                  <\/h3>\n                \n                                  <p class=\"timeline-horizontal__desc\">\n                    Zodra we je sollicitatie hebben ontvangen, nemen we zo snel mogelijk contact met je op.  We hechten veel belang aan korte kanalen en een snel proces.                  <\/p>\n                              <\/div>\n            <\/div>\n            \n          \n            <div class=\"timeline-horizontal__step\">\n                              <div class=\"timeline-horizontal__icon-container\">\n                  <img loading=\"lazy\" data-src=\"https:\/\/tegos-group.com\/wp-content\/uploads\/2023\/04\/heart-handshake.svg\" data-srcset=\"https:\/\/tegos-group.com\/wp-content\/uploads\/2023\/04\/heart-handshake.svg 1920w, https:\/\/tegos-group.com\/wp-content\/uploads\/2023\/04\/heart-handshake.svg 1600w, https:\/\/tegos-group.com\/wp-content\/uploads\/2023\/04\/heart-handshake.svg 1366w, https:\/\/tegos-group.com\/wp-content\/uploads\/2023\/04\/heart-handshake.svg 1024w, https:\/\/tegos-group.com\/wp-content\/uploads\/2023\/04\/heart-handshake.svg 768w, https:\/\/tegos-group.com\/wp-content\/uploads\/2023\/04\/heart-handshake.svg 550w\" class=\"timeline-horizontal__icon\" alt=\"\"  width=\"1\"  height=\"1\">                  <div class=\"timeline-horizontal__dash\"><\/div>\n                <\/div>\n              \n              <div class=\"timeline-horizontal__content\">\n                                  <h3 class=\"timeline-horizontal__title h4\">\n                    Inwerken en vertrouwd raken                  <\/h3>\n                \n                                  <p class=\"timeline-horizontal__desc\">\n                    Je inwerkperiode begint met een basisintroductie in &#8230;&#8230;&#8230; Dit wordt gevolgd door je functie- (of taak-) specifieke training                  <\/p>\n                              <\/div>\n            <\/div>\n            \n                  <\/div>\n\n      <\/div>\n    <\/section>\n\n  \n\n\n\n  \n    <section class=\"section timeline-horizontal bg bg--dark-blue bg-gradient--dark-blue\">\n      <div class=\"container container--wide\">\n\n                  <h2 class=\"timeline-horizontal__heading text--center\">Jouw weg naar ons<\/h2>\n        \n        <div class=\"timeline-horizontal__steps\">\n          \n            <div class=\"timeline-horizontal__step\">\n                              <div class=\"timeline-horizontal__icon-container\">\n                  <img loading=\"lazy\" data-src=\"https:\/\/tegos-group.com\/wp-content\/uploads\/2023\/04\/phone.svg\" data-srcset=\"https:\/\/tegos-group.com\/wp-content\/uploads\/2023\/04\/phone.svg 1920w, https:\/\/tegos-group.com\/wp-content\/uploads\/2023\/04\/phone.svg 1600w, https:\/\/tegos-group.com\/wp-content\/uploads\/2023\/04\/phone.svg 1366w, https:\/\/tegos-group.com\/wp-content\/uploads\/2023\/04\/phone.svg 1024w, https:\/\/tegos-group.com\/wp-content\/uploads\/2023\/04\/phone.svg 768w, https:\/\/tegos-group.com\/wp-content\/uploads\/2023\/04\/phone.svg 550w\" class=\"timeline-horizontal__icon\" alt=\"\"  width=\"1\"  height=\"1\">                  <div class=\"timeline-horizontal__dash\"><\/div>\n                <\/div>\n              \n              <div class=\"timeline-horizontal__content\">\n                                  <h3 class=\"timeline-horizontal__title h4\">\n                    Contact &amp; Toepassing                  <\/h3>\n                \n                                  <p class=\"timeline-horizontal__desc\">\n                    Heb je interesse in tegosgroup als werkgever of heb je een passende functie gevonden? Zoek in onze actuele vacatures of neem direct contact met ons op. Solliciteer eenvoudig en gemakkelijk op de door jou gewenste functie.                  <\/p>\n                              <\/div>\n            <\/div>\n            \n          \n            <div class=\"timeline-horizontal__step\">\n                              <div class=\"timeline-horizontal__icon-container\">\n                  <img loading=\"lazy\" data-src=\"https:\/\/tegos-group.com\/wp-content\/uploads\/2023\/04\/clipboard-list.svg\" data-srcset=\"https:\/\/tegos-group.com\/wp-content\/uploads\/2023\/04\/clipboard-list.svg 1920w, https:\/\/tegos-group.com\/wp-content\/uploads\/2023\/04\/clipboard-list.svg 1600w, https:\/\/tegos-group.com\/wp-content\/uploads\/2023\/04\/clipboard-list.svg 1366w, https:\/\/tegos-group.com\/wp-content\/uploads\/2023\/04\/clipboard-list.svg 1024w, https:\/\/tegos-group.com\/wp-content\/uploads\/2023\/04\/clipboard-list.svg 768w, https:\/\/tegos-group.com\/wp-content\/uploads\/2023\/04\/clipboard-list.svg 550w\" class=\"timeline-horizontal__icon\" alt=\"\"  width=\"1\"  height=\"1\">                  <div class=\"timeline-horizontal__dash\"><\/div>\n                <\/div>\n              \n              <div class=\"timeline-horizontal__content\">\n                                  <h3 class=\"timeline-horizontal__title h4\">\n                    tegos Feedback                  <\/h3>\n                \n                                  <p class=\"timeline-horizontal__desc\">\n                    Nadat we je sollicitatie hebben ontvangen, nemen we zo snel mogelijk contact met je op. We hechten er veel belang aan dat de sollicitatieprocedure ongecompliceerd en snel verloopt, zodat we elkaar zo snel mogelijk kunnen spreken.                  <\/p>\n                              <\/div>\n            <\/div>\n            \n          \n            <div class=\"timeline-horizontal__step\">\n                              <div class=\"timeline-horizontal__icon-container\">\n                  <img loading=\"lazy\" data-src=\"https:\/\/tegos-group.com\/wp-content\/uploads\/2023\/04\/laptop-2.svg\" data-srcset=\"https:\/\/tegos-group.com\/wp-content\/uploads\/2023\/04\/laptop-2.svg 1920w, https:\/\/tegos-group.com\/wp-content\/uploads\/2023\/04\/laptop-2.svg 1600w, https:\/\/tegos-group.com\/wp-content\/uploads\/2023\/04\/laptop-2.svg 1366w, https:\/\/tegos-group.com\/wp-content\/uploads\/2023\/04\/laptop-2.svg 1024w, https:\/\/tegos-group.com\/wp-content\/uploads\/2023\/04\/laptop-2.svg 768w, https:\/\/tegos-group.com\/wp-content\/uploads\/2023\/04\/laptop-2.svg 550w\" class=\"timeline-horizontal__icon\" alt=\"\"  width=\"1\"  height=\"1\">                  <div class=\"timeline-horizontal__dash\"><\/div>\n                <\/div>\n              \n              <div class=\"timeline-horizontal__content\">\n                                  <h3 class=\"timeline-horizontal__title h4\">\n                    Interview                  <\/h3>\n                \n                                  <p class=\"timeline-horizontal__desc\">\n                    We maken er een punt van om je tijdens het sollicitatiegesprek persoonlijk en op ooghoogte te leren kennen. Ons doel is om de persoon achter de sollicitatie te begrijpen en de perfecte match voor beide partijen te vinden. Samen willen we succesvol zijn en onze doelen bereiken.                  <\/p>\n                              <\/div>\n            <\/div>\n            \n          \n            <div class=\"timeline-horizontal__step\">\n                              <div class=\"timeline-horizontal__icon-container\">\n                  <img loading=\"lazy\" data-src=\"https:\/\/tegos-group.com\/wp-content\/uploads\/2023\/04\/heart-handshake.svg\" data-srcset=\"https:\/\/tegos-group.com\/wp-content\/uploads\/2023\/04\/heart-handshake.svg 1920w, https:\/\/tegos-group.com\/wp-content\/uploads\/2023\/04\/heart-handshake.svg 1600w, https:\/\/tegos-group.com\/wp-content\/uploads\/2023\/04\/heart-handshake.svg 1366w, https:\/\/tegos-group.com\/wp-content\/uploads\/2023\/04\/heart-handshake.svg 1024w, https:\/\/tegos-group.com\/wp-content\/uploads\/2023\/04\/heart-handshake.svg 768w, https:\/\/tegos-group.com\/wp-content\/uploads\/2023\/04\/heart-handshake.svg 550w\" class=\"timeline-horizontal__icon\" alt=\"\"  width=\"1\"  height=\"1\">                  <div class=\"timeline-horizontal__dash\"><\/div>\n                <\/div>\n              \n              <div class=\"timeline-horizontal__content\">\n                                  <h3 class=\"timeline-horizontal__title h4\">\n                    Onboarding                  <\/h3>\n                \n                                  <p class=\"timeline-horizontal__desc\">\n                    Zodra we elkaar gevonden hebben, begint je inwerkproces. We presenteren je niet alleen onze visie, missie en waarden, maar leven ze ook actief na. Na de algemene introductie vindt je specifieke introductie plaats, zodat je optimaal wordt ge\u00efntegreerd in je nieuwe werkomgeving.                  <\/p>\n                              <\/div>\n            <\/div>\n            \n                  <\/div>\n\n      <\/div>\n    <\/section>\n\n  \n","protected":false},"excerpt":{"rendered":"","protected":false},"author":12,"featured_media":0,"parent":0,"menu_order":0,"comment_status":"closed","ping_status":"closed","template":"","meta":{"_acf_changed":false,"footnotes":""},"class_list":["post-5602","page","type-page","status-publish","hentry"],"acf":[],"yoast_head":"<!-- This site is optimized with the Yoast SEO plugin v27.4 - https:\/\/yoast.com\/product\/yoast-seo-wordpress\/ -->\n<title>Carri\u00e8re - tegosgroup: Experten f\u00fcr Abfallwirtschaft, Entsorgung &amp; Recycling Software<\/title>\n<meta name=\"robots\" content=\"index, follow, max-snippet:-1, max-image-preview:large, max-video-preview:-1\" \/>\n<link rel=\"canonical\" href=\"https:\/\/tegos-group.com\/nl\/carriere\/\" \/>\n<meta property=\"og:locale\" content=\"nl_NL\" \/>\n<meta property=\"og:type\" content=\"article\" \/>\n<meta property=\"og:title\" content=\"Carri\u00e8re - tegosgroup: Experten f\u00fcr Abfallwirtschaft, Entsorgung &amp; Recycling Software\" \/>\n<meta property=\"og:url\" content=\"https:\/\/tegos-group.com\/nl\/carriere\/\" \/>\n<meta property=\"og:site_name\" content=\"tegosgroup: Experten f\u00fcr Abfallwirtschaft, Entsorgung &amp; Recycling Software\" \/>\n<meta property=\"article:modified_time\" content=\"2023-06-06T06:41:20+00:00\" \/>\n<meta name=\"twitter:card\" content=\"summary_large_image\" \/>\n<script type=\"application\/ld+json\" class=\"yoast-schema-graph\">{\"@context\":\"https:\\\/\\\/schema.org\",\"@graph\":[{\"@type\":\"WebPage\",\"@id\":\"https:\\\/\\\/tegos-group.com\\\/nl\\\/carriere\\\/\",\"url\":\"https:\\\/\\\/tegos-group.com\\\/nl\\\/carriere\\\/\",\"name\":\"Carri\u00e8re - tegosgroup: Experten f\u00fcr Abfallwirtschaft, Entsorgung &amp; Recycling Software\",\"isPartOf\":{\"@id\":\"https:\\\/\\\/tegos-group.com\\\/nl\\\/#website\"},\"datePublished\":\"2023-05-03T13:12:38+00:00\",\"dateModified\":\"2023-06-06T06:41:20+00:00\",\"breadcrumb\":{\"@id\":\"https:\\\/\\\/tegos-group.com\\\/nl\\\/carriere\\\/#breadcrumb\"},\"inLanguage\":\"nl-NL\",\"potentialAction\":[{\"@type\":\"ReadAction\",\"target\":[\"https:\\\/\\\/tegos-group.com\\\/nl\\\/carriere\\\/\"]}]},{\"@type\":\"BreadcrumbList\",\"@id\":\"https:\\\/\\\/tegos-group.com\\\/nl\\\/carriere\\\/#breadcrumb\",\"itemListElement\":[{\"@type\":\"ListItem\",\"position\":1,\"name\":\"Home\",\"item\":\"https:\\\/\\\/tegos-group.com\\\/nl\\\/\"},{\"@type\":\"ListItem\",\"position\":2,\"name\":\"Carri\u00e8re\"}]},{\"@type\":\"WebSite\",\"@id\":\"https:\\\/\\\/tegos-group.com\\\/nl\\\/#website\",\"url\":\"https:\\\/\\\/tegos-group.com\\\/nl\\\/\",\"name\":\"tegosgroup: Experten f\u00fcr Abfallwirtschaft, Entsorgung &amp; Recycling Software\",\"description\":\"Ma\u00dfgeschneiderte L\u00f6sungen f\u00fcr Abfallmanagement, EANV &amp; Schrotthandel\",\"potentialAction\":[{\"@type\":\"SearchAction\",\"target\":{\"@type\":\"EntryPoint\",\"urlTemplate\":\"https:\\\/\\\/tegos-group.com\\\/nl\\\/?s={search_term_string}\"},\"query-input\":{\"@type\":\"PropertyValueSpecification\",\"valueRequired\":true,\"valueName\":\"search_term_string\"}}],\"inLanguage\":\"nl-NL\"}]}<\/script>\n<!-- \/ Yoast SEO plugin. -->","yoast_head_json":{"title":"Carri\u00e8re - tegosgroup: Experten f\u00fcr Abfallwirtschaft, Entsorgung &amp; Recycling Software","robots":{"index":"index","follow":"follow","max-snippet":"max-snippet:-1","max-image-preview":"max-image-preview:large","max-video-preview":"max-video-preview:-1"},"canonical":"https:\/\/tegos-group.com\/nl\/carriere\/","og_locale":"nl_NL","og_type":"article","og_title":"Carri\u00e8re - tegosgroup: Experten f\u00fcr Abfallwirtschaft, Entsorgung &amp; Recycling Software","og_url":"https:\/\/tegos-group.com\/nl\/carriere\/","og_site_name":"tegosgroup: Experten f\u00fcr Abfallwirtschaft, Entsorgung &amp; Recycling Software","article_modified_time":"2023-06-06T06:41:20+00:00","twitter_card":"summary_large_image","schema":{"@context":"https:\/\/schema.org","@graph":[{"@type":"WebPage","@id":"https:\/\/tegos-group.com\/nl\/carriere\/","url":"https:\/\/tegos-group.com\/nl\/carriere\/","name":"Carri\u00e8re - tegosgroup: Experten f\u00fcr Abfallwirtschaft, Entsorgung &amp; Recycling Software","isPartOf":{"@id":"https:\/\/tegos-group.com\/nl\/#website"},"datePublished":"2023-05-03T13:12:38+00:00","dateModified":"2023-06-06T06:41:20+00:00","breadcrumb":{"@id":"https:\/\/tegos-group.com\/nl\/carriere\/#breadcrumb"},"inLanguage":"nl-NL","potentialAction":[{"@type":"ReadAction","target":["https:\/\/tegos-group.com\/nl\/carriere\/"]}]},{"@type":"BreadcrumbList","@id":"https:\/\/tegos-group.com\/nl\/carriere\/#breadcrumb","itemListElement":[{"@type":"ListItem","position":1,"name":"Home","item":"https:\/\/tegos-group.com\/nl\/"},{"@type":"ListItem","position":2,"name":"Carri\u00e8re"}]},{"@type":"WebSite","@id":"https:\/\/tegos-group.com\/nl\/#website","url":"https:\/\/tegos-group.com\/nl\/","name":"tegosgroup: Experten f\u00fcr Abfallwirtschaft, Entsorgung &amp; Recycling Software","description":"Ma\u00dfgeschneiderte L\u00f6sungen f\u00fcr Abfallmanagement, EANV &amp; Schrotthandel","potentialAction":[{"@type":"SearchAction","target":{"@type":"EntryPoint","urlTemplate":"https:\/\/tegos-group.com\/nl\/?s={search_term_string}"},"query-input":{"@type":"PropertyValueSpecification","valueRequired":true,"valueName":"search_term_string"}}],"inLanguage":"nl-NL"}]}},"_links":{"self":[{"href":"https:\/\/tegos-group.com\/nl\/wp-json\/wp\/v2\/pages\/5602","targetHints":{"allow":["GET"]}}],"collection":[{"href":"https:\/\/tegos-group.com\/nl\/wp-json\/wp\/v2\/pages"}],"about":[{"href":"https:\/\/tegos-group.com\/nl\/wp-json\/wp\/v2\/types\/page"}],"author":[{"embeddable":true,"href":"https:\/\/tegos-group.com\/nl\/wp-json\/wp\/v2\/users\/12"}],"replies":[{"embeddable":true,"href":"https:\/\/tegos-group.com\/nl\/wp-json\/wp\/v2\/comments?post=5602"}],"version-history":[{"count":3,"href":"https:\/\/tegos-group.com\/nl\/wp-json\/wp\/v2\/pages\/5602\/revisions"}],"predecessor-version":[{"id":5770,"href":"https:\/\/tegos-group.com\/nl\/wp-json\/wp\/v2\/pages\/5602\/revisions\/5770"}],"wp:attachment":[{"href":"https:\/\/tegos-group.com\/nl\/wp-json\/wp\/v2\/media?parent=5602"}],"curies":[{"name":"wp","href":"https:\/\/api.w.org\/{rel}","templated":true}]}}