{"id":5617,"date":"2023-05-03T15:16:52","date_gmt":"2023-05-03T13:16:52","guid":{"rendered":"https:\/\/www.tegos-group.com\/?page_id=5617"},"modified":"2025-07-30T15:04:44","modified_gmt":"2025-07-30T13:04:44","slug":"wie-we-zoeken","status":"publish","type":"page","link":"https:\/\/tegos-group.com\/nl\/wie-we-zoeken\/","title":{"rendered":"Wie we zoeken"},"content":{"rendered":"\n  <section class=\"section section--no-padding bg hero\">\n      \n    <div class=\"swiper-container slider\">\n      <div class=\"swiper-wrapper\">\n\n                  \n            <div class=\"swiper-slide slider__slide hero__slide bg bg--turquoise bg--gradient\">\n              <div class=\"container\">\n\n                <div class=\"hero__slide-content\">\n                  \n                                      <h2 class=\"h1 hero__title text--display\">Klaar voor nieuwe uitdagingen?<\/h2>\n                  \n                                      <p class=\"hero__description\">Geef samen met ons vorm aan een duurzame toekomst<\/p>\n                  \n                  \n                    <a class=\"button\" href=\"\/nl\/stellenangebote\/\" target=\"_self\">\n                      Alle vacatures                    <\/a>\n                                  <\/div>\n\n                \n\n<div class=\"jar jar--1 \">\n  <div class=\"jar__pickle \">\n      <\/div>\n\n  <div class=\"jar__pickle\"><\/div>\n  <div class=\"jar__pickle\"><\/div>\n  <div class=\"jar__pickle\"><\/div>\n<\/div>\n              <\/div><!-- slide-content -->\n            <\/div>\n                  \n      <\/div><!-- swiper-wrapper -->\n      \n                        <\/div><!-- swiper-container -->\n    \n  <\/section>\n\n\n\n\n<section class=\"section hero-text \">\n  <div class=\"container\">\n\n          <h2>Wat telt bij tegos<\/h2>\n    \n          <p>Bij tegosgroup gaat het om je motivatie, je verlangen naar persoonlijke verantwoordelijkheid en een sterke teamgeest. We kunnen je de nodige expertise bijbrengen, of je nu student, professional of beginner bent.<\/p>\n    \n  <\/div>\n<\/section>\n\n\n\n<section class=\"section tiles-grid tiles-grid--custom tiles-grid--distorted tiles-grid--two-cols\">\n  <div class=\"container\">\n      \n          <div class=\"tiles-grid__tiles\">\n    \n      \n  <div class=\"tiles-grid__tile bg bg--sand tiles-grid__tile--color-preset \">\n\n  <div class=\"tiles-grid__tile__container\">\n    <div class=\"tiles-grid__tile__image\">\n              <img loading=\"lazy\" data-src=\"https:\/\/tegos-group.com\/wp-content\/uploads\/2025\/07\/DSC06138-684x1024.jpg\" data-srcset=\"https:\/\/tegos-group.com\/wp-content\/uploads\/2025\/07\/DSC06138.jpg 1920w, https:\/\/tegos-group.com\/wp-content\/uploads\/2025\/07\/DSC06138-1600x2395.jpg 1600w, https:\/\/tegos-group.com\/wp-content\/uploads\/2025\/07\/DSC06138-1366x2045.jpg 1366w, https:\/\/tegos-group.com\/wp-content\/uploads\/2025\/07\/DSC06138-1024x1533.jpg 1024w, https:\/\/tegos-group.com\/wp-content\/uploads\/2025\/07\/DSC06138-768x1150.jpg 768w, https:\/\/tegos-group.com\/wp-content\/uploads\/2025\/07\/DSC06138-550x823.jpg 550w\" class=\"\" alt=\"\"  width=\"684\"  height=\"1024\">          <\/div>\n\n    <div class=\"tiles-grid__tile__content  \">\n              <h3 class=\"tiles-grid__tile__title h3\">\n          Leerlingen        <\/h3>\n            \n      \n              <div class=\"tiles-grid__tile__description\">\n          Een veelbelovende stage of een uitdagende duale studie in de digitale toekomstsector wacht op studenten bij tegos. Ongeacht schoolcijfers en diploma&#8217;s.        <\/div>\n      \n              <div class=\"tiles-grid__tile__button\">\n          <a href=\"\/nl\/stellenangebote\/\" target=\"\" class=\"button\">\n            Vacatures          <\/a>\n        <\/div>\n      \n    <\/div><!-- content -->\n  <\/div><!-- masonry-item -->\n\n  <\/div>\n\n  <div class=\"tiles-grid__tile bg bg--sand tiles-grid__tile--color-preset \">\n\n  <div class=\"tiles-grid__tile__container\">\n    <div class=\"tiles-grid__tile__image\">\n              <img loading=\"lazy\" data-src=\"https:\/\/tegos-group.com\/wp-content\/uploads\/2023\/05\/DSC8435-1-1024x683.jpg\" data-srcset=\"https:\/\/tegos-group.com\/wp-content\/uploads\/2023\/05\/DSC8435-1-1619x1080.jpg 1920w, https:\/\/tegos-group.com\/wp-content\/uploads\/2023\/05\/DSC8435-1-1349x900.jpg 1600w, https:\/\/tegos-group.com\/wp-content\/uploads\/2023\/05\/DSC8435-1-1151x768.jpg 1366w, https:\/\/tegos-group.com\/wp-content\/uploads\/2023\/05\/DSC8435-1-864x576.jpg 1024w, https:\/\/tegos-group.com\/wp-content\/uploads\/2023\/05\/DSC8435-1-648x432.jpg 768w, https:\/\/tegos-group.com\/wp-content\/uploads\/2023\/05\/DSC8435-1-463x309.jpg 550w\" class=\"\" alt=\"\"  width=\"1024\"  height=\"683\">          <\/div>\n\n    <div class=\"tiles-grid__tile__content  \">\n              <h3 class=\"tiles-grid__tile__title h3\">\n          Studenten        <\/h3>\n            \n      \n              <div class=\"tiles-grid__tile__description\">\n          We bieden studenten de mogelijkheid om stages, scripties en werkstudentenjobs te volgen in het bedrijfsleven en de technologie en om professionele ervaring op te doen.        <\/div>\n      \n              <div class=\"tiles-grid__tile__button\">\n          <a href=\"\/nl\/stellenangebote\/\" target=\"\" class=\"button\">\n            Vacatures          <\/a>\n        <\/div>\n      \n    <\/div><!-- content -->\n  <\/div><!-- masonry-item -->\n\n  <\/div>\n\n  <div class=\"tiles-grid__tile bg bg--sand tiles-grid__tile--color-preset \">\n\n  <div class=\"tiles-grid__tile__container\">\n    <div class=\"tiles-grid__tile__image\">\n              <img loading=\"lazy\" data-src=\"https:\/\/tegos-group.com\/wp-content\/uploads\/2023\/05\/DSC8407-1-1024x683.jpg\" data-srcset=\"https:\/\/tegos-group.com\/wp-content\/uploads\/2023\/05\/DSC8407-1-1619x1080.jpg 1920w, https:\/\/tegos-group.com\/wp-content\/uploads\/2023\/05\/DSC8407-1-1349x900.jpg 1600w, https:\/\/tegos-group.com\/wp-content\/uploads\/2023\/05\/DSC8407-1-1151x768.jpg 1366w, https:\/\/tegos-group.com\/wp-content\/uploads\/2023\/05\/DSC8407-1-864x576.jpg 1024w, https:\/\/tegos-group.com\/wp-content\/uploads\/2023\/05\/DSC8407-1-648x432.jpg 768w, https:\/\/tegos-group.com\/wp-content\/uploads\/2023\/05\/DSC8407-1-463x309.jpg 550w\" class=\"\" alt=\"\"  width=\"1024\"  height=\"683\">          <\/div>\n\n    <div class=\"tiles-grid__tile__content  \">\n              <h3 class=\"tiles-grid__tile__title h3\">\n          Professionals        <\/h3>\n            \n      \n              <div class=\"tiles-grid__tile__description\">\n          Bij tegosgroup krijgen getalenteerde en ambitieuze professionals de kans om een hele bedrijfstak te veranderen en hun volledige potentieel te realiseren met een eersteklas team.        <\/div>\n      \n              <div class=\"tiles-grid__tile__button\">\n          <a href=\"\/nl\/stellenangebote\/\" target=\"\" class=\"button\">\n            Vacatures          <\/a>\n        <\/div>\n      \n    <\/div><!-- content -->\n  <\/div><!-- masonry-item -->\n\n  <\/div>\n\n  <div class=\"tiles-grid__tile bg bg--sand tiles-grid__tile--color-preset \">\n\n  <div class=\"tiles-grid__tile__container\">\n    <div class=\"tiles-grid__tile__image\">\n              <img loading=\"lazy\" data-src=\"https:\/\/tegos-group.com\/wp-content\/uploads\/2023\/05\/DSC8310-1-1024x683.jpg\" data-srcset=\"https:\/\/tegos-group.com\/wp-content\/uploads\/2023\/05\/DSC8310-1-1619x1080.jpg 1920w, https:\/\/tegos-group.com\/wp-content\/uploads\/2023\/05\/DSC8310-1-1349x900.jpg 1600w, https:\/\/tegos-group.com\/wp-content\/uploads\/2023\/05\/DSC8310-1-1151x768.jpg 1366w, https:\/\/tegos-group.com\/wp-content\/uploads\/2023\/05\/DSC8310-1-864x576.jpg 1024w, https:\/\/tegos-group.com\/wp-content\/uploads\/2023\/05\/DSC8310-1-648x432.jpg 768w, https:\/\/tegos-group.com\/wp-content\/uploads\/2023\/05\/DSC8310-1-463x309.jpg 550w\" class=\"\" alt=\"\"  width=\"1024\"  height=\"683\">          <\/div>\n\n    <div class=\"tiles-grid__tile__content  \">\n              <h3 class=\"tiles-grid__tile__title h3\">\n          (Dwars) beginner        <\/h3>\n            \n      \n              <div class=\"tiles-grid__tile__description\">\n          Met de juiste affiniteit en voorkennis van de IT-wereld maken we een ongecompliceerde entree in de industrie van de toekomst mogelijk met ons interne trainingsprogramma van 18 maanden.        <\/div>\n      \n              <div class=\"tiles-grid__tile__button\">\n          <a href=\"\/nl\/stellenangebote\/\" target=\"\" class=\"button\">\n            Vacatures          <\/a>\n        <\/div>\n      \n    <\/div><!-- content -->\n  <\/div><!-- masonry-item -->\n\n  <\/div>\n\n          <\/div><!-- tiles-grid__tiles -->\n    \n  <\/div><!-- container -->\n<\/section>\n\n\n\n\n\n  <section class=\"section cta  \">\n    <div class=\"container\">\n\n      <div class=\"cta__wrapper launimation slideBottom\">\n\n        \n        <div class=\"cta__content bg bg--sand \">\n                      <h2 class=\"cta__title text--display\">Maak deel uit van tegos<\/h2>\n          \n                      <p class=\"cta__description\">We zijn op zoek naar ambitieuze talenten die gepassioneerd zijn door onze missie en een verschil willen maken &#8211; niet alleen voor onze klanten, maar ook voor onze omgeving.<\/p>\n          \n                      <a href=\"\/nl\/stellenangebote\/\"  class=\"cta__button button button--arrow\" >\n              Nu solliciteren            <\/a>\n          \n                      <div class=\"cta__pickles\">\n              \n\n<div class=\"jar jar--1 \">\n  <div class=\"jar__pickle \">\n      <\/div>\n\n  <div class=\"jar__pickle\"><\/div>\n  <div class=\"jar__pickle\"><\/div>\n  <div class=\"jar__pickle\"><\/div>\n<\/div>            <\/div>\n                  <\/div>\n\n      <\/div>\n\n    <\/div>\n  <\/section>\n\n","protected":false},"excerpt":{"rendered":"","protected":false},"author":12,"featured_media":0,"parent":0,"menu_order":0,"comment_status":"closed","ping_status":"closed","template":"","meta":{"_acf_changed":false,"footnotes":""},"class_list":["post-5617","page","type-page","status-publish","hentry"],"acf":[],"yoast_head":"<!-- This site is optimized with the Yoast SEO plugin v27.5 - https:\/\/yoast.com\/product\/yoast-seo-wordpress\/ -->\n<title>Wie we zoeken - tegosgroup: Experten f\u00fcr Abfallwirtschaft, Entsorgung &amp; Recycling Software<\/title>\n<meta name=\"robots\" content=\"index, follow, max-snippet:-1, max-image-preview:large, max-video-preview:-1\" \/>\n<link rel=\"canonical\" href=\"https:\/\/tegos-group.com\/nl\/wie-we-zoeken\/\" \/>\n<meta property=\"og:locale\" content=\"nl_NL\" \/>\n<meta property=\"og:type\" content=\"article\" \/>\n<meta property=\"og:title\" content=\"Wie we zoeken - tegosgroup: Experten f\u00fcr Abfallwirtschaft, Entsorgung &amp; Recycling Software\" \/>\n<meta property=\"og:url\" content=\"https:\/\/tegos-group.com\/nl\/wie-we-zoeken\/\" \/>\n<meta property=\"og:site_name\" content=\"tegosgroup: Experten f\u00fcr Abfallwirtschaft, Entsorgung &amp; Recycling Software\" \/>\n<meta property=\"article:modified_time\" content=\"2025-07-30T13:04:44+00:00\" \/>\n<meta name=\"twitter:card\" content=\"summary_large_image\" \/>\n<script type=\"application\/ld+json\" class=\"yoast-schema-graph\">{\"@context\":\"https:\\\/\\\/schema.org\",\"@graph\":[{\"@type\":\"WebPage\",\"@id\":\"https:\\\/\\\/tegos-group.com\\\/nl\\\/wie-we-zoeken\\\/\",\"url\":\"https:\\\/\\\/tegos-group.com\\\/nl\\\/wie-we-zoeken\\\/\",\"name\":\"Wie we zoeken - tegosgroup: Experten f\u00fcr Abfallwirtschaft, Entsorgung &amp; Recycling Software\",\"isPartOf\":{\"@id\":\"https:\\\/\\\/tegos-group.com\\\/nl\\\/#website\"},\"datePublished\":\"2023-05-03T13:16:52+00:00\",\"dateModified\":\"2025-07-30T13:04:44+00:00\",\"breadcrumb\":{\"@id\":\"https:\\\/\\\/tegos-group.com\\\/nl\\\/wie-we-zoeken\\\/#breadcrumb\"},\"inLanguage\":\"nl-NL\",\"potentialAction\":[{\"@type\":\"ReadAction\",\"target\":[\"https:\\\/\\\/tegos-group.com\\\/nl\\\/wie-we-zoeken\\\/\"]}]},{\"@type\":\"BreadcrumbList\",\"@id\":\"https:\\\/\\\/tegos-group.com\\\/nl\\\/wie-we-zoeken\\\/#breadcrumb\",\"itemListElement\":[{\"@type\":\"ListItem\",\"position\":1,\"name\":\"Home\",\"item\":\"https:\\\/\\\/tegos-group.com\\\/nl\\\/\"},{\"@type\":\"ListItem\",\"position\":2,\"name\":\"Wie we zoeken\"}]},{\"@type\":\"WebSite\",\"@id\":\"https:\\\/\\\/tegos-group.com\\\/nl\\\/#website\",\"url\":\"https:\\\/\\\/tegos-group.com\\\/nl\\\/\",\"name\":\"tegosgroup: Experten f\u00fcr Abfallwirtschaft, Entsorgung &amp; Recycling Software\",\"description\":\"Ma\u00dfgeschneiderte L\u00f6sungen f\u00fcr Abfallmanagement, EANV &amp; Schrotthandel\",\"potentialAction\":[{\"@type\":\"SearchAction\",\"target\":{\"@type\":\"EntryPoint\",\"urlTemplate\":\"https:\\\/\\\/tegos-group.com\\\/nl\\\/?s={search_term_string}\"},\"query-input\":{\"@type\":\"PropertyValueSpecification\",\"valueRequired\":true,\"valueName\":\"search_term_string\"}}],\"inLanguage\":\"nl-NL\"}]}<\/script>\n<!-- \/ Yoast SEO plugin. -->","yoast_head_json":{"title":"Wie we zoeken - tegosgroup: Experten f\u00fcr Abfallwirtschaft, Entsorgung &amp; Recycling Software","robots":{"index":"index","follow":"follow","max-snippet":"max-snippet:-1","max-image-preview":"max-image-preview:large","max-video-preview":"max-video-preview:-1"},"canonical":"https:\/\/tegos-group.com\/nl\/wie-we-zoeken\/","og_locale":"nl_NL","og_type":"article","og_title":"Wie we zoeken - tegosgroup: Experten f\u00fcr Abfallwirtschaft, Entsorgung &amp; Recycling Software","og_url":"https:\/\/tegos-group.com\/nl\/wie-we-zoeken\/","og_site_name":"tegosgroup: Experten f\u00fcr Abfallwirtschaft, Entsorgung &amp; Recycling Software","article_modified_time":"2025-07-30T13:04:44+00:00","twitter_card":"summary_large_image","schema":{"@context":"https:\/\/schema.org","@graph":[{"@type":"WebPage","@id":"https:\/\/tegos-group.com\/nl\/wie-we-zoeken\/","url":"https:\/\/tegos-group.com\/nl\/wie-we-zoeken\/","name":"Wie we zoeken - tegosgroup: Experten f\u00fcr Abfallwirtschaft, Entsorgung &amp; Recycling Software","isPartOf":{"@id":"https:\/\/tegos-group.com\/nl\/#website"},"datePublished":"2023-05-03T13:16:52+00:00","dateModified":"2025-07-30T13:04:44+00:00","breadcrumb":{"@id":"https:\/\/tegos-group.com\/nl\/wie-we-zoeken\/#breadcrumb"},"inLanguage":"nl-NL","potentialAction":[{"@type":"ReadAction","target":["https:\/\/tegos-group.com\/nl\/wie-we-zoeken\/"]}]},{"@type":"BreadcrumbList","@id":"https:\/\/tegos-group.com\/nl\/wie-we-zoeken\/#breadcrumb","itemListElement":[{"@type":"ListItem","position":1,"name":"Home","item":"https:\/\/tegos-group.com\/nl\/"},{"@type":"ListItem","position":2,"name":"Wie we zoeken"}]},{"@type":"WebSite","@id":"https:\/\/tegos-group.com\/nl\/#website","url":"https:\/\/tegos-group.com\/nl\/","name":"tegosgroup: Experten f\u00fcr Abfallwirtschaft, Entsorgung &amp; Recycling Software","description":"Ma\u00dfgeschneiderte L\u00f6sungen f\u00fcr Abfallmanagement, EANV &amp; Schrotthandel","potentialAction":[{"@type":"SearchAction","target":{"@type":"EntryPoint","urlTemplate":"https:\/\/tegos-group.com\/nl\/?s={search_term_string}"},"query-input":{"@type":"PropertyValueSpecification","valueRequired":true,"valueName":"search_term_string"}}],"inLanguage":"nl-NL"}]}},"_links":{"self":[{"href":"https:\/\/tegos-group.com\/nl\/wp-json\/wp\/v2\/pages\/5617","targetHints":{"allow":["GET"]}}],"collection":[{"href":"https:\/\/tegos-group.com\/nl\/wp-json\/wp\/v2\/pages"}],"about":[{"href":"https:\/\/tegos-group.com\/nl\/wp-json\/wp\/v2\/types\/page"}],"author":[{"embeddable":true,"href":"https:\/\/tegos-group.com\/nl\/wp-json\/wp\/v2\/users\/12"}],"replies":[{"embeddable":true,"href":"https:\/\/tegos-group.com\/nl\/wp-json\/wp\/v2\/comments?post=5617"}],"version-history":[{"count":13,"href":"https:\/\/tegos-group.com\/nl\/wp-json\/wp\/v2\/pages\/5617\/revisions"}],"predecessor-version":[{"id":14286,"href":"https:\/\/tegos-group.com\/nl\/wp-json\/wp\/v2\/pages\/5617\/revisions\/14286"}],"wp:attachment":[{"href":"https:\/\/tegos-group.com\/nl\/wp-json\/wp\/v2\/media?parent=5617"}],"curies":[{"name":"wp","href":"https:\/\/api.w.org\/{rel}","templated":true}]}}