{"id":5650,"date":"2023-04-27T15:29:33","date_gmt":"2023-04-27T13:29:33","guid":{"rendered":"https:\/\/www.tegos-group.com\/?page_id=5650"},"modified":"2023-06-13T14:30:44","modified_gmt":"2023-06-13T14:30:44","slug":"solutions","status":"publish","type":"page","link":"https:\/\/tegos-group.com\/nl\/solutions\/","title":{"rendered":"Oplossingen"},"content":{"rendered":"\n  <section class=\"section section--no-padding bg hero\">\n      \n    <div class=\"swiper-container slider\">\n      <div class=\"swiper-wrapper\">\n\n                  \n            <div class=\"swiper-slide slider__slide hero__slide bg bg--sand bg--gradient\">\n              <div class=\"container\">\n\n                <div class=\"hero__slide-content\">\n                                      <p class=\"hero__subheading subheading\">tegossuite<\/p>\n                  \n                                      <h2 class=\"h1 hero__title text--display\">De cloudplatformoplossing voor de circulaire economie<\/h2>\n                  \n                  \n                                  <\/div>\n\n                \n\n<div class=\"jar jar--1 \">\n  <div class=\"jar__pickle \">\n      <\/div>\n\n  <div class=\"jar__pickle\"><\/div>\n  <div class=\"jar__pickle\"><\/div>\n  <div class=\"jar__pickle\"><\/div>\n<\/div>\n              <\/div><!-- slide-content -->\n            <\/div>\n                  \n      <\/div><!-- swiper-wrapper -->\n      \n                        <\/div><!-- swiper-container -->\n    \n  <\/section>\n\n\n\n\n  <section class=\"section video    video--controls\">\n    <div class=\"container\">\n            \n      <div class=\"video__wrapper\">\n                  <video class=\"video__video lazy\" preload=\"none\" loop  controls muted poster=\"\">\n            <source id=\"mp4\" data-lazysrc=\"https:\/\/tegos-group.com\/wp-content\/uploads\/2023\/04\/Dein-Loft-Film-Tegos.mp4\" type=\"video\/mp4\">\n\n                      <\/video>\n\n        \n        <button class=\"video__play\">\n          <span>Abspielen<\/span>\n        <\/button>\n      <\/div>\n\n    <\/div>\n  <\/section>\n\n\n\n\n<p><\/p>\n\n\n\n<div style=\"height:100px\" aria-hidden=\"true\" class=\"wp-block-spacer\"><\/div>\n\n\n\n  \n    <section class=\"section accordion \">\n      <div class=\"container\">\n\n                  <h2 class=\"text--center\">Technische kenmerken van de tegossuite<\/h2>\n        \n        <div class=\"accordion__content launimation slideBottom\">\n          \n            <div class=\"accordion__item \">\n              <button class=\"accordion__question h4\">\n                De laatste update van je leven              <\/button>\n\n              <div class=\"accordion__answer-container\">\n                <div class=\"accordion__answer paragraph\">\n                  <p>Vergeet dure software-updates &#8211; met <strong>tegos<\/strong>suite werkt u altijd met een up-to-date oplossing. Nieuwe functies, wetswijzigingen of modules zoals een AvaL-interface &#8211; dit alles wordt actief en continu aangeboden vanuit de cloud, zonder updateproces.<\/p>\n\n                                  <\/div>\n              <\/div>\n            <\/div>\n\n          \n            <div class=\"accordion__item \">\n              <button class=\"accordion__question h4\">\n                Veilig              <\/button>\n\n              <div class=\"accordion__answer-container\">\n                <div class=\"accordion__answer paragraph\">\n                  <p><strong>tegos<\/strong>suite maakt gebruik van de nieuwste hoge beveiligingsstandaarden via Microsoft en zijn nationale en internationale datacenters. Methoden zoals kunstmatige intelligentie en machine learning zorgen voor snelle, slimme reacties op bedreigingsscenario&#8217;s. Dit maakt tegossuite superieur aan veel klassieke serveroplossingen.<\/p>\n\n                                  <\/div>\n              <\/div>\n            <\/div>\n\n          \n            <div class=\"accordion__item \">\n              <button class=\"accordion__question h4\">\n                Berekenbaar              <\/button>\n\n              <div class=\"accordion__answer-container\">\n                <div class=\"accordion__answer paragraph\">\n                  <p><br data-mce-bogus=\"1\"><\/p>\n\n                                  <\/div>\n              <\/div>\n            <\/div>\n\n                  <\/div>\n\n        \n      <\/div>\n    <\/section>\n\n  \n","protected":false},"excerpt":{"rendered":"","protected":false},"author":12,"featured_media":0,"parent":0,"menu_order":0,"comment_status":"closed","ping_status":"closed","template":"","meta":{"_acf_changed":false,"footnotes":""},"class_list":["post-5650","page","type-page","status-publish","hentry"],"acf":[],"yoast_head":"<!-- This site is optimized with the Yoast SEO plugin v27.3 - https:\/\/yoast.com\/product\/yoast-seo-wordpress\/ -->\n<title>Oplossingen - tegosgroup: Experten f\u00fcr Abfallwirtschaft, Entsorgung &amp; Recycling Software<\/title>\n<meta name=\"robots\" content=\"index, follow, max-snippet:-1, max-image-preview:large, max-video-preview:-1\" \/>\n<link rel=\"canonical\" href=\"https:\/\/tegos-group.com\/nl\/solutions\/\" \/>\n<meta property=\"og:locale\" content=\"nl_NL\" \/>\n<meta property=\"og:type\" content=\"article\" \/>\n<meta property=\"og:title\" content=\"Oplossingen - tegosgroup: Experten f\u00fcr Abfallwirtschaft, Entsorgung &amp; Recycling Software\" \/>\n<meta property=\"og:url\" content=\"https:\/\/tegos-group.com\/nl\/solutions\/\" \/>\n<meta property=\"og:site_name\" content=\"tegosgroup: Experten f\u00fcr Abfallwirtschaft, Entsorgung &amp; Recycling Software\" \/>\n<meta property=\"article:modified_time\" content=\"2023-06-13T14:30:44+00:00\" \/>\n<meta name=\"twitter:card\" content=\"summary_large_image\" \/>\n<script type=\"application\/ld+json\" class=\"yoast-schema-graph\">{\"@context\":\"https:\\\/\\\/schema.org\",\"@graph\":[{\"@type\":\"WebPage\",\"@id\":\"https:\\\/\\\/tegos-group.com\\\/nl\\\/solutions\\\/\",\"url\":\"https:\\\/\\\/tegos-group.com\\\/nl\\\/solutions\\\/\",\"name\":\"Oplossingen - tegosgroup: Experten f\u00fcr Abfallwirtschaft, Entsorgung &amp; Recycling Software\",\"isPartOf\":{\"@id\":\"https:\\\/\\\/tegos-group.com\\\/nl\\\/#website\"},\"datePublished\":\"2023-04-27T13:29:33+00:00\",\"dateModified\":\"2023-06-13T14:30:44+00:00\",\"breadcrumb\":{\"@id\":\"https:\\\/\\\/tegos-group.com\\\/nl\\\/solutions\\\/#breadcrumb\"},\"inLanguage\":\"nl-NL\",\"potentialAction\":[{\"@type\":\"ReadAction\",\"target\":[\"https:\\\/\\\/tegos-group.com\\\/nl\\\/solutions\\\/\"]}]},{\"@type\":\"BreadcrumbList\",\"@id\":\"https:\\\/\\\/tegos-group.com\\\/nl\\\/solutions\\\/#breadcrumb\",\"itemListElement\":[{\"@type\":\"ListItem\",\"position\":1,\"name\":\"Home\",\"item\":\"https:\\\/\\\/tegos-group.com\\\/nl\\\/\"},{\"@type\":\"ListItem\",\"position\":2,\"name\":\"Oplossingen\"}]},{\"@type\":\"WebSite\",\"@id\":\"https:\\\/\\\/tegos-group.com\\\/nl\\\/#website\",\"url\":\"https:\\\/\\\/tegos-group.com\\\/nl\\\/\",\"name\":\"tegosgroup: Experten f\u00fcr Abfallwirtschaft, Entsorgung &amp; Recycling Software\",\"description\":\"Ma\u00dfgeschneiderte L\u00f6sungen f\u00fcr Abfallmanagement, EANV &amp; Schrotthandel\",\"potentialAction\":[{\"@type\":\"SearchAction\",\"target\":{\"@type\":\"EntryPoint\",\"urlTemplate\":\"https:\\\/\\\/tegos-group.com\\\/nl\\\/?s={search_term_string}\"},\"query-input\":{\"@type\":\"PropertyValueSpecification\",\"valueRequired\":true,\"valueName\":\"search_term_string\"}}],\"inLanguage\":\"nl-NL\"}]}<\/script>\n<!-- \/ Yoast SEO plugin. -->","yoast_head_json":{"title":"Oplossingen - tegosgroup: Experten f\u00fcr Abfallwirtschaft, Entsorgung &amp; Recycling Software","robots":{"index":"index","follow":"follow","max-snippet":"max-snippet:-1","max-image-preview":"max-image-preview:large","max-video-preview":"max-video-preview:-1"},"canonical":"https:\/\/tegos-group.com\/nl\/solutions\/","og_locale":"nl_NL","og_type":"article","og_title":"Oplossingen - tegosgroup: Experten f\u00fcr Abfallwirtschaft, Entsorgung &amp; Recycling Software","og_url":"https:\/\/tegos-group.com\/nl\/solutions\/","og_site_name":"tegosgroup: Experten f\u00fcr Abfallwirtschaft, Entsorgung &amp; Recycling Software","article_modified_time":"2023-06-13T14:30:44+00:00","twitter_card":"summary_large_image","schema":{"@context":"https:\/\/schema.org","@graph":[{"@type":"WebPage","@id":"https:\/\/tegos-group.com\/nl\/solutions\/","url":"https:\/\/tegos-group.com\/nl\/solutions\/","name":"Oplossingen - tegosgroup: Experten f\u00fcr Abfallwirtschaft, Entsorgung &amp; Recycling Software","isPartOf":{"@id":"https:\/\/tegos-group.com\/nl\/#website"},"datePublished":"2023-04-27T13:29:33+00:00","dateModified":"2023-06-13T14:30:44+00:00","breadcrumb":{"@id":"https:\/\/tegos-group.com\/nl\/solutions\/#breadcrumb"},"inLanguage":"nl-NL","potentialAction":[{"@type":"ReadAction","target":["https:\/\/tegos-group.com\/nl\/solutions\/"]}]},{"@type":"BreadcrumbList","@id":"https:\/\/tegos-group.com\/nl\/solutions\/#breadcrumb","itemListElement":[{"@type":"ListItem","position":1,"name":"Home","item":"https:\/\/tegos-group.com\/nl\/"},{"@type":"ListItem","position":2,"name":"Oplossingen"}]},{"@type":"WebSite","@id":"https:\/\/tegos-group.com\/nl\/#website","url":"https:\/\/tegos-group.com\/nl\/","name":"tegosgroup: Experten f\u00fcr Abfallwirtschaft, Entsorgung &amp; Recycling Software","description":"Ma\u00dfgeschneiderte L\u00f6sungen f\u00fcr Abfallmanagement, EANV &amp; Schrotthandel","potentialAction":[{"@type":"SearchAction","target":{"@type":"EntryPoint","urlTemplate":"https:\/\/tegos-group.com\/nl\/?s={search_term_string}"},"query-input":{"@type":"PropertyValueSpecification","valueRequired":true,"valueName":"search_term_string"}}],"inLanguage":"nl-NL"}]}},"_links":{"self":[{"href":"https:\/\/tegos-group.com\/nl\/wp-json\/wp\/v2\/pages\/5650","targetHints":{"allow":["GET"]}}],"collection":[{"href":"https:\/\/tegos-group.com\/nl\/wp-json\/wp\/v2\/pages"}],"about":[{"href":"https:\/\/tegos-group.com\/nl\/wp-json\/wp\/v2\/types\/page"}],"author":[{"embeddable":true,"href":"https:\/\/tegos-group.com\/nl\/wp-json\/wp\/v2\/users\/12"}],"replies":[{"embeddable":true,"href":"https:\/\/tegos-group.com\/nl\/wp-json\/wp\/v2\/comments?post=5650"}],"version-history":[{"count":8,"href":"https:\/\/tegos-group.com\/nl\/wp-json\/wp\/v2\/pages\/5650\/revisions"}],"predecessor-version":[{"id":6534,"href":"https:\/\/tegos-group.com\/nl\/wp-json\/wp\/v2\/pages\/5650\/revisions\/6534"}],"wp:attachment":[{"href":"https:\/\/tegos-group.com\/nl\/wp-json\/wp\/v2\/media?parent=5650"}],"curies":[{"name":"wp","href":"https:\/\/api.w.org\/{rel}","templated":true}]}}