{"id":5669,"date":"2023-05-02T11:55:31","date_gmt":"2023-05-02T09:55:31","guid":{"rendered":"https:\/\/www.tegos-group.com\/?page_id=5669"},"modified":"2025-07-30T15:10:26","modified_gmt":"2025-07-30T13:10:26","slug":"prozess","status":"publish","type":"page","link":"https:\/\/tegos-group.com\/nl\/solutions\/prozess\/","title":{"rendered":"Proces"},"content":{"rendered":"\n  <section class=\"section section--no-padding bg hero\">\n      \n    <div class=\"swiper-container slider\">\n      <div class=\"swiper-wrapper\">\n\n                  \n            <div class=\"swiper-slide slider__slide hero__slide bg bg--dark-blue bg--gradient\">\n              <div class=\"container\">\n\n                <div class=\"hero__slide-content\">\n                  \n                                      <h2 class=\"h1 hero__title text--display\">De weg naar de perfecte bedrijfsoplossing<\/h2>\n                  \n                                      <p class=\"hero__description\">We begeleiden je stap voor stap naar succes met onze professionele services<\/p>\n                  \n                  \n                    <a class=\"button\" href=\"\/nl\/ondersteuning\/\" target=\"_self\">\n                      Een consult regelen                    <\/a>\n                                  <\/div>\n\n                \n\n<div class=\"jar jar--5 \">\n  <div class=\"jar__pickle \">\n      <\/div>\n\n  <div class=\"jar__pickle\"><\/div>\n  <div class=\"jar__pickle\"><\/div>\n  <div class=\"jar__pickle\"><\/div>\n<\/div>\n              <\/div><!-- slide-content -->\n            <\/div>\n                  \n      <\/div><!-- swiper-wrapper -->\n      \n                        <\/div><!-- swiper-container -->\n    \n  <\/section>\n\n\n\n\n  <section class=\"section timeline-vertical\">\n    <div class=\"container\">\n\n      \n      \n      \n        <div class=\"timeline-vertical__steps\">\n          <div class=\"timeline-vertical__line\">\n            <div class=\"timeline-vertical__line__vector\">\n              <div class=\"timeline-vertical__line__progress\"><\/div>\n            <\/div>\n          <\/div>\n\n          \n            <div class=\"timeline-vertical__step\">\n              <div class=\"timeline-vertical__step__container\">\n\n                                  <h3 class=\"h3 timeline-vertical__step__heading\">Change Management<\/h3>\n                \n                                  <div class=\"timeline-vertical__step__content paragraph\"><p>Wij geloven dat succesvol change management de sleutel is tot de succesvolle implementatie van elk organisatieproject. Onze eerste stap is daarom altijd om ervoor te zorgen dat alle instanties aan boord zijn als het gaat om het uitzetten van de koers voor de toekomst van de organisatie.<\/p>\n<\/div>\n                \n                              <\/div>\n\n                              <div class=\"timeline-vertical__step__image\">\n                  <div class=\"image image--horizontal\">\n                    <img loading=\"lazy\" data-src=\"https:\/\/tegos-group.com\/wp-content\/uploads\/2023\/05\/Geschnitten3-1024x562.jpg\" data-srcset=\"https:\/\/tegos-group.com\/wp-content\/uploads\/2023\/05\/Geschnitten3-1920x1054.jpg 1920w, https:\/\/tegos-group.com\/wp-content\/uploads\/2023\/05\/Geschnitten3-1600x879.jpg 1600w, https:\/\/tegos-group.com\/wp-content\/uploads\/2023\/05\/Geschnitten3-1366x750.jpg 1366w, https:\/\/tegos-group.com\/wp-content\/uploads\/2023\/05\/Geschnitten3-1024x562.jpg 1024w, https:\/\/tegos-group.com\/wp-content\/uploads\/2023\/05\/Geschnitten3-768x422.jpg 768w, https:\/\/tegos-group.com\/wp-content\/uploads\/2023\/05\/Geschnitten3-550x302.jpg 550w\" class=\"\" alt=\"Team tegos an mehreren Bildschirmen\"  width=\"1024\"  height=\"562\">                  <\/div>\n                <\/div>\n                          <\/div>\n\n          \n            <div class=\"timeline-vertical__step\">\n              <div class=\"timeline-vertical__step__container\">\n\n                                  <h3 class=\"h3 timeline-vertical__step__heading\">Onboarding<\/h3>\n                \n                                  <div class=\"timeline-vertical__step__content paragraph\"><p>De gezamenlijke onboarding workshop speelt een centrale rol om ervoor te zorgen dat u de volledige capaciteit van tegossuite kunt gebruiken. tegossuite kan worden uitgebreid met add-ons en specifieke Microsoft add-ons, zoals het Power Platform, bijna volgens het bouwsteenprincipe. Tijdens de onboarding workshop leiden we u door de beschikbare opties en selecteren we samen met u de juiste bouwstenen voor uw specifieke eisen. Er kan rekening worden gehouden met uw individuele wensen.<\/p>\n<p>Op deze manier kunt u er zeker van zijn dat u een oplossing krijgt die precies is afgestemd op uw bedrijf en u optimaal ondersteunt bij het realiseren van uw bedrijfsdoelstellingen.<\/p>\n<\/div>\n                \n                                  <div class=\"timeline-vertical__step__button\">\n                    <a class=\"button button--hover-outline\" href=\"\/nl\/ondersteuning\/\" target=\"_self\">\n                      Regel nu een workshop                    <\/a>\n                  <\/div>\n                              <\/div>\n\n                              <div class=\"timeline-vertical__step__image\">\n                  <div class=\"image image--horizontal\">\n                    <img loading=\"lazy\" data-src=\"https:\/\/tegos-group.com\/wp-content\/uploads\/2023\/05\/DSC8527-1024x683.jpg\" data-srcset=\"https:\/\/tegos-group.com\/wp-content\/uploads\/2023\/05\/DSC8527-1619x1080.jpg 1920w, https:\/\/tegos-group.com\/wp-content\/uploads\/2023\/05\/DSC8527-1349x900.jpg 1600w, https:\/\/tegos-group.com\/wp-content\/uploads\/2023\/05\/DSC8527-1151x768.jpg 1366w, https:\/\/tegos-group.com\/wp-content\/uploads\/2023\/05\/DSC8527-864x576.jpg 1024w, https:\/\/tegos-group.com\/wp-content\/uploads\/2023\/05\/DSC8527-648x432.jpg 768w, https:\/\/tegos-group.com\/wp-content\/uploads\/2023\/05\/DSC8527-463x309.jpg 550w\" class=\"\" alt=\"tegos Kollegen bei der Arbeit\"  width=\"1024\"  height=\"683\">                  <\/div>\n                <\/div>\n                          <\/div>\n\n          \n            <div class=\"timeline-vertical__step\">\n              <div class=\"timeline-vertical__step__container\">\n\n                                  <h3 class=\"h3 timeline-vertical__step__heading\">Individueel aanbod<\/h3>\n                \n                                  <div class=\"timeline-vertical__step__content paragraph\"><p>Elk bedrijf heeft andere behoeften, dus ons doel is om het optimale aanbod voor u te cre\u00ebren. We bieden een uitgebreide analyse en overleg om je specifieke vereisten te begrijpen en een oplossing op maat voor je te ontwikkelen. Daarbij houden we rekening met je individuele behoeften om ervoor te zorgen dat je de oplossing krijgt die bij je bedrijf past. <\/p>\n<p>Laten we het samen anders #doen. Neem contact met ons op en laten we samen een individuele oplossing voor jouw bedrijf vinden.<\/p>\n<\/div>\n                \n                                  <div class=\"timeline-vertical__step__button\">\n                    <a class=\"button button--hover-outline\" href=\"\/nl\/ondersteuning\/\" target=\"_self\">\n                      Een eerste ontmoeting regelen                    <\/a>\n                  <\/div>\n                              <\/div>\n\n                              <div class=\"timeline-vertical__step__image\">\n                  <div class=\"image image--horizontal\">\n                    <img loading=\"lazy\" data-src=\"https:\/\/tegos-group.com\/wp-content\/uploads\/2023\/05\/T8A2216-3-1024x683.jpg\" data-srcset=\"https:\/\/tegos-group.com\/wp-content\/uploads\/2023\/05\/T8A2216-3-1619x1080.jpg 1920w, https:\/\/tegos-group.com\/wp-content\/uploads\/2023\/05\/T8A2216-3-1349x900.jpg 1600w, https:\/\/tegos-group.com\/wp-content\/uploads\/2023\/05\/T8A2216-3-1151x768.jpg 1366w, https:\/\/tegos-group.com\/wp-content\/uploads\/2023\/05\/T8A2216-3-864x576.jpg 1024w, https:\/\/tegos-group.com\/wp-content\/uploads\/2023\/05\/T8A2216-3-648x432.jpg 768w, https:\/\/tegos-group.com\/wp-content\/uploads\/2023\/05\/T8A2216-3-463x309.jpg 550w\" class=\"\" alt=\"Zuh\u00f6render tegos Mitarbeiter \"  width=\"1024\"  height=\"683\">                  <\/div>\n                <\/div>\n                          <\/div>\n\n          \n            <div class=\"timeline-vertical__step\">\n              <div class=\"timeline-vertical__step__container\">\n\n                                  <h3 class=\"h3 timeline-vertical__step__heading\">Projectbeheer<\/h3>\n                \n                                  <div class=\"timeline-vertical__step__content paragraph\"><p>De projectstart voor de introductie van een brancheoplossing vereist een betrouwbare planning en intensieve uitwisseling met klanten om mogelijke struikelblokken voor het project, interface-uitdagingen of beperkte middelen in een vroeg stadium te identificeren. Het betrekken van de klant en het focussen op de voordelen voor de klant zijn essentieel voor een succesvolle projectimplementatie. De bewezen Microsoft Dynamics Sure-Step-methodologie wordt gebruikt als basis, die transparante controle biedt over kosten en tijdschema&#8217;s in elke projectfase. <\/p>\n<p>De start van het project is de gezamenlijke kick-off, gevolgd door onderwerpspecifieke workshops op het gebied van financi\u00eble boekhouding, commerci\u00eble en operationele verwerking met de creatie van een op maat gemaakt concept voor elk gebied, waarbij rekening wordt gehouden met individuele vereisten. <\/p>\n<\/div>\n                \n                                  <div class=\"timeline-vertical__step__button\">\n                    <a class=\"button button--hover-outline\" href=\"\/nl\/services\/\" target=\"_self\">\n                      Meer informatie                    <\/a>\n                  <\/div>\n                              <\/div>\n\n                              <div class=\"timeline-vertical__step__image\">\n                  <div class=\"image image--horizontal\">\n                    <img loading=\"lazy\" data-src=\"https:\/\/tegos-group.com\/wp-content\/uploads\/2024\/11\/DSC05851-1024x684.jpg\" data-srcset=\"https:\/\/tegos-group.com\/wp-content\/uploads\/2024\/11\/DSC05851-1617x1080.jpg 1920w, https:\/\/tegos-group.com\/wp-content\/uploads\/2024\/11\/DSC05851-1347x900.jpg 1600w, https:\/\/tegos-group.com\/wp-content\/uploads\/2024\/11\/DSC05851-1150x768.jpg 1366w, https:\/\/tegos-group.com\/wp-content\/uploads\/2024\/11\/DSC05851-862x576.jpg 1024w, https:\/\/tegos-group.com\/wp-content\/uploads\/2024\/11\/DSC05851-647x432.jpg 768w, https:\/\/tegos-group.com\/wp-content\/uploads\/2024\/11\/DSC05851-463x309.jpg 550w\" class=\"\" alt=\"\"  width=\"1024\"  height=\"684\">                  <\/div>\n                <\/div>\n                          <\/div>\n\n          \n            <div class=\"timeline-vertical__step\">\n              <div class=\"timeline-vertical__step__container\">\n\n                                  <h3 class=\"h3 timeline-vertical__step__heading\">Go Live<\/h3>\n                \n                                  <div class=\"timeline-vertical__step__content paragraph\"><p>Nadat alle gedefinieerde processen met succes zijn getest, voeren we een gezamenlijke systeemacceptatie uit om de soepele echte start met tegossuite te plannen en voor te bereiden. Hiervoor staan we zowel ter plaatse als online aan uw zijde en zorgen we met onze experts voor het succes van de go-live.<\/p>\n<p>De tegos-experts zorgen ervoor dat uw medewerkers altijd toegang hebben tot de benodigde kennis en zich kunnen aanpassen aan de nieuwe processen. Ook na de go-live houden we nauw contact met u om het proces soepel te laten verlopen.<\/p>\n<\/div>\n                \n                                  <div class=\"timeline-vertical__step__button\">\n                    <a class=\"button button--hover-outline\" href=\"\/nl\/services\/\" target=\"_self\">\n                      Meer informatie                    <\/a>\n                  <\/div>\n                              <\/div>\n\n                              <div class=\"timeline-vertical__step__image\">\n                  <div class=\"image image--horizontal\">\n                    <img loading=\"lazy\" data-src=\"https:\/\/tegos-group.com\/wp-content\/uploads\/2023\/05\/DSC8435-1024x683.jpg\" data-srcset=\"https:\/\/tegos-group.com\/wp-content\/uploads\/2023\/05\/DSC8435-1619x1080.jpg 1920w, https:\/\/tegos-group.com\/wp-content\/uploads\/2023\/05\/DSC8435-1349x900.jpg 1600w, https:\/\/tegos-group.com\/wp-content\/uploads\/2023\/05\/DSC8435-1151x768.jpg 1366w, https:\/\/tegos-group.com\/wp-content\/uploads\/2023\/05\/DSC8435-864x576.jpg 1024w, https:\/\/tegos-group.com\/wp-content\/uploads\/2023\/05\/DSC8435-648x432.jpg 768w, https:\/\/tegos-group.com\/wp-content\/uploads\/2023\/05\/DSC8435-463x309.jpg 550w\" class=\"\" alt=\"tegos Mitarbeiter im Office\"  width=\"1024\"  height=\"683\">                  <\/div>\n                <\/div>\n                          <\/div>\n\n          \n            <div class=\"timeline-vertical__step\">\n              <div class=\"timeline-vertical__step__container\">\n\n                                  <h3 class=\"h3 timeline-vertical__step__heading\">Customer Service<\/h3>\n                \n                                  <div class=\"timeline-vertical__step__content paragraph\"><p>Na een succesvolle implementatie van tegossuite en de uiteindelijke aanvaarding van uw project, is onze klantenservice beschikbaar om al uw vragen en zorgen te beantwoorden. Of het nu gaat om ondersteuningsaanvragen, workshops, training, programmering op maat of grotere projecten, ons team zal u begeleiden en de groei van uw bedrijf ondersteunen. Het doel is om ervoor te zorgen dat u het meeste uit uw oplossing haalt en continu waarde aan uw bedrijf toevoegt.<\/p>\n<\/div>\n                \n                                  <div class=\"timeline-vertical__step__button\">\n                    <a class=\"button button--hover-outline\" href=\"\/nl\/ondersteuning\/\" target=\"_self\">\n                      Neem contact met ons op                    <\/a>\n                  <\/div>\n                              <\/div>\n\n                              <div class=\"timeline-vertical__step__image\">\n                  <div class=\"image image--horizontal\">\n                    <img loading=\"lazy\" data-src=\"https:\/\/tegos-group.com\/wp-content\/uploads\/2023\/05\/T8A4288-1024x683.jpg\" data-srcset=\"https:\/\/tegos-group.com\/wp-content\/uploads\/2023\/05\/T8A4288-1619x1080.jpg 1920w, https:\/\/tegos-group.com\/wp-content\/uploads\/2023\/05\/T8A4288-1349x900.jpg 1600w, https:\/\/tegos-group.com\/wp-content\/uploads\/2023\/05\/T8A4288-1151x768.jpg 1366w, https:\/\/tegos-group.com\/wp-content\/uploads\/2023\/05\/T8A4288-864x576.jpg 1024w, https:\/\/tegos-group.com\/wp-content\/uploads\/2023\/05\/T8A4288-648x432.jpg 768w, https:\/\/tegos-group.com\/wp-content\/uploads\/2023\/05\/T8A4288-463x309.jpg 550w\" class=\"\" alt=\"Fokussierung auf den Kunden und deren Problematik\"  width=\"1024\"  height=\"683\">                  <\/div>\n                <\/div>\n                          <\/div>\n\n                  <\/div>\n\n          <\/div>\n  <\/section>\n\n\n\n\n  \n    <section class=\"section statistics \">\n      <div class=\"container\">\n\n        \n        <div class=\"statistics__content\">\n          \n            <div class=\"statistics__item launimation slideBottom bg bg--dark-blue\">\n                              <p class=\"statistics__number\">\n                  400                <\/p>\n              \n                              <p class=\"statistics__text\">\n                  Projecten                <\/p>\n                          <\/div>\n\n          \n            <div class=\"statistics__item launimation slideBottom bg bg--dark-blue\">\n                              <p class=\"statistics__number\">\n                  650                <\/p>\n              \n                              <p class=\"statistics__text\">\n                  Workshops                <\/p>\n                          <\/div>\n\n          \n            <div class=\"statistics__item launimation slideBottom bg bg--dark-blue\">\n                              <p class=\"statistics__number\">\n                  650                <\/p>\n              \n                              <p class=\"statistics__text\">\n                  Go Lives                <\/p>\n                          <\/div>\n\n                  <\/div>\n\n      <\/div>\n    <\/section>\n\n  \n\n\n\n  <section class=\"section cta cta--image \">\n    <div class=\"container\">\n\n      <div class=\"cta__wrapper launimation slideBottom\">\n\n                  <div class=\"cta__image\">\n            <img loading=\"lazy\" data-src=\"https:\/\/tegos-group.com\/wp-content\/uploads\/2023\/05\/flipped-1024x591.jpg\" data-srcset=\"https:\/\/tegos-group.com\/wp-content\/uploads\/2023\/05\/flipped-1871x1080.jpg 1920w, https:\/\/tegos-group.com\/wp-content\/uploads\/2023\/05\/flipped-1559x900.jpg 1600w, https:\/\/tegos-group.com\/wp-content\/uploads\/2023\/05\/flipped-1331x768.jpg 1366w, https:\/\/tegos-group.com\/wp-content\/uploads\/2023\/05\/flipped-998x576.jpg 1024w, https:\/\/tegos-group.com\/wp-content\/uploads\/2023\/05\/flipped-748x432.jpg 768w, https:\/\/tegos-group.com\/wp-content\/uploads\/2023\/05\/flipped-535x309.jpg 550w\" class=\"\" alt=\"Teammitglied Headset\"  width=\"1024\"  height=\"591\">          <\/div>\n        \n        <div class=\"cta__content bg bg--dark-blue \">\n                      <h2 class=\"cta__title text--display\">tegossuite nu configureren<\/h2>\n          \n                      <p class=\"cta__description\">Ontdek de diverse mogelijkheden die zowel de tegossuite als het Microsoft-platform voor je in petto hebben. <\/p>\n          \n                      <a href=\"\/nl\/ondersteuning\/\"  class=\"cta__button button button--arrow\" >\n              Productdemo regelen            <\/a>\n          \n                  <\/div>\n\n      <\/div>\n\n    <\/div>\n  <\/section>\n\n","protected":false},"excerpt":{"rendered":"","protected":false},"author":12,"featured_media":0,"parent":5650,"menu_order":0,"comment_status":"closed","ping_status":"closed","template":"","meta":{"_acf_changed":false,"footnotes":""},"class_list":["post-5669","page","type-page","status-publish","hentry"],"acf":[],"yoast_head":"<!-- This site is optimized with the Yoast SEO plugin v27.3 - https:\/\/yoast.com\/product\/yoast-seo-wordpress\/ -->\n<title>Proces - tegosgroup: Experten f\u00fcr Abfallwirtschaft, Entsorgung &amp; Recycling Software<\/title>\n<meta name=\"robots\" content=\"index, follow, max-snippet:-1, max-image-preview:large, max-video-preview:-1\" \/>\n<link rel=\"canonical\" href=\"https:\/\/tegos-group.com\/nl\/solutions\/prozess\/\" \/>\n<meta property=\"og:locale\" content=\"nl_NL\" \/>\n<meta property=\"og:type\" content=\"article\" \/>\n<meta property=\"og:title\" content=\"Proces - tegosgroup: Experten f\u00fcr Abfallwirtschaft, Entsorgung &amp; Recycling Software\" \/>\n<meta property=\"og:url\" content=\"https:\/\/tegos-group.com\/nl\/solutions\/prozess\/\" \/>\n<meta property=\"og:site_name\" content=\"tegosgroup: Experten f\u00fcr Abfallwirtschaft, Entsorgung &amp; Recycling Software\" \/>\n<meta property=\"article:modified_time\" content=\"2025-07-30T13:10:26+00:00\" \/>\n<meta name=\"twitter:card\" content=\"summary_large_image\" \/>\n<script type=\"application\/ld+json\" class=\"yoast-schema-graph\">{\"@context\":\"https:\\\/\\\/schema.org\",\"@graph\":[{\"@type\":\"WebPage\",\"@id\":\"https:\\\/\\\/tegos-group.com\\\/nl\\\/solutions\\\/prozess\\\/\",\"url\":\"https:\\\/\\\/tegos-group.com\\\/nl\\\/solutions\\\/prozess\\\/\",\"name\":\"Proces - tegosgroup: Experten f\u00fcr Abfallwirtschaft, Entsorgung &amp; Recycling Software\",\"isPartOf\":{\"@id\":\"https:\\\/\\\/tegos-group.com\\\/nl\\\/#website\"},\"datePublished\":\"2023-05-02T09:55:31+00:00\",\"dateModified\":\"2025-07-30T13:10:26+00:00\",\"breadcrumb\":{\"@id\":\"https:\\\/\\\/tegos-group.com\\\/nl\\\/solutions\\\/prozess\\\/#breadcrumb\"},\"inLanguage\":\"nl-NL\",\"potentialAction\":[{\"@type\":\"ReadAction\",\"target\":[\"https:\\\/\\\/tegos-group.com\\\/nl\\\/solutions\\\/prozess\\\/\"]}]},{\"@type\":\"BreadcrumbList\",\"@id\":\"https:\\\/\\\/tegos-group.com\\\/nl\\\/solutions\\\/prozess\\\/#breadcrumb\",\"itemListElement\":[{\"@type\":\"ListItem\",\"position\":1,\"name\":\"Home\",\"item\":\"https:\\\/\\\/tegos-group.com\\\/nl\\\/\"},{\"@type\":\"ListItem\",\"position\":2,\"name\":\"Oplossingen\",\"item\":\"https:\\\/\\\/tegos-group.com\\\/nl\\\/solutions\\\/\"},{\"@type\":\"ListItem\",\"position\":3,\"name\":\"Proces\"}]},{\"@type\":\"WebSite\",\"@id\":\"https:\\\/\\\/tegos-group.com\\\/nl\\\/#website\",\"url\":\"https:\\\/\\\/tegos-group.com\\\/nl\\\/\",\"name\":\"tegosgroup: Experten f\u00fcr Abfallwirtschaft, Entsorgung &amp; Recycling Software\",\"description\":\"Ma\u00dfgeschneiderte L\u00f6sungen f\u00fcr Abfallmanagement, EANV &amp; Schrotthandel\",\"potentialAction\":[{\"@type\":\"SearchAction\",\"target\":{\"@type\":\"EntryPoint\",\"urlTemplate\":\"https:\\\/\\\/tegos-group.com\\\/nl\\\/?s={search_term_string}\"},\"query-input\":{\"@type\":\"PropertyValueSpecification\",\"valueRequired\":true,\"valueName\":\"search_term_string\"}}],\"inLanguage\":\"nl-NL\"}]}<\/script>\n<!-- \/ Yoast SEO plugin. -->","yoast_head_json":{"title":"Proces - tegosgroup: Experten f\u00fcr Abfallwirtschaft, Entsorgung &amp; Recycling Software","robots":{"index":"index","follow":"follow","max-snippet":"max-snippet:-1","max-image-preview":"max-image-preview:large","max-video-preview":"max-video-preview:-1"},"canonical":"https:\/\/tegos-group.com\/nl\/solutions\/prozess\/","og_locale":"nl_NL","og_type":"article","og_title":"Proces - tegosgroup: Experten f\u00fcr Abfallwirtschaft, Entsorgung &amp; Recycling Software","og_url":"https:\/\/tegos-group.com\/nl\/solutions\/prozess\/","og_site_name":"tegosgroup: Experten f\u00fcr Abfallwirtschaft, Entsorgung &amp; Recycling Software","article_modified_time":"2025-07-30T13:10:26+00:00","twitter_card":"summary_large_image","schema":{"@context":"https:\/\/schema.org","@graph":[{"@type":"WebPage","@id":"https:\/\/tegos-group.com\/nl\/solutions\/prozess\/","url":"https:\/\/tegos-group.com\/nl\/solutions\/prozess\/","name":"Proces - tegosgroup: Experten f\u00fcr Abfallwirtschaft, Entsorgung &amp; Recycling Software","isPartOf":{"@id":"https:\/\/tegos-group.com\/nl\/#website"},"datePublished":"2023-05-02T09:55:31+00:00","dateModified":"2025-07-30T13:10:26+00:00","breadcrumb":{"@id":"https:\/\/tegos-group.com\/nl\/solutions\/prozess\/#breadcrumb"},"inLanguage":"nl-NL","potentialAction":[{"@type":"ReadAction","target":["https:\/\/tegos-group.com\/nl\/solutions\/prozess\/"]}]},{"@type":"BreadcrumbList","@id":"https:\/\/tegos-group.com\/nl\/solutions\/prozess\/#breadcrumb","itemListElement":[{"@type":"ListItem","position":1,"name":"Home","item":"https:\/\/tegos-group.com\/nl\/"},{"@type":"ListItem","position":2,"name":"Oplossingen","item":"https:\/\/tegos-group.com\/nl\/solutions\/"},{"@type":"ListItem","position":3,"name":"Proces"}]},{"@type":"WebSite","@id":"https:\/\/tegos-group.com\/nl\/#website","url":"https:\/\/tegos-group.com\/nl\/","name":"tegosgroup: Experten f\u00fcr Abfallwirtschaft, Entsorgung &amp; Recycling Software","description":"Ma\u00dfgeschneiderte L\u00f6sungen f\u00fcr Abfallmanagement, EANV &amp; Schrotthandel","potentialAction":[{"@type":"SearchAction","target":{"@type":"EntryPoint","urlTemplate":"https:\/\/tegos-group.com\/nl\/?s={search_term_string}"},"query-input":{"@type":"PropertyValueSpecification","valueRequired":true,"valueName":"search_term_string"}}],"inLanguage":"nl-NL"}]}},"_links":{"self":[{"href":"https:\/\/tegos-group.com\/nl\/wp-json\/wp\/v2\/pages\/5669","targetHints":{"allow":["GET"]}}],"collection":[{"href":"https:\/\/tegos-group.com\/nl\/wp-json\/wp\/v2\/pages"}],"about":[{"href":"https:\/\/tegos-group.com\/nl\/wp-json\/wp\/v2\/types\/page"}],"author":[{"embeddable":true,"href":"https:\/\/tegos-group.com\/nl\/wp-json\/wp\/v2\/users\/12"}],"replies":[{"embeddable":true,"href":"https:\/\/tegos-group.com\/nl\/wp-json\/wp\/v2\/comments?post=5669"}],"version-history":[{"count":23,"href":"https:\/\/tegos-group.com\/nl\/wp-json\/wp\/v2\/pages\/5669\/revisions"}],"predecessor-version":[{"id":14291,"href":"https:\/\/tegos-group.com\/nl\/wp-json\/wp\/v2\/pages\/5669\/revisions\/14291"}],"up":[{"embeddable":true,"href":"https:\/\/tegos-group.com\/nl\/wp-json\/wp\/v2\/pages\/5650"}],"wp:attachment":[{"href":"https:\/\/tegos-group.com\/nl\/wp-json\/wp\/v2\/media?parent=5669"}],"curies":[{"name":"wp","href":"https:\/\/api.w.org\/{rel}","templated":true}]}}