{"id":5685,"date":"2023-05-03T15:28:29","date_gmt":"2023-05-03T13:28:29","guid":{"rendered":"https:\/\/www.tegos-group.com\/?page_id=5685"},"modified":"2024-01-03T14:29:39","modified_gmt":"2024-01-03T13:29:39","slug":"uber-tegosgroup","status":"publish","type":"page","link":"https:\/\/tegos-group.com\/nl\/over-ons\/uber-tegosgroup\/","title":{"rendered":"Over tegosgroup"},"content":{"rendered":"\n  <section class=\"section section--no-padding bg hero\">\n      \n    <div class=\"swiper-container slider\">\n      <div class=\"swiper-wrapper\">\n\n                  \n            <div class=\"swiper-slide slider__slide hero__slide bg bg--blue bg--gradient\">\n              <div class=\"container\">\n\n                <div class=\"hero__slide-content\">\n                  \n                                      <h2 class=\"h1 hero__title text--display\">De weg plaveien naar de digitale toekomst: tegosgroup<\/h2>\n                  \n                                      <p class=\"hero__description\">#Simply.More.Efficient<\/p>\n                  \n                                  <\/div>\n\n                \n\n<div class=\"jar jar--5 \">\n  <div class=\"jar__pickle \">\n      <\/div>\n\n  <div class=\"jar__pickle\"><\/div>\n  <div class=\"jar__pickle\"><\/div>\n  <div class=\"jar__pickle\"><\/div>\n<\/div>\n              <\/div><!-- slide-content -->\n            <\/div>\n                  \n      <\/div><!-- swiper-wrapper -->\n      \n                        <\/div><!-- swiper-container -->\n    \n  <\/section>\n\n\n\n\n\n  <section class=\"section image-link-text  \">\n    <div class=\"container\">\n      <div class=\"image-link-text__slider\">\n        <div class=\"swiper-wrapper\">\n    \n          \n            <div class=\"image-link-text__slide swiper-slide image-link-text__slide--60 \">\n              <div class=\"image-link-text__side image-link-text__content-wrapper\">\n                <div class=\"image-link-text__content launimation slideBottom\">\n\n                    \n                    <h2 class=\"image-link-text__title\">E\u00e9n pad, \u00e9\u00e9n toekomst &#8211; E\u00e9n tegos!<\/h2>                    <p>Onder de noemer &#8220;One-tegos&#8221; verenigen we meer dan 150 medewerkers in het hele bedrijf, talloze idee\u00ebn voor innovatieve bedrijfsoplossingen en veel branchekennis. Al meer dan 20 jaar zorgen we met onze IT-oplossingen voor het concurrentievermogen van onze klanten uit de afvalbeheer- en recyclingindustrie en de metaal- en schroothandel.<\/p>\n<p>Op basis van onze jarenlange ervaring in de branche werken we samen met u, onze klanten, om oplossingen op maat te ontwikkelen waarmee u de uitdagingen van morgen het hoofd kunt bieden &#8211; toenemende documentatie-eisen, fluctuerende grondstofprijzen, internationale marktinterdependenties en nog veel meer.<\/p>\n                    \n                    \n                <\/div><!-- content -->\n              <\/div><!-- side 1 -->\n\n              <div class=\"image-link-text__side image-link-text__image-wrapper launimation slideBottom\">\n                                  \n                    <img loading=\"lazy\" data-src=\"https:\/\/tegos-group.com\/wp-content\/uploads\/2023\/05\/2023-05-05_16h00_27-1024x600.png\" data-srcset=\"https:\/\/tegos-group.com\/wp-content\/uploads\/2023\/05\/2023-05-05_16h00_27.png 1920w, https:\/\/tegos-group.com\/wp-content\/uploads\/2023\/05\/2023-05-05_16h00_27.png 1600w, https:\/\/tegos-group.com\/wp-content\/uploads\/2023\/05\/2023-05-05_16h00_27-1311x768.png 1366w, https:\/\/tegos-group.com\/wp-content\/uploads\/2023\/05\/2023-05-05_16h00_27-983x576.png 1024w, https:\/\/tegos-group.com\/wp-content\/uploads\/2023\/05\/2023-05-05_16h00_27-737x432.png 768w, https:\/\/tegos-group.com\/wp-content\/uploads\/2023\/05\/2023-05-05_16h00_27-527x309.png 550w\" class=\"image-link-text__image\" alt=\"\"  width=\"1024\"  height=\"600\">\n                                  \n                <div class=\"slider__pagination slider__pagination--relative slider__pagination--colored image-link-text__pagination\"><\/div>\n              <\/div><!-- side 2 -->\n            <\/div><!-- slide -->\n                \n        <\/div><!-- swiper-wrapper -->\n      <\/div><!-- slider -->\n\n          <\/div><!-- container -->\n  <\/section>\n\n\n\n\n\n\n  <section class=\"section image-link-text  \">\n    <div class=\"container\">\n      <div class=\"image-link-text__slider\">\n        <div class=\"swiper-wrapper\">\n    \n          \n            <div class=\"image-link-text__slide swiper-slide image-link-text__slide--60 image-link-text__slide--reversed\">\n              <div class=\"image-link-text__side image-link-text__content-wrapper\">\n                <div class=\"image-link-text__content launimation slideBottom\">\n\n                    \n                    <h2 class=\"image-link-text__title\">Samen dingen #dingenandersdoen<\/h2>                    <p>350 klanten in 25 landen rekenen op onze softwareoplossingen &#8211; gebaseerd op de toekomstbestendige technologie van Microsoft Dynamics 365 Business Central. <\/p>\n<p>Aan de weegschaal, in de boekhouding, bij de kwaliteitscontrole of in de logistiek: voor meer dan 8.900 gebruikers is het werkende leven doorslaggevend veranderd en sterk vereenvoudigd door het gebruik van onze brancheoplossingen enwis en comotor. Praktische uitbreidingen (bijv. slimme planningsoplossingen) en innovatieve apps, zoals de Trader-app voor metaalhandelaren, ronden ons serviceportfolio af.<\/p>\n                    \n                    \n                <\/div><!-- content -->\n              <\/div><!-- side 1 -->\n\n              <div class=\"image-link-text__side image-link-text__image-wrapper launimation slideBottom\">\n                                  \n                    <img loading=\"lazy\" data-src=\"https:\/\/tegos-group.com\/wp-content\/uploads\/2023\/05\/2023-05-05_16h00_52.png\" data-srcset=\"https:\/\/tegos-group.com\/wp-content\/uploads\/2023\/05\/2023-05-05_16h00_52.png 1920w, https:\/\/tegos-group.com\/wp-content\/uploads\/2023\/05\/2023-05-05_16h00_52.png 1600w, https:\/\/tegos-group.com\/wp-content\/uploads\/2023\/05\/2023-05-05_16h00_52.png 1366w, https:\/\/tegos-group.com\/wp-content\/uploads\/2023\/05\/2023-05-05_16h00_52.png 1024w, https:\/\/tegos-group.com\/wp-content\/uploads\/2023\/05\/2023-05-05_16h00_52-671x432.png 768w, https:\/\/tegos-group.com\/wp-content\/uploads\/2023\/05\/2023-05-05_16h00_52-480x309.png 550w\" class=\"image-link-text__image\" alt=\"\"  width=\"862\"  height=\"555\">\n                                  \n                <div class=\"slider__pagination slider__pagination--relative slider__pagination--colored image-link-text__pagination\"><\/div>\n              <\/div><!-- side 2 -->\n            <\/div><!-- slide -->\n                \n        <\/div><!-- swiper-wrapper -->\n      <\/div><!-- slider -->\n\n          <\/div><!-- container -->\n  <\/section>\n\n\n\n\n\n  <section class=\"section video    \">\n    <div class=\"container\">\n            \n      <div class=\"video__wrapper\">\n                              <img loading=\"lazy\" decoding=\"async\" class=\"video__embed-poster\" size=\"fullscreen\" src=\"https:\/\/img.youtube.com\/vi\/s7oqtk9OfuY\/maxresdefault.jpg\" width=\"1280\"  height=\"720\">\n                    \n          <div class=\"video__fullscreen\">\n            <div class=\"video__fullscreen-wrapper\">\n              <iframe loading=\"lazy\" title=\"\ud835\ude01\ud835\uddf2\ud835\uddf4\ud835\uddfc\ud835\ude00group EN\" width=\"500\" height=\"281\" src=\"about:blank\" data-lazysrc=\"https:\/\/www.youtube.com\/embed\/s7oqtk9OfuY\" frameborder=\"0\" allow=\"accelerometer; autoplay; clipboard-write; encrypted-media; gyroscope; picture-in-picture; web-share\" referrerpolicy=\"strict-origin-when-cross-origin\" allowfullscreen><\/iframe>            <\/div>\n\n            <button class=\"video__close\">\n              <span>Schlie\u00dfen<\/span>\n            <\/button>\n          <\/div>\n          \n        \n        <button class=\"video__play\">\n          <span>Abspielen<\/span>\n        <\/button>\n      <\/div>\n\n    <\/div>\n  <\/section>\n\n","protected":false},"excerpt":{"rendered":"","protected":false},"author":12,"featured_media":0,"parent":5683,"menu_order":0,"comment_status":"closed","ping_status":"closed","template":"","meta":{"_acf_changed":false,"footnotes":""},"class_list":["post-5685","page","type-page","status-publish","hentry"],"acf":[],"yoast_head":"<!-- This site is optimized with the Yoast SEO plugin v27.3 - https:\/\/yoast.com\/product\/yoast-seo-wordpress\/ -->\n<title>Over tegosgroup - tegosgroup: Experten f\u00fcr Abfallwirtschaft, Entsorgung &amp; Recycling Software<\/title>\n<meta name=\"robots\" content=\"index, follow, max-snippet:-1, max-image-preview:large, max-video-preview:-1\" \/>\n<link rel=\"canonical\" href=\"https:\/\/tegos-group.com\/nl\/over-ons\/uber-tegosgroup\/\" \/>\n<meta property=\"og:locale\" content=\"nl_NL\" \/>\n<meta property=\"og:type\" content=\"article\" \/>\n<meta property=\"og:title\" content=\"Over tegosgroup - tegosgroup: Experten f\u00fcr Abfallwirtschaft, Entsorgung &amp; Recycling Software\" \/>\n<meta property=\"og:url\" content=\"https:\/\/tegos-group.com\/nl\/over-ons\/uber-tegosgroup\/\" \/>\n<meta property=\"og:site_name\" content=\"tegosgroup: Experten f\u00fcr Abfallwirtschaft, Entsorgung &amp; Recycling Software\" \/>\n<meta property=\"article:modified_time\" content=\"2024-01-03T13:29:39+00:00\" \/>\n<meta name=\"twitter:card\" content=\"summary_large_image\" \/>\n<script type=\"application\/ld+json\" class=\"yoast-schema-graph\">{\"@context\":\"https:\\\/\\\/schema.org\",\"@graph\":[{\"@type\":\"WebPage\",\"@id\":\"https:\\\/\\\/tegos-group.com\\\/nl\\\/over-ons\\\/uber-tegosgroup\\\/\",\"url\":\"https:\\\/\\\/tegos-group.com\\\/nl\\\/over-ons\\\/uber-tegosgroup\\\/\",\"name\":\"Over tegosgroup - tegosgroup: Experten f\u00fcr Abfallwirtschaft, Entsorgung &amp; Recycling Software\",\"isPartOf\":{\"@id\":\"https:\\\/\\\/tegos-group.com\\\/nl\\\/#website\"},\"datePublished\":\"2023-05-03T13:28:29+00:00\",\"dateModified\":\"2024-01-03T13:29:39+00:00\",\"breadcrumb\":{\"@id\":\"https:\\\/\\\/tegos-group.com\\\/nl\\\/over-ons\\\/uber-tegosgroup\\\/#breadcrumb\"},\"inLanguage\":\"nl-NL\",\"potentialAction\":[{\"@type\":\"ReadAction\",\"target\":[\"https:\\\/\\\/tegos-group.com\\\/nl\\\/over-ons\\\/uber-tegosgroup\\\/\"]}]},{\"@type\":\"BreadcrumbList\",\"@id\":\"https:\\\/\\\/tegos-group.com\\\/nl\\\/over-ons\\\/uber-tegosgroup\\\/#breadcrumb\",\"itemListElement\":[{\"@type\":\"ListItem\",\"position\":1,\"name\":\"Home\",\"item\":\"https:\\\/\\\/tegos-group.com\\\/nl\\\/\"},{\"@type\":\"ListItem\",\"position\":2,\"name\":\"Over ons\",\"item\":\"https:\\\/\\\/tegos-group.com\\\/nl\\\/over-ons\\\/\"},{\"@type\":\"ListItem\",\"position\":3,\"name\":\"Over tegosgroup\"}]},{\"@type\":\"WebSite\",\"@id\":\"https:\\\/\\\/tegos-group.com\\\/nl\\\/#website\",\"url\":\"https:\\\/\\\/tegos-group.com\\\/nl\\\/\",\"name\":\"tegosgroup: Experten f\u00fcr Abfallwirtschaft, Entsorgung &amp; Recycling Software\",\"description\":\"Ma\u00dfgeschneiderte L\u00f6sungen f\u00fcr Abfallmanagement, EANV &amp; Schrotthandel\",\"potentialAction\":[{\"@type\":\"SearchAction\",\"target\":{\"@type\":\"EntryPoint\",\"urlTemplate\":\"https:\\\/\\\/tegos-group.com\\\/nl\\\/?s={search_term_string}\"},\"query-input\":{\"@type\":\"PropertyValueSpecification\",\"valueRequired\":true,\"valueName\":\"search_term_string\"}}],\"inLanguage\":\"nl-NL\"}]}<\/script>\n<!-- \/ Yoast SEO plugin. -->","yoast_head_json":{"title":"Over tegosgroup - tegosgroup: Experten f\u00fcr Abfallwirtschaft, Entsorgung &amp; Recycling Software","robots":{"index":"index","follow":"follow","max-snippet":"max-snippet:-1","max-image-preview":"max-image-preview:large","max-video-preview":"max-video-preview:-1"},"canonical":"https:\/\/tegos-group.com\/nl\/over-ons\/uber-tegosgroup\/","og_locale":"nl_NL","og_type":"article","og_title":"Over tegosgroup - tegosgroup: Experten f\u00fcr Abfallwirtschaft, Entsorgung &amp; Recycling Software","og_url":"https:\/\/tegos-group.com\/nl\/over-ons\/uber-tegosgroup\/","og_site_name":"tegosgroup: Experten f\u00fcr Abfallwirtschaft, Entsorgung &amp; Recycling Software","article_modified_time":"2024-01-03T13:29:39+00:00","twitter_card":"summary_large_image","schema":{"@context":"https:\/\/schema.org","@graph":[{"@type":"WebPage","@id":"https:\/\/tegos-group.com\/nl\/over-ons\/uber-tegosgroup\/","url":"https:\/\/tegos-group.com\/nl\/over-ons\/uber-tegosgroup\/","name":"Over tegosgroup - tegosgroup: Experten f\u00fcr Abfallwirtschaft, Entsorgung &amp; Recycling Software","isPartOf":{"@id":"https:\/\/tegos-group.com\/nl\/#website"},"datePublished":"2023-05-03T13:28:29+00:00","dateModified":"2024-01-03T13:29:39+00:00","breadcrumb":{"@id":"https:\/\/tegos-group.com\/nl\/over-ons\/uber-tegosgroup\/#breadcrumb"},"inLanguage":"nl-NL","potentialAction":[{"@type":"ReadAction","target":["https:\/\/tegos-group.com\/nl\/over-ons\/uber-tegosgroup\/"]}]},{"@type":"BreadcrumbList","@id":"https:\/\/tegos-group.com\/nl\/over-ons\/uber-tegosgroup\/#breadcrumb","itemListElement":[{"@type":"ListItem","position":1,"name":"Home","item":"https:\/\/tegos-group.com\/nl\/"},{"@type":"ListItem","position":2,"name":"Over ons","item":"https:\/\/tegos-group.com\/nl\/over-ons\/"},{"@type":"ListItem","position":3,"name":"Over tegosgroup"}]},{"@type":"WebSite","@id":"https:\/\/tegos-group.com\/nl\/#website","url":"https:\/\/tegos-group.com\/nl\/","name":"tegosgroup: Experten f\u00fcr Abfallwirtschaft, Entsorgung &amp; Recycling Software","description":"Ma\u00dfgeschneiderte L\u00f6sungen f\u00fcr Abfallmanagement, EANV &amp; Schrotthandel","potentialAction":[{"@type":"SearchAction","target":{"@type":"EntryPoint","urlTemplate":"https:\/\/tegos-group.com\/nl\/?s={search_term_string}"},"query-input":{"@type":"PropertyValueSpecification","valueRequired":true,"valueName":"search_term_string"}}],"inLanguage":"nl-NL"}]}},"_links":{"self":[{"href":"https:\/\/tegos-group.com\/nl\/wp-json\/wp\/v2\/pages\/5685","targetHints":{"allow":["GET"]}}],"collection":[{"href":"https:\/\/tegos-group.com\/nl\/wp-json\/wp\/v2\/pages"}],"about":[{"href":"https:\/\/tegos-group.com\/nl\/wp-json\/wp\/v2\/types\/page"}],"author":[{"embeddable":true,"href":"https:\/\/tegos-group.com\/nl\/wp-json\/wp\/v2\/users\/12"}],"replies":[{"embeddable":true,"href":"https:\/\/tegos-group.com\/nl\/wp-json\/wp\/v2\/comments?post=5685"}],"version-history":[{"count":12,"href":"https:\/\/tegos-group.com\/nl\/wp-json\/wp\/v2\/pages\/5685\/revisions"}],"predecessor-version":[{"id":11735,"href":"https:\/\/tegos-group.com\/nl\/wp-json\/wp\/v2\/pages\/5685\/revisions\/11735"}],"up":[{"embeddable":true,"href":"https:\/\/tegos-group.com\/nl\/wp-json\/wp\/v2\/pages\/5683"}],"wp:attachment":[{"href":"https:\/\/tegos-group.com\/nl\/wp-json\/wp\/v2\/media?parent=5685"}],"curies":[{"name":"wp","href":"https:\/\/api.w.org\/{rel}","templated":true}]}}